{"id":11,"date":"2021-04-11T08:25:46","date_gmt":"2021-04-11T08:25:46","guid":{"rendered":"https:\/\/blogsaverroes.juntadeandalucia.es\/matemoodle\/?page_id=11"},"modified":"2021-05-04T12:03:37","modified_gmt":"2021-05-04T12:03:37","slug":"conocenos","status":"publish","type":"page","link":"https:\/\/blogsaverroes.juntadeandalucia.es\/matemoodle\/conocenos\/","title":{"rendered":"Con\u00f3cenos"},"content":{"rendered":"<!--themify_builder_content-->\n<div id=\"themify_builder_content-11\" data-postid=\"11\" class=\"themify_builder_content themify_builder_content-11 themify_builder tf_clear\">\n                    <div  data-lazy=\"1\" class=\"module_row themify_builder_row tb_hz1l949 tb_first tf_w\">\n                        <div class=\"row_inner col_align_top tb_col_count_1 tf_box tf_rel\">\n                        <div  data-lazy=\"1\" class=\"module_column tb-column col-full tb_4kp3953 first\">\n                            <div  data-lazy=\"1\" class=\"module_subrow themify_builder_sub_row tf_w col_align_middle tb_col_count_2 tb_7cav304\">\n                <div  data-lazy=\"1\" class=\"module_column sub_column col2-1 tb_oa8x309 first\">\n                    <!-- module text -->\n<div  class=\"module module-text tb_3zxx313   \" data-lazy=\"1\">\n        <div  class=\"tb_text_wrap\">\n        <h4 style=\"text-align: left;\">\u00bfQu\u00e9 es MateMoodle?<\/h4>\n<p style=\"text-align: justify;\">MateMoodle es un espacio creado para compartir las preguntas de los cuestionarios de Matem\u00e1ticas que estamos creando en Moodle.<\/p>\n<h4 style=\"text-align: left;\">\u00bfQu\u00e9 tienen de especial nuestras preguntas?<\/h4>\n<p style=\"text-align: justify;\">Los enunciados de nuestras preguntas muestran los datos de forma aleatoria (n\u00fameros, funciones, gr\u00e1ficas, etc.) cada vez que se cargan, por lo que son perfectas para que el alumnado pueda repetirlas tantas veces como necesite. Se convierten as\u00ed en una herramienta muy \u00fatil para la atenci\u00f3n a la diversidad ya que permiten que cada estudiante marque su propio ritmo de aprendizaje.<\/p>\n<p style=\"text-align: justify;\">Por otro lado, tambi\u00e9n son ideales para poner una prueba on-line ya que los enunciados de las preguntas ser\u00e1n los mismos para todo el alumnado pero con diferentes datos, manteniendo as\u00ed la misma dificultad.<\/p>\n<p style=\"text-align: justify;\">Adem\u00e1s, muchas de nuestras preguntas se realizan con <a href=\"https:\/\/www.wiris.com\/en\/\">WIRIS<\/a> que, con su editor gr\u00e1fico de ecuaciones <a href=\"https:\/\/www.wiris.com\/en\/mathtype\/\">MathType<\/a>, permite interpretar cualquier expresi\u00f3n matem\u00e1tica (fracciones, funciones, ecuaciones, etc.) como respuesta.<\/p>\n<h4 style=\"text-align: left;\">\u00bfQu\u00e9 requisitos necesita mi plataforma Moodle?<\/h4>\n<p style=\"text-align: justify;\">Las preguntas de este espacio son de tipo <a href=\"https:\/\/docs.moodle.org\/all\/es\/Tipo_de_Pregunta_Calculada\">Pregunta Calculada<\/a>, soportadas por cualquier plataforma con Moodle 1.5 o superior, y <a href=\"https:\/\/www.wiris.com\/en\/\">WIRIS<\/a>, que s\u00f3lo pueden utilizarse si la plataforma Moodle cuenta con el plugin <a href=\"https:\/\/moodle.org\/plugins\/local_wirisquizzes\">Wiris Quizzes<\/a>.<\/p>\n<p style=\"text-align: justify;\">La plataforma <a href=\"https:\/\/educacionadistancia.juntadeandalucia.es\">Moodle de la Junta de Andaluc\u00eda<\/a> cuenta con todos los requisitos.<\/p>    <\/div>\n<\/div>\n<!-- \/module text -->        <\/div>\n                    <div  data-lazy=\"1\" class=\"module_column sub_column col2-1 tb_1vg3315 last\">\n                    <!-- module image -->\n<div  class=\"module module-image tb_rils317 image-top rounded drop-shadow  tf_mw hide-mobile\" data-lazy=\"1\">\n        <div class=\"image-wrap tf_rel tf_mw\">\n            <img loading=\"lazy\" decoding=\"async\" src=\"https:\/\/blogsaverroes.juntadeandalucia.es\/matemoodle\/files\/2021\/04\/20DC2745-FB4A-431C-A306-8DE0D310A637-730x512.jpeg\" width=\"730\" height=\"512\" class=\"wp-post-image wp-image-1009\" title=\"20DC2745-FB4A-431C-A306-8DE0D310A637\" alt=\"20DC2745-FB4A-431C-A306-8DE0D310A637\" srcset=\"https:\/\/blogsaverroes.juntadeandalucia.es\/matemoodle\/files\/2021\/04\/20DC2745-FB4A-431C-A306-8DE0D310A637-730x512.jpeg 730w, https:\/\/blogsaverroes.juntadeandalucia.es\/matemoodle\/files\/2021\/04\/20DC2745-FB4A-431C-A306-8DE0D310A637-300x211.jpeg 300w, https:\/\/blogsaverroes.juntadeandalucia.es\/matemoodle\/files\/2021\/04\/20DC2745-FB4A-431C-A306-8DE0D310A637-1024x719.jpeg 1024w, https:\/\/blogsaverroes.juntadeandalucia.es\/matemoodle\/files\/2021\/04\/20DC2745-FB4A-431C-A306-8DE0D310A637-768x540.jpeg 768w, https:\/\/blogsaverroes.juntadeandalucia.es\/matemoodle\/files\/2021\/04\/20DC2745-FB4A-431C-A306-8DE0D310A637-284x200.jpeg 284w, https:\/\/blogsaverroes.juntadeandalucia.es\/matemoodle\/files\/2021\/04\/20DC2745-FB4A-431C-A306-8DE0D310A637.jpeg 1133w\" sizes=\"(max-width: 730px) 100vw, 730px\" \/>    \n        <\/div>\n    <!-- \/image-wrap -->\n    \n        <\/div>\n<!-- \/module image --><!-- module image -->\n<div  class=\"module module-image tb_6ssk318 image-top rounded drop-shadow  tf_mw hide-mobile\" data-lazy=\"1\">\n        <div class=\"image-wrap tf_rel tf_mw\">\n            <img loading=\"lazy\" decoding=\"async\" src=\"https:\/\/blogsaverroes.juntadeandalucia.es\/matemoodle\/files\/2021\/05\/760BAE42-DE8E-4693-A421-4454CEB5EBD0-730x276.jpeg\" width=\"730\" height=\"276\" class=\"wp-post-image wp-image-1221\" title=\"760BAE42-DE8E-4693-A421-4454CEB5EBD0\" alt=\"760BAE42-DE8E-4693-A421-4454CEB5EBD0\" srcset=\"https:\/\/blogsaverroes.juntadeandalucia.es\/matemoodle\/files\/2021\/05\/760BAE42-DE8E-4693-A421-4454CEB5EBD0-730x276.jpeg 730w, https:\/\/blogsaverroes.juntadeandalucia.es\/matemoodle\/files\/2021\/05\/760BAE42-DE8E-4693-A421-4454CEB5EBD0-300x114.jpeg 300w, https:\/\/blogsaverroes.juntadeandalucia.es\/matemoodle\/files\/2021\/05\/760BAE42-DE8E-4693-A421-4454CEB5EBD0-1024x388.jpeg 1024w, https:\/\/blogsaverroes.juntadeandalucia.es\/matemoodle\/files\/2021\/05\/760BAE42-DE8E-4693-A421-4454CEB5EBD0-768x291.jpeg 768w, https:\/\/blogsaverroes.juntadeandalucia.es\/matemoodle\/files\/2021\/05\/760BAE42-DE8E-4693-A421-4454CEB5EBD0-527x200.jpeg 527w, https:\/\/blogsaverroes.juntadeandalucia.es\/matemoodle\/files\/2021\/05\/760BAE42-DE8E-4693-A421-4454CEB5EBD0.jpeg 1118w\" sizes=\"(max-width: 730px) 100vw, 730px\" \/>    \n        <\/div>\n    <!-- \/image-wrap -->\n    \n        <\/div>\n<!-- \/module image -->        <\/div>\n                    <\/div>\n        <!-- module text -->\n<div  class=\"module module-text tb_bdr8573    hide-desktop hide-tablet_landscape hide-mobile\" data-lazy=\"1\">\n        <div  class=\"tb_text_wrap\">\n            <\/div>\n<\/div>\n<!-- \/module text -->        <div  data-lazy=\"1\" class=\"module_subrow themify_builder_sub_row tf_w col_align_middle tb_col_count_2 tb_ud4p731\">\n                <div  data-lazy=\"1\" class=\"module_column sub_column col2-1 tb_w1i3733 first\">\n                    <!-- module buttons -->\n<div  class=\"module module-buttons tb_vy9x735 buttons-horizontal outline  small circle buttons-fullwidth\" data-lazy=\"1\">\n        <div class=\"module-buttons-item tf_in_flx\">\n                        <a href=\"https:\/\/blogsaverroes.juntadeandalucia.es\/matemoodle\/paso-1\" class=\"ui builder_button tf_in_flx blue\" >\n                                                \u00bfEmpezamos?                                        <\/a>\n                <\/div>\n            <\/div>\n<!-- \/module buttons -->\n        <\/div>\n                    <div  data-lazy=\"1\" class=\"module_column sub_column col2-1 tb_iml5737 last\">\n                            <\/div>\n                    <\/div>\n                <\/div>\n                        <\/div>\n        <\/div>\n        <\/div>\n<!--\/themify_builder_content-->","protected":false},"excerpt":{"rendered":"<p>\u00bfQu\u00e9 es MateMoodle? MateMoodle es un espacio creado para compartir las preguntas de los cuestionarios de Matem\u00e1ticas que estamos creando en Moodle. \u00bfQu\u00e9 tienen de especial nuestras preguntas? Los enunciados de nuestras preguntas muestran los datos de forma aleatoria (n\u00fameros, funciones, gr\u00e1ficas, etc.) cada vez que se cargan, por lo que son perfectas para que [&hellip;]<\/p>\n","protected":false},"author":12290,"featured_media":0,"parent":0,"menu_order":0,"comment_status":"closed","ping_status":"closed","template":"","meta":{"ngg_post_thumbnail":0,"footnotes":""},"aioseo_notices":[],"_links":{"self":[{"href":"https:\/\/blogsaverroes.juntadeandalucia.es\/matemoodle\/wp-json\/wp\/v2\/pages\/11"}],"collection":[{"href":"https:\/\/blogsaverroes.juntadeandalucia.es\/matemoodle\/wp-json\/wp\/v2\/pages"}],"about":[{"href":"https:\/\/blogsaverroes.juntadeandalucia.es\/matemoodle\/wp-json\/wp\/v2\/types\/page"}],"author":[{"embeddable":true,"href":"https:\/\/blogsaverroes.juntadeandalucia.es\/matemoodle\/wp-json\/wp\/v2\/users\/12290"}],"replies":[{"embeddable":true,"href":"https:\/\/blogsaverroes.juntadeandalucia.es\/matemoodle\/wp-json\/wp\/v2\/comments?post=11"}],"version-history":[{"count":34,"href":"https:\/\/blogsaverroes.juntadeandalucia.es\/matemoodle\/wp-json\/wp\/v2\/pages\/11\/revisions"}],"predecessor-version":[{"id":1412,"href":"https:\/\/blogsaverroes.juntadeandalucia.es\/matemoodle\/wp-json\/wp\/v2\/pages\/11\/revisions\/1412"}],"wp:attachment":[{"href":"https:\/\/blogsaverroes.juntadeandalucia.es\/matemoodle\/wp-json\/wp\/v2\/media?parent=11"}],"curies":[{"name":"wp","href":"https:\/\/api.w.org\/{rel}","templated":true}]}}