{"id":264,"date":"2021-04-12T23:05:07","date_gmt":"2021-04-12T23:05:07","guid":{"rendered":"https:\/\/blogsaverroes.juntadeandalucia.es\/matemoodle\/?page_id=264"},"modified":"2023-05-31T15:31:30","modified_gmt":"2023-05-31T15:31:30","slug":"paso-1","status":"publish","type":"page","link":"https:\/\/blogsaverroes.juntadeandalucia.es\/matemoodle\/paso-1\/","title":{"rendered":"Paso 1: Descarga e importa las preguntas"},"content":{"rendered":"<!--themify_builder_content-->\n<div id=\"themify_builder_content-264\" data-postid=\"264\" class=\"themify_builder_content themify_builder_content-264 themify_builder tf_clear\">\n                    <div  data-lazy=\"1\" class=\"module_row themify_builder_row tb_qzuh770 tb_first tf_w\">\n                        <div class=\"row_inner col_align_top tb_col_count_1 tf_box tf_rel\">\n                        <div  data-lazy=\"1\" class=\"module_column tb-column col-full tb_gmts774 first\">\n                    <!-- module accordion -->\n<div  class=\"module module-accordion tb_d20p804 \" data-behavior=\"toggle\" data-lazy=\"1\">\n    <h3 class=\"module-title\">Pasos para descargar e importar preguntas al banco de preguntas<\/h3>\n    <ul class=\"ui module-accordion separate  tb_default_color\">\n            <li>\n            <div class=\"accordion-title tf_rel\">\n                <a href=\"#acc-d20p804-0\" class=\"tb_title_accordion\" aria-controls=\"acc-d20p804-0-content\" aria-expanded=\"false\">\n                                                            1 - Descarga las preguntas                <\/a>\n            <\/div><!-- .accordion-title -->\n            <div id=\"acc-d20p804-0-content\" data-id=\"acc-d20p804-0\" aria-hidden=\"true\" class=\"accordion-content tf_hide tf_clearfix\">\n                                    <div class=\"tb_text_wrap\">\n                        <p style=\"text-align: justify;\">a. Accede desde el men\u00fa superior a una de las materias disponibles:<\/p><ul><li style=\"list-style-type: none; line-height: 1;\"><ul><li><a href=\"https:\/\/blogsaverroes.juntadeandalucia.es\/matemoodle\/1o-eso\/\"><span style=\"color: #1483b3;\">Matem\u00e1ticas 1\u00ba ESO<\/span><\/a><\/li><li><a href=\"https:\/\/blogsaverroes.juntadeandalucia.es\/matemoodle\/3o-eso\/\"><span style=\"color: #1483b3;\">Matem\u00e1ticas 3\u00ba ESO<\/span><\/a><\/li><li><a href=\"https:\/\/blogsaverroes.juntadeandalucia.es\/matemoodle\/mac-4o-eso\"> <span style=\"color: #1483b3;\"> Matem\u00e1ticas Acad\u00e9micas 4\u00ba ESO <\/span><\/a><\/li><li><a href=\"https:\/\/blogsaverroes.juntadeandalucia.es\/matemoodle\/map-4o-eso\/\"><span style=\"color: #1483b3;\">Matem\u00e1ticas Aplicadas 4\u00ba ESO<\/span><\/a><\/li><li><span style=\"color: #1483b3;\"><a style=\"color: #1483b3;\" href=\"https:\/\/blogsaverroes.juntadeandalucia.es\/matemoodle\/mat-i\/\">Matem\u00e1ticas I<\/a><\/span><\/li><li><a href=\"https:\/\/blogsaverroes.juntadeandalucia.es\/matemoodle\/mat-ii\/\"><span style=\"color: #1483b3;\">Matem\u00e1ticas II<\/span><\/a><\/li><li><span style=\"color: #1483b3;\"><a style=\"color: #1483b3;\" href=\"https:\/\/blogsaverroes.juntadeandalucia.es\/matemoodle\/mcs-i\/\">Matem\u00e1ticas Aplicadas a las Ciencias Sociales I<\/a><\/span><\/li><li><a href=\"https:\/\/blogsaverroes.juntadeandalucia.es\/matemoodle\/mcs-ii\"> <span style=\"color: #1483b3;\">Matem\u00e1ticas Aplicadas a las Ciencias Sociales II <\/span><\/a><\/li><\/ul><\/li><\/ul><p>b. Descarga el banco de preguntas.<\/p><p style=\"padding-left: 15px;\"><img loading=\"lazy\" decoding=\"async\" class=\"size-full wp-image-1240 alignnone\" src=\"https:\/\/blogsaverroes.juntadeandalucia.es\/matemoodle\/files\/2021\/05\/D00D4089-6D01-423E-9A69-5BCB09C64145.jpeg\" alt=\"\" width=\"258\" height=\"70\" srcset=\"https:\/\/blogsaverroes.juntadeandalucia.es\/matemoodle\/files\/2021\/05\/D00D4089-6D01-423E-9A69-5BCB09C64145.jpeg 520w, https:\/\/blogsaverroes.juntadeandalucia.es\/matemoodle\/files\/2021\/05\/D00D4089-6D01-423E-9A69-5BCB09C64145-300x81.jpeg 300w\" sizes=\"(max-width: 258px) 100vw, 258px\" \/><\/p><p>c. Descomprime el archivo \u00ab.zip\u00bb.<\/p><p><em>Las preguntas est\u00e1n organizadas por tem\u00e1tica en archivos \u00ab.xml\u00bb.<\/em><\/p>                    <\/div>\n                            <\/div><!-- .accordion-content -->\n        <\/li>\n            <li>\n            <div class=\"accordion-title tf_rel\">\n                <a href=\"#acc-d20p804-1\" class=\"tb_title_accordion\" aria-controls=\"acc-d20p804-1-content\" aria-expanded=\"false\">\n                                                            2 - Accede al m\u00f3dulo de importaci\u00f3n                <\/a>\n            <\/div><!-- .accordion-title -->\n            <div id=\"acc-d20p804-1-content\" data-id=\"acc-d20p804-1\" aria-hidden=\"true\" class=\"accordion-content tf_hide tf_clearfix\">\n                                    <div class=\"tb_text_wrap\">\n                        <p>a. Accede al curso al que vas a importar las preguntas.<\/p><p>b. Pulsa en ajustes <img loading=\"lazy\" decoding=\"async\" src=\"https:\/\/blogsaverroes.juntadeandalucia.es\/matemoodle\/files\/2021\/05\/77303847-0455-4865-BDAD-DB782039A2A9.jpeg\" alt=\"\" width=\"45\" height=\"27\"> y selecciona \u201cM\u00e1s&#8230;\u201d.<\/p><p>c. En el apartado \u00abBanco de preguntas\u00bb selecciona la opci\u00f3n \u00abImportar\u00bb.<\/p><p><img loading=\"lazy\" decoding=\"async\" class=\"wp-image-1244 alignnone\" src=\"https:\/\/blogsaverroes.juntadeandalucia.es\/matemoodle\/files\/2021\/05\/11D15493-81AD-4116-A405-1B848EAA7555.jpeg\" alt=\"\" width=\"355\" height=\"120\" srcset=\"https:\/\/blogsaverroes.juntadeandalucia.es\/matemoodle\/files\/2021\/05\/11D15493-81AD-4116-A405-1B848EAA7555.jpeg 708w, https:\/\/blogsaverroes.juntadeandalucia.es\/matemoodle\/files\/2021\/05\/11D15493-81AD-4116-A405-1B848EAA7555-300x101.jpeg 300w\" sizes=\"(max-width: 355px) 100vw, 355px\" \/><\/p>                    <\/div>\n                            <\/div><!-- .accordion-content -->\n        <\/li>\n            <li>\n            <div class=\"accordion-title tf_rel\">\n                <a href=\"#acc-d20p804-2\" class=\"tb_title_accordion\" aria-controls=\"acc-d20p804-2-content\" aria-expanded=\"false\">\n                                                            3 - Carga las preguntas                <\/a>\n            <\/div><!-- .accordion-title -->\n            <div id=\"acc-d20p804-2-content\" data-id=\"acc-d20p804-2\" aria-hidden=\"true\" class=\"accordion-content tf_hide tf_clearfix\">\n                                    <div class=\"tb_text_wrap\">\n                        <p>a. Selecciona \u00abFormato Moodle XML\u00bb.<br><img loading=\"lazy\" decoding=\"async\" class=\"size-full wp-image-382 alignnone\" src=\"https:\/\/blogsaverroes.juntadeandalucia.es\/matemoodle\/files\/2021\/05\/A3F02F44-8763-434B-87B9-22193296B3BF.jpeg\" alt=\"\" width=\"317\" height=\"196\"><br>b. Sube el archivo \u00ab.xml\u00bb que quieras importar.<br><img loading=\"lazy\" decoding=\"async\" class=\"size-full wp-image-383 alignnone\" src=\"https:\/\/blogsaverroes.juntadeandalucia.es\/matemoodle\/files\/2021\/05\/B2180281-33E9-4FC0-AAAF-3B0FCE81C630.jpeg\" alt=\"\" width=\"538\" height=\"176\"><br>c. Pulsa el bot\u00f3n \u201cImportar\u201d.<\/p><p style=\"padding-left: 15px;\"><img loading=\"lazy\" decoding=\"async\" src=\"https:\/\/blogsaverroes.juntadeandalucia.es\/matemoodle\/files\/2021\/05\/AFF255FC-FCE9-4AD8-9D00-CF82E1972CB8.jpeg\" alt=\"\" width=\"89\" height=\"34\"><\/p><p style=\"text-align: justify;\">Si el proceso se completa con \u00e9xito, las preguntas se habr\u00e1n guardado en el banco de preguntas y estar\u00e1n disponibles para ser incorporadas a alg\u00fan cuestionario.<\/p>                    <\/div>\n                            <\/div><!-- .accordion-content -->\n        <\/li>\n        <\/ul>\n\n<\/div><!-- \/module accordion -->        <\/div>\n                        <\/div>\n        <\/div>\n                        <div  data-lazy=\"1\" class=\"module_row themify_builder_row tb_dfkp929 tf_w\">\n                        <div class=\"row_inner col_align_top tb_col_count_1 tf_box tf_rel\">\n                        <div  data-lazy=\"1\" class=\"module_column tb-column col-full tb_ucdu933 first\">\n                    <!-- module buttons -->\n<div  class=\"module module-buttons tb_suvc961 buttons-horizontal outline  small circle\" data-lazy=\"1\">\n        <div class=\"module-buttons-item tf_in_flx\">\n                        <a href=\"https:\/\/blogsaverroes.juntadeandalucia.es\/matemoodle\/paso-2\" class=\"ui builder_button tf_in_flx blue\" >\n                                                Ir al siguiente paso                                        <em><svg  class=\"tf_fa tf-ti-angle-right\" aria-hidden=\"true\"><use href=\"#tf-ti-angle-right\"><\/use><\/svg><\/em>                            <\/a>\n                <\/div>\n            <\/div>\n<!-- \/module buttons -->\n        <\/div>\n                        <\/div>\n        <\/div>\n        <\/div>\n<!--\/themify_builder_content-->\n<p>&nbsp;<\/p>","protected":false},"excerpt":{"rendered":"<p>Pasos para descargar e importar preguntas al banco de preguntas 1 &#8211; Descarga las preguntas a. Accede desde el men\u00fa superior a una de las materias disponibles: Matem\u00e1ticas 1\u00ba ESO Matem\u00e1ticas 3\u00ba ESO Matem\u00e1ticas Acad\u00e9micas 4\u00ba ESO Matem\u00e1ticas Aplicadas 4\u00ba ESO Matem\u00e1ticas I Matem\u00e1ticas II Matem\u00e1ticas Aplicadas a las Ciencias Sociales I Matem\u00e1ticas Aplicadas a [&hellip;]<\/p>\n","protected":false},"author":12290,"featured_media":0,"parent":0,"menu_order":0,"comment_status":"closed","ping_status":"closed","template":"","meta":{"ngg_post_thumbnail":0,"footnotes":""},"aioseo_notices":[],"_links":{"self":[{"href":"https:\/\/blogsaverroes.juntadeandalucia.es\/matemoodle\/wp-json\/wp\/v2\/pages\/264"}],"collection":[{"href":"https:\/\/blogsaverroes.juntadeandalucia.es\/matemoodle\/wp-json\/wp\/v2\/pages"}],"about":[{"href":"https:\/\/blogsaverroes.juntadeandalucia.es\/matemoodle\/wp-json\/wp\/v2\/types\/page"}],"author":[{"embeddable":true,"href":"https:\/\/blogsaverroes.juntadeandalucia.es\/matemoodle\/wp-json\/wp\/v2\/users\/12290"}],"replies":[{"embeddable":true,"href":"https:\/\/blogsaverroes.juntadeandalucia.es\/matemoodle\/wp-json\/wp\/v2\/comments?post=264"}],"version-history":[{"count":40,"href":"https:\/\/blogsaverroes.juntadeandalucia.es\/matemoodle\/wp-json\/wp\/v2\/pages\/264\/revisions"}],"predecessor-version":[{"id":1923,"href":"https:\/\/blogsaverroes.juntadeandalucia.es\/matemoodle\/wp-json\/wp\/v2\/pages\/264\/revisions\/1923"}],"wp:attachment":[{"href":"https:\/\/blogsaverroes.juntadeandalucia.es\/matemoodle\/wp-json\/wp\/v2\/media?parent=264"}],"curies":[{"name":"wp","href":"https:\/\/api.w.org\/{rel}","templated":true}]}}