{"id":266,"date":"2021-04-12T23:05:45","date_gmt":"2021-04-12T23:05:45","guid":{"rendered":"https:\/\/blogsaverroes.juntadeandalucia.es\/matemoodle\/?page_id=266"},"modified":"2021-05-06T22:10:45","modified_gmt":"2021-05-06T22:10:45","slug":"paso-3","status":"publish","type":"page","link":"https:\/\/blogsaverroes.juntadeandalucia.es\/matemoodle\/paso-3\/","title":{"rendered":"Paso 3: Confecciona el cuestionario"},"content":{"rendered":"<!--themify_builder_content-->\n<div id=\"themify_builder_content-266\" data-postid=\"266\" class=\"themify_builder_content themify_builder_content-266 themify_builder tf_clear\">\n                    <div  data-lazy=\"1\" class=\"module_row themify_builder_row tb_ts5s883 tb_first tf_w\">\n                        <div class=\"row_inner col_align_top tb_col_count_1 tf_box tf_rel\">\n                        <div  data-lazy=\"1\" class=\"module_column tb-column col-full tb_ln5l888 first\">\n                    <!-- module accordion -->\n<div  class=\"module module-accordion tb_v31o926 \" data-behavior=\"toggle\" data-lazy=\"1\">\n    <h3 class=\"module-title\">Pasos para agregar preguntas a un cuestionario<\/h3>\n    <ul class=\"ui module-accordion separate  tb_default_color\">\n            <li>\n            <div class=\"accordion-title tf_rel\">\n                <a href=\"#acc-v31o926-0\" class=\"tb_title_accordion\" aria-controls=\"acc-v31o926-0-content\" aria-expanded=\"false\">\n                                                            1 - Accede a la edici\u00f3n del cuestionario                <\/a>\n            <\/div><!-- .accordion-title -->\n            <div id=\"acc-v31o926-0-content\" data-id=\"acc-v31o926-0\" aria-hidden=\"true\" class=\"accordion-content tf_hide tf_clearfix\">\n                                    <div class=\"tb_text_wrap\">\n                        <p>a. Entra en la actividad cuestionario que vas a confeccionar.<\/p>\n<p>b. Pulsa en ajustes <img loading=\"lazy\" decoding=\"async\" src=\"https:\/\/blogsaverroes.juntadeandalucia.es\/matemoodle\/files\/2021\/05\/77303847-0455-4865-BDAD-DB782039A2A9.jpeg\" alt=\"\" width=\"45\" height=\"27\" \/> y selecciona \u201cEditar cuestionario\u201d.<\/p>                    <\/div>\n                            <\/div><!-- .accordion-content -->\n        <\/li>\n            <li>\n            <div class=\"accordion-title tf_rel\">\n                <a href=\"#acc-v31o926-1\" class=\"tb_title_accordion\" aria-controls=\"acc-v31o926-1-content\" aria-expanded=\"false\">\n                                                            2 - Agrega las preguntas                <\/a>\n            <\/div><!-- .accordion-title -->\n            <div id=\"acc-v31o926-1-content\" data-id=\"acc-v31o926-1\" aria-hidden=\"true\" class=\"accordion-content tf_hide tf_clearfix\">\n                                    <div class=\"tb_text_wrap\">\n                        <p>Pulsa en \u201cAgregar\u201d y elige la opci\u00f3n que necesites:<\/p>\n<p><img loading=\"lazy\" decoding=\"async\" class=\"wp-image-1282 alignnone\" src=\"https:\/\/blogsaverroes.juntadeandalucia.es\/matemoodle\/files\/2021\/05\/01A2DC49-519B-4A54-B975-647B7494E105.jpeg\" alt=\"\" width=\"265\" height=\"135\" srcset=\"https:\/\/blogsaverroes.juntadeandalucia.es\/matemoodle\/files\/2021\/05\/01A2DC49-519B-4A54-B975-647B7494E105.jpeg 528w, https:\/\/blogsaverroes.juntadeandalucia.es\/matemoodle\/files\/2021\/05\/01A2DC49-519B-4A54-B975-647B7494E105-300x153.jpeg 300w\" sizes=\"(max-width: 265px) 100vw, 265px\" \/><\/p>\n<p style=\"padding-left: 40px;\">a. Elige \u00ab<em>una nueva pregunta\u00bb <\/em>si quieres crear una pregunta que no tienes en el banco de preguntas.<\/p>\n<p style=\"padding-left: 40px;\">b. Elige <em>\u00abdel banco de preguntas\u00bb <\/em>si quieres a\u00f1adir preguntas escogidas de una categor\u00eda del banco de preguntas.<\/p>\n<p style=\"padding-left: 40px;\">c. Elige <em>\u00abuna pregunta aleatoria\u00bb\u00a0 <\/em>si quieres a\u00f1adir preguntas escogidas aleatoriamente de una categor\u00eda a tu elecci\u00f3n.<\/p>\n<p>Para utilizar las preguntas que has importado de este sitio web utiliza las opciones (b) y (c).<\/p>                    <\/div>\n                            <\/div><!-- .accordion-content -->\n        <\/li>\n            <li>\n            <div class=\"accordion-title tf_rel\">\n                <a href=\"#acc-v31o926-2\" class=\"tb_title_accordion\" aria-controls=\"acc-v31o926-2-content\" aria-expanded=\"false\">\n                                                            2.a - una nueva pregunta                <\/a>\n            <\/div><!-- .accordion-title -->\n            <div id=\"acc-v31o926-2-content\" data-id=\"acc-v31o926-2\" aria-hidden=\"true\" class=\"accordion-content tf_hide tf_clearfix\">\n                                    <div class=\"tb_text_wrap\">\n                        <p>Con esta opci\u00f3n podr\u00e1s crear una nueva pregunta.<\/p>\n<p><img loading=\"lazy\" decoding=\"async\" class=\"wp-image-1288 alignnone\" style=\"border: 1px solid gray;\" src=\"https:\/\/blogsaverroes.juntadeandalucia.es\/matemoodle\/files\/2021\/05\/ADCA17D5-02C2-40A6-A5FF-415507990F78.jpeg\" alt=\"\" width=\"540\" height=\"633\" srcset=\"https:\/\/blogsaverroes.juntadeandalucia.es\/matemoodle\/files\/2021\/05\/ADCA17D5-02C2-40A6-A5FF-415507990F78.jpeg 1079w, https:\/\/blogsaverroes.juntadeandalucia.es\/matemoodle\/files\/2021\/05\/ADCA17D5-02C2-40A6-A5FF-415507990F78-256x300.jpeg 256w, https:\/\/blogsaverroes.juntadeandalucia.es\/matemoodle\/files\/2021\/05\/ADCA17D5-02C2-40A6-A5FF-415507990F78-873x1024.jpeg 873w, https:\/\/blogsaverroes.juntadeandalucia.es\/matemoodle\/files\/2021\/05\/ADCA17D5-02C2-40A6-A5FF-415507990F78-768x900.jpeg 768w\" sizes=\"(max-width: 540px) 100vw, 540px\" \/><\/p>\n<p>Esta se guardar\u00e1 en tu banco de preguntas.<\/p>                    <\/div>\n                            <\/div><!-- .accordion-content -->\n        <\/li>\n            <li>\n            <div class=\"accordion-title tf_rel\">\n                <a href=\"#acc-v31o926-3\" class=\"tb_title_accordion\" aria-controls=\"acc-v31o926-3-content\" aria-expanded=\"false\">\n                                                            2.b - del banco de preguntas                 <\/a>\n            <\/div><!-- .accordion-title -->\n            <div id=\"acc-v31o926-3-content\" data-id=\"acc-v31o926-3\" aria-hidden=\"true\" class=\"accordion-content tf_hide tf_clearfix\">\n                                    <div class=\"tb_text_wrap\">\n                        <p>Con esta opci\u00f3n a\u00f1adir\u00e1s las preguntas que escojas de tu banco de preguntas. Para ello tendr\u00e1s que:<\/p>\n<p>1\u00ba Seleccionar la categor\u00eda donde est\u00e1n las preguntas.<\/p>\n<p>2\u00ba Marcar las preguntas que quieres a\u00f1adir.<\/p>\n<p>3\u00ba Pulsar \u00abA\u00f1adir preguntas seleccionadas para el cuestionario\u00bb.<\/p>\n<p><img loading=\"lazy\" decoding=\"async\" class=\"wp-image-1284 alignnone\" style=\"border: 1px solid gray;\" src=\"https:\/\/blogsaverroes.juntadeandalucia.es\/matemoodle\/files\/2021\/05\/089C0B97-7897-4D10-9400-3DD3DF28656E.jpeg\" alt=\"\" width=\"510\" height=\"531\" srcset=\"https:\/\/blogsaverroes.juntadeandalucia.es\/matemoodle\/files\/2021\/05\/089C0B97-7897-4D10-9400-3DD3DF28656E.jpeg 1019w, https:\/\/blogsaverroes.juntadeandalucia.es\/matemoodle\/files\/2021\/05\/089C0B97-7897-4D10-9400-3DD3DF28656E-288x300.jpeg 288w, https:\/\/blogsaverroes.juntadeandalucia.es\/matemoodle\/files\/2021\/05\/089C0B97-7897-4D10-9400-3DD3DF28656E-984x1024.jpeg 984w, https:\/\/blogsaverroes.juntadeandalucia.es\/matemoodle\/files\/2021\/05\/089C0B97-7897-4D10-9400-3DD3DF28656E-768x799.jpeg 768w\" sizes=\"(max-width: 510px) 100vw, 510px\" \/><\/p>                    <\/div>\n                            <\/div><!-- .accordion-content -->\n        <\/li>\n            <li>\n            <div class=\"accordion-title tf_rel\">\n                <a href=\"#acc-v31o926-4\" class=\"tb_title_accordion\" aria-controls=\"acc-v31o926-4-content\" aria-expanded=\"false\">\n                                                            2.c - una pregunta aleatoria                <\/a>\n            <\/div><!-- .accordion-title -->\n            <div id=\"acc-v31o926-4-content\" data-id=\"acc-v31o926-4\" aria-hidden=\"true\" class=\"accordion-content tf_hide tf_clearfix\">\n                                    <div class=\"tb_text_wrap\">\n                        <p>Con esta opci\u00f3n a\u00f1adir\u00e1s las preguntas aleatorias escogidas de una categor\u00eda del banco de preguntas. Para ello tendr\u00e1s que:<\/p>\n<p>1\u00ba Seleccionar la categor\u00eda donde est\u00e1n las preguntas.<\/p>\n<p>2\u00ba Escoger el n\u00famero de preguntas aleatorias que quieres a\u00f1adir.<\/p>\n<p>3\u00ba Pulsar \u00abAgregar pregunta aleatoria\u00bb.<\/p>\n<p><img loading=\"lazy\" decoding=\"async\" class=\"wp-image-1285 alignnone\" style=\"border: 1px solid gray;\" src=\"https:\/\/blogsaverroes.juntadeandalucia.es\/matemoodle\/files\/2021\/05\/F143C526-C145-4958-B686-3D77E402389C.jpeg\" alt=\"\" width=\"510\" height=\"688\" srcset=\"https:\/\/blogsaverroes.juntadeandalucia.es\/matemoodle\/files\/2021\/05\/F143C526-C145-4958-B686-3D77E402389C.jpeg 1019w, https:\/\/blogsaverroes.juntadeandalucia.es\/matemoodle\/files\/2021\/05\/F143C526-C145-4958-B686-3D77E402389C-222x300.jpeg 222w, https:\/\/blogsaverroes.juntadeandalucia.es\/matemoodle\/files\/2021\/05\/F143C526-C145-4958-B686-3D77E402389C-759x1024.jpeg 759w, https:\/\/blogsaverroes.juntadeandalucia.es\/matemoodle\/files\/2021\/05\/F143C526-C145-4958-B686-3D77E402389C-768x1036.jpeg 768w\" sizes=\"(max-width: 510px) 100vw, 510px\" \/><\/p>                    <\/div>\n                            <\/div><!-- .accordion-content -->\n        <\/li>\n            <li>\n            <div class=\"accordion-title tf_rel\">\n                <a href=\"#acc-v31o926-5\" class=\"tb_title_accordion\" aria-controls=\"acc-v31o926-5-content\" aria-expanded=\"false\">\n                                                            3 - Ajusta la puntuaci\u00f3n                <\/a>\n            <\/div><!-- .accordion-title -->\n            <div id=\"acc-v31o926-5-content\" data-id=\"acc-v31o926-5\" aria-hidden=\"true\" class=\"accordion-content tf_hide tf_clearfix\">\n                                    <div class=\"tb_text_wrap\">\n                        <p>Una vez a\u00f1adidas las preguntas al cuestionario, ajusta la puntuaci\u00f3n de cada una:<\/p>\n<p><img loading=\"lazy\" decoding=\"async\" class=\"wp-image-1292 alignnone\" src=\"https:\/\/blogsaverroes.juntadeandalucia.es\/matemoodle\/files\/2021\/05\/C6622D5E-694C-4C04-B3A3-F619546DE953.jpeg\" alt=\"\" width=\"590\" height=\"190\" srcset=\"https:\/\/blogsaverroes.juntadeandalucia.es\/matemoodle\/files\/2021\/05\/C6622D5E-694C-4C04-B3A3-F619546DE953.jpeg 1217w, https:\/\/blogsaverroes.juntadeandalucia.es\/matemoodle\/files\/2021\/05\/C6622D5E-694C-4C04-B3A3-F619546DE953-300x97.jpeg 300w, https:\/\/blogsaverroes.juntadeandalucia.es\/matemoodle\/files\/2021\/05\/C6622D5E-694C-4C04-B3A3-F619546DE953-1024x330.jpeg 1024w, https:\/\/blogsaverroes.juntadeandalucia.es\/matemoodle\/files\/2021\/05\/C6622D5E-694C-4C04-B3A3-F619546DE953-768x247.jpeg 768w\" sizes=\"(max-width: 590px) 100vw, 590px\" \/><br \/>Aunque esto es lo esencial, si lo deseas, puedes reordenar las preguntas o hacer que se ordenen aleatoriamente.<\/p>\n<p>Cualquier cambio que realices se guarda autom\u00e1ticamente.<\/p>                    <\/div>\n                            <\/div><!-- .accordion-content -->\n        <\/li>\n        <\/ul>\n\n<\/div><!-- \/module accordion -->        <\/div>\n                        <\/div>\n        <\/div>\n                        <div  data-lazy=\"1\" class=\"module_row themify_builder_row tb_7uo8636 tf_w\">\n                        <div class=\"row_inner col_align_top tb_col_count_1 tf_box tf_rel\">\n                        <div  data-lazy=\"1\" class=\"module_column tb-column col-full tb_kz6l640 first\">\n                    <!-- module buttons -->\n<div  class=\"module module-buttons tb_rnn5509 buttons-horizontal outline  small circle\" data-lazy=\"1\">\n        <div class=\"module-buttons-item tf_in_flx\">\n                        <a href=\"https:\/\/blogsaverroes.juntadeandalucia.es\/matemoodle\/paso-2\" class=\"ui builder_button tf_in_flx blue\" >\n                                    <em><svg  class=\"tf_fa tf-ti-angle-left\" aria-hidden=\"true\"><use href=\"#tf-ti-angle-left\"><\/use><\/svg><\/em>                                        Ir al paso anterior                                        <\/a>\n                <\/div>\n            <\/div>\n<!-- \/module buttons -->\n        <\/div>\n                        <\/div>\n        <\/div>\n        <\/div>\n<!--\/themify_builder_content-->","protected":false},"excerpt":{"rendered":"<p>Pasos para agregar preguntas a un cuestionario 1 &#8211; Accede a la edici\u00f3n del cuestionario a. Entra en la actividad cuestionario que vas a confeccionar. b. Pulsa en ajustes y selecciona \u201cEditar cuestionario\u201d. 2 &#8211; Agrega las preguntas Pulsa en \u201cAgregar\u201d y elige la opci\u00f3n que necesites: a. Elige \u00abuna nueva pregunta\u00bb si quieres crear [&hellip;]<\/p>\n","protected":false},"author":12290,"featured_media":0,"parent":0,"menu_order":0,"comment_status":"closed","ping_status":"closed","template":"","meta":{"ngg_post_thumbnail":0,"footnotes":""},"aioseo_notices":[],"_links":{"self":[{"href":"https:\/\/blogsaverroes.juntadeandalucia.es\/matemoodle\/wp-json\/wp\/v2\/pages\/266"}],"collection":[{"href":"https:\/\/blogsaverroes.juntadeandalucia.es\/matemoodle\/wp-json\/wp\/v2\/pages"}],"about":[{"href":"https:\/\/blogsaverroes.juntadeandalucia.es\/matemoodle\/wp-json\/wp\/v2\/types\/page"}],"author":[{"embeddable":true,"href":"https:\/\/blogsaverroes.juntadeandalucia.es\/matemoodle\/wp-json\/wp\/v2\/users\/12290"}],"replies":[{"embeddable":true,"href":"https:\/\/blogsaverroes.juntadeandalucia.es\/matemoodle\/wp-json\/wp\/v2\/comments?post=266"}],"version-history":[{"count":29,"href":"https:\/\/blogsaverroes.juntadeandalucia.es\/matemoodle\/wp-json\/wp\/v2\/pages\/266\/revisions"}],"predecessor-version":[{"id":1496,"href":"https:\/\/blogsaverroes.juntadeandalucia.es\/matemoodle\/wp-json\/wp\/v2\/pages\/266\/revisions\/1496"}],"wp:attachment":[{"href":"https:\/\/blogsaverroes.juntadeandalucia.es\/matemoodle\/wp-json\/wp\/v2\/media?parent=266"}],"curies":[{"name":"wp","href":"https:\/\/api.w.org\/{rel}","templated":true}]}}