{"id":102,"date":"2021-05-26T14:46:25","date_gmt":"2021-05-26T14:46:25","guid":{"rendered":"https:\/\/blogsaverroes.juntadeandalucia.es\/materialesydiseno\/?page_id=102"},"modified":"2021-05-27T21:31:42","modified_gmt":"2021-05-27T21:31:42","slug":"la-escuela","status":"publish","type":"page","link":"https:\/\/blogsaverroes.juntadeandalucia.es\/materialesydiseno\/la-escuela\/","title":{"rendered":"La Escuela"},"content":{"rendered":"<ol>\n<li>El&nbsp;<strong>Dise\u00f1ador de Producto<\/strong>&nbsp;participa en nuestra vida diaria con la realizaci\u00f3n de proyectos de los objetos que est\u00e1n a nuestro alrededor y que utilizamos todos los d\u00edas. Una mesa, una silla, un frasco para un perfume, un envase de cart\u00f3n o la funda de las gafas, como tantos otros objetos cotidianos, ser\u00e1n productos desarrollados, dise\u00f1ados y proyectados por los futuros graduados en Dise\u00f1o de Producto.<\/li>\n<\/ol>\n<p>Las competencias que ir\u00e1n adquiriendo en estos estudios les va a permitir plantear y definir proyectos complejos de dise\u00f1o a trav\u00e9s de los cuales podr\u00e1n desarrollar desde un objeto muy especializado para un uso m\u00e1s o menos t\u00e9cnico, hasta las cosas m\u00e1s cotidianas y habituales con las que nos topamos todos los d\u00edas.<\/p>\n<p style=\"padding-left: 40px\"><img loading=\"lazy\" decoding=\"async\" class=\"alignnone size-medium wp-image-103\" src=\"https:\/\/blogsaverroes.juntadeandalucia.es\/materialesydiseno\/files\/2021\/05\/quokkabottles-697p_m88z2o-unsplash-300x300.jpg\" alt=\"botella\" width=\"300\" height=\"300\" srcset=\"https:\/\/blogsaverroes.juntadeandalucia.es\/materialesydiseno\/files\/2021\/05\/quokkabottles-697p_m88z2o-unsplash-300x300.jpg 300w, https:\/\/blogsaverroes.juntadeandalucia.es\/materialesydiseno\/files\/2021\/05\/quokkabottles-697p_m88z2o-unsplash-1024x1024.jpg 1024w, https:\/\/blogsaverroes.juntadeandalucia.es\/materialesydiseno\/files\/2021\/05\/quokkabottles-697p_m88z2o-unsplash-150x150.jpg 150w, https:\/\/blogsaverroes.juntadeandalucia.es\/materialesydiseno\/files\/2021\/05\/quokkabottles-697p_m88z2o-unsplash-768x768.jpg 768w, https:\/\/blogsaverroes.juntadeandalucia.es\/materialesydiseno\/files\/2021\/05\/quokkabottles-697p_m88z2o-unsplash-1536x1536.jpg 1536w, https:\/\/blogsaverroes.juntadeandalucia.es\/materialesydiseno\/files\/2021\/05\/quokkabottles-697p_m88z2o-unsplash-2048x2048.jpg 2048w, https:\/\/blogsaverroes.juntadeandalucia.es\/materialesydiseno\/files\/2021\/05\/quokkabottles-697p_m88z2o-unsplash-700x700.jpg 700w, https:\/\/blogsaverroes.juntadeandalucia.es\/materialesydiseno\/files\/2021\/05\/quokkabottles-697p_m88z2o-unsplash-332x332.jpg 332w, https:\/\/blogsaverroes.juntadeandalucia.es\/materialesydiseno\/files\/2021\/05\/quokkabottles-697p_m88z2o-unsplash-432x432.jpg 432w, https:\/\/blogsaverroes.juntadeandalucia.es\/materialesydiseno\/files\/2021\/05\/quokkabottles-697p_m88z2o-unsplash-268x268.jpg 268w\" sizes=\"(max-width: 300px) 100vw, 300px\" \/><\/p>\n<p>&nbsp;<\/p>\n<p>Trabajo de alumna: Regalo de San<a href=\"https:\/\/blogsaverroes.juntadeandalucia.es\/materialesydiseno\/files\/2021\/05\/San-Valent\u00edn.-Paula.pdf\">&nbsp;Valent\u00edn. Paula<\/a><\/p>\n<p>&nbsp;<\/p>\n","protected":false},"excerpt":{"rendered":"<p>El&nbsp;Dise\u00f1ador de Producto&nbsp;participa en nuestra vida diaria con la realizaci\u00f3n de proyectos de los objetos que est\u00e1n a nuestro alrededor y que utilizamos todos los d\u00edas. Una mesa, una silla, un frasco para un&#46;&#46;&#46;<\/p>\n","protected":false},"author":11744,"featured_media":103,"parent":0,"menu_order":0,"comment_status":"closed","ping_status":"closed","template":"","meta":{"ngg_post_thumbnail":0,"footnotes":""},"aioseo_notices":[],"_links":{"self":[{"href":"https:\/\/blogsaverroes.juntadeandalucia.es\/materialesydiseno\/wp-json\/wp\/v2\/pages\/102"}],"collection":[{"href":"https:\/\/blogsaverroes.juntadeandalucia.es\/materialesydiseno\/wp-json\/wp\/v2\/pages"}],"about":[{"href":"https:\/\/blogsaverroes.juntadeandalucia.es\/materialesydiseno\/wp-json\/wp\/v2\/types\/page"}],"author":[{"embeddable":true,"href":"https:\/\/blogsaverroes.juntadeandalucia.es\/materialesydiseno\/wp-json\/wp\/v2\/users\/11744"}],"replies":[{"embeddable":true,"href":"https:\/\/blogsaverroes.juntadeandalucia.es\/materialesydiseno\/wp-json\/wp\/v2\/comments?post=102"}],"version-history":[{"count":5,"href":"https:\/\/blogsaverroes.juntadeandalucia.es\/materialesydiseno\/wp-json\/wp\/v2\/pages\/102\/revisions"}],"predecessor-version":[{"id":121,"href":"https:\/\/blogsaverroes.juntadeandalucia.es\/materialesydiseno\/wp-json\/wp\/v2\/pages\/102\/revisions\/121"}],"wp:featuredmedia":[{"embeddable":true,"href":"https:\/\/blogsaverroes.juntadeandalucia.es\/materialesydiseno\/wp-json\/wp\/v2\/media\/103"}],"wp:attachment":[{"href":"https:\/\/blogsaverroes.juntadeandalucia.es\/materialesydiseno\/wp-json\/wp\/v2\/media?parent=102"}],"curies":[{"name":"wp","href":"https:\/\/api.w.org\/{rel}","templated":true}]}}