{"id":108,"date":"2021-05-26T14:58:29","date_gmt":"2021-05-26T14:58:29","guid":{"rendered":"https:\/\/blogsaverroes.juntadeandalucia.es\/materialesydiseno\/?page_id=108"},"modified":"2021-05-26T15:00:20","modified_gmt":"2021-05-26T15:00:20","slug":"diseno","status":"publish","type":"page","link":"https:\/\/blogsaverroes.juntadeandalucia.es\/materialesydiseno\/diseno\/","title":{"rendered":"DISE\u00d1O"},"content":{"rendered":"<p>Si preguntas a un&nbsp;<a href=\"https:\/\/www.staffcreativa.pe\/\" target=\"_blank\" rel=\"noopener noreferrer\">profesional del dise\u00f1o<\/a> si se considera bueno en matem\u00e1ticas, la mayor\u00eda dir\u00e1 que no.&nbsp;Lo que muchas personas no saben es que las matem\u00e1ticas son una parte integral del dise\u00f1o.<\/p>\n<p>En realidad, muchos conceptos como&nbsp;patrones,&nbsp;simetr\u00eda,&nbsp;espacio positivo y negativo, series num\u00e9ricas, n\u00famero \u00e1ureo,&#8230;&#8230; son tan importantes en el dise\u00f1o que debes conocerlo.<\/p>\n<p><img loading=\"lazy\" decoding=\"async\" class=\"alignleft\" src=\"https:\/\/www.staffcreativa.pe\/blog\/wp-content\/uploads\/matem%C3%A1ticas-dise%C3%B1adores-7.jpg\" alt=\"matem\u00e1ticas-dise\u00f1adores-7\" width=\"263\" height=\"197\"> <img loading=\"lazy\" decoding=\"async\" class=\"aligncenter\" src=\"https:\/\/matemolivares.blogia.com\/upload\/externo-0c4395a0d8296b7dc86776ad20b99f32.jpg\" alt=\"Alhambra2\" width=\"292\" height=\"219\"><\/p>\n","protected":false},"excerpt":{"rendered":"<p>Si preguntas a un&nbsp;profesional del dise\u00f1o si se considera bueno en matem\u00e1ticas, la mayor\u00eda dir\u00e1 que no.&nbsp;Lo que muchas personas no saben es que las matem\u00e1ticas son una parte integral del dise\u00f1o. En realidad,&#46;&#46;&#46;<\/p>\n","protected":false},"author":11744,"featured_media":0,"parent":0,"menu_order":0,"comment_status":"closed","ping_status":"closed","template":"","meta":{"ngg_post_thumbnail":0,"footnotes":""},"aioseo_notices":[],"_links":{"self":[{"href":"https:\/\/blogsaverroes.juntadeandalucia.es\/materialesydiseno\/wp-json\/wp\/v2\/pages\/108"}],"collection":[{"href":"https:\/\/blogsaverroes.juntadeandalucia.es\/materialesydiseno\/wp-json\/wp\/v2\/pages"}],"about":[{"href":"https:\/\/blogsaverroes.juntadeandalucia.es\/materialesydiseno\/wp-json\/wp\/v2\/types\/page"}],"author":[{"embeddable":true,"href":"https:\/\/blogsaverroes.juntadeandalucia.es\/materialesydiseno\/wp-json\/wp\/v2\/users\/11744"}],"replies":[{"embeddable":true,"href":"https:\/\/blogsaverroes.juntadeandalucia.es\/materialesydiseno\/wp-json\/wp\/v2\/comments?post=108"}],"version-history":[{"count":2,"href":"https:\/\/blogsaverroes.juntadeandalucia.es\/materialesydiseno\/wp-json\/wp\/v2\/pages\/108\/revisions"}],"predecessor-version":[{"id":111,"href":"https:\/\/blogsaverroes.juntadeandalucia.es\/materialesydiseno\/wp-json\/wp\/v2\/pages\/108\/revisions\/111"}],"wp:attachment":[{"href":"https:\/\/blogsaverroes.juntadeandalucia.es\/materialesydiseno\/wp-json\/wp\/v2\/media?parent=108"}],"curies":[{"name":"wp","href":"https:\/\/api.w.org\/{rel}","templated":true}]}}