{"id":16,"date":"2021-02-10T14:53:36","date_gmt":"2021-02-10T14:53:36","guid":{"rendered":"https:\/\/blogsaverroes.juntadeandalucia.es\/materialesydiseno\/?page_id=16"},"modified":"2021-05-26T14:35:43","modified_gmt":"2021-05-26T14:35:43","slug":"materiales","status":"publish","type":"page","link":"https:\/\/blogsaverroes.juntadeandalucia.es\/materialesydiseno\/materiales\/","title":{"rendered":"MATERIALES"},"content":{"rendered":"<p>Podemos clasificar los Materiales de forma muy diversa.<\/p>\n<p>Pueden ser Naturales, Artificiales y Sint\u00e9ticos.<\/p>\n<p>En cuanto a su origen, pueden ser Animal, Vegetal y Mineral.<\/p>\n<p>En cuanto&nbsp; a sus propiedades, podemos distinguir 5 grupos: Metales, Cer\u00e1micos, Pol\u00edmeros, Semiconductores y Compuestos.<\/p>\n<p>Si miramos la aplicaci\u00f3n, pueden ir destinados a aplicaciones sanitarias, energ\u00eda, aeron\u00e1utica, seguridad, electr\u00f3nica..<\/p>\n<p>Seg\u00fan la composici\u00f3n, pueden ser homog\u00e9neos o heterog\u00e9neos.<\/p>\n<p>Y seg\u00fan sus propiedades f\u00edsico-qu\u00edmicas, tenemos materiales r\u00edgidos, flexibles, tenaces, fr\u00e1giles, aislantes, conductores, reciclables, t\u00f3xicos&#8230;<\/p>\n<div id=\"attachment_29\" style=\"width: 642px\" class=\"wp-caption aligncenter\"><img loading=\"lazy\" decoding=\"async\" aria-describedby=\"caption-attachment-29\" class=\" wp-image-29\" src=\"https:\/\/blogsaverroes.juntadeandalucia.es\/materialesydiseno\/files\/2021\/03\/map-clasificacion-materiales-300x179.jpeg\" alt=\"\" width=\"632\" height=\"377\" srcset=\"https:\/\/blogsaverroes.juntadeandalucia.es\/materialesydiseno\/files\/2021\/03\/map-clasificacion-materiales-300x179.jpeg 300w, https:\/\/blogsaverroes.juntadeandalucia.es\/materialesydiseno\/files\/2021\/03\/map-clasificacion-materiales-1024x612.jpeg 1024w, https:\/\/blogsaverroes.juntadeandalucia.es\/materialesydiseno\/files\/2021\/03\/map-clasificacion-materiales-768x459.jpeg 768w, https:\/\/blogsaverroes.juntadeandalucia.es\/materialesydiseno\/files\/2021\/03\/map-clasificacion-materiales.jpeg 1273w\" sizes=\"(max-width: 632px) 100vw, 632px\" \/><p id=\"caption-attachment-29\" class=\"wp-caption-text\">materiales educacion clasificacion<\/p><\/div>\n","protected":false},"excerpt":{"rendered":"<p>Podemos clasificar los Materiales de forma muy diversa. Pueden ser Naturales, Artificiales y Sint\u00e9ticos. En cuanto a su origen, pueden ser Animal, Vegetal y Mineral. En cuanto&nbsp; a sus propiedades, podemos distinguir 5 grupos:&#46;&#46;&#46;<\/p>\n","protected":false},"author":11744,"featured_media":0,"parent":0,"menu_order":0,"comment_status":"closed","ping_status":"closed","template":"","meta":{"ngg_post_thumbnail":0,"footnotes":""},"aioseo_notices":[],"_links":{"self":[{"href":"https:\/\/blogsaverroes.juntadeandalucia.es\/materialesydiseno\/wp-json\/wp\/v2\/pages\/16"}],"collection":[{"href":"https:\/\/blogsaverroes.juntadeandalucia.es\/materialesydiseno\/wp-json\/wp\/v2\/pages"}],"about":[{"href":"https:\/\/blogsaverroes.juntadeandalucia.es\/materialesydiseno\/wp-json\/wp\/v2\/types\/page"}],"author":[{"embeddable":true,"href":"https:\/\/blogsaverroes.juntadeandalucia.es\/materialesydiseno\/wp-json\/wp\/v2\/users\/11744"}],"replies":[{"embeddable":true,"href":"https:\/\/blogsaverroes.juntadeandalucia.es\/materialesydiseno\/wp-json\/wp\/v2\/comments?post=16"}],"version-history":[{"count":6,"href":"https:\/\/blogsaverroes.juntadeandalucia.es\/materialesydiseno\/wp-json\/wp\/v2\/pages\/16\/revisions"}],"predecessor-version":[{"id":95,"href":"https:\/\/blogsaverroes.juntadeandalucia.es\/materialesydiseno\/wp-json\/wp\/v2\/pages\/16\/revisions\/95"}],"wp:attachment":[{"href":"https:\/\/blogsaverroes.juntadeandalucia.es\/materialesydiseno\/wp-json\/wp\/v2\/media?parent=16"}],"curies":[{"name":"wp","href":"https:\/\/api.w.org\/{rel}","templated":true}]}}