{"id":164,"date":"2023-05-23T12:04:23","date_gmt":"2023-05-23T12:04:23","guid":{"rendered":"https:\/\/blogsaverroes.juntadeandalucia.es\/materialesydiseno\/?page_id=164"},"modified":"2023-05-23T12:04:23","modified_gmt":"2023-05-23T12:04:23","slug":"fractales","status":"publish","type":"page","link":"https:\/\/blogsaverroes.juntadeandalucia.es\/materialesydiseno\/diseno\/fractales\/","title":{"rendered":"Fractales"},"content":{"rendered":"<p>\u00bfSabes lo que es un <em><strong>FRACTAL<\/strong><\/em>? Nuestro alumnado experimenta con ellos y lo aplica a un producto.<\/p>\n<p>Wokipedia: \u00abUn fractal es un objeto geom\u00e9trico cuya estructura b\u00e1sica, fragmentada o aparentemente irregular, se repite a diferentes escalas.\u200b El t\u00e9rmino fue propuesto por el matem\u00e1tico Beno\u00eet Mandelbrot en 1975 y deriva del lat\u00edn fractus, que significa quebrado o fracturado. Muchas estructuras naturales son de tipo fractal.\u00bb<\/p>\n<div id=\"attachment_166\" style=\"width: 310px\" class=\"wp-caption aligncenter\"><img loading=\"lazy\" decoding=\"async\" aria-describedby=\"caption-attachment-166\" class=\"size-medium wp-image-166\" src=\"https:\/\/blogsaverroes.juntadeandalucia.es\/materialesydiseno\/files\/2023\/05\/fractal-300x169.jpg\" alt=\"\" width=\"300\" height=\"169\" srcset=\"https:\/\/blogsaverroes.juntadeandalucia.es\/materialesydiseno\/files\/2023\/05\/fractal-300x169.jpg 300w, https:\/\/blogsaverroes.juntadeandalucia.es\/materialesydiseno\/files\/2023\/05\/fractal-332x187.jpg 332w, https:\/\/blogsaverroes.juntadeandalucia.es\/materialesydiseno\/files\/2023\/05\/fractal.jpg 553w\" sizes=\"(max-width: 300px) 100vw, 300px\" \/><p id=\"caption-attachment-166\" class=\"wp-caption-text\">Blue mandala abstract fractal illustration high resolution background (unsplash)<\/p><\/div>\n<p>Visualiza estos trabajos de estudiantes:<\/p>\n<p><a href=\"https:\/\/blogsaverroes.juntadeandalucia.es\/materialesydiseno\/files\/2023\/05\/FRACTAL-nuevo.pdf\">FRACTAL nuevo<\/a><\/p>\n<p><a href=\"https:\/\/blogsaverroes.juntadeandalucia.es\/materialesydiseno\/files\/2023\/05\/Trab-Fun-Fractal.pdf\">Trab Fun Fractal<\/a><\/p>\n<p><a href=\"https:\/\/blogsaverroes.juntadeandalucia.es\/materialesydiseno\/files\/2023\/05\/fractal-1.pdf\">fractal<\/a><\/p>\n","protected":false},"excerpt":{"rendered":"<p>\u00bfSabes lo que es un FRACTAL? Nuestro alumnado experimenta con ellos y lo aplica a un producto. Wokipedia: \u00abUn fractal es un objeto geom\u00e9trico cuya estructura b\u00e1sica, fragmentada o aparentemente irregular, se repite a&#46;&#46;&#46;<\/p>\n","protected":false},"author":11744,"featured_media":0,"parent":108,"menu_order":1,"comment_status":"closed","ping_status":"closed","template":"","meta":{"ngg_post_thumbnail":0,"footnotes":""},"aioseo_notices":[],"_links":{"self":[{"href":"https:\/\/blogsaverroes.juntadeandalucia.es\/materialesydiseno\/wp-json\/wp\/v2\/pages\/164"}],"collection":[{"href":"https:\/\/blogsaverroes.juntadeandalucia.es\/materialesydiseno\/wp-json\/wp\/v2\/pages"}],"about":[{"href":"https:\/\/blogsaverroes.juntadeandalucia.es\/materialesydiseno\/wp-json\/wp\/v2\/types\/page"}],"author":[{"embeddable":true,"href":"https:\/\/blogsaverroes.juntadeandalucia.es\/materialesydiseno\/wp-json\/wp\/v2\/users\/11744"}],"replies":[{"embeddable":true,"href":"https:\/\/blogsaverroes.juntadeandalucia.es\/materialesydiseno\/wp-json\/wp\/v2\/comments?post=164"}],"version-history":[{"count":3,"href":"https:\/\/blogsaverroes.juntadeandalucia.es\/materialesydiseno\/wp-json\/wp\/v2\/pages\/164\/revisions"}],"predecessor-version":[{"id":174,"href":"https:\/\/blogsaverroes.juntadeandalucia.es\/materialesydiseno\/wp-json\/wp\/v2\/pages\/164\/revisions\/174"}],"up":[{"embeddable":true,"href":"https:\/\/blogsaverroes.juntadeandalucia.es\/materialesydiseno\/wp-json\/wp\/v2\/pages\/108"}],"wp:attachment":[{"href":"https:\/\/blogsaverroes.juntadeandalucia.es\/materialesydiseno\/wp-json\/wp\/v2\/media?parent=164"}],"curies":[{"name":"wp","href":"https:\/\/api.w.org\/{rel}","templated":true}]}}