{"id":244,"date":"2024-05-05T11:54:54","date_gmt":"2024-05-05T11:54:54","guid":{"rendered":"https:\/\/blogsaverroes.juntadeandalucia.es\/materialesydiseno\/?page_id=244"},"modified":"2024-05-06T17:44:39","modified_gmt":"2024-05-06T17:44:39","slug":"material-curricular","status":"publish","type":"page","link":"https:\/\/blogsaverroes.juntadeandalucia.es\/materialesydiseno\/material-curricular\/","title":{"rendered":"MATERIAL CURRICULAR"},"content":{"rendered":"<p>En este apartado os dejo un MATERIAL de<strong> \u00ab<\/strong><span class=\"texto-SNC \"><strong>Materiales y Tecnolog\u00eda de la madera\u00bb<\/strong> <\/span>para el Ciclo Formativo de Grado Medio de Reproducciones Art\u00edsticas en Madera.&nbsp;<\/p>\n<p>Tambi\u00e9n puede servir para el Ciclo Formativo de Grado Superior de Ebanister\u00eda o Talla, porque est\u00e1 muy completo.<\/p>\n<p>Su totalidad est\u00e1 realizado con <strong>&nbsp;eXeLearning<\/strong>, programa de c\u00f3digo abierto bajo licencia GPL-2 para crear contenidos educativos de licencia abierta Creative Commons BY-NC-SA .<\/p>\n<p>Esta documentaci\u00f3n se ha realizado como:<\/p>\n<p>\u00ab<strong>MTI-038\/22.<\/strong> <strong>Proyectos&nbsp;de&nbsp;elaboraci\u00f3n&nbsp;de&nbsp;materiales&nbsp;y<br \/>\nrecursos did\u00e1cticos\u00bb, en la convocatoria 2022, duraci\u00f3n dos a\u00f1os, y con una financiaci\u00f3n p\u00fablica de 600\u20ac por parte de la Consejer\u00eda de Educaci\u00f3n.<\/strong><\/p>\n<p>Tan s\u00f3lo ten\u00e9is que darle a este link:<\/p>\n<p><a href=\"https:\/\/vlz8rzqj2omeotcxodn6ew.on.drv.tw\/Material%20Curricular-Ram\/Apuntes_Modulo_5_CFGM-RAM\/\">https:\/\/vlz8rzqj2omeotcxodn6ew.on.drv.tw\/Material%20Curricular-Ram\/Apuntes_Modulo_5_CFGM-RAM\/<\/a><\/p>\n<p><img decoding=\"async\" src=\"https:\/\/vlz8rzqj2omeotcxodn6ew.on.drv.tw\/Material%20Curricular-Ram\/Apuntes_Modulo_5_CFGM-RAM\/portada.jpg\" alt=\"utensilios para trabajar madera\"><\/p>\n","protected":false},"excerpt":{"rendered":"<p>En este apartado os dejo un MATERIAL de \u00abMateriales y Tecnolog\u00eda de la madera\u00bb para el Ciclo Formativo de Grado Medio de Reproducciones Art\u00edsticas en Madera.&nbsp; Tambi\u00e9n puede servir para el Ciclo Formativo de&#46;&#46;&#46;<\/p>\n","protected":false},"author":11744,"featured_media":0,"parent":0,"menu_order":0,"comment_status":"closed","ping_status":"closed","template":"","meta":{"ngg_post_thumbnail":0,"footnotes":""},"aioseo_notices":[],"_links":{"self":[{"href":"https:\/\/blogsaverroes.juntadeandalucia.es\/materialesydiseno\/wp-json\/wp\/v2\/pages\/244"}],"collection":[{"href":"https:\/\/blogsaverroes.juntadeandalucia.es\/materialesydiseno\/wp-json\/wp\/v2\/pages"}],"about":[{"href":"https:\/\/blogsaverroes.juntadeandalucia.es\/materialesydiseno\/wp-json\/wp\/v2\/types\/page"}],"author":[{"embeddable":true,"href":"https:\/\/blogsaverroes.juntadeandalucia.es\/materialesydiseno\/wp-json\/wp\/v2\/users\/11744"}],"replies":[{"embeddable":true,"href":"https:\/\/blogsaverroes.juntadeandalucia.es\/materialesydiseno\/wp-json\/wp\/v2\/comments?post=244"}],"version-history":[{"count":4,"href":"https:\/\/blogsaverroes.juntadeandalucia.es\/materialesydiseno\/wp-json\/wp\/v2\/pages\/244\/revisions"}],"predecessor-version":[{"id":250,"href":"https:\/\/blogsaverroes.juntadeandalucia.es\/materialesydiseno\/wp-json\/wp\/v2\/pages\/244\/revisions\/250"}],"wp:attachment":[{"href":"https:\/\/blogsaverroes.juntadeandalucia.es\/materialesydiseno\/wp-json\/wp\/v2\/media?parent=244"}],"curies":[{"name":"wp","href":"https:\/\/api.w.org\/{rel}","templated":true}]}}