{"id":254,"date":"2024-05-23T09:59:12","date_gmt":"2024-05-23T09:59:12","guid":{"rendered":"https:\/\/blogsaverroes.juntadeandalucia.es\/materialesydiseno\/?page_id=254"},"modified":"2024-05-23T10:06:34","modified_gmt":"2024-05-23T10:06:34","slug":"reciclados","status":"publish","type":"page","link":"https:\/\/blogsaverroes.juntadeandalucia.es\/materialesydiseno\/reciclados\/","title":{"rendered":"RECICLADOS"},"content":{"rendered":"<p>Una manera de ser m\u00e1s sostenible con el planeta, es producir objetos de materiales reciclados que normalmente desechamos en el hogar diariamente.<\/p>\n<p>Ejemplo de ello, os dejo un trabajo de creaciones con cart\u00f3n reciclado de los huevos, y otro de las c\u00e1scaras de huevo. Tambi\u00e9n es interesante el mundo de los pl\u00e1sticos, por ello, aqu\u00ed hay alg\u00fan ejemplo de su reciclaje.<\/p>\n<p><a href=\"https:\/\/blogsaverroes.juntadeandalucia.es\/materialesydiseno\/files\/2024\/05\/Cuenco-carton-reciclado-2.pdf\">Cuenco cart\u00f3n reciclado 2<\/a><\/p>\n<p><a href=\"https:\/\/blogsaverroes.juntadeandalucia.es\/materialesydiseno\/files\/2024\/05\/Proceso-Bioceramica-ventajas-y-desventajas-alumna-Beatriz.pdf\">Proceso Biocer\u00e1mica ventajas y desventajas-alumna Beatriz<\/a><\/p>\n<p><a href=\"https:\/\/blogsaverroes.juntadeandalucia.es\/materialesydiseno\/files\/2024\/05\/alejandro-CUADRO-PLASTICOS-DEL-HOGAR.pdf\">alejandro-CUADRO PLASTICOS DEL HOGAR<\/a><\/p>\n<p><a href=\"https:\/\/blogsaverroes.juntadeandalucia.es\/materialesydiseno\/files\/2024\/05\/Beatriz-Creacion-de-objeto-de-plastico-reciclado-.pdf\">Beatriz-Creaci\u00f3n de objeto de pl\u00e1stico reciclado<\/a><\/p>\n","protected":false},"excerpt":{"rendered":"<p>Una manera de ser m\u00e1s sostenible con el planeta, es producir objetos de materiales reciclados que normalmente desechamos en el hogar diariamente. Ejemplo de ello, os dejo un trabajo de creaciones con cart\u00f3n reciclado&#46;&#46;&#46;<\/p>\n","protected":false},"author":11744,"featured_media":0,"parent":0,"menu_order":0,"comment_status":"closed","ping_status":"closed","template":"","meta":{"ngg_post_thumbnail":0,"footnotes":""},"aioseo_notices":[],"_links":{"self":[{"href":"https:\/\/blogsaverroes.juntadeandalucia.es\/materialesydiseno\/wp-json\/wp\/v2\/pages\/254"}],"collection":[{"href":"https:\/\/blogsaverroes.juntadeandalucia.es\/materialesydiseno\/wp-json\/wp\/v2\/pages"}],"about":[{"href":"https:\/\/blogsaverroes.juntadeandalucia.es\/materialesydiseno\/wp-json\/wp\/v2\/types\/page"}],"author":[{"embeddable":true,"href":"https:\/\/blogsaverroes.juntadeandalucia.es\/materialesydiseno\/wp-json\/wp\/v2\/users\/11744"}],"replies":[{"embeddable":true,"href":"https:\/\/blogsaverroes.juntadeandalucia.es\/materialesydiseno\/wp-json\/wp\/v2\/comments?post=254"}],"version-history":[{"count":3,"href":"https:\/\/blogsaverroes.juntadeandalucia.es\/materialesydiseno\/wp-json\/wp\/v2\/pages\/254\/revisions"}],"predecessor-version":[{"id":262,"href":"https:\/\/blogsaverroes.juntadeandalucia.es\/materialesydiseno\/wp-json\/wp\/v2\/pages\/254\/revisions\/262"}],"wp:attachment":[{"href":"https:\/\/blogsaverroes.juntadeandalucia.es\/materialesydiseno\/wp-json\/wp\/v2\/media?parent=254"}],"curies":[{"name":"wp","href":"https:\/\/api.w.org\/{rel}","templated":true}]}}