{"id":50,"date":"2021-03-30T12:40:15","date_gmt":"2021-03-30T12:40:15","guid":{"rendered":"https:\/\/blogsaverroes.juntadeandalucia.es\/materialesydiseno\/?page_id=50"},"modified":"2024-01-19T07:26:38","modified_gmt":"2024-01-19T07:26:38","slug":"materiales-anti-covid","status":"publish","type":"page","link":"https:\/\/blogsaverroes.juntadeandalucia.es\/materialesydiseno\/materiales\/materiales-anti-covid\/","title":{"rendered":"Materiales Anti-Covid"},"content":{"rendered":"<p><a href=\"https:\/\/www.niusdiario.es\/sociedad\/materiales-construccion-anti-covid-yesos-pinturas-cortinas-evitan-propagacion-virus_18_2963370133.html\">https:\/\/www.niusdiario.es\/sociedad\/materiales-construccion-anti-covid-yesos-pinturas-cortinas-evitan-propagacion-virus_18_2963370133.html<\/a>&nbsp;<\/p>\n<p>\u00bf<strong>Puede un material de construcci\u00f3n, unas cortinas o una pintura evitar la propagaci\u00f3n del covid-19<\/strong>? Diferentes empresas llevan a\u00f1os innovando para hacerlo realidad. \u00abEsos materiales ya exist\u00edan antes de la pandemia, pero no se valoraban. Solo se ten\u00eda en cuenta el precio, la utilidad y la est\u00e9tica, ahora, la salud se ha vuelto prioritaria\u00bb.<\/p>\n<p><a href=\"https:\/\/www.rtve.es\/alacarta\/videos\/la-hora-de-la-1\/nuevo-material-anticovid-coronavirus\/5795194\/\">https:\/\/www.rtve.es\/alacarta\/videos\/la-hora-de-la-1\/nuevo-material-anticovid-coronavirus\/5795194\/<\/a><\/p>\n<p>Las mascarillas&nbsp;<strong>se han convertido en imprescindibles<\/strong>. Casi no sab\u00edamos nada de ellas y ahora somos verdaderos expertos. Sabemos que la duraci\u00f3n del virus en ellas depende del tipo de material&#8230; Y esta noticia&nbsp;<strong>puede marcar el futuro de la pandemia<\/strong>: el CSIC ha creado un nuevo material que&nbsp;<strong>bloquea el coronavirus durante m\u00e1s tiemp<\/strong>o. Est\u00e1 constituido por nanopart\u00edculas de cobre e inhibe las prote\u00ednas del coronavirus. Bloquea la prote\u00edna \u00abSpike\u00bb, la que permite al SARS-CoV-2 infectar las c\u00e9lulas.<\/p>\n","protected":false},"excerpt":{"rendered":"<p>https:\/\/www.niusdiario.es\/sociedad\/materiales-construccion-anti-covid-yesos-pinturas-cortinas-evitan-propagacion-virus_18_2963370133.html&nbsp; \u00bfPuede un material de construcci\u00f3n, unas cortinas o una pintura evitar la propagaci\u00f3n del covid-19? Diferentes empresas llevan a\u00f1os innovando para hacerlo realidad. \u00abEsos materiales ya exist\u00edan antes de la pandemia, pero no&#46;&#46;&#46;<\/p>\n","protected":false},"author":11744,"featured_media":0,"parent":16,"menu_order":1,"comment_status":"closed","ping_status":"closed","template":"","meta":{"ngg_post_thumbnail":0,"footnotes":""},"aioseo_notices":[],"_links":{"self":[{"href":"https:\/\/blogsaverroes.juntadeandalucia.es\/materialesydiseno\/wp-json\/wp\/v2\/pages\/50"}],"collection":[{"href":"https:\/\/blogsaverroes.juntadeandalucia.es\/materialesydiseno\/wp-json\/wp\/v2\/pages"}],"about":[{"href":"https:\/\/blogsaverroes.juntadeandalucia.es\/materialesydiseno\/wp-json\/wp\/v2\/types\/page"}],"author":[{"embeddable":true,"href":"https:\/\/blogsaverroes.juntadeandalucia.es\/materialesydiseno\/wp-json\/wp\/v2\/users\/11744"}],"replies":[{"embeddable":true,"href":"https:\/\/blogsaverroes.juntadeandalucia.es\/materialesydiseno\/wp-json\/wp\/v2\/comments?post=50"}],"version-history":[{"count":1,"href":"https:\/\/blogsaverroes.juntadeandalucia.es\/materialesydiseno\/wp-json\/wp\/v2\/pages\/50\/revisions"}],"predecessor-version":[{"id":51,"href":"https:\/\/blogsaverroes.juntadeandalucia.es\/materialesydiseno\/wp-json\/wp\/v2\/pages\/50\/revisions\/51"}],"up":[{"embeddable":true,"href":"https:\/\/blogsaverroes.juntadeandalucia.es\/materialesydiseno\/wp-json\/wp\/v2\/pages\/16"}],"wp:attachment":[{"href":"https:\/\/blogsaverroes.juntadeandalucia.es\/materialesydiseno\/wp-json\/wp\/v2\/media?parent=50"}],"curies":[{"name":"wp","href":"https:\/\/api.w.org\/{rel}","templated":true}]}}