{"id":31,"date":"2024-04-07T09:37:21","date_gmt":"2024-04-07T09:37:21","guid":{"rendered":"https:\/\/blogsaverroes.juntadeandalucia.es\/matesam\/?page_id=31"},"modified":"2024-04-11T07:59:33","modified_gmt":"2024-04-11T07:59:33","slug":"conoceme","status":"publish","type":"page","link":"https:\/\/blogsaverroes.juntadeandalucia.es\/matesam\/conoceme\/","title":{"rendered":"CON\u00d3CEME"},"content":{"rendered":"<p>Soy Antonia Mar\u00eda Cruz M\u00e1rquez, licenciada en Matem\u00e1ticas por la Universidad de Sevilla en el 2010.<\/p>\n<p>Despu\u00e9s de algunos cursos ejerciendo de profesora interina, en varios centros educativos de la provincia de Huelva, llevo en Ies del And\u00e9valo desde el curso 2017\/2018.&nbsp;<\/p>\n<p>En dicho centro curs\u00e9 mis estudios de secundaria, al volver&nbsp; a\u00f1os despu\u00e9s como profesora,&nbsp; he&nbsp; llegado a tener compa\u00f1eros de trabajo que fueron profesores de mi etapa como estudiante.<\/p>\n","protected":false},"excerpt":{"rendered":"<p>Soy Antonia Mar\u00eda Cruz M\u00e1rquez, licenciada en Matem\u00e1ticas por la Universidad de Sevilla en el 2010. Despu\u00e9s de algunos cursos ejerciendo de profesora interina, en varios centros educativos de la provincia de Huelva, llevo&#46;&#46;&#46;<\/p>\n","protected":false},"author":19129,"featured_media":0,"parent":0,"menu_order":1,"comment_status":"closed","ping_status":"closed","template":"page-templates\/child-menu.php","meta":{"ngg_post_thumbnail":0,"footnotes":""},"aioseo_notices":[],"_links":{"self":[{"href":"https:\/\/blogsaverroes.juntadeandalucia.es\/matesam\/wp-json\/wp\/v2\/pages\/31"}],"collection":[{"href":"https:\/\/blogsaverroes.juntadeandalucia.es\/matesam\/wp-json\/wp\/v2\/pages"}],"about":[{"href":"https:\/\/blogsaverroes.juntadeandalucia.es\/matesam\/wp-json\/wp\/v2\/types\/page"}],"author":[{"embeddable":true,"href":"https:\/\/blogsaverroes.juntadeandalucia.es\/matesam\/wp-json\/wp\/v2\/users\/19129"}],"replies":[{"embeddable":true,"href":"https:\/\/blogsaverroes.juntadeandalucia.es\/matesam\/wp-json\/wp\/v2\/comments?post=31"}],"version-history":[{"count":2,"href":"https:\/\/blogsaverroes.juntadeandalucia.es\/matesam\/wp-json\/wp\/v2\/pages\/31\/revisions"}],"predecessor-version":[{"id":59,"href":"https:\/\/blogsaverroes.juntadeandalucia.es\/matesam\/wp-json\/wp\/v2\/pages\/31\/revisions\/59"}],"wp:attachment":[{"href":"https:\/\/blogsaverroes.juntadeandalucia.es\/matesam\/wp-json\/wp\/v2\/media?parent=31"}],"curies":[{"name":"wp","href":"https:\/\/api.w.org\/{rel}","templated":true}]}}