{"id":68,"date":"2024-01-09T21:52:06","date_gmt":"2024-01-09T21:52:06","guid":{"rendered":"https:\/\/blogsaverroes.juntadeandalucia.es\/matesconinma\/?page_id=68"},"modified":"2024-01-09T22:42:10","modified_gmt":"2024-01-09T22:42:10","slug":"1o-eso","status":"publish","type":"page","link":"https:\/\/blogsaverroes.juntadeandalucia.es\/matesconinma\/1o-eso\/","title":{"rendered":"1\u00ba ESO"},"content":{"rendered":"<p>N\u00daMEROS<\/p>\n<p>LOS N\u00daMEROS NATURALES<\/p>\n<p>POTENCIAS Y RA\u00cdCES<\/p>\n<p>DIVISIBILIDAD<\/p>\n<p>LOS N\u00daMEROS ENTEROS<\/p>\n<p>LOS N\u00daMEROS DECIMALES<\/p>\n<p>EL SISTEMA M\u00c9TRICO DECIMAL<\/p>\n<p>LAS FRACCIONES<\/p>\n<p>PROPORCIONALIDAD Y PORCENTAJE<\/p>\n<p>\u00c1LGEBRA<\/p>\n<p>GEOMETR\u00cdA<\/p>\n<p>FUNCIONES Y GR\u00c1FICAS<\/p>\n<p>ESTAD\u00cdSTICA Y PROBABILIDAD<\/p>\n<p>&nbsp;<\/p>\n<p>&nbsp;<\/p>\n<p>&nbsp;<\/p>\n<!--themify_builder_content-->\n<div id=\"themify_builder_content-68\" data-postid=\"68\" class=\"themify_builder_content themify_builder_content-68 themify_builder tf_clear\">\n    <\/div>\n<!--\/themify_builder_content-->\n","protected":false},"excerpt":{"rendered":"<p>N\u00daMEROS LOS N\u00daMEROS NATURALES POTENCIAS Y RA\u00cdCES DIVISIBILIDAD LOS N\u00daMEROS ENTEROS LOS N\u00daMEROS DECIMALES EL SISTEMA M\u00c9TRICO DECIMAL LAS FRACCIONES PROPORCIONALIDAD Y PORCENTAJE \u00c1LGEBRA GEOMETR\u00cdA FUNCIONES Y GR\u00c1FICAS ESTAD\u00cdSTICA Y PROBABILIDAD &nbsp; &nbsp; &nbsp;<\/p>\n","protected":false},"author":18498,"featured_media":0,"parent":0,"menu_order":0,"comment_status":"closed","ping_status":"closed","template":"","meta":{"ngg_post_thumbnail":0,"footnotes":"","_mc_calendar":[]},"aioseo_notices":[],"_links":{"self":[{"href":"https:\/\/blogsaverroes.juntadeandalucia.es\/matesconinma\/wp-json\/wp\/v2\/pages\/68"}],"collection":[{"href":"https:\/\/blogsaverroes.juntadeandalucia.es\/matesconinma\/wp-json\/wp\/v2\/pages"}],"about":[{"href":"https:\/\/blogsaverroes.juntadeandalucia.es\/matesconinma\/wp-json\/wp\/v2\/types\/page"}],"author":[{"embeddable":true,"href":"https:\/\/blogsaverroes.juntadeandalucia.es\/matesconinma\/wp-json\/wp\/v2\/users\/18498"}],"replies":[{"embeddable":true,"href":"https:\/\/blogsaverroes.juntadeandalucia.es\/matesconinma\/wp-json\/wp\/v2\/comments?post=68"}],"version-history":[{"count":5,"href":"https:\/\/blogsaverroes.juntadeandalucia.es\/matesconinma\/wp-json\/wp\/v2\/pages\/68\/revisions"}],"predecessor-version":[{"id":118,"href":"https:\/\/blogsaverroes.juntadeandalucia.es\/matesconinma\/wp-json\/wp\/v2\/pages\/68\/revisions\/118"}],"wp:attachment":[{"href":"https:\/\/blogsaverroes.juntadeandalucia.es\/matesconinma\/wp-json\/wp\/v2\/media?parent=68"}],"curies":[{"name":"wp","href":"https:\/\/api.w.org\/{rel}","templated":true}]}}