{"id":73,"date":"2024-01-09T21:54:48","date_gmt":"2024-01-09T21:54:48","guid":{"rendered":"https:\/\/blogsaverroes.juntadeandalucia.es\/matesconinma\/?page_id=73"},"modified":"2024-01-09T23:13:12","modified_gmt":"2024-01-09T23:13:12","slug":"3o-eso","status":"publish","type":"page","link":"https:\/\/blogsaverroes.juntadeandalucia.es\/matesconinma\/3o-eso\/","title":{"rendered":"3\u00ba ESO"},"content":{"rendered":"<p>FRACCIONES Y DECIMALES<\/p>\n<p>POTENCIAS Y RA\u00cdCES<\/p>\n<p>PROBLEMAS ARITM\u00c9TICOS<\/p>\n<p>SUCESIONES Y PROGRESIONES<\/p>\n<p>\u00c1LGEBRA:<\/p>\n<p>ECUACIONES<\/p>\n<p>SISTEMAS DE ECUACIONES<\/p>\n<p>FUNCIONES:<\/p>\n<p>FUNCIONES.CARACTER\u00cdSTICAS<\/p>\n<p>FUNCIONES LINEALES Y CUADR\u00c1TICAS<\/p>\n<p>GEOMETR\u00cdA:<\/p>\n<p>PROBLEMAS M\u00c9TRICOS EN EL PLANO<\/p>\n<p>CUERPOS GEOM\u00c9TRICOS<\/p>\n<p>TRANSFORMACIONES GEOM\u00c9TRICAS<\/p>\n<p>ESTAD\u00cdSTICA Y PROBABILIDAD:<\/p>\n<p>ESTAD\u00cdSTICA<\/p>\n<p>AZAR Y PROBABILIDAD<\/p>\n<p>&nbsp;<\/p>\n<p>&nbsp;<\/p>\n<p>&nbsp;<\/p>\n<!--themify_builder_content-->\n<div id=\"themify_builder_content-73\" data-postid=\"73\" class=\"themify_builder_content themify_builder_content-73 themify_builder tf_clear\">\n    <\/div>\n<!--\/themify_builder_content-->\n","protected":false},"excerpt":{"rendered":"<p>FRACCIONES Y DECIMALES POTENCIAS Y RA\u00cdCES PROBLEMAS ARITM\u00c9TICOS SUCESIONES Y PROGRESIONES \u00c1LGEBRA: ECUACIONES SISTEMAS DE ECUACIONES FUNCIONES: FUNCIONES.CARACTER\u00cdSTICAS FUNCIONES LINEALES Y CUADR\u00c1TICAS GEOMETR\u00cdA: PROBLEMAS M\u00c9TRICOS EN EL PLANO CUERPOS GEOM\u00c9TRICOS TRANSFORMACIONES GEOM\u00c9TRICAS ESTAD\u00cdSTICA Y PROBABILIDAD: ESTAD\u00cdSTICA AZAR Y PROBABILIDAD &nbsp; &nbsp; &nbsp;<\/p>\n","protected":false},"author":18498,"featured_media":0,"parent":0,"menu_order":0,"comment_status":"closed","ping_status":"closed","template":"","meta":{"ngg_post_thumbnail":0,"footnotes":"","_mc_calendar":[]},"aioseo_notices":[],"_links":{"self":[{"href":"https:\/\/blogsaverroes.juntadeandalucia.es\/matesconinma\/wp-json\/wp\/v2\/pages\/73"}],"collection":[{"href":"https:\/\/blogsaverroes.juntadeandalucia.es\/matesconinma\/wp-json\/wp\/v2\/pages"}],"about":[{"href":"https:\/\/blogsaverroes.juntadeandalucia.es\/matesconinma\/wp-json\/wp\/v2\/types\/page"}],"author":[{"embeddable":true,"href":"https:\/\/blogsaverroes.juntadeandalucia.es\/matesconinma\/wp-json\/wp\/v2\/users\/18498"}],"replies":[{"embeddable":true,"href":"https:\/\/blogsaverroes.juntadeandalucia.es\/matesconinma\/wp-json\/wp\/v2\/comments?post=73"}],"version-history":[{"count":7,"href":"https:\/\/blogsaverroes.juntadeandalucia.es\/matesconinma\/wp-json\/wp\/v2\/pages\/73\/revisions"}],"predecessor-version":[{"id":134,"href":"https:\/\/blogsaverroes.juntadeandalucia.es\/matesconinma\/wp-json\/wp\/v2\/pages\/73\/revisions\/134"}],"wp:attachment":[{"href":"https:\/\/blogsaverroes.juntadeandalucia.es\/matesconinma\/wp-json\/wp\/v2\/media?parent=73"}],"curies":[{"name":"wp","href":"https:\/\/api.w.org\/{rel}","templated":true}]}}