{"id":98,"date":"2020-05-09T09:29:07","date_gmt":"2020-05-09T07:29:07","guid":{"rendered":"https:\/\/blogsaverroes.juntadeandalucia.es\/mcarmencobos\/?page_id=98"},"modified":"2020-05-10T16:28:16","modified_gmt":"2020-05-10T14:28:16","slug":"inicio","status":"publish","type":"page","link":"https:\/\/blogsaverroes.juntadeandalucia.es\/mcarmencobos\/inicio\/","title":{"rendered":"Inicio"},"content":{"rendered":"<p>Bienvenid@s a mi blog,<\/p>\n<p>&nbsp; &nbsp; &nbsp; espero que encontr\u00e9is en alg\u00fan momento art\u00edculos, referencias, materiales, comentarios que os sirvan para vuestro d\u00eda a d\u00eda.&nbsp;<\/p>\n<p>&nbsp; &nbsp; &nbsp; Es un blog centrado en poder disfrutar del proceso ense\u00f1anza-aprendizaje del ingl\u00e9s, enfocado&nbsp; tanto para mi alumnado, padres y madres, como para compa\u00f1er@s de departamento. Tambi\u00e9n est\u00e1 centrado en otros aspectos de este idioma, a saber, la literatura en lengua inglesa y aspectos relacionados con el Ingl\u00e9s como lenguaje con vida propia, vida guiada por los hablantes del mismo.Por ello tambi\u00e9n se trata cualquier informaci\u00f3n relacionada con los pa\u00edses de habla inglesa.<\/p>\n<p>M\u00aa Carmen.<\/p>\n","protected":false},"excerpt":{"rendered":"<p>Bienvenid@s a mi blog, &nbsp; &nbsp; &nbsp; espero que encontr\u00e9is en alg\u00fan momento art\u00edculos, referencias, materiales, comentarios que os sirvan para vuestro d\u00eda a d\u00eda.&nbsp; &nbsp; &nbsp; &nbsp; Es un blog centrado en poder&#46;&#46;&#46;<\/p>\n","protected":false},"author":9978,"featured_media":0,"parent":0,"menu_order":1,"comment_status":"closed","ping_status":"closed","template":"","meta":{"ngg_post_thumbnail":0,"footnotes":""},"aioseo_notices":[],"_links":{"self":[{"href":"https:\/\/blogsaverroes.juntadeandalucia.es\/mcarmencobos\/wp-json\/wp\/v2\/pages\/98"}],"collection":[{"href":"https:\/\/blogsaverroes.juntadeandalucia.es\/mcarmencobos\/wp-json\/wp\/v2\/pages"}],"about":[{"href":"https:\/\/blogsaverroes.juntadeandalucia.es\/mcarmencobos\/wp-json\/wp\/v2\/types\/page"}],"author":[{"embeddable":true,"href":"https:\/\/blogsaverroes.juntadeandalucia.es\/mcarmencobos\/wp-json\/wp\/v2\/users\/9978"}],"replies":[{"embeddable":true,"href":"https:\/\/blogsaverroes.juntadeandalucia.es\/mcarmencobos\/wp-json\/wp\/v2\/comments?post=98"}],"version-history":[{"count":3,"href":"https:\/\/blogsaverroes.juntadeandalucia.es\/mcarmencobos\/wp-json\/wp\/v2\/pages\/98\/revisions"}],"predecessor-version":[{"id":107,"href":"https:\/\/blogsaverroes.juntadeandalucia.es\/mcarmencobos\/wp-json\/wp\/v2\/pages\/98\/revisions\/107"}],"wp:attachment":[{"href":"https:\/\/blogsaverroes.juntadeandalucia.es\/mcarmencobos\/wp-json\/wp\/v2\/media?parent=98"}],"curies":[{"name":"wp","href":"https:\/\/api.w.org\/{rel}","templated":true}]}}