{"id":113,"date":"2015-03-16T08:06:00","date_gmt":"2015-03-16T08:06:00","guid":{"rendered":"http:\/\/blogsaverroes.juntadeandalucia.es\/pre\/ceip\/?page_id=113"},"modified":"2017-12-01T18:31:10","modified_gmt":"2017-12-01T18:31:10","slug":"biblioteca","status":"publish","type":"page","link":"https:\/\/blogsaverroes.juntadeandalucia.es\/medialuna\/biblioteca\/","title":{"rendered":"Biblioteca \u00abLuna Lunera\u00bb"},"content":{"rendered":"<p><a href=\"https:\/\/blogsaverroes.juntadeandalucia.es\/medialuna\/files\/2015\/03\/cartel-e1509375420433.png\"><img loading=\"lazy\" decoding=\"async\" class=\"aligncenter size-medium wp-image-2430\" src=\"https:\/\/blogsaverroes.juntadeandalucia.es\/medialuna\/files\/2015\/03\/cartel-300x169.png\" alt=\"\" width=\"300\" height=\"169\"><\/a><\/p>\n<h3 style=\"text-align: center\"><a href=\"http:\/\/bibliotecalunalunera.blogspot.com.es\/\">Enlace al Blog \u00abLa Luna Lunera\u00bb<\/a><\/h3>\n<p>&nbsp;<\/p>\n<h1 style=\"text-align: center\">La Maleta Viajera<\/h1>\n<p style=\"text-align: center\">\u00a1Ya est\u00e1n preparadas las Maletas Viajeras!<\/p>\n<p><a href=\"https:\/\/blogsaverroes.juntadeandalucia.es\/medialuna\/files\/2015\/03\/IMG-20171124-WA0002-e1512153057251.jpg\"><img loading=\"lazy\" decoding=\"async\" class=\"aligncenter size-medium wp-image-3008\" src=\"https:\/\/blogsaverroes.juntadeandalucia.es\/medialuna\/files\/2015\/03\/IMG-20171124-WA0002-300x225.jpg\" alt=\"\" width=\"300\" height=\"225\"><\/a><\/p>\n<p>La Maleta Viajera es una actividad de animaci\u00f3n a la lectura. Una experiencia que queremos poner en marcha este trimestre para que compart\u00e1is e inici\u00e9is horas de lectura con vuestros hijos e hijas.&nbsp;<\/p>\n<p>La intenci\u00f3n que perseguimos con esta actividad es:<\/p>\n<ul>\n<li>Concienciar de la importancia de la familia en el fomento de la lectura.<\/li>\n<li>Crear el h\u00e1bito de lectura en vuestros hijos e hijas.<\/li>\n<li>Favorecer el respeto, cuidado y amor hacia los libros.<\/li>\n<li>Aproximarse a la lectura de una forma divertida.<\/li>\n<\/ul>\n<p>Pronto llegar\u00e1n llenas de personajes, viajes fant\u00e1sticos, aventuras incre\u00edbles y muchas otras cosas m\u00e1s por descubrir en familia.<\/p>\n<p>Durante una semana tendr\u00e9is la suerte de poder disfrutar de todos estos libros, as\u00ed que&#8230; \u00a1a disfrutar leyendo!<\/p>\n<p>No olvid\u00e9is estampar vuestra huella en el \u00abCuaderno Viajero\u00bb que hay en cada maleta. Puedes expresar lo que t\u00fa quieras: qu\u00e9 te ha parecido la maleta, dibujar los personajes de un libro, resumir el cuento, contar una historia&#8230;. As\u00ed tambi\u00e9n podremos leer y ver lo que han hecho nuestros compa\u00f1eros y compa\u00f1eras. En clase, podremos contar al resto de los compa\u00f1eros lo que m\u00e1s nos ha gustado de la Maleta Viajera.<\/p>\n<h1>&nbsp;<\/h1>\n<h1 style=\"text-align: center\">Libro recomendado del mes de diciembre:<\/h1>\n<h3 style=\"text-align: center\">\u00abArturo y Clementina\u00bb. Adela Tur\u00edn<\/h3>\n<p><a href=\"https:\/\/blogsaverroes.juntadeandalucia.es\/medialuna\/files\/2015\/03\/IMG-20171124-WA0003-e1512152173140.jpg\"><img loading=\"lazy\" decoding=\"async\" class=\"aligncenter size-medium wp-image-3007\" src=\"https:\/\/blogsaverroes.juntadeandalucia.es\/medialuna\/files\/2015\/03\/IMG-20171124-WA0003-225x300.jpg\" alt=\"\" width=\"225\" height=\"300\"><\/a><\/p>\n<p>&nbsp;Cuenta la historia de dos tortugas que se enamoran y al principio todo va bien, pero Arturo no quiere que Clementina vaya a pescar, se enfada si sale de casa y la va cargando de toda clase de objetos in\u00fatiles&#8230; Clementina se siente peque\u00f1a e infeliz. \u00bfPodr\u00e1 escapar de esta situaci\u00f3n con una concha tan cargada?<\/p>\n<p>Una lectura muy interesante que plantea el cuento de Arturo y Clementina es la formaci\u00f3n de identidad, el conocerse y respetarse tal cual uno es, de manera de evitar adaptarnos a otro o a otra situaci\u00f3n anulando la propia identidad y personalidad. leer con los ni\u00f1os este cuento y mostrarles la infelicidad de Clementina al no hacer lo que quer\u00eda, al verse obligada a callar por miedo a no decir lo apropiado, a llevar una vida que la hace infeliz, permite hacernos reflexionar sobre la necesidad humana de conocerse y respetarse a uno mismo para luego poder, entonces, buscar a otro que nos complemente y que jam\u00e1s nos anule.&nbsp;<\/p>\n<h4>Adela Tur\u00edn y los cuentos para la coeducaci\u00f3n e igualdad.<\/h4>\n<p>La escritora e historiadora italiana dedic\u00f3 gran parte de su vida a estudiar los sesgos sexistas en los cuentos para ni\u00f1os y con el fin de erradicarlos creo una colecci\u00f3n de libros infantiles llamada \u00abA favor de las ni\u00f1as\u00bb. Los cuentos de Adela Tur\u00edn ten\u00edan como objetivo principal construir un mundo mejor, m\u00e1s igualitario, libre de estereotipos sexistas y discriminaci\u00f3n. \u00abArturo y Clementina\u00bb es quiz\u00e1s uno de sus cuentos m\u00e1s reconocido a nivel mundial.&nbsp;<\/p>\n<h1>&nbsp;<\/h1>\n<h1>&nbsp;<\/h1>\n<h1 style=\"text-align: center\">Libro recomendado del mes de noviembre:<\/h1>\n<h3 style=\"text-align: center\">\u00abCuando tengo miedo\u00bb. Trace Moroney. Ed. SM<\/h3>\n<p style=\"text-align: left\"><a href=\"https:\/\/blogsaverroes.juntadeandalucia.es\/medialuna\/files\/2015\/03\/portada-1.png\"><img loading=\"lazy\" decoding=\"async\" class=\"size-medium wp-image-2431 alignleft\" src=\"https:\/\/blogsaverroes.juntadeandalucia.es\/medialuna\/files\/2015\/03\/portada-1-300x300.png\" alt=\"\" width=\"300\" height=\"300\" srcset=\"https:\/\/blogsaverroes.juntadeandalucia.es\/medialuna\/files\/2015\/03\/portada-1-300x300.png 300w, https:\/\/blogsaverroes.juntadeandalucia.es\/medialuna\/files\/2015\/03\/portada-1-150x150.png 150w, https:\/\/blogsaverroes.juntadeandalucia.es\/medialuna\/files\/2015\/03\/portada-1-100x100.png 100w, https:\/\/blogsaverroes.juntadeandalucia.es\/medialuna\/files\/2015\/03\/portada-1-24x24.png 24w, https:\/\/blogsaverroes.juntadeandalucia.es\/medialuna\/files\/2015\/03\/portada-1-36x36.png 36w, https:\/\/blogsaverroes.juntadeandalucia.es\/medialuna\/files\/2015\/03\/portada-1-48x48.png 48w, https:\/\/blogsaverroes.juntadeandalucia.es\/medialuna\/files\/2015\/03\/portada-1.png 400w\" sizes=\"(max-width: 300px) 100vw, 300px\" \/><\/a><\/p>\n<p><a href=\"https:\/\/blogsaverroes.juntadeandalucia.es\/medialuna\/files\/2015\/03\/contraportada.png\"><img loading=\"lazy\" decoding=\"async\" class=\"aligncenter size-medium wp-image-2433\" src=\"https:\/\/blogsaverroes.juntadeandalucia.es\/medialuna\/files\/2015\/03\/contraportada-300x292.png\" alt=\"\" width=\"300\" height=\"292\" srcset=\"https:\/\/blogsaverroes.juntadeandalucia.es\/medialuna\/files\/2015\/03\/contraportada-300x292.png 300w, https:\/\/blogsaverroes.juntadeandalucia.es\/medialuna\/files\/2015\/03\/contraportada-24x24.png 24w, https:\/\/blogsaverroes.juntadeandalucia.es\/medialuna\/files\/2015\/03\/contraportada-36x36.png 36w, https:\/\/blogsaverroes.juntadeandalucia.es\/medialuna\/files\/2015\/03\/contraportada-48x48.png 48w, https:\/\/blogsaverroes.juntadeandalucia.es\/medialuna\/files\/2015\/03\/contraportada.png 400w\" sizes=\"(max-width: 300px) 100vw, 300px\" \/><\/a><\/p>\n<p><a href=\"https:\/\/blogsaverroes.juntadeandalucia.es\/medialuna\/files\/2015\/03\/padres.png\"><img loading=\"lazy\" decoding=\"async\" class=\"aligncenter size-medium wp-image-2434\" src=\"https:\/\/blogsaverroes.juntadeandalucia.es\/medialuna\/files\/2015\/03\/padres-282x300.png\" alt=\"\" width=\"282\" height=\"300\" srcset=\"https:\/\/blogsaverroes.juntadeandalucia.es\/medialuna\/files\/2015\/03\/padres-282x300.png 282w, https:\/\/blogsaverroes.juntadeandalucia.es\/medialuna\/files\/2015\/03\/padres-964x1024.png 964w, https:\/\/blogsaverroes.juntadeandalucia.es\/medialuna\/files\/2015\/03\/padres-34x36.png 34w, https:\/\/blogsaverroes.juntadeandalucia.es\/medialuna\/files\/2015\/03\/padres-45x48.png 45w, https:\/\/blogsaverroes.juntadeandalucia.es\/medialuna\/files\/2015\/03\/padres.png 1507w\" sizes=\"(max-width: 282px) 100vw, 282px\" \/><\/a><\/p>\n<p>&nbsp;<\/p>\n","protected":false},"excerpt":{"rendered":"<p>Enlace al Blog \u00abLa Luna Lunera\u00bb &nbsp; La Maleta Viajera \u00a1Ya est\u00e1n preparadas las Maletas Viajeras! La Maleta Viajera es una actividad de animaci\u00f3n a la lectura. Una experiencia que queremos poner en marcha&#46;&#46;&#46;<\/p>\n","protected":false},"author":1,"featured_media":0,"parent":0,"menu_order":0,"comment_status":"closed","ping_status":"open","template":"page-cs.php","meta":{"ngg_post_thumbnail":0,"footnotes":"","_mc_calendar":[]},"aioseo_notices":[],"_links":{"self":[{"href":"https:\/\/blogsaverroes.juntadeandalucia.es\/medialuna\/wp-json\/wp\/v2\/pages\/113"}],"collection":[{"href":"https:\/\/blogsaverroes.juntadeandalucia.es\/medialuna\/wp-json\/wp\/v2\/pages"}],"about":[{"href":"https:\/\/blogsaverroes.juntadeandalucia.es\/medialuna\/wp-json\/wp\/v2\/types\/page"}],"author":[{"embeddable":true,"href":"https:\/\/blogsaverroes.juntadeandalucia.es\/medialuna\/wp-json\/wp\/v2\/users\/1"}],"replies":[{"embeddable":true,"href":"https:\/\/blogsaverroes.juntadeandalucia.es\/medialuna\/wp-json\/wp\/v2\/comments?post=113"}],"version-history":[{"count":10,"href":"https:\/\/blogsaverroes.juntadeandalucia.es\/medialuna\/wp-json\/wp\/v2\/pages\/113\/revisions"}],"predecessor-version":[{"id":3009,"href":"https:\/\/blogsaverroes.juntadeandalucia.es\/medialuna\/wp-json\/wp\/v2\/pages\/113\/revisions\/3009"}],"wp:attachment":[{"href":"https:\/\/blogsaverroes.juntadeandalucia.es\/medialuna\/wp-json\/wp\/v2\/media?parent=113"}],"curies":[{"name":"wp","href":"https:\/\/api.w.org\/{rel}","templated":true}]}}