{"id":2018,"date":"2015-06-08T12:56:23","date_gmt":"2015-06-08T12:56:23","guid":{"rendered":"https:\/\/blogsaverroes.juntadeandalucia.es\/medialuna\/?page_id=2018"},"modified":"2020-10-04T18:10:19","modified_gmt":"2020-10-04T18:10:19","slug":"calendario","status":"publish","type":"page","link":"https:\/\/blogsaverroes.juntadeandalucia.es\/medialuna\/calendario\/","title":{"rendered":"Calendario"},"content":{"rendered":"<p>Aqu\u00ed podr\u00e9is estar informados de todos los eventos, actividades, salidas, etc. importantes que tendr\u00e1n lugar durante el presente curso escolar.<\/p>\n<p><iframe loading=\"lazy\" src=\"https:\/\/calendar.google.com\/calendar\/embed?height=600&amp;wkst=2&amp;bgcolor=%23ffffff&amp;ctz=Europe%2FMadrid&amp;src=ZWltZWRpYWx1bmFAZ21haWwuY29t&amp;color=%23D81B60&amp;showPrint=0&amp;showCalendars=0&amp;showTz=0\" width=\"800\" height=\"600\" frameborder=\"0\" scrolling=\"no\"><\/iframe>nbsp;<\/p>\n","protected":false},"excerpt":{"rendered":"<p>Aqu\u00ed podr\u00e9is estar informados de todos los eventos, actividades, salidas, etc. importantes que tendr\u00e1n lugar durante el presente curso escolar. nbsp;<\/p>\n","protected":false},"author":1,"featured_media":0,"parent":0,"menu_order":0,"comment_status":"closed","ping_status":"closed","template":"page-cs.php","meta":{"ngg_post_thumbnail":0,"footnotes":"","_mc_calendar":[]},"aioseo_notices":[],"_links":{"self":[{"href":"https:\/\/blogsaverroes.juntadeandalucia.es\/medialuna\/wp-json\/wp\/v2\/pages\/2018"}],"collection":[{"href":"https:\/\/blogsaverroes.juntadeandalucia.es\/medialuna\/wp-json\/wp\/v2\/pages"}],"about":[{"href":"https:\/\/blogsaverroes.juntadeandalucia.es\/medialuna\/wp-json\/wp\/v2\/types\/page"}],"author":[{"embeddable":true,"href":"https:\/\/blogsaverroes.juntadeandalucia.es\/medialuna\/wp-json\/wp\/v2\/users\/1"}],"replies":[{"embeddable":true,"href":"https:\/\/blogsaverroes.juntadeandalucia.es\/medialuna\/wp-json\/wp\/v2\/comments?post=2018"}],"version-history":[{"count":7,"href":"https:\/\/blogsaverroes.juntadeandalucia.es\/medialuna\/wp-json\/wp\/v2\/pages\/2018\/revisions"}],"predecessor-version":[{"id":5877,"href":"https:\/\/blogsaverroes.juntadeandalucia.es\/medialuna\/wp-json\/wp\/v2\/pages\/2018\/revisions\/5877"}],"wp:attachment":[{"href":"https:\/\/blogsaverroes.juntadeandalucia.es\/medialuna\/wp-json\/wp\/v2\/media?parent=2018"}],"curies":[{"name":"wp","href":"https:\/\/api.w.org\/{rel}","templated":true}]}}