{"id":2460,"date":"2017-11-02T16:28:20","date_gmt":"2017-11-02T16:28:20","guid":{"rendered":"https:\/\/blogsaverroes.juntadeandalucia.es\/medialuna\/?page_id=2460"},"modified":"2018-01-11T12:07:46","modified_gmt":"2018-01-11T12:07:46","slug":"alumnado","status":"publish","type":"page","link":"https:\/\/blogsaverroes.juntadeandalucia.es\/medialuna\/alumnado\/","title":{"rendered":"Alumnado"},"content":{"rendered":"<h1 class=\"western\" style=\"text-align: left\"><span style=\"color: #303030\"><span style=\"font-family: 'Roboto Condensed', sans-serif\">El zoo de las letras<\/span><\/span><\/h1>\n<p>&nbsp;<\/p>\n<p><a href=\"http:\/\/agrega.juntadeandalucia.es\/repositorio\/25042012\/f6\/es-an_2012042513_9122439\/ado23_m1\/ado23_m1\/pageszoo\/1zoo.html\"><img loading=\"lazy\" decoding=\"async\" class=\"aligncenter size-medium wp-image-1605\" src=\"https:\/\/blogsaverroes.juntadeandalucia.es\/medialuna\/files\/2015\/03\/zoo_letras-300x225.jpg\" alt=\"\" width=\"300\" height=\"225\" srcset=\"https:\/\/blogsaverroes.juntadeandalucia.es\/medialuna\/files\/2015\/03\/zoo_letras-300x225.jpg 300w, https:\/\/blogsaverroes.juntadeandalucia.es\/medialuna\/files\/2015\/03\/zoo_letras.jpg 800w\" sizes=\"(max-width: 300px) 100vw, 300px\" \/><\/a><\/p>\n<p style=\"text-align: center\">Pincha en la imagen<\/p>\n<p><span style=\"color: #303030\"><span style=\"font-family: Arimo, sans-serif\">Presentaci\u00f3n multimedia que utiliza un m\u00e9todo sint\u00e9tico para el aprendizaje de la lecto-escritura de los ni\u00f1os y ni\u00f1as de Educaci\u00f3n Infantil. A trav\u00e9s de la pantalla del ordenador, en la Web del zoo, mediante una animaci\u00f3n a base de canciones, cuentos y otros recursos interactivos el alumnado va introduci\u00e9ndose en el aprendizaje de la lectura y la escritura. MENCI\u00d3N ESPECIAL XXIII Ed<span style=\"font-size: medium\">dici\u00f3n PREMIOS ANTONIO DOM\u00cdNGUEZ ORTIZ a investigaciones, experiencias y materiales dirigidos a la innovaci\u00f3n y mejora de la pr\u00e1ctica educativa.<\/span><\/span><\/span><\/p>\n<p>&nbsp;<\/p>\n<h1>\u00bfJugamos?<\/h1>\n<p><a href=\"http:\/\/agrega.juntadeandalucia.es\/visualizador-1\/es\/pode\/presentacion\/visualizadorSinSecuencia\/visualizar-datos.jsp\"><img loading=\"lazy\" decoding=\"async\" class=\"aligncenter size-medium wp-image-1607\" src=\"https:\/\/blogsaverroes.juntadeandalucia.es\/medialuna\/files\/2015\/03\/jugamos_geometria-300x183.jpg\" alt=\"\" width=\"300\" height=\"183\" srcset=\"https:\/\/blogsaverroes.juntadeandalucia.es\/medialuna\/files\/2015\/03\/jugamos_geometria-300x183.jpg 300w, https:\/\/blogsaverroes.juntadeandalucia.es\/medialuna\/files\/2015\/03\/jugamos_geometria.jpg 752w\" sizes=\"(max-width: 300px) 100vw, 300px\" \/><\/a><\/p>\n<p style=\"text-align: center\">Pincha en la imagen<\/p>\n<p><span style=\"color: #303030\"><span style=\"font-family: Arimo, sans-serif\"><span style=\"font-size: medium\">Secuencia did\u00e1ctica para trabajar las formas geom\u00e9tricas b\u00e1sicas, su situaci\u00f3n en el espacio y clasificaci\u00f3n en funci\u00f3n de los colores.<\/span><\/span><\/span><\/p>\n<p>&nbsp;<\/p>\n<h1>F\u00edodor el gato<\/h1>\n<p><a href=\"http:\/\/ntic.educacion.es\/w3\/\/eos\/MaterialesEducativos\/mem2008\/fiodor\/actividades\/archivos\/index.html\"><img loading=\"lazy\" decoding=\"async\" class=\"aligncenter size-medium wp-image-2463\" src=\"https:\/\/blogsaverroes.juntadeandalucia.es\/medialuna\/files\/2017\/11\/fiodorelgato-300x188.jpg\" alt=\"\" width=\"300\" height=\"188\"><\/a><\/p>\n<p style=\"text-align: center\">Pincha en la imagen<\/p>\n<p style=\"text-align: left\">Fiodor el Gato es una colecci\u00f3n de juegos educativos de Educaci\u00f3n Infantil publicado por el Instituto de Tecnolog\u00edas de la Educaci\u00f3n. Este flash gan\u00f3 el segundo premio del Ministerio de Educaci\u00f3n 2.008. Trabaja las tres \u00e1reas b\u00e1sicas de aprendizaje del Segundo Ciclo de Educaci\u00f3n Infantil. Ideal para trabajar con la PDI. Es sencillo de usar, aunque los ni\u00f1os\/as de tres o cuatro a\u00f1os necesitar\u00e1n el apoyo de un adulto en varios juegos.<\/p>\n<p style=\"text-align: left\">&nbsp;<\/p>\n<h1 style=\"text-align: left\">Ara y Belbo<br \/>\n<a href=\"http:\/\/ntic.educacion.es\/w3\/\/eos\/MaterialesEducativos\/mem2010\/ara_belbo\/archivos\/intro.html\"><img loading=\"lazy\" decoding=\"async\" class=\"aligncenter size-full wp-image-2464\" src=\"https:\/\/blogsaverroes.juntadeandalucia.es\/medialuna\/files\/2017\/11\/ara_belbo.jpg\" alt=\"\" width=\"267\" height=\"189\" srcset=\"https:\/\/blogsaverroes.juntadeandalucia.es\/medialuna\/files\/2017\/11\/ara_belbo.jpg 267w, https:\/\/blogsaverroes.juntadeandalucia.es\/medialuna\/files\/2017\/11\/ara_belbo-24x17.jpg 24w, https:\/\/blogsaverroes.juntadeandalucia.es\/medialuna\/files\/2017\/11\/ara_belbo-36x25.jpg 36w, https:\/\/blogsaverroes.juntadeandalucia.es\/medialuna\/files\/2017\/11\/ara_belbo-48x34.jpg 48w\" sizes=\"(max-width: 267px) 100vw, 267px\" \/><\/a><\/h1>\n<p style=\"text-align: center\">Pincha en la imagen<\/p>\n<p style=\"text-align: center\">&nbsp;<\/p>\n<p>De la mano del creador del lobo Mat\u00edas nos llega este nuevo conjunto de actividades de educaci\u00f3n infantil. Veamos como describen el juego en la p\u00e1gina de educalab.<\/p>\n<p>El material comienza con los dos personajes, Ara y Belbo, jugando a la pelota en el bosque donde viven. Al hacer clic sobre uno de ellos, el otro se marcha triste porque no ha sido elegido.&nbsp;<br \/>\nSe pasa entonces a la pantalla principal del material, donde aparecen distintos elementos desde los que se accede bien a las actividades donde, a modo de juego, se trabajan los distintos contenidos; o bien a otro espacio nuevo (cueva o caba\u00f1a). En estos espacios nuevos aparecen objetos y elementos para acceder a otras actividades.<\/p>\n<p>&nbsp;<\/p>\n<h1>El lobo Mat\u00edas<\/h1>\n<p><a href=\"http:\/\/balara.es\/contenido\/menuprincipal.html\"><img loading=\"lazy\" decoding=\"async\" class=\"aligncenter wp-image-2465 size-full\" src=\"https:\/\/blogsaverroes.juntadeandalucia.es\/medialuna\/files\/2017\/11\/lobo_mat.jpg\" alt=\"\" width=\"283\" height=\"178\" srcset=\"https:\/\/blogsaverroes.juntadeandalucia.es\/medialuna\/files\/2017\/11\/lobo_mat.jpg 283w, https:\/\/blogsaverroes.juntadeandalucia.es\/medialuna\/files\/2017\/11\/lobo_mat-24x15.jpg 24w, https:\/\/blogsaverroes.juntadeandalucia.es\/medialuna\/files\/2017\/11\/lobo_mat-36x23.jpg 36w, https:\/\/blogsaverroes.juntadeandalucia.es\/medialuna\/files\/2017\/11\/lobo_mat-48x30.jpg 48w\" sizes=\"(max-width: 283px) 100vw, 283px\" \/><\/a><\/p>\n<p style=\"text-align: center\">Pincha en la imagen<\/p>\n<p style=\"text-align: center\">&nbsp;<\/p>\n<div>El Lobo Mat\u00edas es un conjunto de actividades para el desarrollo de habilidades l\u00f3gico matem\u00e1ticas en educaci\u00f3n infantil. Est\u00e1n divididas en tres niveles de dificultad que se corresponden a las edades de 3, 4 y 5 a\u00f1os. Gracias a Balbino de Oro Mart\u00edn, maestro de Infantil en el Colegio P\u00fablico de San Fernando de Aranjuez, su creador. El programa es excelente y adictivo. Se puede jugar en ordenador, PDI o tablet, pero en formato t\u00e1ctil es m\u00facho m\u00e1s atractivo.<\/div>\n<div>&nbsp;<\/div>\n<div>&nbsp;<\/div>\n<h1>Letras del colores<\/h1>\n<p><a href=\"http:\/\/www.ramonlaporta.es\/jocsonline\/letras\/swf\/letras.html\"><img loading=\"lazy\" decoding=\"async\" class=\"aligncenter size-medium wp-image-2467\" src=\"https:\/\/blogsaverroes.juntadeandalucia.es\/medialuna\/files\/2017\/11\/letras_col-300x234.png\" alt=\"\" width=\"300\" height=\"234\"><\/a><\/p>\n<p style=\"text-align: center\">Pincha en la imagen<\/p>\n<p style=\"text-align: left\">&nbsp;<\/p>\n<p style=\"text-align: left\">Desde el Colegio P\u00fablico Ram\u00f3n Laporta de Quart de Poblet nos llega este interesante juego para Pizarra Digital. Est\u00e1 dirigido al alumnado de 5 a\u00f1os y con el podremos practicar los trazos, la graf\u00eda de vocales y consonantes, discriminar visual y auditivamente sonidos, reconocer palabras y ordenar frases sencillas.<\/p>\n<p style=\"text-align: left\">&nbsp;<\/p>\n<h1>Jugando con las palabras<\/h1>\n<p><a href=\"http:\/\/www3.gobiernodecanarias.org\/medusa\/contenidosdigitales\/programasflash\/Medusa\/JugandoPalabras\/presentacion.html\"><img loading=\"lazy\" decoding=\"async\" class=\"aligncenter size-full wp-image-2469\" src=\"https:\/\/blogsaverroes.juntadeandalucia.es\/medialuna\/files\/2017\/11\/palabr.jpg\" alt=\"\" width=\"259\" height=\"194\" srcset=\"https:\/\/blogsaverroes.juntadeandalucia.es\/medialuna\/files\/2017\/11\/palabr.jpg 259w, https:\/\/blogsaverroes.juntadeandalucia.es\/medialuna\/files\/2017\/11\/palabr-24x18.jpg 24w, https:\/\/blogsaverroes.juntadeandalucia.es\/medialuna\/files\/2017\/11\/palabr-36x27.jpg 36w, https:\/\/blogsaverroes.juntadeandalucia.es\/medialuna\/files\/2017\/11\/palabr-48x36.jpg 48w\" sizes=\"(max-width: 259px) 100vw, 259px\" \/><\/a><\/p>\n<p style=\"text-align: center\">Pincha en la imagen<\/p>\n<p style=\"text-align: center\">&nbsp;<\/p>\n<p style=\"text-align: left\">Jugando con las palabras es un proyecto en el que se aborda el aprendizaje del vocabulario de 12 centros de inter\u00e9s que podremos abordar con nuestros alumnos. Cada uno de los juegos contiene 15 actividades de diferente nivel de dificultad. Las actividades est\u00e1n pensadas para jugar con la pizarra digital en gran grupo o de forma individual en el rinc\u00f3n de inform\u00e1tica.<\/p>\n<p style=\"text-align: left\">&nbsp;<\/p>\n<h1 style=\"text-align: left\">Viajando con las mates<\/h1>\n<p><a href=\"http:\/\/www.ramonlaporta.es\/jocsonline\/viajando%20con%20las%20mates\/index.htm\"><img loading=\"lazy\" decoding=\"async\" class=\"aligncenter size-medium wp-image-2470\" src=\"https:\/\/blogsaverroes.juntadeandalucia.es\/medialuna\/files\/2017\/11\/viajandoconlasmates-300x227.jpg\" alt=\"\" width=\"300\" height=\"227\"><\/a><\/p>\n<p style=\"text-align: center\">Pincha en la imagen<\/p>\n<p style=\"text-align: center\">&nbsp;<\/p>\n<p style=\"text-align: left\">Conjunto de juegos matem\u00e1ticos para Educaci\u00f3n Infantil que abarca desde l\u00f3gica y concenptos b\u00e1sicos hasta relacionar y contar cantidades hasta el n\u00famero 9. Esther llorca y Ana Cano son sus autoras.<\/p>\n<p style=\"text-align: left\">&nbsp;<\/p>\n<h1 style=\"text-align: left\">El rinc\u00f3n de Luca<\/h1>\n<p><a href=\"https:\/\/blogsaverroes.juntadeandalucia.es\/medialuna\/files\/2017\/11\/luca.jpg\"><img loading=\"lazy\" decoding=\"async\" class=\"aligncenter size-full wp-image-2473\" src=\"https:\/\/blogsaverroes.juntadeandalucia.es\/medialuna\/files\/2017\/11\/luca.jpg\" alt=\"\" width=\"247\" height=\"204\" srcset=\"https:\/\/blogsaverroes.juntadeandalucia.es\/medialuna\/files\/2017\/11\/luca.jpg 247w, https:\/\/blogsaverroes.juntadeandalucia.es\/medialuna\/files\/2017\/11\/luca-24x20.jpg 24w, https:\/\/blogsaverroes.juntadeandalucia.es\/medialuna\/files\/2017\/11\/luca-36x30.jpg 36w, https:\/\/blogsaverroes.juntadeandalucia.es\/medialuna\/files\/2017\/11\/luca-48x40.jpg 48w\" sizes=\"(max-width: 247px) 100vw, 247px\" \/><\/a><\/p>\n<p style=\"text-align: center\">Pincha en la imagen<\/p>\n<p style=\"text-align: left\">&nbsp;<\/p>\n<p style=\"text-align: left\">Entre otros, encontrar\u00e1s los siguientes juegos: suma hasta 10, completa la suma, contar figuras, juegos de l\u00f3gica y figuras geom\u00e9tricas.<\/p>\n<p>&nbsp;<\/p>\n<h1>Vedoque<\/h1>\n<p><a href=\"http:\/\/www.vedoque.com\/index.php?sec=Infantil\"><img loading=\"lazy\" decoding=\"async\" class=\"aligncenter size-medium wp-image-3320\" src=\"https:\/\/blogsaverroes.juntadeandalucia.es\/medialuna\/files\/2017\/11\/vedoque-300x148.jpg\" alt=\"\" width=\"300\" height=\"148\" srcset=\"https:\/\/blogsaverroes.juntadeandalucia.es\/medialuna\/files\/2017\/11\/vedoque-300x148.jpg 300w, https:\/\/blogsaverroes.juntadeandalucia.es\/medialuna\/files\/2017\/11\/vedoque-24x12.jpg 24w, https:\/\/blogsaverroes.juntadeandalucia.es\/medialuna\/files\/2017\/11\/vedoque-36x18.jpg 36w, https:\/\/blogsaverroes.juntadeandalucia.es\/medialuna\/files\/2017\/11\/vedoque-48x24.jpg 48w, https:\/\/blogsaverroes.juntadeandalucia.es\/medialuna\/files\/2017\/11\/vedoque-100x50.jpg 100w, https:\/\/blogsaverroes.juntadeandalucia.es\/medialuna\/files\/2017\/11\/vedoque.jpg 366w\" sizes=\"(max-width: 300px) 100vw, 300px\" \/><\/a><\/p>\n<p style=\"text-align: center\">Pincha en la imagen<\/p>\n<p>&nbsp;<\/p>\n<p>Vedoque es una web de recursos educativos pero Vedoque es tambi\u00e9n una familia formada Antonio Salinas y Mar\u00eda Jes\u00fas Egea, el inform\u00e1tico y ella maestra que junto con sus hijos, en edad escolar, han ido construyendo esta magn\u00edfica web de aplicaciones educativas para infantil y primaria y que de manera desinteresada, lo ponen al servicio de toda la comunidad educativa, buscando nuevas formas de ense\u00f1ar y defendiendo el juego como principio de aprendizaje.<\/p>\n<p>Son unos materiales de apoyo para el aprendizaje tanto para docentes como para familias usando las TIC en los procesos de ense\u00f1anza y aprendizaje.<\/p>\n<p>&nbsp;<\/p>\n<h1>Jueduland<\/h1>\n<p><a href=\"http:\/\/jueduco.blogspot.com.es\/2008\/12\/actividades-y-juegos-para-educacin.html\"><img loading=\"lazy\" decoding=\"async\" class=\"aligncenter size-full wp-image-3321\" src=\"https:\/\/blogsaverroes.juntadeandalucia.es\/medialuna\/files\/2017\/11\/jueduland.jpg\" alt=\"\" width=\"259\" height=\"194\" srcset=\"https:\/\/blogsaverroes.juntadeandalucia.es\/medialuna\/files\/2017\/11\/jueduland.jpg 259w, https:\/\/blogsaverroes.juntadeandalucia.es\/medialuna\/files\/2017\/11\/jueduland-24x18.jpg 24w, https:\/\/blogsaverroes.juntadeandalucia.es\/medialuna\/files\/2017\/11\/jueduland-36x27.jpg 36w, https:\/\/blogsaverroes.juntadeandalucia.es\/medialuna\/files\/2017\/11\/jueduland-48x36.jpg 48w\" sizes=\"(max-width: 259px) 100vw, 259px\" \/><\/a><\/p>\n<p style=\"text-align: center\">Pincha en la imagen<\/p>\n<p>&nbsp;<\/p>\n<p>Juedulan&nbsp;es un cl\u00e1sico, este enorme portal de recursos elaborado por Antonio \u00c1ngel Ruiz Molino profesor del CEIP Miguel de Cervantes de Legan\u00e9s (Madrid), nos ofrece tal cantidad de recursos que seguro que encontramos lo que necesitamos sea el centro de inter\u00e9s que sea o sea cualquier aspecto de educaci\u00f3n infantil que queremos tratar.<\/p>\n<p>&nbsp;<\/p>\n<h1>La cueva del Tragapalabras<\/h1>\n<p style=\"text-align: center\"><a href=\"http:\/\/ntic.educacion.es\/w3\/eos\/MaterialesEducativos\/mem2007\/cueva_tragapalabras\/\"><img loading=\"lazy\" decoding=\"async\" class=\"aligncenter size-full wp-image-3323\" src=\"https:\/\/blogsaverroes.juntadeandalucia.es\/medialuna\/files\/2017\/11\/cueva.jpg\" alt=\"\" width=\"262\" height=\"192\" srcset=\"https:\/\/blogsaverroes.juntadeandalucia.es\/medialuna\/files\/2017\/11\/cueva.jpg 262w, https:\/\/blogsaverroes.juntadeandalucia.es\/medialuna\/files\/2017\/11\/cueva-24x18.jpg 24w, https:\/\/blogsaverroes.juntadeandalucia.es\/medialuna\/files\/2017\/11\/cueva-36x26.jpg 36w, https:\/\/blogsaverroes.juntadeandalucia.es\/medialuna\/files\/2017\/11\/cueva-48x35.jpg 48w\" sizes=\"(max-width: 262px) 100vw, 262px\" \/><\/a>Pincha en la imagen<\/p>\n<p>&nbsp;<\/p>\n<p>Aplicaci\u00f3n multimedia&nbsp;concebida como material de apoyo y como recurso motivador a la iniciaci\u00f3n de lectoescritura en educaci\u00f3n infantil. Re\u00fane una serie de juegos basados en la globalizaci\u00f3n comprensiva del aprendizaje de la lectoescritura y dise\u00f1ado con el fin de que el docente los pueda incorporar su metodolog\u00eda did\u00e1ctica.<\/p>\n<p>&nbsp;<\/p>\n<h1>Cinco patas<\/h1>\n<p><a href=\"http:\/\/www.cincopatas.com\/\"><img loading=\"lazy\" decoding=\"async\" class=\"aligncenter size-full wp-image-3324\" src=\"https:\/\/blogsaverroes.juntadeandalucia.es\/medialuna\/files\/2017\/11\/patas.jpg\" alt=\"\" width=\"262\" height=\"193\" srcset=\"https:\/\/blogsaverroes.juntadeandalucia.es\/medialuna\/files\/2017\/11\/patas.jpg 262w, https:\/\/blogsaverroes.juntadeandalucia.es\/medialuna\/files\/2017\/11\/patas-24x18.jpg 24w, https:\/\/blogsaverroes.juntadeandalucia.es\/medialuna\/files\/2017\/11\/patas-36x27.jpg 36w, https:\/\/blogsaverroes.juntadeandalucia.es\/medialuna\/files\/2017\/11\/patas-48x35.jpg 48w\" sizes=\"(max-width: 262px) 100vw, 262px\" \/><\/a><\/p>\n<p style=\"text-align: center\">Pincha en la imagen<\/p>\n<p>&nbsp;<\/p>\n<p>Pretende ser un&nbsp;sitio entretenido&nbsp;donde los ni\u00f1os de infantil tengan su primer contacto con el mundo de las TIC, su contenido de basa en la m\u00e1xima de aprender jugando. Los m\u00e1s de sesenta juegos que contiene se han dise\u00f1ado con la idea de poder ofrecer al ni\u00f1o la posibilidad de enfrentarse a una serie de juegos de ingenio que plantean problemas sencillos, con la intenci\u00f3n de despertar su curiosidad.<\/p>\n<p>&nbsp;<\/p>\n<h1>La vaca Connie<\/h1>\n<p><a href=\"http:\/\/www.lavacaconnie.com\/connie_cast\/home.htm\"><img loading=\"lazy\" decoding=\"async\" class=\"aligncenter size-medium wp-image-3326\" src=\"https:\/\/blogsaverroes.juntadeandalucia.es\/medialuna\/files\/2017\/11\/vaca_connie-300x166.jpg\" alt=\"\" width=\"300\" height=\"166\"><\/a><\/p>\n<p style=\"text-align: center\">Pincha en la imagen<\/p>\n<p>&nbsp;<\/p>\n<p>La vaca Connie&nbsp;nos presenta una serie de actividades agrupadas en tres categor\u00edas, juegos, cuentos y actividades con los padres. Dentro de juegos tenemos parejas, coincidencias, rompecabezas y la granja, en la categor\u00eda cuentos nos ofrece seis cuentos muy atractivos, la casita, el monte, el bosque, el r\u00edo y la noche y en aprender con los padres, actividades para pintar y recortar, reconocer letras y n\u00fameros y formar palabras.<\/p>\n<p>&nbsp;<\/p>\n<p style=\"text-align: left\">&nbsp;<\/p>\n<p style=\"text-align: left\">&nbsp;<\/p>\n<p>&nbsp;<\/p>\n<p>&nbsp;<\/p>\n<h1 style=\"text-align: left\">&nbsp;<\/h1>\n","protected":false},"excerpt":{"rendered":"<p>El zoo de las letras &nbsp; Pincha en la imagen Presentaci\u00f3n multimedia que utiliza un m\u00e9todo sint\u00e9tico para el aprendizaje de la lecto-escritura de los ni\u00f1os y ni\u00f1as de Educaci\u00f3n Infantil. A trav\u00e9s de&#46;&#46;&#46;<\/p>\n","protected":false},"author":5217,"featured_media":0,"parent":0,"menu_order":0,"comment_status":"closed","ping_status":"closed","template":"","meta":{"ngg_post_thumbnail":0,"footnotes":"","_mc_calendar":[]},"aioseo_notices":[],"_links":{"self":[{"href":"https:\/\/blogsaverroes.juntadeandalucia.es\/medialuna\/wp-json\/wp\/v2\/pages\/2460"}],"collection":[{"href":"https:\/\/blogsaverroes.juntadeandalucia.es\/medialuna\/wp-json\/wp\/v2\/pages"}],"about":[{"href":"https:\/\/blogsaverroes.juntadeandalucia.es\/medialuna\/wp-json\/wp\/v2\/types\/page"}],"author":[{"embeddable":true,"href":"https:\/\/blogsaverroes.juntadeandalucia.es\/medialuna\/wp-json\/wp\/v2\/users\/5217"}],"replies":[{"embeddable":true,"href":"https:\/\/blogsaverroes.juntadeandalucia.es\/medialuna\/wp-json\/wp\/v2\/comments?post=2460"}],"version-history":[{"count":8,"href":"https:\/\/blogsaverroes.juntadeandalucia.es\/medialuna\/wp-json\/wp\/v2\/pages\/2460\/revisions"}],"predecessor-version":[{"id":3327,"href":"https:\/\/blogsaverroes.juntadeandalucia.es\/medialuna\/wp-json\/wp\/v2\/pages\/2460\/revisions\/3327"}],"wp:attachment":[{"href":"https:\/\/blogsaverroes.juntadeandalucia.es\/medialuna\/wp-json\/wp\/v2\/media?parent=2460"}],"curies":[{"name":"wp","href":"https:\/\/api.w.org\/{rel}","templated":true}]}}