{"id":2523,"date":"2017-11-02T19:54:44","date_gmt":"2017-11-02T19:54:44","guid":{"rendered":"https:\/\/blogsaverroes.juntadeandalucia.es\/medialuna\/?page_id=2523"},"modified":"2017-11-02T19:54:44","modified_gmt":"2017-11-02T19:54:44","slug":"recursos","status":"publish","type":"page","link":"https:\/\/blogsaverroes.juntadeandalucia.es\/medialuna\/recursos\/","title":{"rendered":"Recursos"},"content":{"rendered":"<p><span style=\"color: #303030\"><span style=\"font-family: Arimo, sans-serif\"><span style=\"font-size: medium\">La Educaci\u00f3n Infantil&nbsp;es la etapa educativa que atiende a ni\u00f1as y ni\u00f1os&nbsp;<\/span><\/span><\/span><strong><span style=\"color: #303030\"><span style=\"font-family: Arimo, sans-serif\"><span style=\"font-size: medium\">desde el nacimiento hasta los seis a\u00f1os&nbsp;<\/span><\/span><\/span><\/strong><span style=\"color: #303030\"><span style=\"font-family: Arimo, sans-serif\"><span style=\"font-size: medium\">con la finalidad de contribuir a su desarrollo f\u00edsico, afectivo, social e intelectual. Se ordena en dos ciclos: el primero comprende hasta los tres a\u00f1os; el segundo, que es gratuito, va&nbsp;desde los tres a los seis a\u00f1os de edad.<\/span><\/span><\/span><\/p>\n<p><span style=\"color: #303030\"><span style=\"font-family: Arimo, sans-serif\"><span style=\"font-size: medium\">Teniendo&nbsp;<\/span><\/span><\/span><strong><span style=\"color: #303030\"><span style=\"font-family: Arimo, sans-serif\"><span style=\"font-size: medium\">car\u00e1cter voluntario<\/span><\/span><\/span><\/strong><span style=\"color: #303030\"><span style=\"font-family: Arimo, sans-serif\"><span style=\"font-size: medium\">, este segundo ciclo se ha generalizado en toda Espa\u00f1a, de modo que en la actualidad pr\u00e1cticamente el 100% de los ni\u00f1os y ni\u00f1as de 3 a 6 a\u00f1os acuden al colegio de manera gratuita. La escolarizaci\u00f3n temprana se considera un gran logro que incidir\u00e1 positivamente en la mejora del rendimiento escolar futuro, por eso otras iniciativas como el Programa Educa 3 fomentan ahora la creaci\u00f3n de nuevas plazas educativas para ni\u00f1os de menos de 3 a\u00f1os.<\/span><\/span><\/span><\/p>\n<p><span style=\"color: #303030\"><span style=\"font-family: Arimo, sans-serif\"><span style=\"font-size: medium\">En&nbsp;los dos&nbsp;ciclos de la Educaci\u00f3n Infantil se atiende progresivamente al desarrollo afectivo, al movimiento y a los h\u00e1bitos de control corporal, a las manifestaciones de la comunicaci\u00f3n y del lenguaje, a las pautas elementales de convivencia y relaci\u00f3n social, as\u00ed como al descubrimiento de las caracter\u00edsticas f\u00edsicas y sociales del medio. Adem\u00e1s se&nbsp;propicia que ni\u00f1as y ni\u00f1os&nbsp;logren una imagen positiva y equilibrada de s\u00ed mismos&nbsp;y adquieran autonom\u00eda personal.<\/span><\/span><\/span><\/p>\n","protected":false},"excerpt":{"rendered":"<p>La Educaci\u00f3n Infantil&nbsp;es la etapa educativa que atiende a ni\u00f1as y ni\u00f1os&nbsp;desde el nacimiento hasta los seis a\u00f1os&nbsp;con la finalidad de contribuir a su desarrollo f\u00edsico, afectivo, social e intelectual. Se ordena en dos&#46;&#46;&#46;<\/p>\n","protected":false},"author":5217,"featured_media":0,"parent":0,"menu_order":0,"comment_status":"closed","ping_status":"closed","template":"","meta":{"ngg_post_thumbnail":0,"footnotes":"","_mc_calendar":[]},"aioseo_notices":[],"_links":{"self":[{"href":"https:\/\/blogsaverroes.juntadeandalucia.es\/medialuna\/wp-json\/wp\/v2\/pages\/2523"}],"collection":[{"href":"https:\/\/blogsaverroes.juntadeandalucia.es\/medialuna\/wp-json\/wp\/v2\/pages"}],"about":[{"href":"https:\/\/blogsaverroes.juntadeandalucia.es\/medialuna\/wp-json\/wp\/v2\/types\/page"}],"author":[{"embeddable":true,"href":"https:\/\/blogsaverroes.juntadeandalucia.es\/medialuna\/wp-json\/wp\/v2\/users\/5217"}],"replies":[{"embeddable":true,"href":"https:\/\/blogsaverroes.juntadeandalucia.es\/medialuna\/wp-json\/wp\/v2\/comments?post=2523"}],"version-history":[{"count":1,"href":"https:\/\/blogsaverroes.juntadeandalucia.es\/medialuna\/wp-json\/wp\/v2\/pages\/2523\/revisions"}],"predecessor-version":[{"id":2524,"href":"https:\/\/blogsaverroes.juntadeandalucia.es\/medialuna\/wp-json\/wp\/v2\/pages\/2523\/revisions\/2524"}],"wp:attachment":[{"href":"https:\/\/blogsaverroes.juntadeandalucia.es\/medialuna\/wp-json\/wp\/v2\/media?parent=2523"}],"curies":[{"name":"wp","href":"https:\/\/api.w.org\/{rel}","templated":true}]}}