{"id":872,"date":"2015-03-16T12:50:42","date_gmt":"2015-03-16T12:50:42","guid":{"rendered":"http:\/\/blogsaverroes.juntadeandalucia.es\/pre\/ceip\/?page_id=120"},"modified":"2020-10-04T18:27:41","modified_gmt":"2020-10-04T18:27:41","slug":"contactar","status":"publish","type":"page","link":"https:\/\/blogsaverroes.juntadeandalucia.es\/medialuna\/contactar\/","title":{"rendered":"Contactar"},"content":{"rendered":"<p>Si desea contactar con nosotros, puede hacerlo a trav\u00e9s de las siguientes v\u00edas:<\/p>\n<p><strong>Tel\u00e9fono fijo: +34&nbsp; 958893274<\/strong><\/p>\n<p><strong>Tel\u00e9fono m\u00f3vil: 671565529<\/strong><\/p>\n<p><strong>Correo electr\u00f3nico:<\/strong><\/p>\n<p><a href=\"mailto:18602179.edu@juntadeandalucia.es\">18602179.edu@juntadeandalucia.es<\/a><\/p>\n<p><a href=\"mailto:eimedialuna@gmail.com\">eimedialuna@gmail.com<\/a><\/p>\n<p>&nbsp;<\/p>\n<p><strong>O a trav\u00e9s de nuestro Facebook : <a href=\"https:\/\/www.facebook.com\/escuelainfantilmedialuna\/\">facebook.com\/escuelainfantilmedialuna\/<\/a><\/strong><\/p>\n","protected":false},"excerpt":{"rendered":"<p>Si desea contactar con nosotros, puede hacerlo a trav\u00e9s de las siguientes v\u00edas: Tel\u00e9fono fijo: +34&nbsp; 958893274 Tel\u00e9fono m\u00f3vil: 671565529 Correo electr\u00f3nico: 18602179.edu@juntadeandalucia.es eimedialuna@gmail.com &nbsp; O a trav\u00e9s de nuestro Facebook : facebook.com\/escuelainfantilmedialuna\/<\/p>\n","protected":false},"author":1,"featured_media":0,"parent":0,"menu_order":0,"comment_status":"closed","ping_status":"open","template":"page-cs.php","meta":{"ngg_post_thumbnail":0,"footnotes":"","_mc_calendar":[]},"aioseo_notices":[],"_links":{"self":[{"href":"https:\/\/blogsaverroes.juntadeandalucia.es\/medialuna\/wp-json\/wp\/v2\/pages\/872"}],"collection":[{"href":"https:\/\/blogsaverroes.juntadeandalucia.es\/medialuna\/wp-json\/wp\/v2\/pages"}],"about":[{"href":"https:\/\/blogsaverroes.juntadeandalucia.es\/medialuna\/wp-json\/wp\/v2\/types\/page"}],"author":[{"embeddable":true,"href":"https:\/\/blogsaverroes.juntadeandalucia.es\/medialuna\/wp-json\/wp\/v2\/users\/1"}],"replies":[{"embeddable":true,"href":"https:\/\/blogsaverroes.juntadeandalucia.es\/medialuna\/wp-json\/wp\/v2\/comments?post=872"}],"version-history":[{"count":9,"href":"https:\/\/blogsaverroes.juntadeandalucia.es\/medialuna\/wp-json\/wp\/v2\/pages\/872\/revisions"}],"predecessor-version":[{"id":5882,"href":"https:\/\/blogsaverroes.juntadeandalucia.es\/medialuna\/wp-json\/wp\/v2\/pages\/872\/revisions\/5882"}],"wp:attachment":[{"href":"https:\/\/blogsaverroes.juntadeandalucia.es\/medialuna\/wp-json\/wp\/v2\/media?parent=872"}],"curies":[{"name":"wp","href":"https:\/\/api.w.org\/{rel}","templated":true}]}}