{"id":144,"date":"2015-03-17T07:46:28","date_gmt":"2015-03-17T07:46:28","guid":{"rendered":"http:\/\/blogsaverroes.juntadeandalucia.es\/pre\/ceip\/?page_id=144"},"modified":"2020-03-13T20:09:41","modified_gmt":"2020-03-13T19:09:41","slug":"orientacion","status":"publish","type":"page","link":"https:\/\/blogsaverroes.juntadeandalucia.es\/menendezypelayo\/orientacion\/","title":{"rendered":"E.O.A (Equipo de orientaci\u00f3n y apoyo)"},"content":{"rendered":"<table style=\"height: 174px;width: 801px\">\n<tbody>\n<tr style=\"height: 37px\">\n<td style=\"width: 227.016px;text-align: center;height: 37px\"><strong>PUESTO<\/strong><\/td>\n<td style=\"width: 233.766px;text-align: center;height: 37px\"><strong>NOMBRE<\/strong><\/td>\n<td style=\"width: 320.766px;text-align: center;height: 37px\"><strong>MAIL<\/strong><\/td>\n<\/tr>\n<tr style=\"height: 37.7422px\">\n<td style=\"width: 227.016px;height: 37.7422px\">Pedagog\u00eda Terap\u00e9utica<\/td>\n<td style=\"width: 233.766px;height: 37.7422px\">Elena Arroyo Acedo<\/td>\n<td style=\"width: 320.766px;height: 37.7422px\"><a href=\"mailto:earroyoacedo@menendezypelayo.es\" target=\"_blank\" rel=\"noopener noreferrer\">earroyoacedo@menendezypelayo.es<\/a><\/td>\n<\/tr>\n<tr style=\"height: 37px\">\n<td style=\"width: 227.016px;height: 37px\">Pedagog\u00eda Terap\u00e9utica<\/td>\n<td style=\"width: 233.766px;height: 37px\">Susana Medel P\u00e9rez<\/td>\n<td style=\"width: 320.766px;height: 37px\"><a href=\"mailto:smedelperez@menendezypelayo.es\" target=\"_blank\" rel=\"noopener noreferrer\">smedelperez@menendezypelayo.es<\/a><\/td>\n<\/tr>\n<tr style=\"height: 37px\">\n<td style=\"width: 227.016px;height: 37px\">Audici\u00f3n y Lenguaje<\/td>\n<td style=\"width: 233.766px;height: 37px\">Roc\u00edo Rodr\u00edguez And\u00fajar<\/td>\n<td style=\"width: 320.766px;height: 37px\"><a href=\"mailto:rrodriguezandujar@menendezypelayo.es\" target=\"_blank\" rel=\"noopener noreferrer\">rrodriguezandujar@menendezypelayo.es<\/a><\/td>\n<\/tr>\n<\/tbody>\n<\/table>\n","protected":false},"excerpt":{"rendered":"<p>PUESTO NOMBRE MAIL Pedagog\u00eda Terap\u00e9utica Elena Arroyo Acedo earroyoacedo@menendezypelayo.es Pedagog\u00eda Terap\u00e9utica Susana Medel P\u00e9rez smedelperez@menendezypelayo.es Audici\u00f3n y Lenguaje Roc\u00edo Rodr\u00edguez And\u00fajar rrodriguezandujar@menendezypelayo.es<\/p>\n","protected":false},"author":1,"featured_media":0,"parent":0,"menu_order":0,"comment_status":"open","ping_status":"open","template":"","meta":{"ngg_post_thumbnail":0,"footnotes":"","_mc_calendar":[]},"aioseo_notices":[],"_links":{"self":[{"href":"https:\/\/blogsaverroes.juntadeandalucia.es\/menendezypelayo\/wp-json\/wp\/v2\/pages\/144"}],"collection":[{"href":"https:\/\/blogsaverroes.juntadeandalucia.es\/menendezypelayo\/wp-json\/wp\/v2\/pages"}],"about":[{"href":"https:\/\/blogsaverroes.juntadeandalucia.es\/menendezypelayo\/wp-json\/wp\/v2\/types\/page"}],"author":[{"embeddable":true,"href":"https:\/\/blogsaverroes.juntadeandalucia.es\/menendezypelayo\/wp-json\/wp\/v2\/users\/1"}],"replies":[{"embeddable":true,"href":"https:\/\/blogsaverroes.juntadeandalucia.es\/menendezypelayo\/wp-json\/wp\/v2\/comments?post=144"}],"version-history":[{"count":3,"href":"https:\/\/blogsaverroes.juntadeandalucia.es\/menendezypelayo\/wp-json\/wp\/v2\/pages\/144\/revisions"}],"predecessor-version":[{"id":2361,"href":"https:\/\/blogsaverroes.juntadeandalucia.es\/menendezypelayo\/wp-json\/wp\/v2\/pages\/144\/revisions\/2361"}],"wp:attachment":[{"href":"https:\/\/blogsaverroes.juntadeandalucia.es\/menendezypelayo\/wp-json\/wp\/v2\/media?parent=144"}],"curies":[{"name":"wp","href":"https:\/\/api.w.org\/{rel}","templated":true}]}}