{"id":2240,"date":"2020-02-18T11:55:41","date_gmt":"2020-02-18T11:55:41","guid":{"rendered":"https:\/\/blogsaverroes.juntadeandalucia.es\/menendezypelayo\/?page_id=2240"},"modified":"2020-03-12T17:56:22","modified_gmt":"2020-03-12T17:56:22","slug":"escuela-espacio-de-paz","status":"publish","type":"page","link":"https:\/\/blogsaverroes.juntadeandalucia.es\/menendezypelayo\/planes-y-proyectos\/escuela-espacio-de-paz\/","title":{"rendered":"ESCUELA ESPACIO DE PAZ"},"content":{"rendered":"<div><img loading=\"lazy\" decoding=\"async\" class=\" aligncenter\" src=\"https:\/\/lh3.googleusercontent.com\/proxy\/ZbnaYRK9BzMojortLAJNCbZHn3nKtP2zZc7FOCSYr-wL2UdPdbspHw3sYZfHYu_GkE2BIOSMr4-pWCDWQDrPUHYj6-uugUJuxjQW7jegc6gUhpF3Mj3jFiZeNg7g-gP-DQcf46-5wgazs7Go2Bmg4MOkTWEEjAdK4h0F9rb0zkJoy_pDlNM\" width=\"349\" height=\"250\"><\/div>\n<div class=\"CjVfdc\">Bajo el lema \u00abUn Cole de Alucine\u00bb el curso 19\/20 promete ser un a\u00f1o escolar cargado de muchas novedades. Como venimos trabajando desde hace a\u00f1os dentro del nuestro plan de Escuela Espacio de Paz, el CEIP Men\u00e9ndez y Pelayo es reconocido como centro de convivencia positiva ya que nuestra m\u00e1xima prioridad es trabajar desde el enfoque de la cultura de la Paz que impregne nuestra labor diario con el alumnado y que \u00e9ste aprenda, investigue, reflexione y promueva actitudes y comportamientos acordes a una convivencia positiva.<\/div>\n<div class=\"CjVfdc\">\n<div class=\"PPhIP rviiZ\">\n<div class=\"U26fgb mUbCce fKz7Od LRAOtb rm120e\" role=\"presentation\" aria-describedby=\"h.p_3P3xdq5ZCtgI\" aria-label=\"Copiar el v\u00ednculo del t\u00edtulo\" data-tooltip=\"Copiar el v\u00ednculo del t\u00edtulo\" aria-hidden=\"true\" data-tooltip-position=\"top\" data-tooltip-vertical-offset=\"12\" data-tooltip-horizontal-offset=\"0\">\n<div class=\"VTBa7b MbhUzd\">&nbsp;<\/div>\n<\/div>\n<\/div>\n<p>Dedicaremos este espacio para mostrar todo lo que trabajaremos a lo largo de este curso en el que integraremos la educaci\u00f3n emocional y en valores en nuestro curr\u00edculo diario con la ayuda de un centro de inter\u00e9s como es el cine y la m\u00fasica de pel\u00edculas.<\/p>\n<\/div>\n<div class=\"CjVfdc\">\n<div class=\"PPhIP rviiZ\">\n<div class=\"U26fgb mUbCce fKz7Od LRAOtb rm120e eB48Hf\" role=\"presentation\" aria-describedby=\"h.p_exdVVUy2CtgM\" aria-label=\"Copiar el v\u00ednculo del t\u00edtulo\" data-tooltip=\"Copiar el v\u00ednculo del t\u00edtulo\" aria-hidden=\"true\" data-tooltip-position=\"top\" data-tooltip-vertical-offset=\"12\" data-tooltip-horizontal-offset=\"0\">\n<div class=\"VTBa7b MbhUzd\">&nbsp;<\/div>\n<\/div>\n<\/div>\n<p>Hemos asociado los valores a trabajar en este curso 19\/20 en tres grupos que se trabajar\u00e1n en trimestres diferentes como se muestra en la tabla a continuaci\u00f3n. Luego a\u00f1adimos una propuesta de finalidades y metas a trabajar con cada valor y por \u00faltimo una lista de pelis clasificadas por edades que ense\u00f1an valores.<\/p>\n<\/div>\n<div>&nbsp;<\/div>\n<div><a href=\"https:\/\/sites.google.com\/menendezypelayo.es\/uncoledealucine\">ACCEDE AL PROYECTO COMPLETO<\/a><\/div>\n","protected":false},"excerpt":{"rendered":"<p>Bajo el lema \u00abUn Cole de Alucine\u00bb el curso 19\/20 promete ser un a\u00f1o escolar cargado de muchas novedades. Como venimos trabajando desde hace a\u00f1os dentro del nuestro plan de Escuela Espacio de Paz,&#46;&#46;&#46;<\/p>\n","protected":false},"author":7754,"featured_media":0,"parent":44,"menu_order":0,"comment_status":"closed","ping_status":"closed","template":"","meta":{"ngg_post_thumbnail":0,"footnotes":"","_mc_calendar":[]},"aioseo_notices":[],"_links":{"self":[{"href":"https:\/\/blogsaverroes.juntadeandalucia.es\/menendezypelayo\/wp-json\/wp\/v2\/pages\/2240"}],"collection":[{"href":"https:\/\/blogsaverroes.juntadeandalucia.es\/menendezypelayo\/wp-json\/wp\/v2\/pages"}],"about":[{"href":"https:\/\/blogsaverroes.juntadeandalucia.es\/menendezypelayo\/wp-json\/wp\/v2\/types\/page"}],"author":[{"embeddable":true,"href":"https:\/\/blogsaverroes.juntadeandalucia.es\/menendezypelayo\/wp-json\/wp\/v2\/users\/7754"}],"replies":[{"embeddable":true,"href":"https:\/\/blogsaverroes.juntadeandalucia.es\/menendezypelayo\/wp-json\/wp\/v2\/comments?post=2240"}],"version-history":[{"count":4,"href":"https:\/\/blogsaverroes.juntadeandalucia.es\/menendezypelayo\/wp-json\/wp\/v2\/pages\/2240\/revisions"}],"predecessor-version":[{"id":2295,"href":"https:\/\/blogsaverroes.juntadeandalucia.es\/menendezypelayo\/wp-json\/wp\/v2\/pages\/2240\/revisions\/2295"}],"up":[{"embeddable":true,"href":"https:\/\/blogsaverroes.juntadeandalucia.es\/menendezypelayo\/wp-json\/wp\/v2\/pages\/44"}],"wp:attachment":[{"href":"https:\/\/blogsaverroes.juntadeandalucia.es\/menendezypelayo\/wp-json\/wp\/v2\/media?parent=2240"}],"curies":[{"name":"wp","href":"https:\/\/api.w.org\/{rel}","templated":true}]}}