{"id":2248,"date":"2020-02-18T11:57:43","date_gmt":"2020-02-18T11:57:43","guid":{"rendered":"https:\/\/blogsaverroes.juntadeandalucia.es\/menendezypelayo\/?page_id=2248"},"modified":"2020-03-12T17:20:29","modified_gmt":"2020-03-12T17:20:29","slug":"aula-de-cine","status":"publish","type":"page","link":"https:\/\/blogsaverroes.juntadeandalucia.es\/menendezypelayo\/planes-y-proyectos\/aula-de-cine\/","title":{"rendered":"AULA DE CINE"},"content":{"rendered":"<p><img loading=\"lazy\" decoding=\"async\" class=\" aligncenter\" src=\"https:\/\/www.juntadeandalucia.es\/cultura\/aaiicc\/sites\/default\/files\/aaiicc\/aula-de-cine-horizontal.jpg\" width=\"468\" height=\"252\"><\/p>\n<p><span class=\"searchword\">Aula<\/span>&nbsp;de&nbsp;<span class=\"searchword\">Cine<\/span>&nbsp;Andaluc\u00eda es un programa para la difusi\u00f3n&nbsp;<span class=\"searchword\">cine<\/span>matogr\u00e1fica entre los j\u00f3venes andaluces, que quiere fomentar el inter\u00e9s por el&nbsp;<span class=\"searchword\">cine<\/span>&nbsp;en general, y el andaluz en particular, en los centros educativos de nuestra Comunidad. Su principal objetivo es la creaci\u00f3n de nuevos p\u00fablicos a trav\u00e9s de diferentes programas de proyecciones y actividades did\u00e1cticas.&nbsp;<\/p>\n<p>Este programa pone al alcance de nuestros j\u00f3venes las herramientas necesarias para \u201cver\u201d&nbsp;<span class=\"searchword\">cine<\/span>&nbsp;con otros ojos y desarrollar un esp\u00edritu cr\u00edtico mediante el an\u00e1lisis, la reflexi\u00f3n y el intercambio de opiniones.&nbsp;<\/p>\n<p><a href=\"http:\/\/www.juntadeandalucia.es\/cultura\/auladecine\/\" target=\"_blank\" rel=\"noopener noreferrer\">M\u00e1s informaci\u00f3n sobre el proyecto<\/a><\/p>\n","protected":false},"excerpt":{"rendered":"<p>Aula&nbsp;de&nbsp;Cine&nbsp;Andaluc\u00eda es un programa para la difusi\u00f3n&nbsp;cinematogr\u00e1fica entre los j\u00f3venes andaluces, que quiere fomentar el inter\u00e9s por el&nbsp;cine&nbsp;en general, y el andaluz en particular, en los centros educativos de nuestra Comunidad. Su principal objetivo&#46;&#46;&#46;<\/p>\n","protected":false},"author":7754,"featured_media":0,"parent":44,"menu_order":0,"comment_status":"closed","ping_status":"closed","template":"","meta":{"ngg_post_thumbnail":0,"footnotes":"","_mc_calendar":[]},"aioseo_notices":[],"_links":{"self":[{"href":"https:\/\/blogsaverroes.juntadeandalucia.es\/menendezypelayo\/wp-json\/wp\/v2\/pages\/2248"}],"collection":[{"href":"https:\/\/blogsaverroes.juntadeandalucia.es\/menendezypelayo\/wp-json\/wp\/v2\/pages"}],"about":[{"href":"https:\/\/blogsaverroes.juntadeandalucia.es\/menendezypelayo\/wp-json\/wp\/v2\/types\/page"}],"author":[{"embeddable":true,"href":"https:\/\/blogsaverroes.juntadeandalucia.es\/menendezypelayo\/wp-json\/wp\/v2\/users\/7754"}],"replies":[{"embeddable":true,"href":"https:\/\/blogsaverroes.juntadeandalucia.es\/menendezypelayo\/wp-json\/wp\/v2\/comments?post=2248"}],"version-history":[{"count":3,"href":"https:\/\/blogsaverroes.juntadeandalucia.es\/menendezypelayo\/wp-json\/wp\/v2\/pages\/2248\/revisions"}],"predecessor-version":[{"id":2288,"href":"https:\/\/blogsaverroes.juntadeandalucia.es\/menendezypelayo\/wp-json\/wp\/v2\/pages\/2248\/revisions\/2288"}],"up":[{"embeddable":true,"href":"https:\/\/blogsaverroes.juntadeandalucia.es\/menendezypelayo\/wp-json\/wp\/v2\/pages\/44"}],"wp:attachment":[{"href":"https:\/\/blogsaverroes.juntadeandalucia.es\/menendezypelayo\/wp-json\/wp\/v2\/media?parent=2248"}],"curies":[{"name":"wp","href":"https:\/\/api.w.org\/{rel}","templated":true}]}}