{"id":424,"date":"2015-03-20T07:05:20","date_gmt":"2015-03-20T07:05:20","guid":{"rendered":"http:\/\/blogsaverroes.juntadeandalucia.es\/pre\/ceip\/?page_id=424"},"modified":"2020-03-13T20:02:04","modified_gmt":"2020-03-13T19:02:04","slug":"educacion-infantil","status":"publish","type":"page","link":"https:\/\/blogsaverroes.juntadeandalucia.es\/menendezypelayo\/educacion-infantil\/","title":{"rendered":"Educaci\u00f3n infantil"},"content":{"rendered":"<table style=\"width: 662px;height: 403px\">\n<tbody>\n<tr>\n<td style=\"width: 74.7656px;text-align: center\"><strong>CURSO<\/strong><\/td>\n<td style=\"width: 258.516px;text-align: center\"><strong>NOMBRE<\/strong><\/td>\n<td style=\"width: 308.766px;text-align: center\"><strong>MAIL<\/strong><\/td>\n<\/tr>\n<tr>\n<td style=\"width: 74.7656px\">3 EI A<\/td>\n<td style=\"width: 258.516px\">Encarnaci\u00f3n Conde Bando<\/td>\n<td style=\"width: 308.766px\"><a href=\"mailto:econdebando@menendezypelayo.es\" target=\"_blank\" rel=\"noopener noreferrer\">econdebando@menendezypelayo.es<\/a><\/td>\n<\/tr>\n<tr>\n<td style=\"width: 74.7656px\">3 EI B<\/td>\n<td style=\"width: 258.516px\">Isabel Ponce Almeida<\/td>\n<td style=\"width: 308.766px\"><a href=\"mailto:iponcealmeida@menendezypelayo.es\" target=\"_blank\" rel=\"noopener noreferrer\">iponcealmeida@menendezypelayo.es<\/a><\/td>\n<\/tr>\n<tr>\n<td style=\"width: 74.7656px\">4 EI A<\/td>\n<td style=\"width: 258.516px\">Blanca Mantero Parre\u00f1o<\/td>\n<td style=\"width: 308.766px\"><a href=\"mailto:bmanteroparreno@menendezypelayo.es\" target=\"_blank\" rel=\"noopener noreferrer\">bmanteroparreno@menendezypelayo.es<\/a><\/td>\n<\/tr>\n<tr>\n<td style=\"width: 74.7656px\">4 EI B<\/td>\n<td style=\"width: 258.516px\">Mar\u00eda Dolores S\u00e1nchez Llanes<\/td>\n<td style=\"width: 308.766px\"><a href=\"mailto:lsanchezllanes@menendezypelayo.es\" target=\"_blank\" rel=\"noopener noreferrer\">lsanchezllanes@menendezypelayo.es<\/a><\/td>\n<\/tr>\n<tr>\n<td style=\"width: 74.7656px\">5 EI A<\/td>\n<td style=\"width: 258.516px\">Gloria Llanes Lazo<\/td>\n<td style=\"width: 308.766px\"><a href=\"mailto:gllaneslazo@menendezypelayo.es\" target=\"_blank\" rel=\"noopener noreferrer\">gllaneslazo@menendezypelayo.es<\/a><\/td>\n<\/tr>\n<tr>\n<td style=\"width: 74.7656px\">5 EI B<\/td>\n<td style=\"width: 258.516px\">Roc\u00edo Calero P\u00e9rez<\/td>\n<td style=\"width: 308.766px\"><a href=\"mailto:rcaleroperez@menendezypelayo.es\" target=\"_blank\" rel=\"noopener noreferrer\">rcaleroperez@menendezypelayo.es<\/a><\/td>\n<\/tr>\n<tr>\n<td style=\"width: 74.7656px\">APOYO<\/td>\n<td style=\"width: 258.516px\">Mar\u00eda de Mora Parra<\/td>\n<td style=\"width: 308.766px\"><a href=\"mailto:mdemoraparra@menendezypelayo.es\" target=\"_blank\" rel=\"noopener noreferrer\">mdemoraparra@menendezypelayo.es<\/a><\/td>\n<\/tr>\n<tr>\n<td style=\"width: 74.7656px\">Ingl\u00e9s<\/td>\n<td style=\"width: 258.516px\">Javier Correa Vizca\u00edno<\/p>\n<p>Mar\u00eda del Reposo Romero Boza<\/p>\n<p>Ver\u00f3nica Ramirez Hidalgo<\/td>\n<td style=\"width: 308.766px\"><a href=\"mailto:jcorreavizcaino@menendezypelayo.es\" target=\"_blank\" rel=\"noopener noreferrer\">jcorreavizcaino@menendezypelayo.es<\/a><\/p>\n<p><a href=\"mailto:promeroboza@menendezypelayo.es\" target=\"_blank\" rel=\"noopener noreferrer\">promeroboza@menendezypelayo.es<\/a><\/p>\n<p><a href=\"mailto:vhidalgoramirez@menendezypelayo.es\" target=\"_blank\" rel=\"noopener noreferrer\">vhidalgoramirez@menendezypelayo.es<\/a><\/td>\n<\/tr>\n<tr>\n<td style=\"width: 74.7656px\">Religi\u00f3n<\/td>\n<td style=\"width: 258.516px\">Nur\u00eda Gast\u00f3n Castilla<\/td>\n<td style=\"width: 308.766px\"><a href=\"mailto:ngastoncastilla@menendezypelayo.es\" target=\"_blank\" rel=\"noopener noreferrer\">ngastoncastilla@menendezypelayo.es<\/a><\/td>\n<\/tr>\n<\/tbody>\n<\/table>\n<p>&nbsp;<\/p>\n<p>&nbsp;<\/p>\n","protected":false},"excerpt":{"rendered":"<p>CURSO NOMBRE MAIL 3 EI A Encarnaci\u00f3n Conde Bando econdebando@menendezypelayo.es 3 EI B Isabel Ponce Almeida iponcealmeida@menendezypelayo.es 4 EI A Blanca Mantero Parre\u00f1o bmanteroparreno@menendezypelayo.es 4 EI B Mar\u00eda Dolores S\u00e1nchez Llanes lsanchezllanes@menendezypelayo.es 5 EI&#46;&#46;&#46;<\/p>\n","protected":false},"author":1,"featured_media":0,"parent":0,"menu_order":0,"comment_status":"open","ping_status":"open","template":"","meta":{"ngg_post_thumbnail":0,"footnotes":"","_mc_calendar":[]},"aioseo_notices":[],"_links":{"self":[{"href":"https:\/\/blogsaverroes.juntadeandalucia.es\/menendezypelayo\/wp-json\/wp\/v2\/pages\/424"}],"collection":[{"href":"https:\/\/blogsaverroes.juntadeandalucia.es\/menendezypelayo\/wp-json\/wp\/v2\/pages"}],"about":[{"href":"https:\/\/blogsaverroes.juntadeandalucia.es\/menendezypelayo\/wp-json\/wp\/v2\/types\/page"}],"author":[{"embeddable":true,"href":"https:\/\/blogsaverroes.juntadeandalucia.es\/menendezypelayo\/wp-json\/wp\/v2\/users\/1"}],"replies":[{"embeddable":true,"href":"https:\/\/blogsaverroes.juntadeandalucia.es\/menendezypelayo\/wp-json\/wp\/v2\/comments?post=424"}],"version-history":[{"count":4,"href":"https:\/\/blogsaverroes.juntadeandalucia.es\/menendezypelayo\/wp-json\/wp\/v2\/pages\/424\/revisions"}],"predecessor-version":[{"id":2359,"href":"https:\/\/blogsaverroes.juntadeandalucia.es\/menendezypelayo\/wp-json\/wp\/v2\/pages\/424\/revisions\/2359"}],"wp:attachment":[{"href":"https:\/\/blogsaverroes.juntadeandalucia.es\/menendezypelayo\/wp-json\/wp\/v2\/media?parent=424"}],"curies":[{"name":"wp","href":"https:\/\/api.w.org\/{rel}","templated":true}]}}