{"id":430,"date":"2015-03-20T07:07:04","date_gmt":"2015-03-20T07:07:04","guid":{"rendered":"http:\/\/blogsaverroes.juntadeandalucia.es\/pre\/ceip\/?page_id=430"},"modified":"2020-03-13T19:12:01","modified_gmt":"2020-03-13T18:12:01","slug":"materiales-recursos","status":"publish","type":"page","link":"https:\/\/blogsaverroes.juntadeandalucia.es\/menendezypelayo\/ed-primaria-1o-ciclo\/materiales-recursos\/","title":{"rendered":"E.P. 1\u00ba ciclo. Materiales, recursos&#8230;"},"content":{"rendered":"<p><a href=\"https:\/\/flippedprimary.wixsite.com\/appmovil\" target=\"_blank\" rel=\"noopener noreferrer\"><img loading=\"lazy\" decoding=\"async\" class=\"alignnone size-medium\" src=\"https:\/\/static.wixstatic.com\/media\/80c422_65150c7401024bed8cef59687462ab8e~mv2.png\/v1\/fill\/w_152,h_152,al_c,q_85,usm_1.20_1.00_0.01\/80c422_65150c7401024bed8cef59687462ab8e~mv2.webp\" width=\"152\" height=\"152\"><\/a><\/p>\n<p><a href=\"https:\/\/flippedprimary.wixsite.com\/appmovil\" target=\"_blank\" rel=\"noopener noreferrer\">Flippedprimary: <\/a>V\u00eddeos para todas las \u00e1reas y niveles para repasar y ampliar informaci\u00f3n.<\/p>\n<p><a href=\"https:\/\/www.mundoprimaria.com\/\" target=\"_blank\" rel=\"noopener noreferrer\"><img loading=\"lazy\" decoding=\"async\" class=\"alignnone size-medium\" src=\"https:\/\/www.mundoprimaria.com\/wp-content\/themes\/bootstrap-basic-child\/img\/logo.png\" width=\"479\" height=\"68\"><\/a><\/p>\n<p><a href=\"https:\/\/www.mundoprimaria.com\/\" target=\"_blank\" rel=\"noopener noreferrer\">Mundo Primaria:<\/a> Portal de recursos TIC para todos los niveles<\/p>\n<p><a href=\"http:\/\/www.aprendiendomates.com\/\"><img loading=\"lazy\" decoding=\"async\" class=\"alignnone \" src=\"http:\/\/www.aprendiendomates.com\/objetos\/banner_aprendiendo_mates.jpg\" width=\"402\" height=\"73\"><\/a><\/p>\n<p><a href=\"http:\/\/www.aprendiendomates.com\/\" target=\"_blank\" rel=\"noopener noreferrer\">Aprendiendomates<\/a>: ejercicios variados con diferentes niveles de dificultad. Ofrece la opci\u00f3n de identificarse e ir guardando los resultados.<\/p>\n<p><a href=\"https:\/\/blogsaverroes.juntadeandalucia.es\/menendezypelayo\/files\/2020\/03\/Screenshot-2020-03-13-at-18.42.28.png\"><img loading=\"lazy\" decoding=\"async\" class=\"alignleft wp-image-2340 size-medium\" src=\"https:\/\/blogsaverroes.juntadeandalucia.es\/menendezypelayo\/files\/2020\/03\/Screenshot-2020-03-13-at-18.42.28-300x176.png\" alt=\"https:\/\/www.symbaloo.com\/mix\/recursostic1%C2%BAciclo\" width=\"300\" height=\"176\" srcset=\"https:\/\/blogsaverroes.juntadeandalucia.es\/menendezypelayo\/files\/2020\/03\/Screenshot-2020-03-13-at-18.42.28-300x176.png 300w, https:\/\/blogsaverroes.juntadeandalucia.es\/menendezypelayo\/files\/2020\/03\/Screenshot-2020-03-13-at-18.42.28-768x450.png 768w, https:\/\/blogsaverroes.juntadeandalucia.es\/menendezypelayo\/files\/2020\/03\/Screenshot-2020-03-13-at-18.42.28-1024x599.png 1024w, https:\/\/blogsaverroes.juntadeandalucia.es\/menendezypelayo\/files\/2020\/03\/Screenshot-2020-03-13-at-18.42.28-24x14.png 24w, https:\/\/blogsaverroes.juntadeandalucia.es\/menendezypelayo\/files\/2020\/03\/Screenshot-2020-03-13-at-18.42.28-36x21.png 36w, https:\/\/blogsaverroes.juntadeandalucia.es\/menendezypelayo\/files\/2020\/03\/Screenshot-2020-03-13-at-18.42.28-48x28.png 48w, https:\/\/blogsaverroes.juntadeandalucia.es\/menendezypelayo\/files\/2020\/03\/Screenshot-2020-03-13-at-18.42.28.png 1600w\" sizes=\"(max-width: 300px) 100vw, 300px\" \/><\/a><\/p>\n<p><a href=\"https:\/\/www.symbaloo.com\/mix\/recursostic1%C2%BAciclo\" target=\"_blank\" rel=\"noopener noreferrer\">Recopilaci\u00f3n de recursos TIC para 1\u00ba EP.<\/a><\/p>\n","protected":false},"excerpt":{"rendered":"<p>Flippedprimary: V\u00eddeos para todas las \u00e1reas y niveles para repasar y ampliar informaci\u00f3n. Mundo Primaria: Portal de recursos TIC para todos los niveles Aprendiendomates: ejercicios variados con diferentes niveles de dificultad. Ofrece la opci\u00f3n&#46;&#46;&#46;<\/p>\n","protected":false},"author":1,"featured_media":0,"parent":428,"menu_order":0,"comment_status":"open","ping_status":"open","template":"","meta":{"ngg_post_thumbnail":0,"footnotes":"","_mc_calendar":[]},"aioseo_notices":[],"_links":{"self":[{"href":"https:\/\/blogsaverroes.juntadeandalucia.es\/menendezypelayo\/wp-json\/wp\/v2\/pages\/430"}],"collection":[{"href":"https:\/\/blogsaverroes.juntadeandalucia.es\/menendezypelayo\/wp-json\/wp\/v2\/pages"}],"about":[{"href":"https:\/\/blogsaverroes.juntadeandalucia.es\/menendezypelayo\/wp-json\/wp\/v2\/types\/page"}],"author":[{"embeddable":true,"href":"https:\/\/blogsaverroes.juntadeandalucia.es\/menendezypelayo\/wp-json\/wp\/v2\/users\/1"}],"replies":[{"embeddable":true,"href":"https:\/\/blogsaverroes.juntadeandalucia.es\/menendezypelayo\/wp-json\/wp\/v2\/comments?post=430"}],"version-history":[{"count":15,"href":"https:\/\/blogsaverroes.juntadeandalucia.es\/menendezypelayo\/wp-json\/wp\/v2\/pages\/430\/revisions"}],"predecessor-version":[{"id":2348,"href":"https:\/\/blogsaverroes.juntadeandalucia.es\/menendezypelayo\/wp-json\/wp\/v2\/pages\/430\/revisions\/2348"}],"up":[{"embeddable":true,"href":"https:\/\/blogsaverroes.juntadeandalucia.es\/menendezypelayo\/wp-json\/wp\/v2\/pages\/428"}],"wp:attachment":[{"href":"https:\/\/blogsaverroes.juntadeandalucia.es\/menendezypelayo\/wp-json\/wp\/v2\/media?parent=430"}],"curies":[{"name":"wp","href":"https:\/\/api.w.org\/{rel}","templated":true}]}}