{"id":436,"date":"2015-03-20T07:08:17","date_gmt":"2015-03-20T07:08:17","guid":{"rendered":"http:\/\/blogsaverroes.juntadeandalucia.es\/pre\/ceip\/?page_id=436"},"modified":"2020-03-13T19:47:37","modified_gmt":"2020-03-13T18:47:37","slug":"ed-primaria-3o-ciclo","status":"publish","type":"page","link":"https:\/\/blogsaverroes.juntadeandalucia.es\/menendezypelayo\/ed-primaria-3o-ciclo\/","title":{"rendered":"Ed. Primaria. 3\u00ba ciclo"},"content":{"rendered":"<table style=\"height: 724px;width: 785px\">\n<tbody>\n<tr style=\"height: 22px\">\n<td style=\"width: 155.766px;height: 22px\"><strong>CURSO<\/strong><\/td>\n<td style=\"width: 264.516px;height: 22px\"><strong>NOMBRE&nbsp;<\/strong><\/td>\n<td style=\"width: 344.766px;height: 22px\"><strong>MAIL<\/strong><\/td>\n<\/tr>\n<tr style=\"height: 22px\">\n<td style=\"width: 155.766px;height: 22px\">5\u00ba EP A<\/td>\n<td style=\"width: 264.516px;height: 22px\">Mar\u00eda Jos\u00e9 Bermejo Pedrada<\/td>\n<td style=\"width: 344.766px;height: 22px\"><a href=\"mailto:mjbermejopedrada@menendezypelayo.es\" target=\"_blank\" rel=\"noopener noreferrer\">mjbermejopedrada@menendezypelayo.es<\/a><\/td>\n<\/tr>\n<tr style=\"height: 22px\">\n<td style=\"width: 155.766px;height: 22px\">5\u00ba EP B<\/td>\n<td style=\"width: 264.516px;height: 22px\">Encarnaci\u00f3n G\u00f3mez Cabello<\/td>\n<td style=\"width: 344.766px;height: 22px\"><a href=\"mailto:egomezcabello@menendezypelayo.es\" target=\"_blank\" rel=\"noopener noreferrer\">egomezcabello@menendezypelayo.es<\/a><\/td>\n<\/tr>\n<tr style=\"height: 22px\">\n<td style=\"width: 155.766px;height: 22px\">6\u00ba EP A<\/td>\n<td style=\"width: 264.516px;height: 22px\">Mar\u00eda Barcel\u00f3 Mart\u00ednez<\/td>\n<td style=\"width: 344.766px;height: 22px\"><a href=\"mailto:mariabarcelo@menendezypelayo.es\" target=\"_blank\" rel=\"noopener noreferrer\">mariabarcelo@menendezypelayo.es<\/a><\/td>\n<\/tr>\n<tr style=\"height: 93.9922px\">\n<td style=\"width: 155.766px;height: 93.9922px;text-align: left\">6\u00ba EP B<\/td>\n<td style=\"width: 264.516px;height: 93.9922px\">Roc\u00edo Jim\u00e9nez Batanero<\/p>\n<p>Ver\u00f3nica Hidalgo Ram\u00edrez<\/td>\n<td style=\"width: 344.766px;height: 93.9922px\"><a href=\"mailto:rjimenezbatanero@menendezypelayo.es\" target=\"_blank\" rel=\"noopener noreferrer\">rjimenezbatanero@menendezypelayo.es<\/a><\/p>\n<p><a href=\"mailto:vhidalgoramirez@menendezypelayo.es\" target=\"_blank\" rel=\"noopener noreferrer\">vhidalgoramirez@menendezypelayo.es<\/a><\/td>\n<\/tr>\n<tr style=\"height: 22px\">\n<td style=\"width: 155.766px;height: 22px\">6 EP C<\/td>\n<td style=\"width: 264.516px;height: 22px\">Juan Mora S\u00e1nchez<\/td>\n<td style=\"width: 344.766px;height: 22px\"><a href=\"mailto:jmorasanchez@menendezypelayo.es\" target=\"_blank\" rel=\"noopener noreferrer\">jmorasanchez@menendezypelayo.es<\/a><\/td>\n<\/tr>\n<tr style=\"height: 93px\">\n<td style=\"width: 155.766px;height: 93px\">Ingl\u00e9s<\/td>\n<td style=\"width: 264.516px;height: 93px\">Mar\u00eda del Reposo Romero Boza&nbsp;<\/p>\n<p>Ver\u00f3nica Hidalgo Ram\u00edrez<\/td>\n<td style=\"width: 344.766px;height: 93px\"><a href=\"mailto:promeroboza@menendezypelayo.es\" target=\"_blank\" rel=\"noopener noreferrer\">promeroboza@menendezypelayo.es<\/a><\/p>\n<p><a href=\"mailto:jmorasanchez@menendezypelayo.es\" target=\"_blank\" rel=\"noopener noreferrer\">jmorasanchez@menendezypelayo.es<\/a><\/td>\n<\/tr>\n<tr style=\"height: 22px\">\n<td style=\"width: 155.766px;height: 22px\">Franc\u00e9s<\/td>\n<td style=\"width: 264.516px;height: 22px\">Cinta Garc\u00eda Gonz\u00e1lez<\/td>\n<td style=\"width: 344.766px;height: 22px\"><a href=\"mailto:mcgarciagonzalez@menendezypelayo.es\" target=\"_blank\" rel=\"noopener noreferrer\">mcgarciagonzalez@menendezypelayo.es<\/a><\/td>\n<\/tr>\n<tr style=\"height: 22px\">\n<td style=\"width: 155.766px;height: 22px\">M\u00fasica<\/td>\n<td style=\"width: 264.516px;height: 22px\">Juan Jos\u00e9 Flores Paredes<\/td>\n<td style=\"width: 344.766px;height: 22px\"><a href=\"mailto:juanjoseflores@menendezypelayo.es\" target=\"_blank\" rel=\"noopener noreferrer\">juanjoseflores@menendezypelayo.es<\/a><\/td>\n<\/tr>\n<tr style=\"height: 22px\">\n<td style=\"width: 155.766px;height: 22px\">Educaci\u00f3n F\u00edsica<\/td>\n<td style=\"width: 264.516px;height: 22px\">Juan Mora S\u00e1nchez<\/td>\n<td style=\"width: 344.766px;height: 22px\"><a href=\"mailto:jmorasanchez@menendezypelayo.es\" target=\"_blank\" rel=\"noopener noreferrer\">jmorasanchez@menendezypelayo.es<\/a><\/td>\n<\/tr>\n<tr style=\"height: 22px\">\n<td style=\"width: 155.766px;height: 22px\">Religi\u00f3n<\/td>\n<td style=\"width: 264.516px;height: 22px\">Nuria Gast\u00f3n Castilla<\/td>\n<td style=\"width: 344.766px;height: 22px\"><a href=\"mailto:ngastoncastilla@menendezypelayo.es\" target=\"_blank\" rel=\"noopener noreferrer\">ngastoncastilla@menendezypelayo.es<\/a><\/td>\n<\/tr>\n<\/tbody>\n<\/table>\n<p>&nbsp;<\/p>\n<p>&nbsp;<\/p>\n<p>&nbsp;<\/p>\n","protected":false},"excerpt":{"rendered":"<p>CURSO NOMBRE&nbsp; MAIL 5\u00ba EP A Mar\u00eda Jos\u00e9 Bermejo Pedrada mjbermejopedrada@menendezypelayo.es 5\u00ba EP B Encarnaci\u00f3n G\u00f3mez Cabello egomezcabello@menendezypelayo.es 6\u00ba EP A Mar\u00eda Barcel\u00f3 Mart\u00ednez mariabarcelo@menendezypelayo.es 6\u00ba EP B Roc\u00edo Jim\u00e9nez Batanero Ver\u00f3nica Hidalgo Ram\u00edrez&#46;&#46;&#46;<\/p>\n","protected":false},"author":1,"featured_media":0,"parent":0,"menu_order":0,"comment_status":"open","ping_status":"open","template":"","meta":{"ngg_post_thumbnail":0,"footnotes":"","_mc_calendar":[]},"aioseo_notices":[],"_links":{"self":[{"href":"https:\/\/blogsaverroes.juntadeandalucia.es\/menendezypelayo\/wp-json\/wp\/v2\/pages\/436"}],"collection":[{"href":"https:\/\/blogsaverroes.juntadeandalucia.es\/menendezypelayo\/wp-json\/wp\/v2\/pages"}],"about":[{"href":"https:\/\/blogsaverroes.juntadeandalucia.es\/menendezypelayo\/wp-json\/wp\/v2\/types\/page"}],"author":[{"embeddable":true,"href":"https:\/\/blogsaverroes.juntadeandalucia.es\/menendezypelayo\/wp-json\/wp\/v2\/users\/1"}],"replies":[{"embeddable":true,"href":"https:\/\/blogsaverroes.juntadeandalucia.es\/menendezypelayo\/wp-json\/wp\/v2\/comments?post=436"}],"version-history":[{"count":17,"href":"https:\/\/blogsaverroes.juntadeandalucia.es\/menendezypelayo\/wp-json\/wp\/v2\/pages\/436\/revisions"}],"predecessor-version":[{"id":2358,"href":"https:\/\/blogsaverroes.juntadeandalucia.es\/menendezypelayo\/wp-json\/wp\/v2\/pages\/436\/revisions\/2358"}],"wp:attachment":[{"href":"https:\/\/blogsaverroes.juntadeandalucia.es\/menendezypelayo\/wp-json\/wp\/v2\/media?parent=436"}],"curies":[{"name":"wp","href":"https:\/\/api.w.org\/{rel}","templated":true}]}}