{"id":438,"date":"2015-03-20T07:09:31","date_gmt":"2015-03-20T07:09:31","guid":{"rendered":"http:\/\/blogsaverroes.juntadeandalucia.es\/pre\/ceip\/?page_id=438"},"modified":"2020-03-13T19:32:34","modified_gmt":"2020-03-13T18:32:34","slug":"materiales-recursos","status":"publish","type":"page","link":"https:\/\/blogsaverroes.juntadeandalucia.es\/menendezypelayo\/ed-primaria-3o-ciclo\/materiales-recursos\/","title":{"rendered":"E.P. 3\u00ba ciclo. Materiales, recursos&#8230;"},"content":{"rendered":"<p><a href=\"https:\/\/flippedprimary.wixsite.com\/appmovil\" target=\"_blank\" rel=\"noopener noreferrer\"><img loading=\"lazy\" decoding=\"async\" class=\"alignnone size-medium\" src=\"https:\/\/static.wixstatic.com\/media\/80c422_65150c7401024bed8cef59687462ab8e~mv2.png\/v1\/fill\/w_152,h_152,al_c,q_85,usm_1.20_1.00_0.01\/80c422_65150c7401024bed8cef59687462ab8e~mv2.webp\" width=\"152\" height=\"152\"><\/a><\/p>\n<p><a href=\"https:\/\/flippedprimary.wixsite.com\/appmovil\" target=\"_blank\" rel=\"noopener noreferrer\">Flippedprimary: <\/a>V\u00eddeos para todas las \u00e1reas y niveles para repasar y ampliar informaci\u00f3n.<\/p>\n<p><a href=\"http:\/\/www.ayudaparamaestros.com\/2019\/05\/806-recursos-y-actividades-tic-para.html?m=1\" target=\"_blank\" rel=\"noopener noreferrer\"><img loading=\"lazy\" decoding=\"async\" class=\"alignnone\" src=\"https:\/\/3.bp.blogspot.com\/-6AqiQ60Ertw\/XMmlEum6sHI\/AAAAAAAAN18\/0Bb53h6U9UwysLS239jEOtOR6r8I5GzAACLcBGAs\/s280\/AAAA-1.jpg\" alt=\"\" width=\"280\" height=\"235\"><\/a><\/p>\n<p><a href=\"http:\/\/www.ayudaparamaestros.com\/2019\/05\/806-recursos-y-actividades-tic-para.html?m=1\" target=\"_blank\" rel=\"noopener noreferrer\">Recursos y actividades TIC para E. Primaria clasificados por \u00e1reas<\/a><\/p>\n<p><a href=\"https:\/\/www.mundoprimaria.com\/\" target=\"_blank\" rel=\"noopener noreferrer\"><img loading=\"lazy\" decoding=\"async\" class=\"alignnone size-medium\" src=\"https:\/\/www.mundoprimaria.com\/wp-content\/themes\/bootstrap-basic-child\/img\/logo.png\" width=\"479\" height=\"68\"><\/a><\/p>\n<p><a href=\"https:\/\/www.mundoprimaria.com\/\" target=\"_blank\" rel=\"noopener noreferrer\">Mundo Primaria:<\/a> Portal de recursos TIC para todos los niveles<\/p>\n<p><a href=\"https:\/\/www.thatquiz.org\/es\/\" target=\"_blank\" rel=\"noopener noreferrer\"><img loading=\"lazy\" decoding=\"async\" class=\"alignnone \" src=\"https:\/\/sites.google.com\/site\/mateguay\/_\/rsrc\/1297504060133\/mate10tresna\/thatquiz\/ScreenShot023.jpg\" width=\"457\" height=\"315\"><\/a><\/p>\n<p><a href=\"https:\/\/www.thatquiz.org\/es\/\" target=\"_blank\" rel=\"noopener noreferrer\">Thatquiz<\/a>: Repasa los conceptos de matem\u00e1ticas y elige tu mismo el nivel di dificultad.<\/p>\n<p><a href=\"https:\/\/youtu.be\/1fq0qyDnUe4?list=PLnVD0pPf7Gn-dWM7H73xPTbS2z4rINeGM\"><img loading=\"lazy\" decoding=\"async\" class=\"alignnone \" src=\"https:\/\/static.iris.net.co\/dinero\/upload\/images\/2016\/6\/9\/224543_1.jpg\" width=\"343\" height=\"180\"><\/a><\/p>\n<p><a href=\"https:\/\/youtu.be\/1fq0qyDnUe4?list=PLnVD0pPf7Gn-dWM7H73xPTbS2z4rINeGM\" target=\"_blank\" rel=\"noopener noreferrer\">Lista de reproducci\u00f3n de v\u00eddeos<\/a> para repasar las matem\u00e1ticas de 5 y 6 de EP.<\/p>\n<p><a href=\"https:\/\/view.genial.ly\/5e41d45ed886f20fbd612419\"><img loading=\"lazy\" decoding=\"async\" class=\"size-medium wp-image-2352 alignleft\" src=\"https:\/\/blogsaverroes.juntadeandalucia.es\/menendezypelayo\/files\/2020\/03\/Screenshot-2020-03-13-at-19.26.57-300x157.png\" alt=\"\" width=\"300\" height=\"157\" srcset=\"https:\/\/blogsaverroes.juntadeandalucia.es\/menendezypelayo\/files\/2020\/03\/Screenshot-2020-03-13-at-19.26.57-300x157.png 300w, https:\/\/blogsaverroes.juntadeandalucia.es\/menendezypelayo\/files\/2020\/03\/Screenshot-2020-03-13-at-19.26.57-24x13.png 24w, https:\/\/blogsaverroes.juntadeandalucia.es\/menendezypelayo\/files\/2020\/03\/Screenshot-2020-03-13-at-19.26.57-36x19.png 36w, https:\/\/blogsaverroes.juntadeandalucia.es\/menendezypelayo\/files\/2020\/03\/Screenshot-2020-03-13-at-19.26.57-48x25.png 48w, https:\/\/blogsaverroes.juntadeandalucia.es\/menendezypelayo\/files\/2020\/03\/Screenshot-2020-03-13-at-19.26.57.png 536w\" sizes=\"(max-width: 300px) 100vw, 300px\" \/><\/a><\/p>\n<p>&nbsp;<\/p>\n<p>&nbsp;<\/p>\n<p>&nbsp;<\/p>\n<p>&nbsp;<\/p>\n<p>&nbsp;<\/p>\n<p><a href=\"https:\/\/view.genial.ly\/5e41d45ed886f20fbd612419\" target=\"_blank\" rel=\"noopener noreferrer\">La oca de los verbos<\/a><\/p>\n<p><a href=\"https:\/\/beinternetawesome.withgoogle.com\/es-419_all\/interland\"><img loading=\"lazy\" decoding=\"async\" class=\"size-medium wp-image-2353 alignleft\" src=\"https:\/\/blogsaverroes.juntadeandalucia.es\/menendezypelayo\/files\/2020\/03\/Screenshot-2020-03-13-at-19.29.08-300x166.png\" alt=\"\" width=\"300\" height=\"166\" srcset=\"https:\/\/blogsaverroes.juntadeandalucia.es\/menendezypelayo\/files\/2020\/03\/Screenshot-2020-03-13-at-19.29.08-300x166.png 300w, https:\/\/blogsaverroes.juntadeandalucia.es\/menendezypelayo\/files\/2020\/03\/Screenshot-2020-03-13-at-19.29.08-768x424.png 768w, https:\/\/blogsaverroes.juntadeandalucia.es\/menendezypelayo\/files\/2020\/03\/Screenshot-2020-03-13-at-19.29.08-1024x566.png 1024w, https:\/\/blogsaverroes.juntadeandalucia.es\/menendezypelayo\/files\/2020\/03\/Screenshot-2020-03-13-at-19.29.08-24x13.png 24w, https:\/\/blogsaverroes.juntadeandalucia.es\/menendezypelayo\/files\/2020\/03\/Screenshot-2020-03-13-at-19.29.08-36x20.png 36w, https:\/\/blogsaverroes.juntadeandalucia.es\/menendezypelayo\/files\/2020\/03\/Screenshot-2020-03-13-at-19.29.08-48x27.png 48w, https:\/\/blogsaverroes.juntadeandalucia.es\/menendezypelayo\/files\/2020\/03\/Screenshot-2020-03-13-at-19.29.08.png 1600w\" sizes=\"(max-width: 300px) 100vw, 300px\" \/><\/a><\/p>\n<p>&nbsp;<\/p>\n<p>&nbsp;<\/p>\n<p>&nbsp;<\/p>\n<p>&nbsp;<\/p>\n<p>&nbsp;<\/p>\n<p><a href=\"https:\/\/beinternetawesome.withgoogle.com\/es-419_all\/interland\" target=\"_blank\" rel=\"noopener noreferrer\">INTERLAND:<\/a> Juego sobre seguridad en la red<\/p>\n","protected":false},"excerpt":{"rendered":"<p>Flippedprimary: V\u00eddeos para todas las \u00e1reas y niveles para repasar y ampliar informaci\u00f3n. Recursos y actividades TIC para E. Primaria clasificados por \u00e1reas Mundo Primaria: Portal de recursos TIC para todos los niveles Thatquiz:&#46;&#46;&#46;<\/p>\n","protected":false},"author":1,"featured_media":0,"parent":436,"menu_order":0,"comment_status":"open","ping_status":"open","template":"","meta":{"ngg_post_thumbnail":0,"footnotes":"","_mc_calendar":[]},"aioseo_notices":[],"_links":{"self":[{"href":"https:\/\/blogsaverroes.juntadeandalucia.es\/menendezypelayo\/wp-json\/wp\/v2\/pages\/438"}],"collection":[{"href":"https:\/\/blogsaverroes.juntadeandalucia.es\/menendezypelayo\/wp-json\/wp\/v2\/pages"}],"about":[{"href":"https:\/\/blogsaverroes.juntadeandalucia.es\/menendezypelayo\/wp-json\/wp\/v2\/types\/page"}],"author":[{"embeddable":true,"href":"https:\/\/blogsaverroes.juntadeandalucia.es\/menendezypelayo\/wp-json\/wp\/v2\/users\/1"}],"replies":[{"embeddable":true,"href":"https:\/\/blogsaverroes.juntadeandalucia.es\/menendezypelayo\/wp-json\/wp\/v2\/comments?post=438"}],"version-history":[{"count":9,"href":"https:\/\/blogsaverroes.juntadeandalucia.es\/menendezypelayo\/wp-json\/wp\/v2\/pages\/438\/revisions"}],"predecessor-version":[{"id":2354,"href":"https:\/\/blogsaverroes.juntadeandalucia.es\/menendezypelayo\/wp-json\/wp\/v2\/pages\/438\/revisions\/2354"}],"up":[{"embeddable":true,"href":"https:\/\/blogsaverroes.juntadeandalucia.es\/menendezypelayo\/wp-json\/wp\/v2\/pages\/436"}],"wp:attachment":[{"href":"https:\/\/blogsaverroes.juntadeandalucia.es\/menendezypelayo\/wp-json\/wp\/v2\/media?parent=438"}],"curies":[{"name":"wp","href":"https:\/\/api.w.org\/{rel}","templated":true}]}}