{"id":12,"date":"2020-04-13T19:01:14","date_gmt":"2020-04-13T17:01:14","guid":{"rendered":"https:\/\/blogsaverroes.juntadeandalucia.es\/merakyunafpdepelicula\/contact-us\/"},"modified":"2020-04-22T17:04:46","modified_gmt":"2020-04-22T15:04:46","slug":"contact-us","status":"publish","type":"page","link":"https:\/\/blogsaverroes.juntadeandalucia.es\/merakyunafpdepelicula\/contact-us\/","title":{"rendered":"PARTICIPANTES"},"content":{"rendered":"<p style=\"text-align: justify\">El alumnado de Formaci\u00f3n Profesional de los Ciclos Formativos de Grado Superior de Caracterizaci\u00f3n y Maquillaje Profesional y del de Estilismo y Direcci\u00f3n de Peluquer\u00eda del primer curso y del segundo curso, que se imparten en el IES Profesor Isidoro S\u00e1nchez de M\u00e1laga, Espa\u00f1a.<\/p>\n<figure id=\"attachment_65\" aria-describedby=\"caption-attachment-65\" style=\"width: 223px\" class=\"wp-caption aligncenter\"><img loading=\"lazy\" decoding=\"async\" class=\"wp-image-65 \" src=\"https:\/\/blogsaverroes.juntadeandalucia.es\/merakyunafpdepelicula\/files\/2020\/04\/DBE951B8-260D-4A62-BE5B-4A5B4693692C-300x225.jpeg\" alt=\"\" width=\"223\" height=\"167\" srcset=\"https:\/\/blogsaverroes.juntadeandalucia.es\/merakyunafpdepelicula\/files\/2020\/04\/DBE951B8-260D-4A62-BE5B-4A5B4693692C-300x225.jpeg 300w, https:\/\/blogsaverroes.juntadeandalucia.es\/merakyunafpdepelicula\/files\/2020\/04\/DBE951B8-260D-4A62-BE5B-4A5B4693692C-768x576.jpeg 768w, https:\/\/blogsaverroes.juntadeandalucia.es\/merakyunafpdepelicula\/files\/2020\/04\/DBE951B8-260D-4A62-BE5B-4A5B4693692C-1024x768.jpeg 1024w, https:\/\/blogsaverroes.juntadeandalucia.es\/merakyunafpdepelicula\/files\/2020\/04\/DBE951B8-260D-4A62-BE5B-4A5B4693692C-24x18.jpeg 24w, https:\/\/blogsaverroes.juntadeandalucia.es\/merakyunafpdepelicula\/files\/2020\/04\/DBE951B8-260D-4A62-BE5B-4A5B4693692C-36x27.jpeg 36w, https:\/\/blogsaverroes.juntadeandalucia.es\/merakyunafpdepelicula\/files\/2020\/04\/DBE951B8-260D-4A62-BE5B-4A5B4693692C-48x36.jpeg 48w\" sizes=\"(max-width: 223px) 100vw, 223px\" \/><figcaption id=\"caption-attachment-65\" class=\"wp-caption-text\">2\u00ba CGS Caracterizaci\u00f3n y Maquillaje Profesional<\/figcaption><\/figure>\n<figure id=\"attachment_66\" aria-describedby=\"caption-attachment-66\" style=\"width: 223px\" class=\"wp-caption aligncenter\"><img loading=\"lazy\" decoding=\"async\" class=\"wp-image-66 \" src=\"https:\/\/blogsaverroes.juntadeandalucia.es\/merakyunafpdepelicula\/files\/2020\/04\/E51BCA50-53A2-4A42-B0C9-10E7656E2439-300x225.jpeg\" alt=\"\" width=\"223\" height=\"167\" srcset=\"https:\/\/blogsaverroes.juntadeandalucia.es\/merakyunafpdepelicula\/files\/2020\/04\/E51BCA50-53A2-4A42-B0C9-10E7656E2439-300x225.jpeg 300w, https:\/\/blogsaverroes.juntadeandalucia.es\/merakyunafpdepelicula\/files\/2020\/04\/E51BCA50-53A2-4A42-B0C9-10E7656E2439-768x576.jpeg 768w, https:\/\/blogsaverroes.juntadeandalucia.es\/merakyunafpdepelicula\/files\/2020\/04\/E51BCA50-53A2-4A42-B0C9-10E7656E2439-1024x768.jpeg 1024w, https:\/\/blogsaverroes.juntadeandalucia.es\/merakyunafpdepelicula\/files\/2020\/04\/E51BCA50-53A2-4A42-B0C9-10E7656E2439-24x18.jpeg 24w, https:\/\/blogsaverroes.juntadeandalucia.es\/merakyunafpdepelicula\/files\/2020\/04\/E51BCA50-53A2-4A42-B0C9-10E7656E2439-36x27.jpeg 36w, https:\/\/blogsaverroes.juntadeandalucia.es\/merakyunafpdepelicula\/files\/2020\/04\/E51BCA50-53A2-4A42-B0C9-10E7656E2439-48x36.jpeg 48w\" sizes=\"(max-width: 223px) 100vw, 223px\" \/><figcaption id=\"caption-attachment-66\" class=\"wp-caption-text\">1\u00ba GS Caracteriaci\u00f3n y Maquillaje Profesional<\/figcaption><\/figure>\n<p>&nbsp;<\/p>\n<p><span style=\"font-size: 14pt;color: #008000\"><strong>COLABORACIONES:<\/strong><\/span><\/p>\n<p><span style=\"color: #993300\"><strong>CinemaMakeup Hollywood, California<\/strong><\/span>&nbsp; <a href=\"https:\/\/www.cinemamakeup.com\/\">https:\/\/www.cinemamakeup.com\/ <\/a><\/p>\n<p style=\"text-align: justify\">La Escuela de Maquillaje de Cine fue fundada en 1993 por un maquillador profesional que buscaba crear una escuela de maquillaje m\u00e1s completa que ofreciera educaci\u00f3n actualizada a los aspirantes a t\u00e9cnicos de maquillaje y efectos especiales. En ese momento, hab\u00eda muy pocas escuelas de maquillaje dedicadas en Los \u00c1ngeles, y muchos de los que exist\u00edan ofrec\u00edan capacitaci\u00f3n que era anticuada o fuera de ritmo con las necesidades de la industria del entretenimiento. La mayor parte de la formaci\u00f3n de la industria, especialmente en el mundo de los efectos especiales, se realizaba de manera informal a trav\u00e9s de aprendizajes y pasant\u00edas que a menudo eran no remunerados, no anunciados y totalmente inaccesibles para personas sin conexiones internas y medios financieros.<\/p>\n<p style=\"text-align: justify\">Al mismo tiempo, la explosi\u00f3n de pel\u00edculas taquilleras impulsadas por efectos especiales (que hab\u00edan estado sucediendo, sin cesar, desde finales de los a\u00f1os 70) cre\u00f3 una conciencia p\u00fablica sin precedentes y un inter\u00e9s en los efectos especiales. Con tan pocas puertas a la industria y tanta gente joven interesada, alguien necesitaba cerrar esa brecha. La escuela de maquillaje abri\u00f3 sus puertas en una modesta instalaci\u00f3n en el coraz\u00f3n de L.A. y se puso a trabajar ense\u00f1ando a los estudiantes. El plan era simple: ofrecer clases m\u00e1s cortas y concentradas; mantener toda la instrucci\u00f3n actualizada con los \u00faltimos m\u00e9todos y est\u00e1ndares profesionales; y atraer a los mejores artistas trabajadores para ense\u00f1ar en la escuela. Funcion\u00f3.<\/p>\n<p style=\"text-align: justify\">Desde su creaci\u00f3n, la escuela ha crecido constantemente durante m\u00e1s de veinticinco a\u00f1os. El Director de Educaci\u00f3n de CMS, Leonard Engelman, fue elegido el primer Gobernador de la Secci\u00f3n de Maquilladores y Estilistas de la Academia de Artes y Ciencias Cinematogr\u00e1ficas (el \u00f3rgano de gobierno de la Oficina), y pas\u00f3 a convertirse en el primer artista de maquillaje nunca elegido un vicepresidente de la Academia en su conjunto.<\/p>\n<p style=\"text-align: justify\">Leonard contin\u00faa su trabajo con la escuela de maquillaje hasta el d\u00eda de hoy como instructor especial y presidente del programa de honores de la escuela. La actual reserva de profesores, que rota debido a la continua demanda de Hollywood por muchos de los servicios de nuestros instructores, incluye a m\u00faltiples ganadores y nominados. Incluso los artistas de maquillaje ganadores del Oscar Ve Neill y Joel Harlow han entrado en las aulas de CMS para ense\u00f1ar clases de car\u00e1cter y maquillaje prot\u00e9sico. Muchos graduados de la escuela han pasado a hacer trabajo aclamado en los niveles m\u00e1s altos. Zena Shtysel ha ganado m\u00faltiples premios Emmy en horario estelar y ha sido nominada a\u00fan m\u00e1s veces por su trabajo como artista clave de maquillaje en Dancing With the Stars.Michelle Bankson ha hecho peinado y maquillaje clave para innumerables actuaciones musicales de alto nivel incluyendo P.Diddy, Coldplay, y David Guetta. Sculptor<\/p>\n<p style=\"text-align: justify\">El escultor y pintor Casey Love ha creado un hermoso concepto de arte y efectos para m\u00e1s de veinte largometrajes (incluyendo Men In Black 3, AVPR: al\u00eden vs. Predator Requiem and Priest) y es un codiciado dise\u00f1ador de horror-arte tem\u00e1tico y recuerdos de venta de sus piezas originales por miles de d\u00f3lares. Incluso los reci\u00e9n graduados han encontrado trabajo en grandes \u00e9xitos como Iron Man 3, Inception y, The Lone Ranger.<\/p>\n<p style=\"text-align: justify\">Robert Lindsay, Rob Seal, Gage Hubbard y Wayne Anderson, entre otros, han seducido al p\u00fablico como concursantes en la competici\u00f3n de maquillaje Face Off de Syfy Network. Otros graduados ocupan altos cargos acad\u00e9micos en otras grandes escuelas de maquillaje. Estos son s\u00f3lo algunos ejemplos; incluso los graduados de las clases m\u00e1s recientes de CMS ya est\u00e1n empezando sus carreras en las principales tiendas de efectos como KNB Efx, Amalgamated Dynamics, Makeup Effects Lab y Legacy Effects.<\/p>\n<p style=\"text-align: justify\">En su tercera d\u00e9cada de instrucci\u00f3n, CMS nunca ha sido una instituci\u00f3n m\u00e1s vital. Nuevas ofertas emocionantes como el Programa de Honores de Becas Leonard Engelman, el Programa de Pr\u00e1cticas de Laboratorio de Prot\u00e9g\u00e9 y proyectos de mejora como la Jack Pierce Memorial Gallery for Makeup y Character Arts han mejorado y ampliado radicalmente las ofertas de la escuela. Los estudiantes actuales y los reci\u00e9n graduados han ocupado un lugar destacado en una serie de concursos estudiantiles recientes, y algunos han tenido su trabajo en publicaciones comerciales notables, como la revista Maquillador, incluso antes de graduarse. Muchos otros han pasado a trabajos de alto perfil trabajando con tiendas de efectos importantes o ayudando a artistas conocidos como Ve Neill, Steve Wang, Kazuhiro Tsuji y Joel Harlow.<\/p>\n<figure id=\"attachment_104\" aria-describedby=\"caption-attachment-104\" style=\"width: 300px\" class=\"wp-caption aligncenter\"><img loading=\"lazy\" decoding=\"async\" class=\"size-medium wp-image-104\" src=\"https:\/\/blogsaverroes.juntadeandalucia.es\/merakyunafpdepelicula\/files\/2020\/04\/IMG_20200224_083346-300x225.jpg\" alt=\"\" width=\"300\" height=\"225\" srcset=\"https:\/\/blogsaverroes.juntadeandalucia.es\/merakyunafpdepelicula\/files\/2020\/04\/IMG_20200224_083346-300x225.jpg 300w, https:\/\/blogsaverroes.juntadeandalucia.es\/merakyunafpdepelicula\/files\/2020\/04\/IMG_20200224_083346-768x576.jpg 768w, https:\/\/blogsaverroes.juntadeandalucia.es\/merakyunafpdepelicula\/files\/2020\/04\/IMG_20200224_083346-1024x768.jpg 1024w, https:\/\/blogsaverroes.juntadeandalucia.es\/merakyunafpdepelicula\/files\/2020\/04\/IMG_20200224_083346-24x18.jpg 24w, https:\/\/blogsaverroes.juntadeandalucia.es\/merakyunafpdepelicula\/files\/2020\/04\/IMG_20200224_083346-36x27.jpg 36w, https:\/\/blogsaverroes.juntadeandalucia.es\/merakyunafpdepelicula\/files\/2020\/04\/IMG_20200224_083346-48x36.jpg 48w\" sizes=\"(max-width: 300px) 100vw, 300px\" \/><figcaption id=\"caption-attachment-104\" class=\"wp-caption-text\">CinemaMakeUp Hollywood, CA<\/figcaption><\/figure>\n<h1><img loading=\"lazy\" decoding=\"async\" class=\"size-medium wp-image-120 aligncenter\" src=\"https:\/\/blogsaverroes.juntadeandalucia.es\/merakyunafpdepelicula\/files\/2020\/04\/IMG_20200224_212052_431-300x225.jpg\" alt=\"\" width=\"300\" height=\"225\" srcset=\"https:\/\/blogsaverroes.juntadeandalucia.es\/merakyunafpdepelicula\/files\/2020\/04\/IMG_20200224_212052_431-300x225.jpg 300w, https:\/\/blogsaverroes.juntadeandalucia.es\/merakyunafpdepelicula\/files\/2020\/04\/IMG_20200224_212052_431-24x18.jpg 24w, https:\/\/blogsaverroes.juntadeandalucia.es\/merakyunafpdepelicula\/files\/2020\/04\/IMG_20200224_212052_431-36x27.jpg 36w, https:\/\/blogsaverroes.juntadeandalucia.es\/merakyunafpdepelicula\/files\/2020\/04\/IMG_20200224_212052_431-48x36.jpg 48w, https:\/\/blogsaverroes.juntadeandalucia.es\/merakyunafpdepelicula\/files\/2020\/04\/IMG_20200224_212052_431.jpg 725w\" sizes=\"(max-width: 300px) 100vw, 300px\" \/><\/h1>\n<h1><img loading=\"lazy\" decoding=\"async\" class=\"size-medium wp-image-139 aligncenter\" src=\"https:\/\/blogsaverroes.juntadeandalucia.es\/merakyunafpdepelicula\/files\/2020\/04\/IMG_20200224_120917_776-300x225.jpg\" alt=\"\" width=\"300\" height=\"225\" srcset=\"https:\/\/blogsaverroes.juntadeandalucia.es\/merakyunafpdepelicula\/files\/2020\/04\/IMG_20200224_120917_776-300x225.jpg 300w, https:\/\/blogsaverroes.juntadeandalucia.es\/merakyunafpdepelicula\/files\/2020\/04\/IMG_20200224_120917_776-768x576.jpg 768w, https:\/\/blogsaverroes.juntadeandalucia.es\/merakyunafpdepelicula\/files\/2020\/04\/IMG_20200224_120917_776-1024x768.jpg 1024w, https:\/\/blogsaverroes.juntadeandalucia.es\/merakyunafpdepelicula\/files\/2020\/04\/IMG_20200224_120917_776.jpg 1600w, https:\/\/blogsaverroes.juntadeandalucia.es\/merakyunafpdepelicula\/files\/2020\/04\/IMG_20200224_120917_776-24x18.jpg 24w, https:\/\/blogsaverroes.juntadeandalucia.es\/merakyunafpdepelicula\/files\/2020\/04\/IMG_20200224_120917_776-36x27.jpg 36w, https:\/\/blogsaverroes.juntadeandalucia.es\/merakyunafpdepelicula\/files\/2020\/04\/IMG_20200224_120917_776-48x36.jpg 48w\" sizes=\"(max-width: 300px) 100vw, 300px\" \/><\/h1>\n<h1><span style=\"color: #993300;font-size: 12pt;font-family: arial black, sans-serif\"><strong>EI Professional Make Up de Hollywood, California <a href=\"https:\/\/www.ei.edu\/home\" target=\"_blank\" rel=\"noopener noreferrer\">https:\/\/www.ei.edu\/<\/a><br \/>\n<\/strong><\/span><\/h1>\n<p style=\"text-align: justify\">Fundada en 1966 en el coraz\u00f3n de Hollywood, California, E.I. sigue siendo una voz innovadora en la industria del maquillaje que ofrece una amplia educaci\u00f3n pr\u00e1ctica en todas las \u00e1reas del maquillaje incluyendo: belleza, correctivo, teatral maquillaje de televisi\u00f3n, cine y efectos especiales. En ese momento, la facultad de la IE estaba formada por profesionales del maquillaje que ve\u00edan la falta de maquilladores en la creciente industria del entretenimiento. El aprendizaje era la forma habitual en que los profesionales de maquillaje transmit\u00edan su arte. Sin embargo, el problema era que cada maquillador s\u00f3lo tendr\u00eda uno o dos a lo sumo. En contraste con el sistema de aprendizajes practicado en ese momento, estos profesionales proporcionaron una muy necesaria formaci\u00f3n art\u00edstica de maquillaje en un entorno escolar.<\/p>\n<p style=\"text-align: justify\">La IE ha allanado el camino para la educaci\u00f3n y formaci\u00f3n de maquilladores profesionales. Por otra parte, seguimos fijando las normas por las que se rigen quienes trabajan en los \u00e1mbitos de la moda, el cine y la televisi\u00f3n. Nuestro objetivo es establecer continuamente el list\u00f3n para nuestros instructores y programas cada vez m\u00e1s alto, de modo que nuestros graduados siempre ser\u00e1n los artistas m\u00e1s buscados y respetados en la industria del maquillaje.<\/p>\n<figure id=\"attachment_141\" aria-describedby=\"caption-attachment-141\" style=\"width: 300px\" class=\"wp-caption aligncenter\"><img loading=\"lazy\" decoding=\"async\" class=\"wp-image-141 size-medium\" src=\"https:\/\/blogsaverroes.juntadeandalucia.es\/merakyunafpdepelicula\/files\/2020\/04\/IMG_20200225_151504-e1587419274142-300x225.jpg\" alt=\"\" width=\"300\" height=\"225\" srcset=\"https:\/\/blogsaverroes.juntadeandalucia.es\/merakyunafpdepelicula\/files\/2020\/04\/IMG_20200225_151504-e1587419274142-300x225.jpg 300w, https:\/\/blogsaverroes.juntadeandalucia.es\/merakyunafpdepelicula\/files\/2020\/04\/IMG_20200225_151504-e1587419274142-768x576.jpg 768w, https:\/\/blogsaverroes.juntadeandalucia.es\/merakyunafpdepelicula\/files\/2020\/04\/IMG_20200225_151504-e1587419274142-1024x768.jpg 1024w, https:\/\/blogsaverroes.juntadeandalucia.es\/merakyunafpdepelicula\/files\/2020\/04\/IMG_20200225_151504-e1587419274142-24x18.jpg 24w, https:\/\/blogsaverroes.juntadeandalucia.es\/merakyunafpdepelicula\/files\/2020\/04\/IMG_20200225_151504-e1587419274142-36x27.jpg 36w, https:\/\/blogsaverroes.juntadeandalucia.es\/merakyunafpdepelicula\/files\/2020\/04\/IMG_20200225_151504-e1587419274142-48x36.jpg 48w\" sizes=\"(max-width: 300px) 100vw, 300px\" \/><figcaption id=\"caption-attachment-141\" class=\"wp-caption-text\">E.I. Professional Make up, Hollywood<\/figcaption><\/figure>\n<figure id=\"attachment_122\" aria-describedby=\"caption-attachment-122\" style=\"width: 300px\" class=\"wp-caption aligncenter\"><img loading=\"lazy\" decoding=\"async\" class=\"wp-image-122 size-medium\" src=\"https:\/\/blogsaverroes.juntadeandalucia.es\/merakyunafpdepelicula\/files\/2020\/04\/IMG_20200225_221653_386-300x225.jpg\" alt=\"\" width=\"300\" height=\"225\" srcset=\"https:\/\/blogsaverroes.juntadeandalucia.es\/merakyunafpdepelicula\/files\/2020\/04\/IMG_20200225_221653_386-300x225.jpg 300w, https:\/\/blogsaverroes.juntadeandalucia.es\/merakyunafpdepelicula\/files\/2020\/04\/IMG_20200225_221653_386-768x576.jpg 768w, https:\/\/blogsaverroes.juntadeandalucia.es\/merakyunafpdepelicula\/files\/2020\/04\/IMG_20200225_221653_386-1024x768.jpg 1024w, https:\/\/blogsaverroes.juntadeandalucia.es\/merakyunafpdepelicula\/files\/2020\/04\/IMG_20200225_221653_386.jpg 1599w, https:\/\/blogsaverroes.juntadeandalucia.es\/merakyunafpdepelicula\/files\/2020\/04\/IMG_20200225_221653_386-24x18.jpg 24w, https:\/\/blogsaverroes.juntadeandalucia.es\/merakyunafpdepelicula\/files\/2020\/04\/IMG_20200225_221653_386-36x27.jpg 36w, https:\/\/blogsaverroes.juntadeandalucia.es\/merakyunafpdepelicula\/files\/2020\/04\/IMG_20200225_221653_386-48x36.jpg 48w\" sizes=\"(max-width: 300px) 100vw, 300px\" \/><figcaption id=\"caption-attachment-122\" class=\"wp-caption-text\">E.I. Professional MakeUp<\/figcaption><\/figure>\n<p>&nbsp;<\/p>\n<figure id=\"attachment_142\" aria-describedby=\"caption-attachment-142\" style=\"width: 300px\" class=\"wp-caption aligncenter\"><img loading=\"lazy\" decoding=\"async\" class=\"wp-image-142 size-medium\" src=\"https:\/\/blogsaverroes.juntadeandalucia.es\/merakyunafpdepelicula\/files\/2020\/04\/IMG_20200225_134728-300x225.jpg\" alt=\"\" width=\"300\" height=\"225\" srcset=\"https:\/\/blogsaverroes.juntadeandalucia.es\/merakyunafpdepelicula\/files\/2020\/04\/IMG_20200225_134728-300x225.jpg 300w, https:\/\/blogsaverroes.juntadeandalucia.es\/merakyunafpdepelicula\/files\/2020\/04\/IMG_20200225_134728-768x576.jpg 768w, https:\/\/blogsaverroes.juntadeandalucia.es\/merakyunafpdepelicula\/files\/2020\/04\/IMG_20200225_134728-1024x768.jpg 1024w, https:\/\/blogsaverroes.juntadeandalucia.es\/merakyunafpdepelicula\/files\/2020\/04\/IMG_20200225_134728-24x18.jpg 24w, https:\/\/blogsaverroes.juntadeandalucia.es\/merakyunafpdepelicula\/files\/2020\/04\/IMG_20200225_134728-36x27.jpg 36w, https:\/\/blogsaverroes.juntadeandalucia.es\/merakyunafpdepelicula\/files\/2020\/04\/IMG_20200225_134728-48x36.jpg 48w\" sizes=\"(max-width: 300px) 100vw, 300px\" \/><figcaption id=\"caption-attachment-142\" class=\"wp-caption-text\">Master Class, E.I. Professional Makeup<\/figcaption><\/figure>\n<p>&nbsp;<\/p>\n<p><span style=\"color: #800000\"><strong>Viajes TUMAINI<\/strong><\/span> <a href=\"https:\/\/viajestumaini.org\/\" target=\"_blank\" rel=\"noopener noreferrer\">https:\/\/viajestumaini.org\/<\/a><\/p>\n<p style=\"text-align: justify\">ONG que conecta personas voluntarias con proyectos de desarrollo en Asia, \u00c1frica y Latinoam\u00e9rica. Trabajamos desde 2013 para ofrecer experiencias transformadoras que fomentan el intercambio, potencian el aprendizaje y sensibilizan sobre problem\u00e1ticas sociales y medioambientales integrando los ODS en nuestros programas. Trabajamos tambi\u00e9n para empoderar a las peque\u00f1as ONG locales con las que colaboramos. Gestionan desde 2019 su primer proyecto de Cooperaci\u00f3n Internacional en Nepal.<\/p>\n<p>&nbsp;<\/p>\n<p style=\"text-align: justify\"><span style=\"color: #800000\"><strong>Warner Bross Production, Sonny Pictures y Universal Studios. <\/strong><span style=\"color: #000000\">Estudios de grabaci\u00f3n de productoras con sede en Los \u00c1ngeles, California.<\/span><strong><br \/>\n<\/strong><\/span><\/p>\n<figure id=\"attachment_116\" aria-describedby=\"caption-attachment-116\" style=\"width: 300px\" class=\"wp-caption aligncenter\"><img loading=\"lazy\" decoding=\"async\" class=\"wp-image-116 size-medium\" src=\"https:\/\/blogsaverroes.juntadeandalucia.es\/merakyunafpdepelicula\/files\/2020\/04\/IMG_20200222_154203_069-300x225.jpg\" alt=\"\" width=\"300\" height=\"225\" srcset=\"https:\/\/blogsaverroes.juntadeandalucia.es\/merakyunafpdepelicula\/files\/2020\/04\/IMG_20200222_154203_069-300x225.jpg 300w, https:\/\/blogsaverroes.juntadeandalucia.es\/merakyunafpdepelicula\/files\/2020\/04\/IMG_20200222_154203_069-768x575.jpg 768w, https:\/\/blogsaverroes.juntadeandalucia.es\/merakyunafpdepelicula\/files\/2020\/04\/IMG_20200222_154203_069-1024x767.jpg 1024w, https:\/\/blogsaverroes.juntadeandalucia.es\/merakyunafpdepelicula\/files\/2020\/04\/IMG_20200222_154203_069-24x18.jpg 24w, https:\/\/blogsaverroes.juntadeandalucia.es\/merakyunafpdepelicula\/files\/2020\/04\/IMG_20200222_154203_069-36x27.jpg 36w, https:\/\/blogsaverroes.juntadeandalucia.es\/merakyunafpdepelicula\/files\/2020\/04\/IMG_20200222_154203_069-48x36.jpg 48w, https:\/\/blogsaverroes.juntadeandalucia.es\/merakyunafpdepelicula\/files\/2020\/04\/IMG_20200222_154203_069.jpg 1440w\" sizes=\"(max-width: 300px) 100vw, 300px\" \/><figcaption id=\"caption-attachment-116\" class=\"wp-caption-text\">Tipos de efectos especiales, formaci\u00f3n.<\/figcaption><\/figure>\n<figure id=\"attachment_107\" aria-describedby=\"caption-attachment-107\" style=\"width: 225px\" class=\"wp-caption aligncenter\"><img loading=\"lazy\" decoding=\"async\" class=\"wp-image-107 size-medium\" src=\"https:\/\/blogsaverroes.juntadeandalucia.es\/merakyunafpdepelicula\/files\/2020\/04\/IMG_20200223_090827-225x300.jpg\" alt=\"\" width=\"225\" height=\"300\" srcset=\"https:\/\/blogsaverroes.juntadeandalucia.es\/merakyunafpdepelicula\/files\/2020\/04\/IMG_20200223_090827-225x300.jpg 225w, https:\/\/blogsaverroes.juntadeandalucia.es\/merakyunafpdepelicula\/files\/2020\/04\/IMG_20200223_090827-768x1024.jpg 768w, https:\/\/blogsaverroes.juntadeandalucia.es\/merakyunafpdepelicula\/files\/2020\/04\/IMG_20200223_090827-18x24.jpg 18w, https:\/\/blogsaverroes.juntadeandalucia.es\/merakyunafpdepelicula\/files\/2020\/04\/IMG_20200223_090827-27x36.jpg 27w, https:\/\/blogsaverroes.juntadeandalucia.es\/merakyunafpdepelicula\/files\/2020\/04\/IMG_20200223_090827-36x48.jpg 36w\" sizes=\"(max-width: 225px) 100vw, 225px\" \/><figcaption id=\"caption-attachment-107\" class=\"wp-caption-text\">Estudios de grabaci\u00f3n de Warner Bross, California<\/figcaption><\/figure>\n","protected":false},"excerpt":{"rendered":"<p>El alumnado de Formaci\u00f3n Profesional de los Ciclos Formativos de Grado Superior de Caracterizaci\u00f3n y Maquillaje Profesional y del de Estilismo y Direcci\u00f3n de Peluquer\u00eda del primer curso y del segundo curso, que se imparten en el IES Profesor Isidoro S\u00e1nchez de M\u00e1laga, Espa\u00f1a. &nbsp; COLABORACIONES: CinemaMakeup Hollywood, California&nbsp; https:\/\/www.cinemamakeup.com\/ La Escuela de Maquillaje de &hellip; <\/p>\n<p class=\"link-more\"><a href=\"https:\/\/blogsaverroes.juntadeandalucia.es\/merakyunafpdepelicula\/contact-us\/\" class=\"more-link\">Continuar leyendo<span class=\"screen-reader-text\"> \u00abPARTICIPANTES\u00bb<\/span><\/a><\/p>\n","protected":false},"author":1,"featured_media":0,"parent":0,"menu_order":0,"comment_status":"closed","ping_status":"closed","template":"","meta":{"ngg_post_thumbnail":0,"footnotes":""},"aioseo_notices":[],"_links":{"self":[{"href":"https:\/\/blogsaverroes.juntadeandalucia.es\/merakyunafpdepelicula\/wp-json\/wp\/v2\/pages\/12"}],"collection":[{"href":"https:\/\/blogsaverroes.juntadeandalucia.es\/merakyunafpdepelicula\/wp-json\/wp\/v2\/pages"}],"about":[{"href":"https:\/\/blogsaverroes.juntadeandalucia.es\/merakyunafpdepelicula\/wp-json\/wp\/v2\/types\/page"}],"author":[{"embeddable":true,"href":"https:\/\/blogsaverroes.juntadeandalucia.es\/merakyunafpdepelicula\/wp-json\/wp\/v2\/users\/1"}],"replies":[{"embeddable":true,"href":"https:\/\/blogsaverroes.juntadeandalucia.es\/merakyunafpdepelicula\/wp-json\/wp\/v2\/comments?post=12"}],"version-history":[{"count":13,"href":"https:\/\/blogsaverroes.juntadeandalucia.es\/merakyunafpdepelicula\/wp-json\/wp\/v2\/pages\/12\/revisions"}],"predecessor-version":[{"id":178,"href":"https:\/\/blogsaverroes.juntadeandalucia.es\/merakyunafpdepelicula\/wp-json\/wp\/v2\/pages\/12\/revisions\/178"}],"wp:attachment":[{"href":"https:\/\/blogsaverroes.juntadeandalucia.es\/merakyunafpdepelicula\/wp-json\/wp\/v2\/media?parent=12"}],"curies":[{"name":"wp","href":"https:\/\/api.w.org\/{rel}","templated":true}]}}