{"id":2,"date":"2020-04-13T11:51:30","date_gmt":"2020-04-13T09:51:30","guid":{"rendered":"https:\/\/blogsaverroes.juntadeandalucia.es\/merakyunafpdepelicula\/?page_id=2"},"modified":"2020-04-20T21:12:21","modified_gmt":"2020-04-20T19:12:21","slug":"pagina-ejemplo","status":"publish","type":"page","link":"https:\/\/blogsaverroes.juntadeandalucia.es\/merakyunafpdepelicula\/pagina-ejemplo\/","title":{"rendered":"LOS OBJETIVOS"},"content":{"rendered":"<p style=\"text-align: justify\">Una vez analizado el contexto nos tuvimos que plantear unos objetivos espec\u00edficos, medibles, realistas, temporalizados y que fueran alcanzables.<\/p>\n<p style=\"text-align: justify\">Tengo que reconocer que mi prioridad se centr\u00f3 en generar una experiencia que proporcionara un cambio a nivel personal en las alumnas a las que iba dirigido, procurar elevar o transformar una vivencia personal en una cualidad pedag\u00f3gica, \u201cpensar en grande\u201d como dir\u00eda Maria Zambrano.<\/p>\n<p style=\"text-align: justify\">Era ambiciosa, creo que en la vida hay que serlo, y trabajar por sue\u00f1os. Esto es lo que quer\u00eda que aprendieran \u201c<strong><em>No hay nada imposible, tampoco nada gratis, hay que luchar por los sue\u00f1os, superar los obst\u00e1culos, aprender de los errores: aprender de ellos, no frustrarse y fomentar la cultura del esfuerzo<\/em><\/strong>\u201d<\/p>\n<p style=\"text-align: justify\">Pero esta prioridad no significaba que s\u00f3lo fuera un proyecto destinado a ellas, mediante el proyecto tambi\u00e9n pretend\u00eda visibilizar la profesi\u00f3n y el centro educativo para mejorar la orientaci\u00f3n de fturos alumnos y alumnas.<\/p>\n<p style=\"text-align: justify\">En concreto, el proyecto tiene <strong>cinco <span style=\"font-size: 18pt\">objetivos<\/span> b\u00e1sicos<\/strong>:<\/p>\n<ol>\n<li><span style=\"color: #800080\"><strong>Promoci\u00f3n y visibilizaci\u00f3n<\/strong><\/span> de la profesi\u00f3n y apertura de nuestro centro al entorno.<\/li>\n<li><strong><span style=\"color: #333399\">Reducci\u00f3n del abandono escolar<\/span><\/strong> temprano y el <span style=\"color: #333399\"><strong>absentismo.<\/strong><\/span><\/li>\n<li><span style=\"color: #843dd1\"><strong>Incremento<\/strong><\/span> de la <strong><span style=\"color: #843dd1\">motivaci\u00f3n<\/span><\/strong> del alumnado.<\/li>\n<li style=\"text-align: justify\"><span style=\"color: #ff6600\"><strong>Mejora<\/strong> <\/span>significativa de los <span style=\"color: #ff6600\"><strong>recursos intelectuales y emocionales<\/strong> <\/span>centr\u00e1ndonos en el desarrollo de:\n<ul style=\"list-style-type: square\">\n<li style=\"text-align: justify\">la <strong>inteligencia emocional<\/strong>, en concreto de la autoestima y el trabajo del autoconcepto, permitiendo as\u00ed el empoderamiento personal y la valoraci\u00f3n de la personalidad, las aspiraciones, actitudes y formaci\u00f3n propia para la toma de decisiones.<\/li>\n<li style=\"text-align: justify\">la <strong>creatividad<\/strong> y su relaci\u00f3n con los pensamientos positivos seg\u00fan estudios recientes de las neurociencias.<\/li>\n<li style=\"text-align: justify\">las <strong>habilidades emprendedoras<\/strong> en sus tres facetas: personal, productivo y social, que le permitan ser competentes para la b\u00fasqueda de alternativas de autoempleo en el sector.<\/li>\n<li style=\"text-align: justify\">estrategias de <strong>trabajo en equipo<\/strong>. Valorando su eficacia para la consecuci\u00f3n de los objetivos, identificando las caracter\u00edsticas del trabajo eficaz y aprendiendo a resolver conflictos.<\/li>\n<li><strong>Talentos<\/strong> a trav\u00e9s de autoan\u00e1lisis, formaci\u00f3n continua, cultura del esfuerzo y definici\u00f3n de objetivos profesionales aprendiendo a valorar la innovaci\u00f3n y la adaptaci\u00f3n a los cambios.<\/li>\n<\/ul>\n<\/li>\n<li style=\"text-align: justify\"><span style=\"color: #008000\"><strong>Incremento de la empleabilidad<\/strong><\/span> a trav\u00e9s del desarrollo de las competencias blandas (soft skills) y formaci\u00f3n en t\u00e9cnicas y procedimientos innovadores. Capacitando al alumnado para la selecci\u00f3n de oportunidades de empleo identificando las posibilidades de inserci\u00f3n y las alternativas de aprendizaje a lo largo de la vida como factor clave para la empleabilidad, b\u00fasqueda de la excelencia y adaptaci\u00f3n a las exigencias del proceso productivo y de la vida.<\/li>\n<\/ol>\n","protected":false},"excerpt":{"rendered":"<p>Una vez analizado el contexto nos tuvimos que plantear unos objetivos espec\u00edficos, medibles, realistas, temporalizados y que fueran alcanzables. Tengo que reconocer que mi prioridad se centr\u00f3 en generar una experiencia que proporcionara un cambio a nivel personal en las alumnas a las que iba dirigido, procurar elevar o transformar una vivencia personal en una &hellip; <\/p>\n<p class=\"link-more\"><a href=\"https:\/\/blogsaverroes.juntadeandalucia.es\/merakyunafpdepelicula\/pagina-ejemplo\/\" class=\"more-link\">Continuar leyendo<span class=\"screen-reader-text\"> \u00abLOS OBJETIVOS\u00bb<\/span><\/a><\/p>\n","protected":false},"author":1631,"featured_media":0,"parent":0,"menu_order":0,"comment_status":"closed","ping_status":"open","template":"","meta":{"ngg_post_thumbnail":0,"footnotes":""},"aioseo_notices":[],"_links":{"self":[{"href":"https:\/\/blogsaverroes.juntadeandalucia.es\/merakyunafpdepelicula\/wp-json\/wp\/v2\/pages\/2"}],"collection":[{"href":"https:\/\/blogsaverroes.juntadeandalucia.es\/merakyunafpdepelicula\/wp-json\/wp\/v2\/pages"}],"about":[{"href":"https:\/\/blogsaverroes.juntadeandalucia.es\/merakyunafpdepelicula\/wp-json\/wp\/v2\/types\/page"}],"author":[{"embeddable":true,"href":"https:\/\/blogsaverroes.juntadeandalucia.es\/merakyunafpdepelicula\/wp-json\/wp\/v2\/users\/1631"}],"replies":[{"embeddable":true,"href":"https:\/\/blogsaverroes.juntadeandalucia.es\/merakyunafpdepelicula\/wp-json\/wp\/v2\/comments?post=2"}],"version-history":[{"count":6,"href":"https:\/\/blogsaverroes.juntadeandalucia.es\/merakyunafpdepelicula\/wp-json\/wp\/v2\/pages\/2\/revisions"}],"predecessor-version":[{"id":16,"href":"https:\/\/blogsaverroes.juntadeandalucia.es\/merakyunafpdepelicula\/wp-json\/wp\/v2\/pages\/2\/revisions\/16"}],"wp:attachment":[{"href":"https:\/\/blogsaverroes.juntadeandalucia.es\/merakyunafpdepelicula\/wp-json\/wp\/v2\/media?parent=2"}],"curies":[{"name":"wp","href":"https:\/\/api.w.org\/{rel}","templated":true}]}}