{"id":43,"date":"2020-04-13T19:35:37","date_gmt":"2020-04-13T17:35:37","guid":{"rendered":"https:\/\/blogsaverroes.juntadeandalucia.es\/merakyunafpdepelicula\/?page_id=43"},"modified":"2020-04-29T22:34:26","modified_gmt":"2020-04-29T20:34:26","slug":"su-difusion","status":"publish","type":"page","link":"https:\/\/blogsaverroes.juntadeandalucia.es\/merakyunafpdepelicula\/su-difusion\/","title":{"rendered":"SU DIFUSI\u00d3N"},"content":{"rendered":"<p style=\"text-align: right\"><em>\u00abCamina por donde no hay sendero, y deja huella\u00bb<\/em><\/p>\n<p style=\"text-align: justify\">El proyecto pretend\u00eda una apertura del centro educativo al entorno. Para ello, parte de las actividades han sido dise\u00f1adas para el barrrio y para nuestra&nbsp; ciudad. En ellas se invitaba a la comunidad educativa, a los vecinos y a la ciudad de M\u00e1laga a la participaci\u00f3n. Para difundir estas actividades el alumnado dise\u00f1\u00f3 un plan de marketing. Estre sus estrategias se encontraban la elaboraci\u00f3n de folletos y carteles informativos. \u00c9stos se difundieron a trav\u00e9s de las redes sociales (utlizamos el perfil @Patrysa10) y mediante la puesta de carteles f\u00edsicos en diferentes puntos de la ciudad. Carteles como el siguiente:<\/p>\n<figure id=\"attachment_88\" aria-describedby=\"caption-attachment-88\" style=\"width: 303px\" class=\"wp-caption aligncenter\"><img loading=\"lazy\" decoding=\"async\" class=\" wp-image-88\" src=\"https:\/\/blogsaverroes.juntadeandalucia.es\/merakyunafpdepelicula\/files\/2020\/04\/IMG-20191213-WA0031-212x300.jpg\" alt=\"\" width=\"303\" height=\"428\" srcset=\"https:\/\/blogsaverroes.juntadeandalucia.es\/merakyunafpdepelicula\/files\/2020\/04\/IMG-20191213-WA0031-212x300.jpg 212w, https:\/\/blogsaverroes.juntadeandalucia.es\/merakyunafpdepelicula\/files\/2020\/04\/IMG-20191213-WA0031-768x1087.jpg 768w, https:\/\/blogsaverroes.juntadeandalucia.es\/merakyunafpdepelicula\/files\/2020\/04\/IMG-20191213-WA0031-724x1024.jpg 724w, https:\/\/blogsaverroes.juntadeandalucia.es\/merakyunafpdepelicula\/files\/2020\/04\/IMG-20191213-WA0031-17x24.jpg 17w, https:\/\/blogsaverroes.juntadeandalucia.es\/merakyunafpdepelicula\/files\/2020\/04\/IMG-20191213-WA0031-25x36.jpg 25w, https:\/\/blogsaverroes.juntadeandalucia.es\/merakyunafpdepelicula\/files\/2020\/04\/IMG-20191213-WA0031-34x48.jpg 34w, https:\/\/blogsaverroes.juntadeandalucia.es\/merakyunafpdepelicula\/files\/2020\/04\/IMG-20191213-WA0031.jpg 1447w\" sizes=\"(max-width: 303px) 100vw, 303px\" \/><figcaption id=\"caption-attachment-88\" class=\"wp-caption-text\">Cartel de MercArte<\/figcaption><\/figure>\n<p style=\"text-align: justify\">Del micro-proyecto \u00abPasaje del terror\u00bb se hizo eco la prensa local. El diario \u00abM\u00e1laga Hoy\u00bb public\u00f3 el siguiente reportaje:<\/p>\n<p style=\"text-align: center\"><a href=\"https:\/\/www.malagahoy.es\/malaga\/instituto-Isidoro-Sanchez-convierte-paseje-terror_0_1403860226.html\" target=\"_blank\" rel=\"noopener noreferrer\">El Instituto Profesor Isidoro S\u00e1nchez se convierte en un Pasaje del Terror<\/a><\/p>\n<p style=\"text-align: justify\">Finalmente, eso se tradujo en la atenci\u00f3n de un medio de comunicaci\u00f3n de la prensa denominado \u00abDiario Sur\u00bb, del grupo Vocento, que decidi\u00f3 hacerse eco de nuestro proyecto.<\/p>\n<p style=\"text-align: center\"><a href=\"https:\/\/www.diariosur.es\/malaga\/nuevo-andres-hollywood-20200209201756-nt.html\" target=\"_blank\" rel=\"noopener noreferrer\">De San Andr\u00e9s a Hollywood, Diario Sur<\/a><\/p>\n<p style=\"text-align: justify\">Posteriormente, \u00e9sto supuso que la radio de M\u00e1laga, Onda Azul Radio, se interesara por el proyecto. Unas alumnas representando al grupo fueron entrevistadas. Esto supuso una gran experiencia para ellas, porque pudieron conocer c\u00f3mo funcionaba la radio y la televisi\u00f3n dado que los estudios radiof\u00f3nicos comparten localizaci\u00f3n con los televisivos.<\/p>\n<figure id=\"attachment_180\" aria-describedby=\"caption-attachment-180\" style=\"width: 300px\" class=\"wp-caption aligncenter\"><img loading=\"lazy\" decoding=\"async\" class=\"size-medium wp-image-180\" src=\"https:\/\/blogsaverroes.juntadeandalucia.es\/merakyunafpdepelicula\/files\/2020\/04\/IMG_20200206_170526-300x225.jpg\" alt=\"\" width=\"300\" height=\"225\" srcset=\"https:\/\/blogsaverroes.juntadeandalucia.es\/merakyunafpdepelicula\/files\/2020\/04\/IMG_20200206_170526-300x225.jpg 300w, https:\/\/blogsaverroes.juntadeandalucia.es\/merakyunafpdepelicula\/files\/2020\/04\/IMG_20200206_170526-768x576.jpg 768w, https:\/\/blogsaverroes.juntadeandalucia.es\/merakyunafpdepelicula\/files\/2020\/04\/IMG_20200206_170526-1024x768.jpg 1024w, https:\/\/blogsaverroes.juntadeandalucia.es\/merakyunafpdepelicula\/files\/2020\/04\/IMG_20200206_170526-24x18.jpg 24w, https:\/\/blogsaverroes.juntadeandalucia.es\/merakyunafpdepelicula\/files\/2020\/04\/IMG_20200206_170526-36x27.jpg 36w, https:\/\/blogsaverroes.juntadeandalucia.es\/merakyunafpdepelicula\/files\/2020\/04\/IMG_20200206_170526-48x36.jpg 48w\" sizes=\"(max-width: 300px) 100vw, 300px\" \/><figcaption id=\"caption-attachment-180\" class=\"wp-caption-text\">Onda Azul Radio<\/figcaption><\/figure>\n<p style=\"text-align: center\"><a href=\"https:\/\/drive.google.com\/file\/d\/1Afey0btlwrSKI9tj6eDy8iXeMnoVJD8Z\/view?usp=sharing\" target=\"_blank\" rel=\"noopener noreferrer\">ENTREVISTA ONDA AZUL RADIO, DANDO A CONOCER EL PROYECTO HOLLYWOOD<\/a><\/p>\n<p style=\"text-align: center\"><a href=\"https:\/\/drive.google.com\/file\/d\/1YcNi1hNaALctTZZIEgI3jFaxNKrPgyeL\/view?usp=sharing\" target=\"_blank\" rel=\"noopener noreferrer\">ENTREVISTA EN ONDA AZUL RADIO TRAS LA EXPERIENCIA EN HOLLYWOOD<\/a><\/p>\n<p style=\"text-align: justify\">Unas semanas antes de viajar a Los \u00c1ngeles, Canal Sur televisi\u00f3n, en concreto el programa Andaluc\u00eda Directo, decidi\u00f3 grabar un reportaje para dar difusi\u00f3n al Ciclo Formativo y al proyecto \u00abUna FP de pel\u00edcula: Proyecto Hollywood\u00bb.<\/p>\n<p><iframe loading=\"lazy\" title=\"Proyecto #Hollywood\" width=\"525\" height=\"295\" src=\"https:\/\/www.youtube.com\/embed\/kKkiWysQ0DM?feature=oembed\" frameborder=\"0\" allow=\"accelerometer; autoplay; encrypted-media; gyroscope; picture-in-picture\" allowfullscreen><\/iframe><\/p>\n<p style=\"text-align: justify\">Posteriormente, las noticias de TVE quisieron acompa\u00f1arnos en los \u00faltimos momentos antes de viajar a Los \u00c1ngeles para poder formarnos en las mejores escuelas de maquillaje profesional de cine y en las productoras m\u00e1s relevantes del sector como Warner Bross, Sonny Pictures y Universal Studios.<\/p>\n<p><iframe loading=\"lazy\" title=\"Cabecera TVE noticias Proyecto Hollywood\" width=\"525\" height=\"295\" src=\"https:\/\/www.youtube.com\/embed\/m4r4zEim78g?feature=oembed\" frameborder=\"0\" allow=\"accelerometer; autoplay; encrypted-media; gyroscope; picture-in-picture\" allowfullscreen><\/iframe><\/p>\n<p>&nbsp;<\/p>\n<p><iframe loading=\"lazy\" title=\"Reportaje de TVE noticias sobre nuestro Proyecto  Hollywood\" width=\"525\" height=\"295\" src=\"https:\/\/www.youtube.com\/embed\/MOJLfQcauNs?feature=oembed\" frameborder=\"0\" allow=\"accelerometer; autoplay; encrypted-media; gyroscope; picture-in-picture\" allowfullscreen><\/iframe><\/p>\n","protected":false},"excerpt":{"rendered":"<p>\u00abCamina por donde no hay sendero, y deja huella\u00bb El proyecto pretend\u00eda una apertura del centro educativo al entorno. Para ello, parte de las actividades han sido dise\u00f1adas para el barrrio y para nuestra&nbsp; ciudad. En ellas se invitaba a la comunidad educativa, a los vecinos y a la ciudad de M\u00e1laga a la participaci\u00f3n. &hellip; <\/p>\n<p class=\"link-more\"><a href=\"https:\/\/blogsaverroes.juntadeandalucia.es\/merakyunafpdepelicula\/su-difusion\/\" class=\"more-link\">Continuar leyendo<span class=\"screen-reader-text\"> \u00abSU DIFUSI\u00d3N\u00bb<\/span><\/a><\/p>\n","protected":false},"author":1631,"featured_media":0,"parent":0,"menu_order":0,"comment_status":"closed","ping_status":"closed","template":"","meta":{"ngg_post_thumbnail":0,"footnotes":""},"aioseo_notices":[],"_links":{"self":[{"href":"https:\/\/blogsaverroes.juntadeandalucia.es\/merakyunafpdepelicula\/wp-json\/wp\/v2\/pages\/43"}],"collection":[{"href":"https:\/\/blogsaverroes.juntadeandalucia.es\/merakyunafpdepelicula\/wp-json\/wp\/v2\/pages"}],"about":[{"href":"https:\/\/blogsaverroes.juntadeandalucia.es\/merakyunafpdepelicula\/wp-json\/wp\/v2\/types\/page"}],"author":[{"embeddable":true,"href":"https:\/\/blogsaverroes.juntadeandalucia.es\/merakyunafpdepelicula\/wp-json\/wp\/v2\/users\/1631"}],"replies":[{"embeddable":true,"href":"https:\/\/blogsaverroes.juntadeandalucia.es\/merakyunafpdepelicula\/wp-json\/wp\/v2\/comments?post=43"}],"version-history":[{"count":15,"href":"https:\/\/blogsaverroes.juntadeandalucia.es\/merakyunafpdepelicula\/wp-json\/wp\/v2\/pages\/43\/revisions"}],"predecessor-version":[{"id":273,"href":"https:\/\/blogsaverroes.juntadeandalucia.es\/merakyunafpdepelicula\/wp-json\/wp\/v2\/pages\/43\/revisions\/273"}],"wp:attachment":[{"href":"https:\/\/blogsaverroes.juntadeandalucia.es\/merakyunafpdepelicula\/wp-json\/wp\/v2\/media?parent=43"}],"curies":[{"name":"wp","href":"https:\/\/api.w.org\/{rel}","templated":true}]}}