{"id":2,"date":"2020-05-13T14:16:03","date_gmt":"2020-05-13T12:16:03","guid":{"rendered":"https:\/\/blogsaverroes.juntadeandalucia.es\/miauladefisicayquimica\/?page_id=2"},"modified":"2024-01-03T22:05:14","modified_gmt":"2024-01-03T21:05:14","slug":"pagina-ejemplo","status":"publish","type":"page","link":"https:\/\/blogsaverroes.juntadeandalucia.es\/miauladefisicayquimica\/","title":{"rendered":"P\u00e1gina de inicio"},"content":{"rendered":"\t\t<div data-elementor-type=\"wp-post\" data-elementor-id=\"2\" class=\"elementor elementor-2\">\n\t\t\t\t\t\t<section class=\"elementor-section elementor-top-section elementor-element elementor-element-cb89af6 animated-slow elementor-section-boxed elementor-section-height-default elementor-section-height-default elementor-invisible\" data-id=\"cb89af6\" data-element_type=\"section\" data-settings=\"{&quot;animation&quot;:&quot;zoomIn&quot;}\">\n\t\t\t\t\t\t<div class=\"elementor-container elementor-column-gap-default\">\n\t\t\t\t\t<div class=\"elementor-column elementor-col-100 elementor-top-column elementor-element elementor-element-b0df1cc\" data-id=\"b0df1cc\" data-element_type=\"column\">\n\t\t\t<div class=\"elementor-widget-wrap elementor-element-populated\">\n\t\t\t\t\t\t<div class=\"elementor-element elementor-element-c3c7366 elementor-widget elementor-widget-text-editor\" data-id=\"c3c7366\" data-element_type=\"widget\" data-widget_type=\"text-editor.default\">\n\t\t\t\t<div class=\"elementor-widget-container\">\n\t\t\t\t\t\t\t\t\t<p style=\"text-align: center\"><strong><span style=\"color: #3366ff;font-family: trebuchet ms, geneva, sans-serif\"><i>Comienza el\u00a0<\/i><\/span><span style=\"color: #3366ff;font-family: trebuchet ms, geneva, sans-serif\"><i>nuevo<\/i><\/span><span style=\"font-family: trebuchet ms, geneva, sans-serif\"><i style=\"color: #3366ff\">\u00a0curso acad\u00e9mico 2023\/24.\u00a0<\/i><\/span><\/strong><\/p><p style=\"text-align: center\"><strong><span style=\"font-family: trebuchet ms, geneva, sans-serif\"><i style=\"color: #3366ff\">Recuerda que el trabajo diario te llevar\u00e1 al \u00e9xito.\u00a0<\/i><\/span><\/strong><\/p><p style=\"text-align: center\"><strong><span style=\"font-family: trebuchet ms, geneva, sans-serif\"><i style=\"color: #3366ff\">El camino es duro, pero no imposible. Con tu tes\u00f3n y nuestro apoyo\u00a0<\/i><span style=\"color: #3366ff\"><i>conseguir\u00e1s<\/i><\/span><i style=\"color: #3366ff\">\u00a0tus objetivos (buenos resultados acad\u00e9micos y una buena EBAU)<\/i><\/span><\/strong><\/p>\t\t\t\t\t\t\t\t<\/div>\n\t\t\t\t<\/div>\n\t\t\t\t\t<\/div>\n\t\t<\/div>\n\t\t\t\t\t<\/div>\n\t\t<\/section>\n\t\t\t\t<section class=\"elementor-section elementor-top-section elementor-element elementor-element-85b307b elementor-section-boxed elementor-section-height-default elementor-section-height-default\" data-id=\"85b307b\" data-element_type=\"section\">\n\t\t\t\t\t\t<div class=\"elementor-container elementor-column-gap-default\">\n\t\t\t\t\t<div class=\"elementor-column elementor-col-100 elementor-top-column elementor-element elementor-element-075b9ff\" data-id=\"075b9ff\" data-element_type=\"column\">\n\t\t\t<div class=\"elementor-widget-wrap elementor-element-populated\">\n\t\t\t\t\t\t<div class=\"elementor-element elementor-element-5a1fff5 elementor-widget elementor-widget-text-editor\" data-id=\"5a1fff5\" data-element_type=\"widget\" data-widget_type=\"text-editor.default\">\n\t\t\t\t<div class=\"elementor-widget-container\">\n\t\t\t\t\t\t\t\t\t<p style=\"text-align: center\"><span style=\"font-family: 'comic sans ms', sans-serif\"><em><strong><span style=\"color: #ff9900\">Aqu\u00ed os dejo algunos enlaces que os llevar\u00e1n a p\u00e1ginas webs \u00fatiles para el aprendizaje de la QU\u00cdMICA.<\/span><\/strong><\/em><\/span><\/p>\t\t\t\t\t\t\t\t<\/div>\n\t\t\t\t<\/div>\n\t\t\t\t\t<\/div>\n\t\t<\/div>\n\t\t\t\t\t<\/div>\n\t\t<\/section>\n\t\t\t\t<section class=\"elementor-section elementor-top-section elementor-element elementor-element-0efe4ef elementor-section-boxed elementor-section-height-default elementor-section-height-default\" data-id=\"0efe4ef\" data-element_type=\"section\">\n\t\t\t\t\t\t<div class=\"elementor-container elementor-column-gap-default\">\n\t\t\t\t\t<div class=\"elementor-column elementor-col-25 elementor-top-column elementor-element elementor-element-bc6906f\" data-id=\"bc6906f\" data-element_type=\"column\">\n\t\t\t<div class=\"elementor-widget-wrap elementor-element-populated\">\n\t\t\t\t\t\t<div class=\"elementor-element elementor-element-56feab9 elementor-widget elementor-widget-image\" data-id=\"56feab9\" data-element_type=\"widget\" data-widget_type=\"image.default\">\n\t\t\t\t<div class=\"elementor-widget-container\">\n\t\t\t\t\t\t\t\t\t\t\t\t<figure class=\"wp-caption\">\n\t\t\t\t\t\t\t\t\t\t\t<a href=\"https:\/\/www.acs.org\/content\/acs\/en\/education\/resources\/k-8\/inquiryinaction\/second-grade\/snap-cubes-atoms-molecules.html\" target=\"_blank\">\n\t\t\t\t\t\t\t<img fetchpriority=\"high\" decoding=\"async\" width=\"702\" height=\"620\" src=\"https:\/\/blogsaverroes.juntadeandalucia.es\/miauladefisicayquimica\/files\/2020\/05\/Captura-de-pantalla-2020-05-13-a-las-17.32.13.png\" class=\"elementor-animation-shrink attachment-large size-large wp-image-67\" alt=\"\" srcset=\"https:\/\/blogsaverroes.juntadeandalucia.es\/miauladefisicayquimica\/files\/2020\/05\/Captura-de-pantalla-2020-05-13-a-las-17.32.13.png 702w, https:\/\/blogsaverroes.juntadeandalucia.es\/miauladefisicayquimica\/files\/2020\/05\/Captura-de-pantalla-2020-05-13-a-las-17.32.13-300x265.png 300w, https:\/\/blogsaverroes.juntadeandalucia.es\/miauladefisicayquimica\/files\/2020\/05\/Captura-de-pantalla-2020-05-13-a-las-17.32.13-24x21.png 24w, https:\/\/blogsaverroes.juntadeandalucia.es\/miauladefisicayquimica\/files\/2020\/05\/Captura-de-pantalla-2020-05-13-a-las-17.32.13-36x32.png 36w, https:\/\/blogsaverroes.juntadeandalucia.es\/miauladefisicayquimica\/files\/2020\/05\/Captura-de-pantalla-2020-05-13-a-las-17.32.13-48x42.png 48w\" sizes=\"(max-width: 702px) 100vw, 702px\" \/>\t\t\t\t\t\t\t\t<\/a>\n\t\t\t\t\t\t\t\t\t\t\t<figcaption class=\"widget-image-caption wp-caption-text\">Construyendo Mol\u00e9culas<\/figcaption>\n\t\t\t\t\t\t\t\t\t\t<\/figure>\n\t\t\t\t\t\t\t\t\t<\/div>\n\t\t\t\t<\/div>\n\t\t\t\t\t<\/div>\n\t\t<\/div>\n\t\t\t\t<div class=\"elementor-column elementor-col-25 elementor-top-column elementor-element elementor-element-0ebc87b\" data-id=\"0ebc87b\" data-element_type=\"column\">\n\t\t\t<div class=\"elementor-widget-wrap elementor-element-populated\">\n\t\t\t\t\t\t<div class=\"elementor-element elementor-element-1fefbcf elementor-widget elementor-widget-image\" data-id=\"1fefbcf\" data-element_type=\"widget\" data-settings=\"{&quot;_animation&quot;:&quot;none&quot;}\" data-widget_type=\"image.default\">\n\t\t\t\t<div class=\"elementor-widget-container\">\n\t\t\t\t\t\t\t\t\t\t\t\t<figure class=\"wp-caption\">\n\t\t\t\t\t\t\t\t\t\t\t<a href=\"https:\/\/www.bipm.org\/en\/measurement-units\/\" target=\"_blank\">\n\t\t\t\t\t\t\t<img decoding=\"async\" width=\"622\" height=\"564\" src=\"https:\/\/blogsaverroes.juntadeandalucia.es\/miauladefisicayquimica\/files\/2020\/05\/Captura-de-pantalla-2020-05-13-a-las-16.10.47.png\" class=\"attachment-large size-large wp-image-27\" alt=\"Unidades del Sistema Internacional\" srcset=\"https:\/\/blogsaverroes.juntadeandalucia.es\/miauladefisicayquimica\/files\/2020\/05\/Captura-de-pantalla-2020-05-13-a-las-16.10.47.png 622w, https:\/\/blogsaverroes.juntadeandalucia.es\/miauladefisicayquimica\/files\/2020\/05\/Captura-de-pantalla-2020-05-13-a-las-16.10.47-300x272.png 300w, https:\/\/blogsaverroes.juntadeandalucia.es\/miauladefisicayquimica\/files\/2020\/05\/Captura-de-pantalla-2020-05-13-a-las-16.10.47-24x22.png 24w, https:\/\/blogsaverroes.juntadeandalucia.es\/miauladefisicayquimica\/files\/2020\/05\/Captura-de-pantalla-2020-05-13-a-las-16.10.47-36x33.png 36w, https:\/\/blogsaverroes.juntadeandalucia.es\/miauladefisicayquimica\/files\/2020\/05\/Captura-de-pantalla-2020-05-13-a-las-16.10.47-48x44.png 48w\" sizes=\"(max-width: 622px) 100vw, 622px\" \/>\t\t\t\t\t\t\t\t<\/a>\n\t\t\t\t\t\t\t\t\t\t\t<figcaption class=\"widget-image-caption wp-caption-text\">Unidades del S.I.<\/figcaption>\n\t\t\t\t\t\t\t\t\t\t<\/figure>\n\t\t\t\t\t\t\t\t\t<\/div>\n\t\t\t\t<\/div>\n\t\t\t\t\t<\/div>\n\t\t<\/div>\n\t\t\t\t<div class=\"elementor-column elementor-col-25 elementor-top-column elementor-element elementor-element-318b430\" data-id=\"318b430\" data-element_type=\"column\">\n\t\t\t<div class=\"elementor-widget-wrap elementor-element-populated\">\n\t\t\t\t\t\t<div class=\"elementor-element elementor-element-3cb9a23 elementor-widget elementor-widget-image\" data-id=\"3cb9a23\" data-element_type=\"widget\" data-widget_type=\"image.default\">\n\t\t\t\t<div class=\"elementor-widget-container\">\n\t\t\t\t\t\t\t\t\t\t\t\t<figure class=\"wp-caption\">\n\t\t\t\t\t\t\t\t\t\t\t<a href=\"http:\/\/www.alonsoformula.com\/\" target=\"_blank\">\n\t\t\t\t\t\t\t<img decoding=\"async\" width=\"332\" height=\"346\" src=\"https:\/\/blogsaverroes.juntadeandalucia.es\/miauladefisicayquimica\/files\/2020\/05\/Captura-de-pantalla-2020-05-13-a-las-15.59.56.png\" class=\"attachment-large size-large wp-image-23\" alt=\"Formulaci\u00f3n qu\u00edmica: org\u00e1nica e inorg\u00e1nica\" srcset=\"https:\/\/blogsaverroes.juntadeandalucia.es\/miauladefisicayquimica\/files\/2020\/05\/Captura-de-pantalla-2020-05-13-a-las-15.59.56.png 332w, https:\/\/blogsaverroes.juntadeandalucia.es\/miauladefisicayquimica\/files\/2020\/05\/Captura-de-pantalla-2020-05-13-a-las-15.59.56-288x300.png 288w, https:\/\/blogsaverroes.juntadeandalucia.es\/miauladefisicayquimica\/files\/2020\/05\/Captura-de-pantalla-2020-05-13-a-las-15.59.56-24x24.png 24w, https:\/\/blogsaverroes.juntadeandalucia.es\/miauladefisicayquimica\/files\/2020\/05\/Captura-de-pantalla-2020-05-13-a-las-15.59.56-46x48.png 46w\" sizes=\"(max-width: 332px) 100vw, 332px\" \/>\t\t\t\t\t\t\t\t<\/a>\n\t\t\t\t\t\t\t\t\t\t\t<figcaption class=\"widget-image-caption wp-caption-text\">Formulaci\u00f3n qu\u00edmica<\/figcaption>\n\t\t\t\t\t\t\t\t\t\t<\/figure>\n\t\t\t\t\t\t\t\t\t<\/div>\n\t\t\t\t<\/div>\n\t\t\t\t\t<\/div>\n\t\t<\/div>\n\t\t\t\t<div class=\"elementor-column elementor-col-25 elementor-top-column elementor-element elementor-element-4350a2f\" data-id=\"4350a2f\" data-element_type=\"column\">\n\t\t\t<div class=\"elementor-widget-wrap elementor-element-populated\">\n\t\t\t\t\t\t<div class=\"elementor-element elementor-element-8f454b3 elementor-widget elementor-widget-image\" data-id=\"8f454b3\" data-element_type=\"widget\" data-widget_type=\"image.default\">\n\t\t\t\t<div class=\"elementor-widget-container\">\n\t\t\t\t\t\t\t\t\t\t\t\t<figure class=\"wp-caption\">\n\t\t\t\t\t\t\t\t\t\t\t<a href=\"https:\/\/phet.colorado.edu\/es\/simulations\" target=\"_blank\">\n\t\t\t\t\t\t\t<img loading=\"lazy\" decoding=\"async\" width=\"480\" height=\"162\" src=\"https:\/\/blogsaverroes.juntadeandalucia.es\/miauladefisicayquimica\/files\/2020\/05\/Captura-de-pantalla-2020-05-13-a-las-15.56.47.png\" class=\"attachment-full size-full wp-image-24\" alt=\"\" srcset=\"https:\/\/blogsaverroes.juntadeandalucia.es\/miauladefisicayquimica\/files\/2020\/05\/Captura-de-pantalla-2020-05-13-a-las-15.56.47.png 480w, https:\/\/blogsaverroes.juntadeandalucia.es\/miauladefisicayquimica\/files\/2020\/05\/Captura-de-pantalla-2020-05-13-a-las-15.56.47-300x101.png 300w, https:\/\/blogsaverroes.juntadeandalucia.es\/miauladefisicayquimica\/files\/2020\/05\/Captura-de-pantalla-2020-05-13-a-las-15.56.47-24x8.png 24w, https:\/\/blogsaverroes.juntadeandalucia.es\/miauladefisicayquimica\/files\/2020\/05\/Captura-de-pantalla-2020-05-13-a-las-15.56.47-36x12.png 36w, https:\/\/blogsaverroes.juntadeandalucia.es\/miauladefisicayquimica\/files\/2020\/05\/Captura-de-pantalla-2020-05-13-a-las-15.56.47-48x16.png 48w\" sizes=\"(max-width: 480px) 100vw, 480px\" \/>\t\t\t\t\t\t\t\t<\/a>\n\t\t\t\t\t\t\t\t\t\t\t<figcaption class=\"widget-image-caption wp-caption-text\">Simulaciones<\/figcaption>\n\t\t\t\t\t\t\t\t\t\t<\/figure>\n\t\t\t\t\t\t\t\t\t<\/div>\n\t\t\t\t<\/div>\n\t\t\t\t\t<\/div>\n\t\t<\/div>\n\t\t\t\t\t<\/div>\n\t\t<\/section>\n\t\t\t\t<section class=\"elementor-section elementor-top-section elementor-element elementor-element-18f863d elementor-section-boxed elementor-section-height-default elementor-section-height-default\" data-id=\"18f863d\" data-element_type=\"section\">\n\t\t\t\t\t\t<div class=\"elementor-container elementor-column-gap-default\">\n\t\t\t\t\t<div class=\"elementor-column elementor-col-25 elementor-top-column elementor-element elementor-element-f3b0339\" data-id=\"f3b0339\" data-element_type=\"column\">\n\t\t\t<div class=\"elementor-widget-wrap elementor-element-populated\">\n\t\t\t\t\t\t<div class=\"elementor-element elementor-element-9dcc740 animated-slow elementor-invisible elementor-widget elementor-widget-image\" data-id=\"9dcc740\" data-element_type=\"widget\" data-settings=\"{&quot;_animation&quot;:&quot;fadeInLeft&quot;}\" data-widget_type=\"image.default\">\n\t\t\t\t<div class=\"elementor-widget-container\">\n\t\t\t\t\t\t\t\t\t\t\t\t<figure class=\"wp-caption\">\n\t\t\t\t\t\t\t\t\t\t\t<a href=\"https:\/\/www.emestrada.org\" target=\"_blank\">\n\t\t\t\t\t\t\t<img loading=\"lazy\" decoding=\"async\" width=\"625\" height=\"1024\" src=\"https:\/\/blogsaverroes.juntadeandalucia.es\/miauladefisicayquimica\/files\/2020\/05\/flask-576607_1280-625x1024.png\" class=\"attachment-large size-large wp-image-71\" alt=\"\" srcset=\"https:\/\/blogsaverroes.juntadeandalucia.es\/miauladefisicayquimica\/files\/2020\/05\/flask-576607_1280-625x1024.png 625w, https:\/\/blogsaverroes.juntadeandalucia.es\/miauladefisicayquimica\/files\/2020\/05\/flask-576607_1280-183x300.png 183w, https:\/\/blogsaverroes.juntadeandalucia.es\/miauladefisicayquimica\/files\/2020\/05\/flask-576607_1280-768x1259.png 768w, https:\/\/blogsaverroes.juntadeandalucia.es\/miauladefisicayquimica\/files\/2020\/05\/flask-576607_1280-15x24.png 15w, https:\/\/blogsaverroes.juntadeandalucia.es\/miauladefisicayquimica\/files\/2020\/05\/flask-576607_1280-22x36.png 22w, https:\/\/blogsaverroes.juntadeandalucia.es\/miauladefisicayquimica\/files\/2020\/05\/flask-576607_1280-29x48.png 29w, https:\/\/blogsaverroes.juntadeandalucia.es\/miauladefisicayquimica\/files\/2020\/05\/flask-576607_1280.png 781w\" sizes=\"(max-width: 625px) 100vw, 625px\" \/>\t\t\t\t\t\t\t\t<\/a>\n\t\t\t\t\t\t\t\t\t\t\t<figcaption class=\"widget-image-caption wp-caption-text\">Emestrada<\/figcaption>\n\t\t\t\t\t\t\t\t\t\t<\/figure>\n\t\t\t\t\t\t\t\t\t<\/div>\n\t\t\t\t<\/div>\n\t\t\t\t\t<\/div>\n\t\t<\/div>\n\t\t\t\t<div class=\"elementor-column elementor-col-25 elementor-top-column elementor-element elementor-element-e421cca\" data-id=\"e421cca\" data-element_type=\"column\">\n\t\t\t<div class=\"elementor-widget-wrap elementor-element-populated\">\n\t\t\t\t\t\t<div class=\"elementor-element elementor-element-bb65e72 animated-slow elementor-invisible elementor-widget elementor-widget-image\" data-id=\"bb65e72\" data-element_type=\"widget\" data-settings=\"{&quot;_animation&quot;:&quot;fadeInUp&quot;}\" data-widget_type=\"image.default\">\n\t\t\t\t<div class=\"elementor-widget-container\">\n\t\t\t\t\t\t\t\t\t\t\t\t<figure class=\"wp-caption\">\n\t\t\t\t\t\t\t\t\t\t\t<a href=\"http:\/\/www.juntadeandalucia.es\/averroes\/centros-tic\/14006217\/helvia\/aula\/archivos\/repositorio\/0\/19\/Iniciacion_a_la_quimica.pdf\">\n\t\t\t\t\t\t\t<img loading=\"lazy\" decoding=\"async\" width=\"150\" height=\"300\" src=\"https:\/\/blogsaverroes.juntadeandalucia.es\/miauladefisicayquimica\/files\/2020\/05\/flask-576605_1280-150x300.png\" class=\"attachment-medium size-medium wp-image-69\" alt=\"\" srcset=\"https:\/\/blogsaverroes.juntadeandalucia.es\/miauladefisicayquimica\/files\/2020\/05\/flask-576605_1280-150x300.png 150w, https:\/\/blogsaverroes.juntadeandalucia.es\/miauladefisicayquimica\/files\/2020\/05\/flask-576605_1280-512x1024.png 512w, https:\/\/blogsaverroes.juntadeandalucia.es\/miauladefisicayquimica\/files\/2020\/05\/flask-576605_1280-12x24.png 12w, https:\/\/blogsaverroes.juntadeandalucia.es\/miauladefisicayquimica\/files\/2020\/05\/flask-576605_1280-18x36.png 18w, https:\/\/blogsaverroes.juntadeandalucia.es\/miauladefisicayquimica\/files\/2020\/05\/flask-576605_1280-24x48.png 24w, https:\/\/blogsaverroes.juntadeandalucia.es\/miauladefisicayquimica\/files\/2020\/05\/flask-576605_1280.png 640w\" sizes=\"(max-width: 150px) 100vw, 150px\" \/>\t\t\t\t\t\t\t\t<\/a>\n\t\t\t\t\t\t\t\t\t\t\t<figcaption class=\"widget-image-caption wp-caption-text\">Libro Iniciaci\u00f3n a la qu\u00edmica (Ponencia Qu\u00edmica)<\/figcaption>\n\t\t\t\t\t\t\t\t\t\t<\/figure>\n\t\t\t\t\t\t\t\t\t<\/div>\n\t\t\t\t<\/div>\n\t\t\t\t\t<\/div>\n\t\t<\/div>\n\t\t\t\t<div class=\"elementor-column elementor-col-25 elementor-top-column elementor-element elementor-element-728312c\" data-id=\"728312c\" data-element_type=\"column\">\n\t\t\t<div class=\"elementor-widget-wrap elementor-element-populated\">\n\t\t\t\t\t\t<div class=\"elementor-element elementor-element-055817a animated-slow elementor-invisible elementor-widget elementor-widget-image\" data-id=\"055817a\" data-element_type=\"widget\" data-settings=\"{&quot;_animation&quot;:&quot;fadeInDown&quot;}\" data-widget_type=\"image.default\">\n\t\t\t\t<div class=\"elementor-widget-container\">\n\t\t\t\t\t\t\t\t\t\t\t\t<figure class=\"wp-caption\">\n\t\t\t\t\t\t\t\t\t\t\t<a href=\"http:\/\/chemcollective.org\/vlabs\">\n\t\t\t\t\t\t\t<img loading=\"lazy\" decoding=\"async\" width=\"781\" height=\"1280\" src=\"https:\/\/blogsaverroes.juntadeandalucia.es\/miauladefisicayquimica\/files\/2020\/05\/flask-576606_1280.png\" class=\"attachment-full size-full wp-image-70\" alt=\"\" srcset=\"https:\/\/blogsaverroes.juntadeandalucia.es\/miauladefisicayquimica\/files\/2020\/05\/flask-576606_1280.png 781w, https:\/\/blogsaverroes.juntadeandalucia.es\/miauladefisicayquimica\/files\/2020\/05\/flask-576606_1280-183x300.png 183w, https:\/\/blogsaverroes.juntadeandalucia.es\/miauladefisicayquimica\/files\/2020\/05\/flask-576606_1280-768x1259.png 768w, https:\/\/blogsaverroes.juntadeandalucia.es\/miauladefisicayquimica\/files\/2020\/05\/flask-576606_1280-625x1024.png 625w, https:\/\/blogsaverroes.juntadeandalucia.es\/miauladefisicayquimica\/files\/2020\/05\/flask-576606_1280-15x24.png 15w, https:\/\/blogsaverroes.juntadeandalucia.es\/miauladefisicayquimica\/files\/2020\/05\/flask-576606_1280-22x36.png 22w, https:\/\/blogsaverroes.juntadeandalucia.es\/miauladefisicayquimica\/files\/2020\/05\/flask-576606_1280-29x48.png 29w\" sizes=\"(max-width: 781px) 100vw, 781px\" \/>\t\t\t\t\t\t\t\t<\/a>\n\t\t\t\t\t\t\t\t\t\t\t<figcaption class=\"widget-image-caption wp-caption-text\">ChemCollective (laboratorio virtual)<\/figcaption>\n\t\t\t\t\t\t\t\t\t\t<\/figure>\n\t\t\t\t\t\t\t\t\t<\/div>\n\t\t\t\t<\/div>\n\t\t\t\t\t<\/div>\n\t\t<\/div>\n\t\t\t\t<div class=\"elementor-column elementor-col-25 elementor-top-column elementor-element elementor-element-86e2362\" data-id=\"86e2362\" data-element_type=\"column\">\n\t\t\t<div class=\"elementor-widget-wrap elementor-element-populated\">\n\t\t\t\t\t\t<div class=\"elementor-element elementor-element-3003189 animated-slow elementor-invisible elementor-widget elementor-widget-image\" data-id=\"3003189\" data-element_type=\"widget\" data-settings=\"{&quot;_animation&quot;:&quot;fadeInRight&quot;}\" data-widget_type=\"image.default\">\n\t\t\t\t<div class=\"elementor-widget-container\">\n\t\t\t\t\t\t\t\t\t\t\t\t<figure class=\"wp-caption\">\n\t\t\t\t\t\t\t\t\t\t\t<a href=\"https:\/\/www.golabz.eu\">\n\t\t\t\t\t\t\t<img loading=\"lazy\" decoding=\"async\" width=\"512\" height=\"1024\" src=\"https:\/\/blogsaverroes.juntadeandalucia.es\/miauladefisicayquimica\/files\/2020\/05\/flask-576604_1280-512x1024.png\" class=\"attachment-large size-large wp-image-68\" alt=\"\" srcset=\"https:\/\/blogsaverroes.juntadeandalucia.es\/miauladefisicayquimica\/files\/2020\/05\/flask-576604_1280-512x1024.png 512w, https:\/\/blogsaverroes.juntadeandalucia.es\/miauladefisicayquimica\/files\/2020\/05\/flask-576604_1280-150x300.png 150w, https:\/\/blogsaverroes.juntadeandalucia.es\/miauladefisicayquimica\/files\/2020\/05\/flask-576604_1280-12x24.png 12w, https:\/\/blogsaverroes.juntadeandalucia.es\/miauladefisicayquimica\/files\/2020\/05\/flask-576604_1280-18x36.png 18w, https:\/\/blogsaverroes.juntadeandalucia.es\/miauladefisicayquimica\/files\/2020\/05\/flask-576604_1280-24x48.png 24w, https:\/\/blogsaverroes.juntadeandalucia.es\/miauladefisicayquimica\/files\/2020\/05\/flask-576604_1280.png 640w\" sizes=\"(max-width: 512px) 100vw, 512px\" \/>\t\t\t\t\t\t\t\t<\/a>\n\t\t\t\t\t\t\t\t\t\t\t<figcaption class=\"widget-image-caption wp-caption-text\">Laboratorios virtuales (GO-LAB)<\/figcaption>\n\t\t\t\t\t\t\t\t\t\t<\/figure>\n\t\t\t\t\t\t\t\t\t<\/div>\n\t\t\t\t<\/div>\n\t\t\t\t\t<\/div>\n\t\t<\/div>\n\t\t\t\t\t<\/div>\n\t\t<\/section>\n\t\t\t\t<section class=\"elementor-section elementor-top-section elementor-element elementor-element-d9f7145 elementor-section-full_width elementor-section-height-default elementor-section-height-default elementor-invisible\" data-id=\"d9f7145\" data-element_type=\"section\" data-settings=\"{&quot;animation&quot;:&quot;fadeInDown&quot;,&quot;background_background&quot;:&quot;gradient&quot;}\">\n\t\t\t\t\t\t<div class=\"elementor-container elementor-column-gap-default\">\n\t\t\t\t\t<div class=\"elementor-column elementor-col-100 elementor-top-column elementor-element elementor-element-5a81814\" data-id=\"5a81814\" data-element_type=\"column\" data-settings=\"{&quot;background_background&quot;:&quot;slideshow&quot;,&quot;background_slideshow_gallery&quot;:[],&quot;background_slideshow_loop&quot;:&quot;yes&quot;,&quot;background_slideshow_slide_duration&quot;:5000,&quot;background_slideshow_slide_transition&quot;:&quot;fade&quot;,&quot;background_slideshow_transition_duration&quot;:500}\">\n\t\t\t<div class=\"elementor-widget-wrap elementor-element-populated\">\n\t\t\t\t\t\t<div class=\"elementor-element elementor-element-1531bb3 elementor-widget elementor-widget-image\" data-id=\"1531bb3\" data-element_type=\"widget\" data-widget_type=\"image.default\">\n\t\t\t\t<div class=\"elementor-widget-container\">\n\t\t\t\t\t\t\t\t\t\t\t\t<figure class=\"wp-caption\">\n\t\t\t\t\t\t\t\t\t\t\t<a href=\"https:\/\/ptable.com\/#Electrones\/OxidationStates\">\n\t\t\t\t\t\t\t<img decoding=\"async\" src=\"https:\/\/blogsaverroes.juntadeandalucia.es\/miauladefisicayquimica\/files\/2022\/11\/Tabla-peri\u00f3dica-520x245.jpg\" title=\"Tabla peri\u00f3dica\" alt=\"Tabla peri\u00f3dica\" loading=\"lazy\" \/>\t\t\t\t\t\t\t\t<\/a>\n\t\t\t\t\t\t\t\t\t\t\t<figcaption class=\"widget-image-caption wp-caption-text\">Tabla peri\u00f3dica interactiva (Ptable) _ \u00dasala para ver las configuraciones electr\u00f3nicas y estados de oxidaci\u00f3n<\/figcaption>\n\t\t\t\t\t\t\t\t\t\t<\/figure>\n\t\t\t\t\t\t\t\t\t<\/div>\n\t\t\t\t<\/div>\n\t\t\t\t\t<\/div>\n\t\t<\/div>\n\t\t\t\t\t<\/div>\n\t\t<\/section>\n\t\t\t\t<\/div>\n\t\t","protected":false},"excerpt":{"rendered":"<p>Comienza el\u00a0nuevo\u00a0curso acad\u00e9mico 2023\/24.\u00a0 Recuerda que el trabajo diario te llevar\u00e1 al \u00e9xito.\u00a0 El camino es duro, pero no imposible. Con tu tes\u00f3n y nuestro apoyo\u00a0conseguir\u00e1s\u00a0tus objetivos (buenos resultados acad\u00e9micos y una buena EBAU) Aqu\u00ed os dejo algunos enlaces que os llevar\u00e1n a p\u00e1ginas webs \u00fatiles para el aprendizaje de la QU\u00cdMICA. Construyendo Mol\u00e9culas Unidades &hellip; <\/p>\n<p><a class=\"more-link btn\" href=\"https:\/\/blogsaverroes.juntadeandalucia.es\/miauladefisicayquimica\/\">Seguir leyendo<\/a><\/p>\n","protected":false},"author":7650,"featured_media":0,"parent":0,"menu_order":0,"comment_status":"closed","ping_status":"open","template":"","meta":{"ngg_post_thumbnail":0,"footnotes":""},"aioseo_notices":[],"_links":{"self":[{"href":"https:\/\/blogsaverroes.juntadeandalucia.es\/miauladefisicayquimica\/wp-json\/wp\/v2\/pages\/2"}],"collection":[{"href":"https:\/\/blogsaverroes.juntadeandalucia.es\/miauladefisicayquimica\/wp-json\/wp\/v2\/pages"}],"about":[{"href":"https:\/\/blogsaverroes.juntadeandalucia.es\/miauladefisicayquimica\/wp-json\/wp\/v2\/types\/page"}],"author":[{"embeddable":true,"href":"https:\/\/blogsaverroes.juntadeandalucia.es\/miauladefisicayquimica\/wp-json\/wp\/v2\/users\/7650"}],"replies":[{"embeddable":true,"href":"https:\/\/blogsaverroes.juntadeandalucia.es\/miauladefisicayquimica\/wp-json\/wp\/v2\/comments?post=2"}],"version-history":[{"count":70,"href":"https:\/\/blogsaverroes.juntadeandalucia.es\/miauladefisicayquimica\/wp-json\/wp\/v2\/pages\/2\/revisions"}],"predecessor-version":[{"id":431,"href":"https:\/\/blogsaverroes.juntadeandalucia.es\/miauladefisicayquimica\/wp-json\/wp\/v2\/pages\/2\/revisions\/431"}],"wp:attachment":[{"href":"https:\/\/blogsaverroes.juntadeandalucia.es\/miauladefisicayquimica\/wp-json\/wp\/v2\/media?parent=2"}],"curies":[{"name":"wp","href":"https:\/\/api.w.org\/{rel}","templated":true}]}}