{"id":2858,"date":"2022-12-08T13:29:05","date_gmt":"2022-12-08T12:29:05","guid":{"rendered":"https:\/\/blogsaverroes.juntadeandalucia.es\/sepieandwoman\/?page_id=2858"},"modified":"2022-12-08T13:29:05","modified_gmt":"2022-12-08T12:29:05","slug":"casos-practicos","status":"publish","type":"page","link":"https:\/\/blogsaverroes.juntadeandalucia.es\/miaventuraensepie2\/casos-practicos\/","title":{"rendered":"CASOS PR\u00c1CTICOS"},"content":{"rendered":"<p><span style=\"font-weight: 400\">Desde 2017 soy la coordinadora Erasmus+ en mi centro. Esta experiencia me ha llevado a aprender nuevas rutas, nuevas formas de colaboraci\u00f3n, a recordar calendarios de trabajo a los que no estaba acostumbrada, a defender la importancia de la proyecci\u00f3n internacional de nuestros centros, a atender a la difusi\u00f3n y otras tareas.&nbsp;<\/span><span style=\"font-weight: 400\">No hace tanto tiempo que empec\u00e9 y, sin embargo, mirar atr\u00e1s me produce v\u00e9rtigo.<br \/>\n<\/span><span style=\"font-weight: 400\">Como coordinadora he aprendido mucho, algunos aprendizajes que no son repetitivos o que est\u00e1n espaciados en el tiempo los he ido olvidando. Y cuando olvido y tengo que volver a andar me sale la vena docente: soy consciente que marcar nuevos ritmos de trabajo que no son f\u00e1ciles, pero que acaban siendo exitosos hay que compartirlos con lo que acabo compartiendo el camino que voy haciendo y los problemas con los que me voy tropezando. \u00a1Eso s\u00ed! Los problemas de la mano siempre de la soluci\u00f3n que otros compa\u00f1eros me pasaron o la que yo encontr\u00e9.<\/span><\/p>\n","protected":false},"excerpt":{"rendered":"<p>Desde 2017 soy la coordinadora Erasmus+ en mi centro. Esta experiencia me ha llevado a aprender nuevas rutas, nuevas formas de colaboraci\u00f3n, a recordar calendarios de trabajo a los que no estaba acostumbrada, a&#46;&#46;&#46;<\/p>\n","protected":false},"author":7760,"featured_media":0,"parent":0,"menu_order":0,"comment_status":"closed","ping_status":"closed","template":"","meta":{"ngg_post_thumbnail":0,"footnotes":""},"aioseo_notices":[],"_links":{"self":[{"href":"https:\/\/blogsaverroes.juntadeandalucia.es\/miaventuraensepie2\/wp-json\/wp\/v2\/pages\/2858"}],"collection":[{"href":"https:\/\/blogsaverroes.juntadeandalucia.es\/miaventuraensepie2\/wp-json\/wp\/v2\/pages"}],"about":[{"href":"https:\/\/blogsaverroes.juntadeandalucia.es\/miaventuraensepie2\/wp-json\/wp\/v2\/types\/page"}],"author":[{"embeddable":true,"href":"https:\/\/blogsaverroes.juntadeandalucia.es\/miaventuraensepie2\/wp-json\/wp\/v2\/users\/7760"}],"replies":[{"embeddable":true,"href":"https:\/\/blogsaverroes.juntadeandalucia.es\/miaventuraensepie2\/wp-json\/wp\/v2\/comments?post=2858"}],"version-history":[{"count":0,"href":"https:\/\/blogsaverroes.juntadeandalucia.es\/miaventuraensepie2\/wp-json\/wp\/v2\/pages\/2858\/revisions"}],"wp:attachment":[{"href":"https:\/\/blogsaverroes.juntadeandalucia.es\/miaventuraensepie2\/wp-json\/wp\/v2\/media?parent=2858"}],"curies":[{"name":"wp","href":"https:\/\/api.w.org\/{rel}","templated":true}]}}