{"id":128,"date":"2023-02-21T11:28:30","date_gmt":"2023-02-21T10:28:30","guid":{"rendered":"https:\/\/blogsaverroes.juntadeandalucia.es\/miblogdemates\/?page_id=128"},"modified":"2023-02-21T12:02:20","modified_gmt":"2023-02-21T11:02:20","slug":"fotos-3o","status":"publish","type":"page","link":"https:\/\/blogsaverroes.juntadeandalucia.es\/miblogdemates\/fotos-3o\/","title":{"rendered":"FOTOS 3\u00ba"},"content":{"rendered":"<p><a href=\"https:\/\/drive.google.com\/drive\/folders\/1-xGQVjTgbQ3rpiatntbUPjorDuqPqSzV?usp=share_link\">Aqu\u00ed<\/a> pod\u00e9is ver todas las fotograf\u00edas de nuestros alumnos de 3\u00ba trabajando diferentes aspectos de las matem\u00e1ticas, y donde se divierten bastante aprendi\u00e9ndolas.<\/p>\n","protected":false},"excerpt":{"rendered":"<p>Aqu\u00ed pod\u00e9is ver todas las fotograf\u00edas de nuestros alumnos de 3\u00ba trabajando diferentes aspectos de las matem\u00e1ticas, y donde se divierten bastante aprendi\u00e9ndolas.<\/p>\n","protected":false},"author":9424,"featured_media":0,"parent":0,"menu_order":0,"comment_status":"closed","ping_status":"closed","template":"","meta":{"ngg_post_thumbnail":0,"footnotes":""},"aioseo_notices":[],"_links":{"self":[{"href":"https:\/\/blogsaverroes.juntadeandalucia.es\/miblogdemates\/wp-json\/wp\/v2\/pages\/128"}],"collection":[{"href":"https:\/\/blogsaverroes.juntadeandalucia.es\/miblogdemates\/wp-json\/wp\/v2\/pages"}],"about":[{"href":"https:\/\/blogsaverroes.juntadeandalucia.es\/miblogdemates\/wp-json\/wp\/v2\/types\/page"}],"author":[{"embeddable":true,"href":"https:\/\/blogsaverroes.juntadeandalucia.es\/miblogdemates\/wp-json\/wp\/v2\/users\/9424"}],"replies":[{"embeddable":true,"href":"https:\/\/blogsaverroes.juntadeandalucia.es\/miblogdemates\/wp-json\/wp\/v2\/comments?post=128"}],"version-history":[{"count":3,"href":"https:\/\/blogsaverroes.juntadeandalucia.es\/miblogdemates\/wp-json\/wp\/v2\/pages\/128\/revisions"}],"predecessor-version":[{"id":168,"href":"https:\/\/blogsaverroes.juntadeandalucia.es\/miblogdemates\/wp-json\/wp\/v2\/pages\/128\/revisions\/168"}],"wp:attachment":[{"href":"https:\/\/blogsaverroes.juntadeandalucia.es\/miblogdemates\/wp-json\/wp\/v2\/media?parent=128"}],"curies":[{"name":"wp","href":"https:\/\/api.w.org\/{rel}","templated":true}]}}