{"id":131,"date":"2023-02-21T11:28:58","date_gmt":"2023-02-21T10:28:58","guid":{"rendered":"https:\/\/blogsaverroes.juntadeandalucia.es\/miblogdemates\/?page_id=131"},"modified":"2023-02-21T12:08:34","modified_gmt":"2023-02-21T11:08:34","slug":"fotos-4o","status":"publish","type":"page","link":"https:\/\/blogsaverroes.juntadeandalucia.es\/miblogdemates\/fotos-4o\/","title":{"rendered":"FOTOS 4\u00ba"},"content":{"rendered":"<p>Pinchando <a href=\"https:\/\/drive.google.com\/drive\/folders\/1YX-mWTx8Sem4vIRl3u6b_woRHXYwQgCp?usp=share_link\">aqu\u00ed<\/a> podr\u00e9is acceder a una galer\u00eda de fotos donde podr\u00e9is ver a nuestros alumnos de 4\u00ba trabajando las mates de forma amena, divertida y aprendiendo much\u00edsimo.&nbsp;<\/p>\n","protected":false},"excerpt":{"rendered":"<p>Pinchando aqu\u00ed podr\u00e9is acceder a una galer\u00eda de fotos donde podr\u00e9is ver a nuestros alumnos de 4\u00ba trabajando las mates de forma amena, divertida y aprendiendo much\u00edsimo.&nbsp;<\/p>\n","protected":false},"author":9424,"featured_media":0,"parent":0,"menu_order":0,"comment_status":"closed","ping_status":"closed","template":"","meta":{"ngg_post_thumbnail":0,"footnotes":""},"aioseo_notices":[],"_links":{"self":[{"href":"https:\/\/blogsaverroes.juntadeandalucia.es\/miblogdemates\/wp-json\/wp\/v2\/pages\/131"}],"collection":[{"href":"https:\/\/blogsaverroes.juntadeandalucia.es\/miblogdemates\/wp-json\/wp\/v2\/pages"}],"about":[{"href":"https:\/\/blogsaverroes.juntadeandalucia.es\/miblogdemates\/wp-json\/wp\/v2\/types\/page"}],"author":[{"embeddable":true,"href":"https:\/\/blogsaverroes.juntadeandalucia.es\/miblogdemates\/wp-json\/wp\/v2\/users\/9424"}],"replies":[{"embeddable":true,"href":"https:\/\/blogsaverroes.juntadeandalucia.es\/miblogdemates\/wp-json\/wp\/v2\/comments?post=131"}],"version-history":[{"count":3,"href":"https:\/\/blogsaverroes.juntadeandalucia.es\/miblogdemates\/wp-json\/wp\/v2\/pages\/131\/revisions"}],"predecessor-version":[{"id":172,"href":"https:\/\/blogsaverroes.juntadeandalucia.es\/miblogdemates\/wp-json\/wp\/v2\/pages\/131\/revisions\/172"}],"wp:attachment":[{"href":"https:\/\/blogsaverroes.juntadeandalucia.es\/miblogdemates\/wp-json\/wp\/v2\/media?parent=131"}],"curies":[{"name":"wp","href":"https:\/\/api.w.org\/{rel}","templated":true}]}}