{"id":134,"date":"2023-02-21T11:29:19","date_gmt":"2023-02-21T10:29:19","guid":{"rendered":"https:\/\/blogsaverroes.juntadeandalucia.es\/miblogdemates\/?page_id=134"},"modified":"2023-02-21T12:29:03","modified_gmt":"2023-02-21T11:29:03","slug":"fotos-5o","status":"publish","type":"page","link":"https:\/\/blogsaverroes.juntadeandalucia.es\/miblogdemates\/fotos-5o\/","title":{"rendered":"FOTOS 5\u00ba"},"content":{"rendered":"<p>En tercer ciclo, usamos menos materiales manipulativos, ya que el desarrollo abstracto a estas edades esta mas avanzado.&nbsp; A\u00fan as\u00ed, en determinadas ocasiones usamos alg\u00fan que otro material, como por ejemplo, las pizarras individuales que hemos adquirido para realizar con ellos resoluci\u00f3n de problemas oral a modo de juego, y con las que est\u00e1n bastante motivados e ilusionados.&nbsp;<\/p>\n<p>&nbsp;<\/p>\n<p><img loading=\"lazy\" decoding=\"async\" class=\"size-medium wp-image-176 aligncenter\" src=\"https:\/\/blogsaverroes.juntadeandalucia.es\/miblogdemates\/files\/2023\/02\/F2C9646A-F541-49AE-8B19-4C50BD8C9F4D-300x222.jpeg\" alt=\"\" width=\"300\" height=\"222\" srcset=\"https:\/\/blogsaverroes.juntadeandalucia.es\/miblogdemates\/files\/2023\/02\/F2C9646A-F541-49AE-8B19-4C50BD8C9F4D-300x222.jpeg 300w, https:\/\/blogsaverroes.juntadeandalucia.es\/miblogdemates\/files\/2023\/02\/F2C9646A-F541-49AE-8B19-4C50BD8C9F4D.jpeg 750w\" sizes=\"(max-width: 300px) 100vw, 300px\" \/><\/p>\n","protected":false},"excerpt":{"rendered":"<p>En tercer ciclo, usamos menos materiales manipulativos, ya que el desarrollo abstracto a estas edades esta mas avanzado.&nbsp; A\u00fan as\u00ed, en determinadas ocasiones usamos alg\u00fan que otro material, como por ejemplo, las pizarras individuales&#46;&#46;&#46;<\/p>\n","protected":false},"author":9424,"featured_media":0,"parent":0,"menu_order":0,"comment_status":"closed","ping_status":"closed","template":"","meta":{"ngg_post_thumbnail":0,"footnotes":""},"aioseo_notices":[],"_links":{"self":[{"href":"https:\/\/blogsaverroes.juntadeandalucia.es\/miblogdemates\/wp-json\/wp\/v2\/pages\/134"}],"collection":[{"href":"https:\/\/blogsaverroes.juntadeandalucia.es\/miblogdemates\/wp-json\/wp\/v2\/pages"}],"about":[{"href":"https:\/\/blogsaverroes.juntadeandalucia.es\/miblogdemates\/wp-json\/wp\/v2\/types\/page"}],"author":[{"embeddable":true,"href":"https:\/\/blogsaverroes.juntadeandalucia.es\/miblogdemates\/wp-json\/wp\/v2\/users\/9424"}],"replies":[{"embeddable":true,"href":"https:\/\/blogsaverroes.juntadeandalucia.es\/miblogdemates\/wp-json\/wp\/v2\/comments?post=134"}],"version-history":[{"count":3,"href":"https:\/\/blogsaverroes.juntadeandalucia.es\/miblogdemates\/wp-json\/wp\/v2\/pages\/134\/revisions"}],"predecessor-version":[{"id":177,"href":"https:\/\/blogsaverroes.juntadeandalucia.es\/miblogdemates\/wp-json\/wp\/v2\/pages\/134\/revisions\/177"}],"wp:attachment":[{"href":"https:\/\/blogsaverroes.juntadeandalucia.es\/miblogdemates\/wp-json\/wp\/v2\/media?parent=134"}],"curies":[{"name":"wp","href":"https:\/\/api.w.org\/{rel}","templated":true}]}}