{"id":115,"date":"2021-11-30T17:18:43","date_gmt":"2021-11-30T17:18:43","guid":{"rendered":"https:\/\/blogsaverroes.juntadeandalucia.es\/miblogfisicayquimica\/?page_id=115"},"modified":"2022-11-11T17:05:46","modified_gmt":"2022-11-11T17:05:46","slug":"quimica","status":"publish","type":"page","link":"https:\/\/blogsaverroes.juntadeandalucia.es\/miblogfisicayquimica\/quimica\/","title":{"rendered":"Qu\u00edmica"},"content":{"rendered":"<h2>Repaso de formulaci\u00f3n inorg\u00e1nica:<\/h2>\n<p><a href=\"https:\/\/blogsaverroes.juntadeandalucia.es\/miblogfisicayquimica\/files\/2021\/11\/Formulaci\u00f3n-Inorg\u00e1nica-final-mejorada.pdf\">Formulaci\u00f3n Inorg\u00e1nica final mejorada<\/a><\/p>\n<p>Ejercicios:<\/p>\n<p><a href=\"https:\/\/blogsaverroes.juntadeandalucia.es\/miblogfisicayquimica\/files\/2022\/09\/Ejercicios-1-Form.-Inor.pdf\">Ejercicios 1 Form. Inor<\/a><\/p>\n<p>&nbsp;<\/p>\n<h2>Tema 0: Repaso de 1\u00ba Bachillerato.<\/h2>\n<h4>Disoluciones.<\/h4>\n<p><a href=\"https:\/\/blogsaverroes.juntadeandalucia.es\/miblogfisicayquimica\/files\/2022\/09\/Disoluciones.pdf\">Disoluciones<\/a><\/p>\n<h4>Reacciones qu\u00edmicas.<\/h4>\n<p><a href=\"https:\/\/blogsaverroes.juntadeandalucia.es\/miblogfisicayquimica\/files\/2022\/09\/Etapas-en-el-ajuste-redox1.pdf\">Etapas en el ajuste redox1<\/a><\/p>\n<p><a href=\"https:\/\/blogsaverroes.juntadeandalucia.es\/miblogfisicayquimica\/files\/2022\/09\/Resumen-Ajuste-de-reacciones-ion-electron.pdf\">Resumen Ajuste de reacciones ion-electr\u00f3n<\/a><\/p>\n<p>&nbsp;<\/p>\n<p><a href=\"https:\/\/blogsaverroes.juntadeandalucia.es\/miblogfisicayquimica\/files\/2022\/09\/Problemas-Ajusta-por-el-m\u00e9todo-del-ion.pdf\">Problemas Ajusta por el m\u00e9todo del ion<\/a><\/p>\n<p><iframe loading=\"lazy\" title=\"Redox1\" width=\"500\" height=\"281\" src=\"https:\/\/www.youtube.com\/embed\/bxnKSynR3bQ?feature=oembed&#038;wmode=opaque\" frameborder=\"0\" allow=\"accelerometer; autoplay; clipboard-write; encrypted-media; gyroscope; picture-in-picture\" allowfullscreen><\/iframe><\/p>\n<p><a href=\"https:\/\/blogsaverroes.juntadeandalucia.es\/miblogfisicayquimica\/files\/2022\/09\/Ajuste-redox-en-medio-\u00e1cido.pdf\">Ajuste redox en medio \u00e1cido<\/a><\/p>\n<p><iframe loading=\"lazy\" title=\"Ajuste reacciones medio \u00e1cido.\" width=\"500\" height=\"281\" src=\"https:\/\/www.youtube.com\/embed\/tQvW4tYnvYg?feature=oembed&#038;wmode=opaque\" frameborder=\"0\" allow=\"accelerometer; autoplay; clipboard-write; encrypted-media; gyroscope; picture-in-picture\" allowfullscreen><\/iframe><\/p>\n<h2>Tema 1: Estructura at\u00f3mica de la materia.<\/h2>\n<h4>El \u00e1tomo.<\/h4>\n<p><iframe loading=\"lazy\" title=\"El atomo\" width=\"500\" height=\"281\" src=\"https:\/\/www.youtube.com\/embed\/ULEf3BXD-lY?feature=oembed&#038;wmode=opaque\" frameborder=\"0\" allow=\"accelerometer; autoplay; clipboard-write; encrypted-media; gyroscope; picture-in-picture\" allowfullscreen><\/iframe><\/p>\n<h4>Radiaci\u00f3n del cuerpo negro.<\/h4>\n<p><iframe loading=\"lazy\" title=\"Radiaci\u00f3n Cuerpo negro\" width=\"500\" height=\"281\" src=\"https:\/\/www.youtube.com\/embed\/oFZKgvloqcw?feature=oembed&#038;wmode=opaque\" frameborder=\"0\" allow=\"accelerometer; autoplay; clipboard-write; encrypted-media; gyroscope; picture-in-picture\" allowfullscreen><\/iframe><\/p>\n<h4>Efecto fotoel\u00e9ctrico.<\/h4>\n<p>&nbsp;<\/p>\n<h2>Tema 2: Sistema peri\u00f3dico.<\/h2>\n<h4>Propiedad peri\u00f3dica: el radio.<\/h4>\n<h4>&nbsp;<\/h4>\n<p><iframe loading=\"lazy\" title=\"Radio\" width=\"500\" height=\"281\" src=\"https:\/\/www.youtube.com\/embed\/dGv1d6-_qi8?feature=oembed&#038;wmode=opaque\" frameborder=\"0\" allow=\"accelerometer; autoplay; clipboard-write; encrypted-media; gyroscope; picture-in-picture\" allowfullscreen><\/iframe><\/p>\n<p>&nbsp;<\/p>\n<h4>Propiedad peri\u00f3dica: energ\u00eda de ionizaci\u00f3n.<\/h4>\n<p><iframe loading=\"lazy\" title=\"Energ\u00eda de ionizaci\u00f3n.\" width=\"500\" height=\"281\" src=\"https:\/\/www.youtube.com\/embed\/mTPvO0aXkq0?feature=oembed&#038;wmode=opaque\" frameborder=\"0\" allow=\"accelerometer; autoplay; clipboard-write; encrypted-media; gyroscope; picture-in-picture\" allowfullscreen><\/iframe><\/p>\n<h2>Tema 3: Enlace qu\u00edmico.<\/h2>\n<h2>Tema 4: Enlace covalente.<\/h2>\n<h2>Tema 5: Cin\u00e9tica qu\u00edmica.<\/h2>\n<h2>Tema 6: Equilibrio.<\/h2>\n<p><span style=\"font-size: 14pt\">6.1.- Solubilidad.<\/span><\/p>\n<p><iframe loading=\"lazy\" title=\"Solubilidad2\" width=\"500\" height=\"281\" src=\"https:\/\/www.youtube.com\/embed\/hJ4G4xWM1jM?feature=oembed&#038;wmode=opaque\" frameborder=\"0\" allow=\"accelerometer; autoplay; clipboard-write; encrypted-media; gyroscope; picture-in-picture\" allowfullscreen><\/iframe><\/p>\n<h2>Tema 7: Reacciones \u00e1cido-base.<\/h2>\n<p><a href=\"https:\/\/blogsaverroes.juntadeandalucia.es\/miblogfisicayquimica\/files\/2022\/03\/Reacciones-de-transferencia-de-protones.pdf\">Reacciones de transferencia de protones<\/a><\/p>\n<p>Definiciones de \u00e1cidos&nbsp; y de bases.<\/p>\n<p><iframe loading=\"lazy\" title=\"Introducci\u00f3n \u00e1cido base\" width=\"500\" height=\"281\" src=\"https:\/\/www.youtube.com\/embed\/iovJFPwF4Nk?feature=oembed&#038;wmode=opaque\" frameborder=\"0\" allow=\"accelerometer; autoplay; clipboard-write; encrypted-media; gyroscope; picture-in-picture\" allowfullscreen><\/iframe><\/p>\n<p>Equilibrio i\u00f3nico del agua<\/p>\n<p><iframe loading=\"lazy\" title=\"Producto i\u00f3nico del agua\" width=\"500\" height=\"281\" src=\"https:\/\/www.youtube.com\/embed\/VaFypjcNev4?feature=oembed&#038;wmode=opaque\" frameborder=\"0\" allow=\"accelerometer; autoplay; clipboard-write; encrypted-media; gyroscope; picture-in-picture\" allowfullscreen><\/iframe><\/p>\n<p>Problema de \u00e1cido fuerte- \u00e1cido d\u00e9bil<\/p>\n<p><iframe loading=\"lazy\" title=\"Problema \u00e1cido base\" width=\"500\" height=\"281\" src=\"https:\/\/www.youtube.com\/embed\/We3Gi7jkSsM?feature=oembed&#038;wmode=opaque\" frameborder=\"0\" allow=\"accelerometer; autoplay; clipboard-write; encrypted-media; gyroscope; picture-in-picture\" allowfullscreen><\/iframe><\/p>\n<h2>Tema 8: Redox.<\/h2>\n<p><iframe loading=\"lazy\" title=\"Redox1\" width=\"500\" height=\"281\" src=\"https:\/\/www.youtube.com\/embed\/vvLzgv21umE?feature=oembed&#038;wmode=opaque\" frameborder=\"0\" allow=\"accelerometer; autoplay; clipboard-write; encrypted-media; gyroscope; picture-in-picture\" allowfullscreen><\/iframe><\/p>\n<p>Ajuste medio \u00e1cido.<\/p>\n<p><iframe loading=\"lazy\" title=\"Ajuste reacciones medio \u00e1cido.\" width=\"500\" height=\"281\" src=\"https:\/\/www.youtube.com\/embed\/tQvW4tYnvYg?feature=oembed&#038;wmode=opaque\" frameborder=\"0\" allow=\"accelerometer; autoplay; clipboard-write; encrypted-media; gyroscope; picture-in-picture\" allowfullscreen><\/iframe><\/p>\n<h2><span style=\"font-size: 12pt\">Ajuste medio b\u00e1sico.<\/span><\/h2>\n<p><iframe loading=\"lazy\" title=\"Ajuste de reacci\u00f3n medio b\u00e1sico.\" width=\"500\" height=\"281\" src=\"https:\/\/www.youtube.com\/embed\/pbfD4j9ipBU?feature=oembed&#038;wmode=opaque\" frameborder=\"0\" allow=\"accelerometer; autoplay; clipboard-write; encrypted-media; gyroscope; picture-in-picture\" allowfullscreen><\/iframe><\/p>\n<p><iframe loading=\"lazy\" title=\"Redox. Ajuste Medio b\u00e1sico.\" width=\"500\" height=\"281\" src=\"https:\/\/www.youtube.com\/embed\/FstyFYjWLG4?feature=oembed&#038;wmode=opaque\" frameborder=\"0\" allow=\"accelerometer; autoplay; clipboard-write; encrypted-media; gyroscope; picture-in-picture\" allowfullscreen><\/iframe><\/p>\n<p>Pilas.<\/p>\n<p><iframe loading=\"lazy\" title=\"Pila: Aluminio-Cobre.\" width=\"500\" height=\"281\" src=\"https:\/\/www.youtube.com\/embed\/jKkm2pLNj3c?feature=oembed&#038;wmode=opaque\" frameborder=\"0\" allow=\"accelerometer; autoplay; clipboard-write; encrypted-media; gyroscope; picture-in-picture\" allowfullscreen><\/iframe><\/p>\n<p>&nbsp;<\/p>\n<h2>Tema 9: Qu\u00edmica Org\u00e1nica.<\/h2>\n","protected":false},"excerpt":{"rendered":"<p>Repaso de formulaci\u00f3n inorg\u00e1nica: Formulaci\u00f3n Inorg\u00e1nica final mejorada Ejercicios: Ejercicios 1 Form. Inor &nbsp; Tema 0: Repaso de 1\u00ba Bachillerato. Disoluciones. Disoluciones Reacciones qu\u00edmicas. Etapas en el ajuste redox1 Resumen Ajuste de reacciones ion-electr\u00f3n&#46;&#46;&#46;<\/p>\n","protected":false},"author":14062,"featured_media":0,"parent":0,"menu_order":0,"comment_status":"closed","ping_status":"closed","template":"","meta":{"ngg_post_thumbnail":0,"footnotes":""},"aioseo_notices":[],"_links":{"self":[{"href":"https:\/\/blogsaverroes.juntadeandalucia.es\/miblogfisicayquimica\/wp-json\/wp\/v2\/pages\/115"}],"collection":[{"href":"https:\/\/blogsaverroes.juntadeandalucia.es\/miblogfisicayquimica\/wp-json\/wp\/v2\/pages"}],"about":[{"href":"https:\/\/blogsaverroes.juntadeandalucia.es\/miblogfisicayquimica\/wp-json\/wp\/v2\/types\/page"}],"author":[{"embeddable":true,"href":"https:\/\/blogsaverroes.juntadeandalucia.es\/miblogfisicayquimica\/wp-json\/wp\/v2\/users\/14062"}],"replies":[{"embeddable":true,"href":"https:\/\/blogsaverroes.juntadeandalucia.es\/miblogfisicayquimica\/wp-json\/wp\/v2\/comments?post=115"}],"version-history":[{"count":30,"href":"https:\/\/blogsaverroes.juntadeandalucia.es\/miblogfisicayquimica\/wp-json\/wp\/v2\/pages\/115\/revisions"}],"predecessor-version":[{"id":261,"href":"https:\/\/blogsaverroes.juntadeandalucia.es\/miblogfisicayquimica\/wp-json\/wp\/v2\/pages\/115\/revisions\/261"}],"wp:attachment":[{"href":"https:\/\/blogsaverroes.juntadeandalucia.es\/miblogfisicayquimica\/wp-json\/wp\/v2\/media?parent=115"}],"curies":[{"name":"wp","href":"https:\/\/api.w.org\/{rel}","templated":true}]}}