{"id":124,"date":"2021-11-30T17:32:45","date_gmt":"2021-11-30T17:32:45","guid":{"rendered":"https:\/\/blogsaverroes.juntadeandalucia.es\/miblogfisicayquimica\/?page_id=124"},"modified":"2022-03-11T17:40:51","modified_gmt":"2022-03-11T17:40:51","slug":"fisica","status":"publish","type":"page","link":"https:\/\/blogsaverroes.juntadeandalucia.es\/miblogfisicayquimica\/fisica\/","title":{"rendered":"F\u00edsica"},"content":{"rendered":"<h2>Tema 1: Campo gravitatorio.<\/h2>\n<h2>Tema 2: Campo el\u00e9ctrico.<\/h2>\n<h2>Tema 3: Campo magn\u00e9tico.<\/h2>\n<h3>Acciones entre corrientes.<\/h3>\n<div class=\"value style-scope ytcp-video-info\"><a href=\"https:\/\/youtu.be\/AXnP-YUnP80\">https:\/\/youtu.be\/AXnP-YUnP80<\/a><\/div>\n<div>&nbsp;<\/div>\n<h2>Tema 4: Inducci\u00f3n electromagn\u00e9tica.<\/h2>\n<p><iframe loading=\"lazy\" title=\"2021 12 08\" width=\"500\" height=\"281\" src=\"https:\/\/www.youtube.com\/embed\/xU-VhdmGzMA?feature=oembed&#038;wmode=opaque\" frameborder=\"0\" allow=\"accelerometer; autoplay; clipboard-write; encrypted-media; gyroscope; picture-in-picture\" allowfullscreen><\/iframe><\/p>\n<h2>Tema 5: Ondas. El sonido.<\/h2>\n<h2>Tema 5: Ondas electromagn\u00e9ticas.<\/h2>\n<h2>Tema 7: \u00f3ptica geom\u00e9trica.<\/h2>\n<h2>&nbsp;<\/h2>\n","protected":false},"excerpt":{"rendered":"<p>Tema 1: Campo gravitatorio. Tema 2: Campo el\u00e9ctrico. Tema 3: Campo magn\u00e9tico. Acciones entre corrientes. https:\/\/youtu.be\/AXnP-YUnP80 &nbsp; Tema 4: Inducci\u00f3n electromagn\u00e9tica. Tema 5: Ondas. El sonido. Tema 5: Ondas electromagn\u00e9ticas. Tema 7: \u00f3ptica geom\u00e9trica.&#46;&#46;&#46;<\/p>\n","protected":false},"author":14062,"featured_media":0,"parent":0,"menu_order":0,"comment_status":"closed","ping_status":"closed","template":"","meta":{"ngg_post_thumbnail":0,"footnotes":""},"aioseo_notices":[],"_links":{"self":[{"href":"https:\/\/blogsaverroes.juntadeandalucia.es\/miblogfisicayquimica\/wp-json\/wp\/v2\/pages\/124"}],"collection":[{"href":"https:\/\/blogsaverroes.juntadeandalucia.es\/miblogfisicayquimica\/wp-json\/wp\/v2\/pages"}],"about":[{"href":"https:\/\/blogsaverroes.juntadeandalucia.es\/miblogfisicayquimica\/wp-json\/wp\/v2\/types\/page"}],"author":[{"embeddable":true,"href":"https:\/\/blogsaverroes.juntadeandalucia.es\/miblogfisicayquimica\/wp-json\/wp\/v2\/users\/14062"}],"replies":[{"embeddable":true,"href":"https:\/\/blogsaverroes.juntadeandalucia.es\/miblogfisicayquimica\/wp-json\/wp\/v2\/comments?post=124"}],"version-history":[{"count":8,"href":"https:\/\/blogsaverroes.juntadeandalucia.es\/miblogfisicayquimica\/wp-json\/wp\/v2\/pages\/124\/revisions"}],"predecessor-version":[{"id":218,"href":"https:\/\/blogsaverroes.juntadeandalucia.es\/miblogfisicayquimica\/wp-json\/wp\/v2\/pages\/124\/revisions\/218"}],"wp:attachment":[{"href":"https:\/\/blogsaverroes.juntadeandalucia.es\/miblogfisicayquimica\/wp-json\/wp\/v2\/media?parent=124"}],"curies":[{"name":"wp","href":"https:\/\/api.w.org\/{rel}","templated":true}]}}