{"id":45,"date":"2021-11-28T13:09:05","date_gmt":"2021-11-28T13:09:05","guid":{"rendered":"https:\/\/blogsaverroes.juntadeandalucia.es\/miblogfisicayquimica\/?page_id=45"},"modified":"2021-12-01T10:22:52","modified_gmt":"2021-12-01T10:22:52","slug":"inicio","status":"publish","type":"page","link":"https:\/\/blogsaverroes.juntadeandalucia.es\/miblogfisicayquimica\/inicio\/","title":{"rendered":"Inicio"},"content":{"rendered":"<h3 class=\"label style-scope ytcp-video-info\">Efectos del campo magn\u00e9tico sobre una radiaci\u00f3n. Espectro&nbsp; de emisi\u00f3n. Electroqu\u00edmica.<\/h3>\n<div style=\"width: 1092px;\" class=\"wp-video\"><!--[if lt IE 9]><script>document.createElement('video');<\/script><![endif]-->\n<video class=\"wp-video-shortcode\" id=\"video-45-1\" width=\"1092\" height=\"614\" preload=\"metadata\" controls=\"controls\"><source type=\"video\/mp4\" src=\"https:\/\/blogsaverroes.juntadeandalucia.es\/miblogfisicayquimica\/files\/2021\/11\/Presentaci\u00f3n2.mp4?_=1\" \/><a href=\"https:\/\/blogsaverroes.juntadeandalucia.es\/miblogfisicayquimica\/files\/2021\/11\/Presentaci\u00f3n2.mp4\">https:\/\/blogsaverroes.juntadeandalucia.es\/miblogfisicayquimica\/files\/2021\/11\/Presentaci\u00f3n2.mp4<\/a><\/video><\/div>\n","protected":false},"excerpt":{"rendered":"<p>Efectos del campo magn\u00e9tico sobre una radiaci\u00f3n. Espectro&nbsp; de emisi\u00f3n. Electroqu\u00edmica.<\/p>\n","protected":false},"author":14062,"featured_media":0,"parent":0,"menu_order":0,"comment_status":"closed","ping_status":"closed","template":"","meta":{"ngg_post_thumbnail":0,"footnotes":""},"aioseo_notices":[],"_links":{"self":[{"href":"https:\/\/blogsaverroes.juntadeandalucia.es\/miblogfisicayquimica\/wp-json\/wp\/v2\/pages\/45"}],"collection":[{"href":"https:\/\/blogsaverroes.juntadeandalucia.es\/miblogfisicayquimica\/wp-json\/wp\/v2\/pages"}],"about":[{"href":"https:\/\/blogsaverroes.juntadeandalucia.es\/miblogfisicayquimica\/wp-json\/wp\/v2\/types\/page"}],"author":[{"embeddable":true,"href":"https:\/\/blogsaverroes.juntadeandalucia.es\/miblogfisicayquimica\/wp-json\/wp\/v2\/users\/14062"}],"replies":[{"embeddable":true,"href":"https:\/\/blogsaverroes.juntadeandalucia.es\/miblogfisicayquimica\/wp-json\/wp\/v2\/comments?post=45"}],"version-history":[{"count":4,"href":"https:\/\/blogsaverroes.juntadeandalucia.es\/miblogfisicayquimica\/wp-json\/wp\/v2\/pages\/45\/revisions"}],"predecessor-version":[{"id":153,"href":"https:\/\/blogsaverroes.juntadeandalucia.es\/miblogfisicayquimica\/wp-json\/wp\/v2\/pages\/45\/revisions\/153"}],"wp:attachment":[{"href":"https:\/\/blogsaverroes.juntadeandalucia.es\/miblogfisicayquimica\/wp-json\/wp\/v2\/media?parent=45"}],"curies":[{"name":"wp","href":"https:\/\/api.w.org\/{rel}","templated":true}]}}