{"id":2,"date":"2025-01-23T14:46:34","date_gmt":"2025-01-23T13:46:34","guid":{"rendered":"https:\/\/blogsaverroes.juntadeandalucia.es\/miclasedeele\/?page_id=2"},"modified":"2025-01-28T13:54:09","modified_gmt":"2025-01-28T12:54:09","slug":"pagina-ejemplo","status":"publish","type":"page","link":"https:\/\/blogsaverroes.juntadeandalucia.es\/miclasedeele\/pagina-ejemplo\/","title":{"rendered":"Halloween&#8230; en clase de ELE"},"content":{"rendered":"<p>En clase de Espa\u00f1ol Lengua Extranjera no s\u00f3lo se ense\u00f1a un idioma sino que tambi\u00e9n las costumbres de la sociedad en la que se habla el idioma, Halloween es una fiesta anglosajona adoptada por los profesores de lengua inglesa, se celebra la v\u00edspera de Todos los Santos, tiempo del a\u00f1o dedicado a recordar a los muertos, esta tradici\u00f3n se ha incrustado en nuestro centro y por eso proponemos una actividad de Espa\u00f1ol Lengua Extranjera para acercar nuestra actividad a la festividad del primero de noviembre.<\/p>\n<div style=\"width: 1080px;\" class=\"wp-video\"><!--[if lt IE 9]><script>document.createElement('video');<\/script><![endif]-->\n<video class=\"wp-video-shortcode\" id=\"video-2-1\" width=\"1080\" height=\"1080\" preload=\"metadata\" controls=\"controls\"><source type=\"video\/mp4\" src=\"https:\/\/blogsaverroes.juntadeandalucia.es\/miclasedeele\/files\/2025\/01\/truco-o-trato.mp4?_=1\" \/><a href=\"https:\/\/blogsaverroes.juntadeandalucia.es\/miclasedeele\/files\/2025\/01\/truco-o-trato.mp4\">https:\/\/blogsaverroes.juntadeandalucia.es\/miclasedeele\/files\/2025\/01\/truco-o-trato.mp4<\/a><\/video><\/div>\n<p><img loading=\"lazy\" decoding=\"async\" class=\"alignnone size-medium wp-image-40\" src=\"https:\/\/blogsaverroes.juntadeandalucia.es\/miclasedeele\/files\/2025\/01\/bruja-212x300.png\" alt=\"\" width=\"212\" height=\"300\" srcset=\"https:\/\/blogsaverroes.juntadeandalucia.es\/miclasedeele\/files\/2025\/01\/bruja-212x300.png 212w, https:\/\/blogsaverroes.juntadeandalucia.es\/miclasedeele\/files\/2025\/01\/bruja-724x1024.png 724w, https:\/\/blogsaverroes.juntadeandalucia.es\/miclasedeele\/files\/2025\/01\/bruja-768x1086.png 768w, https:\/\/blogsaverroes.juntadeandalucia.es\/miclasedeele\/files\/2025\/01\/bruja-1086x1536.png 1086w, https:\/\/blogsaverroes.juntadeandalucia.es\/miclasedeele\/files\/2025\/01\/bruja.png 1414w\" sizes=\"(max-width: 212px) 100vw, 212px\" \/> <img loading=\"lazy\" decoding=\"async\" class=\"alignnone size-medium wp-image-41\" src=\"https:\/\/blogsaverroes.juntadeandalucia.es\/miclasedeele\/files\/2025\/01\/1-212x300.png\" alt=\"\" width=\"212\" height=\"300\" srcset=\"https:\/\/blogsaverroes.juntadeandalucia.es\/miclasedeele\/files\/2025\/01\/1-212x300.png 212w, https:\/\/blogsaverroes.juntadeandalucia.es\/miclasedeele\/files\/2025\/01\/1-724x1024.png 724w, https:\/\/blogsaverroes.juntadeandalucia.es\/miclasedeele\/files\/2025\/01\/1-768x1086.png 768w, https:\/\/blogsaverroes.juntadeandalucia.es\/miclasedeele\/files\/2025\/01\/1-1086x1536.png 1086w, https:\/\/blogsaverroes.juntadeandalucia.es\/miclasedeele\/files\/2025\/01\/1.png 1414w\" sizes=\"(max-width: 212px) 100vw, 212px\" \/><\/p>\n","protected":false},"excerpt":{"rendered":"<p>En clase de Espa\u00f1ol Lengua Extranjera no s\u00f3lo se ense\u00f1a un idioma sino que tambi\u00e9n las costumbres de la sociedad en la que se habla el idioma, Halloween es una fiesta anglosajona adoptada por&#46;&#46;&#46;<\/p>\n","protected":false},"author":19753,"featured_media":0,"parent":0,"menu_order":0,"comment_status":"closed","ping_status":"open","template":"","meta":{"footnotes":""},"aioseo_notices":[],"_links":{"self":[{"href":"https:\/\/blogsaverroes.juntadeandalucia.es\/miclasedeele\/wp-json\/wp\/v2\/pages\/2"}],"collection":[{"href":"https:\/\/blogsaverroes.juntadeandalucia.es\/miclasedeele\/wp-json\/wp\/v2\/pages"}],"about":[{"href":"https:\/\/blogsaverroes.juntadeandalucia.es\/miclasedeele\/wp-json\/wp\/v2\/types\/page"}],"author":[{"embeddable":true,"href":"https:\/\/blogsaverroes.juntadeandalucia.es\/miclasedeele\/wp-json\/wp\/v2\/users\/19753"}],"replies":[{"embeddable":true,"href":"https:\/\/blogsaverroes.juntadeandalucia.es\/miclasedeele\/wp-json\/wp\/v2\/comments?post=2"}],"version-history":[{"count":3,"href":"https:\/\/blogsaverroes.juntadeandalucia.es\/miclasedeele\/wp-json\/wp\/v2\/pages\/2\/revisions"}],"predecessor-version":[{"id":42,"href":"https:\/\/blogsaverroes.juntadeandalucia.es\/miclasedeele\/wp-json\/wp\/v2\/pages\/2\/revisions\/42"}],"wp:attachment":[{"href":"https:\/\/blogsaverroes.juntadeandalucia.es\/miclasedeele\/wp-json\/wp\/v2\/media?parent=2"}],"curies":[{"name":"wp","href":"https:\/\/api.w.org\/{rel}","templated":true}]}}