{"id":35,"date":"2015-03-13T08:21:43","date_gmt":"2015-03-13T08:21:43","guid":{"rendered":"http:\/\/blogsaverroes.juntadeandalucia.es\/pre\/ceip\/?page_id=35"},"modified":"2025-01-16T12:29:18","modified_gmt":"2025-01-16T12:29:18","slug":"el-centro-2","status":"publish","type":"page","link":"https:\/\/blogsaverroes.juntadeandalucia.es\/micoleceipzawiya\/el-centro-2\/","title":{"rendered":"Datos del centro"},"content":{"rendered":"<p><iframe loading=\"lazy\" src=\"https:\/\/www.google.com\/maps\/embed?pb=!1m18!1m12!1m3!1d3164.6309381278625!2d-6.270030884750097!3d37.51662177980736!2m3!1f0!2f0!3f0!3m2!1i1024!2i768!4f13.1!3m3!1m2!1s0xd1223052ce21d45%3A0x9bf86cbb53ea9068!2sColegio%20P%C3%BAblico%20Zawiya!5e0!3m2!1ses!2ses!4v1603822300077!5m2!1ses!2ses\" width=\"600\" height=\"450\" frameborder=\"0\"><\/iframe><\/p>\n<h4>Datos de contacto<\/h4>\n<div>CEIP Zawiya<\/div>\n<p><strong>Direcci\u00f3n:<\/strong>&nbsp;&nbsp;C\/ Zarza, 1. &nbsp;&nbsp;C.P.: 41870, Aznalc\u00f3llar (Sevilla)<\/p>\n<p><strong>Tel\u00e9fono:<\/strong> 671538637<br \/>\n<strong>Email:<\/strong> <a href=\"mailto:41602582.edu@juntadeandalucia.es\">41602582.edu@juntadeandalucia.es<\/a><\/p>\n<h4><strong>Horarios<\/strong><\/h4>\n<p>Horario de apertura del centro: aula matinal, actividades lectivas, Plan de Acompa\u00f1amiento, talleres extraescolares organizados desde el AMPA, etc.<\/p>\n<p>Adem\u00e1s, durante es te curso y con car\u00e1cter general, los martes por la tarde se atender\u00e1 a las familias en tutor\u00edas de forma telem\u00e1tica. No obstante, si alguna familia solicita una tutor\u00eda de forma presencial, ser\u00e1 la direcci\u00f3n qui\u00e9n valore su adecuaci\u00f3n, previa valoraci\u00f3n de las circunstancias de dicha familia.<\/p>\n<table style=\"border-collapse: collapse;width: 99.7439%;height: 120px\">\n<tbody>\n<tr style=\"height: 24px\">\n<td style=\"width: 33.333333333333336%;text-align: center;height: 24px\"><span style=\"color: #3366ff\"><strong>Servicio<\/strong><\/span><\/td>\n<td style=\"width: 33.333333333333336%;text-align: center;height: 24px\"><span style=\"color: #3366ff\"><strong>Hora apertura<\/strong><\/span><\/td>\n<td style=\"width: 33.333333333333336%;text-align: center;height: 24px\"><span style=\"color: #3366ff\"><strong>Hora cierre<\/strong><\/span><\/td>\n<\/tr>\n<tr style=\"height: 24px\">\n<td style=\"width: 33.333333333333336%;height: 24px\"><span style=\"color: #800080\"><strong>HORARIO LECTIVO<\/strong><\/span><\/td>\n<td style=\"width: 33.333333333333336%;height: 24px;text-align: center\">09:00&nbsp;<\/td>\n<td style=\"width: 33.333333333333336%;height: 24px;text-align: center\">14:00<\/td>\n<\/tr>\n<tr style=\"height: 24px\">\n<td style=\"width: 33.333333333333336%;height: 24px\"><span style=\"color: #800080\"><strong>AULA MATINAL<\/strong><\/span><\/td>\n<td style=\"width: 33.333333333333336%;height: 24px;text-align: center\">07:30<\/td>\n<td style=\"width: 33.333333333333336%;height: 24px;text-align: center\">09:00<\/td>\n<\/tr>\n<tr style=\"height: 24px\">\n<td style=\"width: 33.333333333333336%;height: 24px\"><span style=\"color: #800080\"><strong>COMEDOR<\/strong><\/span><\/td>\n<td style=\"width: 33.333333333333336%;height: 24px;text-align: center\">14:00<\/td>\n<td style=\"width: 33.333333333333336%;height: 24px;text-align: center\">16:00<\/td>\n<\/tr>\n<tr style=\"height: 24px\">\n<td style=\"width: 33.333333333333336%;height: 24px\"><span style=\"color: #800080\"><strong>ACOMPA\u00d1AMIENTO (Lunes y Mi\u00e9rcoles)<\/strong><\/span><\/td>\n<td style=\"width: 33.333333333333336%;height: 24px;text-align: center\">16:00-18:00<\/td>\n<td style=\"width: 33.333333333333336%;height: 24px;text-align: center\">16:00-18:00<\/td>\n<\/tr>\n<\/tbody>\n<\/table>\n<p>&nbsp;<\/p>\n","protected":false},"excerpt":{"rendered":"<p>Datos de contacto CEIP Zawiya Direcci\u00f3n:&nbsp;&nbsp;C\/ Zarza, 1. &nbsp;&nbsp;C.P.: 41870, Aznalc\u00f3llar (Sevilla) Tel\u00e9fono: 671538637 Email: 41602582.edu@juntadeandalucia.es Horarios Horario de apertura del centro: aula matinal, actividades lectivas, Plan de Acompa\u00f1amiento, talleres extraescolares organizados desde el&#46;&#46;&#46;<\/p>\n","protected":false},"author":1,"featured_media":0,"parent":0,"menu_order":0,"comment_status":"closed","ping_status":"open","template":"page-cs.php","meta":{"ngg_post_thumbnail":0,"footnotes":"","_mc_calendar":[]},"aioseo_notices":[],"_links":{"self":[{"href":"https:\/\/blogsaverroes.juntadeandalucia.es\/micoleceipzawiya\/wp-json\/wp\/v2\/pages\/35"}],"collection":[{"href":"https:\/\/blogsaverroes.juntadeandalucia.es\/micoleceipzawiya\/wp-json\/wp\/v2\/pages"}],"about":[{"href":"https:\/\/blogsaverroes.juntadeandalucia.es\/micoleceipzawiya\/wp-json\/wp\/v2\/types\/page"}],"author":[{"embeddable":true,"href":"https:\/\/blogsaverroes.juntadeandalucia.es\/micoleceipzawiya\/wp-json\/wp\/v2\/users\/1"}],"replies":[{"embeddable":true,"href":"https:\/\/blogsaverroes.juntadeandalucia.es\/micoleceipzawiya\/wp-json\/wp\/v2\/comments?post=35"}],"version-history":[{"count":27,"href":"https:\/\/blogsaverroes.juntadeandalucia.es\/micoleceipzawiya\/wp-json\/wp\/v2\/pages\/35\/revisions"}],"predecessor-version":[{"id":2413,"href":"https:\/\/blogsaverroes.juntadeandalucia.es\/micoleceipzawiya\/wp-json\/wp\/v2\/pages\/35\/revisions\/2413"}],"wp:attachment":[{"href":"https:\/\/blogsaverroes.juntadeandalucia.es\/micoleceipzawiya\/wp-json\/wp\/v2\/media?parent=35"}],"curies":[{"name":"wp","href":"https:\/\/api.w.org\/{rel}","templated":true}]}}