{"id":44,"date":"2015-03-13T08:42:15","date_gmt":"2015-03-13T08:42:15","guid":{"rendered":"http:\/\/blogsaverroes.juntadeandalucia.es\/pre\/ceip\/?page_id=44"},"modified":"2024-12-03T13:01:24","modified_gmt":"2024-12-03T13:01:24","slug":"planes-y-proyectos","status":"publish","type":"page","link":"https:\/\/blogsaverroes.juntadeandalucia.es\/micoleceipzawiya\/planes-y-proyectos\/","title":{"rendered":"Planes y Programas"},"content":{"rendered":"<p><strong><img loading=\"lazy\" decoding=\"async\" class=\"size-medium wp-image-1667 aligncenter\" src=\"https:\/\/blogsaverroes.juntadeandalucia.es\/micoleceipzawiya\/files\/2015\/03\/planes-300x150.png\" alt=\"planes\" width=\"300\" height=\"150\" srcset=\"https:\/\/blogsaverroes.juntadeandalucia.es\/micoleceipzawiya\/files\/2015\/03\/planes-300x150.png 300w, https:\/\/blogsaverroes.juntadeandalucia.es\/micoleceipzawiya\/files\/2015\/03\/planes.png 640w\" sizes=\"(max-width: 300px) 100vw, 300px\" \/><\/strong><\/p>\n<p>Cada centro personaliza y adapta su Proyecto Educativo adhiri\u00e9ndose a diferentes <strong>Planes y Programas<\/strong> promovidos desde la Consejer\u00eda de Educaci\u00f3n, Cultura y Deporte.<\/p>\n<p>Este apartado recoger\u00e1 la descripci\u00f3n, finalidades, actividades, etc. de estos Planes y Programas desarrollados por el centro. A continuaci\u00f3n se muestran los coordinadores y los planes de actuaci\u00f3n de estos planes y proyectos.<\/p>\n<p>&nbsp;<\/p>\n<p>&nbsp; &nbsp; &nbsp; &nbsp; &nbsp; &nbsp; &nbsp; &nbsp; &nbsp; &nbsp; &nbsp; &nbsp; &nbsp; &nbsp; &nbsp; &nbsp; &nbsp;<strong> CURSO 2024 &#8211; 2025<\/strong><\/p>\n<ul>\n<li><strong>Plan de apertura. (Luis Miguel Garc\u00eda Mart\u00ednez)<\/strong><\/li>\n<li><strong>Plan de Lectura y Biblioteca (M\u00aa \u00c1ngeles Infantes Ortiz)<\/strong><\/li>\n<li><strong>Proyecto Biling\u00fce (Diego Cot\u00e1n Torres)<\/strong><\/li>\n<li><strong>Escuela Espacio de Paz Curso (Beatriz Garc\u00eda Ojeda)<\/strong><\/li>\n<li><strong>Programa CIMA (\u00c1gueda Gonz\u00e1lez Cabrera y Almudena Urbano G\u00e1lvez)<\/strong><\/li>\n<li><strong>Proa + Transf\u00f3rmate (Roc\u00edo Campos P\u00e9rez )<\/strong><\/li>\n<li><strong>Plan de Igualdad: (Rosal\u00eda Corro Mor\u00f3n)<\/strong><\/li>\n<\/ul>\n","protected":false},"excerpt":{"rendered":"<p>Cada centro personaliza y adapta su Proyecto Educativo adhiri\u00e9ndose a diferentes Planes y Programas promovidos desde la Consejer\u00eda de Educaci\u00f3n, Cultura y Deporte. Este apartado recoger\u00e1 la descripci\u00f3n, finalidades, actividades, etc. de estos Planes&#46;&#46;&#46;<\/p>\n","protected":false},"author":1,"featured_media":0,"parent":0,"menu_order":0,"comment_status":"closed","ping_status":"closed","template":"page-cs.php","meta":{"ngg_post_thumbnail":0,"footnotes":"","_mc_calendar":[]},"aioseo_notices":[],"_links":{"self":[{"href":"https:\/\/blogsaverroes.juntadeandalucia.es\/micoleceipzawiya\/wp-json\/wp\/v2\/pages\/44"}],"collection":[{"href":"https:\/\/blogsaverroes.juntadeandalucia.es\/micoleceipzawiya\/wp-json\/wp\/v2\/pages"}],"about":[{"href":"https:\/\/blogsaverroes.juntadeandalucia.es\/micoleceipzawiya\/wp-json\/wp\/v2\/types\/page"}],"author":[{"embeddable":true,"href":"https:\/\/blogsaverroes.juntadeandalucia.es\/micoleceipzawiya\/wp-json\/wp\/v2\/users\/1"}],"replies":[{"embeddable":true,"href":"https:\/\/blogsaverroes.juntadeandalucia.es\/micoleceipzawiya\/wp-json\/wp\/v2\/comments?post=44"}],"version-history":[{"count":12,"href":"https:\/\/blogsaverroes.juntadeandalucia.es\/micoleceipzawiya\/wp-json\/wp\/v2\/pages\/44\/revisions"}],"predecessor-version":[{"id":2401,"href":"https:\/\/blogsaverroes.juntadeandalucia.es\/micoleceipzawiya\/wp-json\/wp\/v2\/pages\/44\/revisions\/2401"}],"wp:attachment":[{"href":"https:\/\/blogsaverroes.juntadeandalucia.es\/micoleceipzawiya\/wp-json\/wp\/v2\/media?parent=44"}],"curies":[{"name":"wp","href":"https:\/\/api.w.org\/{rel}","templated":true}]}}