{"id":185,"date":"2021-04-03T20:51:27","date_gmt":"2021-04-03T20:51:27","guid":{"rendered":"https:\/\/blogsaverroes.juntadeandalucia.es\/micolegioceipandresmartinezdeleon\/?page_id=185"},"modified":"2021-04-04T09:56:14","modified_gmt":"2021-04-04T09:56:14","slug":"centro","status":"publish","type":"page","link":"https:\/\/blogsaverroes.juntadeandalucia.es\/micolegioceipandresmartinezdeleon\/centro\/","title":{"rendered":"CENTRO"},"content":{"rendered":"<h4><span style=\"font-size: 24pt;color: #339966\">DATOS DE CONTACTO<\/span><\/h4>\n<p><span style=\"font-size: 24pt\">CEIP ANDR\u00c9S MART\u00cdNEZ DE LE\u00d3N<\/span><\/p>\n<p><span style=\"font-size: 24pt\"><strong>Direcci\u00f3n:<\/strong>&nbsp;&nbsp;<a href=\"https:\/\/www.google.es\/maps\/place\/Colegio+P%C3%BAblico+Andr%C3%A9s+Mart%C3%ADnez+De+Le%C3%B3n\/@37.2895027,-6.067344,17z\/data=!3m1!4b1!4m5!3m4!1s0xd120d8129a37a27:0x935c35d7dd343f78!8m2!3d37.2895027!4d-6.0651553\">CALLE MANZANILLA,2. CORIA DEL RIO. 41100 SEVILLA<\/a><\/span><\/p>\n<p><span style=\"font-size: 24pt\"><strong>Tel\u00e9fono:&nbsp;<\/strong>955622236<\/span><\/p>\n<p><span style=\"font-size: 24pt\"><strong>Email:<\/strong>&nbsp;41011488.edu@juntadeandaluc\u00eda.es<\/span><\/p>\n<p><span style=\"font-size: 24pt;color: #339966\"><strong>HORARIOS:<\/strong><\/span><\/p>\n<p><span style=\"font-size: 24pt\">HORARIO DEL CENTRO: DE 9:00 A 14:00<\/span><\/p>\n<p><span style=\"font-size: 24pt\">HORARIO AULA MATINAL:<\/span><\/p>\n<p><span style=\"font-size: 24pt\">HORARIO COMEDOR: De 14:00 a 16:00<\/span><\/p>\n<p><span style=\"font-size: 24pt\">HORARIO DE SECRETAR\u00cdA:<\/span><\/p>\n<p><span style=\"font-size: 24pt\">HORARIO AMPA<\/span><\/p>\n<h4><span style=\"font-size: 24pt\"><strong><span style=\"color: #339966\">Oferta educativa&nbsp;<\/span>&nbsp;<\/strong><\/span><\/h4>\n<p><span style=\"font-size: 24pt\"><a href=\"https:\/\/blogsaverroes.juntadeandalucia.es\/ceipandresmartinezdeleoncoriadelriosevilla\/educacion-infantil\/\">Educaci\u00f3n infantil de 3 a 5 a\u00f1os<\/a><\/span><\/p>\n<p><span style=\"font-size: 24pt\">Educaci\u00f3n Primaria<\/span><\/p>\n<p><span style=\"font-size: 24pt\">Educaci\u00f3n B\u00e1sica Especial. Educaci\u00f3n especial apoyo a la integraci\u00f3n.<\/span><\/p>\n<p><span style=\"font-size: 24pt;color: #339966\"><strong>SERVICIOS COMPLEMENTARIOS<\/strong><\/span><\/p>\n<ul>\n<li><span style=\"font-size: 24pt\">Plan de apertura. Actividades extraescolares<\/span><\/li>\n<li><span style=\"font-size: 24pt\">Plan de apertura. Aula matinal<\/span><\/li>\n<li><span style=\"font-size: 24pt\">Plan de apertura. Comedor<\/span><\/li>\n<\/ul>\n<p><span style=\"font-size: 24pt;color: #339966\"><strong>ADCRIPCIONES<\/strong><\/span><\/p>\n<ul>\n<li><span style=\"font-size: 24pt\">1\u00ba curso de E.S.O.<\/span><br \/>\n<span style=\"font-size: 24pt\">(41001461)&nbsp; &nbsp; I.E.S.&nbsp;Rodrigo Caro &nbsp; 30%<\/span><\/li>\n<li><span style=\"font-size: 24pt\">&nbsp;1\u00ba curso de E.S.O.<\/span><br \/>\n<span style=\"font-size: 24pt\">(41701596)&nbsp; &nbsp; I.E.S.&nbsp;San Jos\u00e9 &nbsp; 70%<\/span><\/li>\n<\/ul>\n<p><span style=\"font-size: 24pt;color: #339966\"><strong>CONSEJER\u00cdA DE EDUCACI\u00d3N<\/strong><\/span><\/p>\n<h4><span style=\"font-size: 24pt\">Datos de contacto<\/span><\/h4>\n<p><span style=\"font-size: 24pt\">Consejer\u00eda de Educaci\u00f3n. Servicio de Innovaci\u00f3n Educativa<\/span><\/p>\n<p><span style=\"font-size: 24pt\"><strong>Direcci\u00f3n:<\/strong>&nbsp;&nbsp;<a href=\"https:\/\/www.google.com\/maps\/place\/Torre+Triana,+41092+Sevilla\/@37.3936566,-6.0137916,17z\/data=!4m5!3m4!1s0xd126c71101254f7:0xdeb704135d40ae4b!8m2!3d37.3936566!4d-6.0116029\">Calle Juan Antonio de Vizarr\u00f3n s\/n. Edif.&nbsp;<em>Torretriana<\/em>, Isla de la Cartuja 41092 Sevilla<\/a><\/span><\/p>\n<p><span style=\"font-size: 24pt\"><strong>Email:<\/strong>&nbsp;innovacion.ced@juntadeandalucia.es<\/span><\/p>\n","protected":false},"excerpt":{"rendered":"<p>DATOS DE CONTACTO CEIP ANDR\u00c9S MART\u00cdNEZ DE LE\u00d3N Direcci\u00f3n:&nbsp;&nbsp;CALLE MANZANILLA,2. CORIA DEL RIO. 41100 SEVILLA Tel\u00e9fono:&nbsp;955622236 Email:&nbsp;41011488.edu@juntadeandaluc\u00eda.es HORARIOS: HORARIO DEL CENTRO: DE 9:00 A 14:00 HORARIO AULA MATINAL: HORARIO COMEDOR: De 14:00 a 16:00 HORARIO DE SECRETAR\u00cdA: HORARIO AMPA Oferta educativa&nbsp;&nbsp; Educaci\u00f3n infantil de 3 a 5 a\u00f1os Educaci\u00f3n Primaria Educaci\u00f3n B\u00e1sica Especial. Educaci\u00f3n especial &hellip; <\/p>\n<p class=\"link-more\"><a href=\"https:\/\/blogsaverroes.juntadeandalucia.es\/micolegioceipandresmartinezdeleon\/centro\/\" class=\"more-link\">Continuar leyendo<span class=\"screen-reader-text\"> \u00abCENTRO\u00bb<\/span><\/a><\/p>\n","protected":false},"author":10914,"featured_media":0,"parent":0,"menu_order":0,"comment_status":"closed","ping_status":"closed","template":"","meta":{"ngg_post_thumbnail":0,"footnotes":""},"aioseo_notices":[],"_links":{"self":[{"href":"https:\/\/blogsaverroes.juntadeandalucia.es\/micolegioceipandresmartinezdeleon\/wp-json\/wp\/v2\/pages\/185"}],"collection":[{"href":"https:\/\/blogsaverroes.juntadeandalucia.es\/micolegioceipandresmartinezdeleon\/wp-json\/wp\/v2\/pages"}],"about":[{"href":"https:\/\/blogsaverroes.juntadeandalucia.es\/micolegioceipandresmartinezdeleon\/wp-json\/wp\/v2\/types\/page"}],"author":[{"embeddable":true,"href":"https:\/\/blogsaverroes.juntadeandalucia.es\/micolegioceipandresmartinezdeleon\/wp-json\/wp\/v2\/users\/10914"}],"replies":[{"embeddable":true,"href":"https:\/\/blogsaverroes.juntadeandalucia.es\/micolegioceipandresmartinezdeleon\/wp-json\/wp\/v2\/comments?post=185"}],"version-history":[{"count":5,"href":"https:\/\/blogsaverroes.juntadeandalucia.es\/micolegioceipandresmartinezdeleon\/wp-json\/wp\/v2\/pages\/185\/revisions"}],"predecessor-version":[{"id":283,"href":"https:\/\/blogsaverroes.juntadeandalucia.es\/micolegioceipandresmartinezdeleon\/wp-json\/wp\/v2\/pages\/185\/revisions\/283"}],"wp:attachment":[{"href":"https:\/\/blogsaverroes.juntadeandalucia.es\/micolegioceipandresmartinezdeleon\/wp-json\/wp\/v2\/media?parent=185"}],"curies":[{"name":"wp","href":"https:\/\/api.w.org\/{rel}","templated":true}]}}