{"id":220,"date":"2021-04-03T22:15:56","date_gmt":"2021-04-03T22:15:56","guid":{"rendered":"https:\/\/blogsaverroes.juntadeandalucia.es\/micolegioceipandresmartinezdeleon\/?page_id=220"},"modified":"2021-04-04T10:25:12","modified_gmt":"2021-04-04T10:25:12","slug":"direccion-2","status":"publish","type":"page","link":"https:\/\/blogsaverroes.juntadeandalucia.es\/micolegioceipandresmartinezdeleon\/direccion-2\/","title":{"rendered":"HORARIO DE DIRECCI\u00d3N"},"content":{"rendered":"<p><span style=\"font-size: 24pt;color: #339966\">HORARIO DE ATENCI\u00d3N A PADRES:<\/span><\/p>\n<p><span style=\"font-size: 24pt\">MARTES Y JUEVES DE 9:00 A 10:00<\/span><\/p>\n<p><span style=\"font-size: 24pt\">MEDIANTE CITA PREVIA:<\/span><\/p>\n<p><span style=\"font-size: 24pt\">TEL\u00c9FONO: 955622236<\/span><\/p>\n<p><span style=\"font-size: 24pt\">CORREO ELECTR\u00d3NICO: 41011488.edu@juntadeandalucia.es<\/span><\/p>\n","protected":false},"excerpt":{"rendered":"<p>HORARIO DE ATENCI\u00d3N A PADRES: MARTES Y JUEVES DE 9:00 A 10:00 MEDIANTE CITA PREVIA: TEL\u00c9FONO: 955622236 CORREO ELECTR\u00d3NICO: 41011488.edu@juntadeandalucia.es<\/p>\n","protected":false},"author":10914,"featured_media":0,"parent":0,"menu_order":0,"comment_status":"closed","ping_status":"closed","template":"","meta":{"ngg_post_thumbnail":0,"footnotes":""},"aioseo_notices":[],"_links":{"self":[{"href":"https:\/\/blogsaverroes.juntadeandalucia.es\/micolegioceipandresmartinezdeleon\/wp-json\/wp\/v2\/pages\/220"}],"collection":[{"href":"https:\/\/blogsaverroes.juntadeandalucia.es\/micolegioceipandresmartinezdeleon\/wp-json\/wp\/v2\/pages"}],"about":[{"href":"https:\/\/blogsaverroes.juntadeandalucia.es\/micolegioceipandresmartinezdeleon\/wp-json\/wp\/v2\/types\/page"}],"author":[{"embeddable":true,"href":"https:\/\/blogsaverroes.juntadeandalucia.es\/micolegioceipandresmartinezdeleon\/wp-json\/wp\/v2\/users\/10914"}],"replies":[{"embeddable":true,"href":"https:\/\/blogsaverroes.juntadeandalucia.es\/micolegioceipandresmartinezdeleon\/wp-json\/wp\/v2\/comments?post=220"}],"version-history":[{"count":4,"href":"https:\/\/blogsaverroes.juntadeandalucia.es\/micolegioceipandresmartinezdeleon\/wp-json\/wp\/v2\/pages\/220\/revisions"}],"predecessor-version":[{"id":297,"href":"https:\/\/blogsaverroes.juntadeandalucia.es\/micolegioceipandresmartinezdeleon\/wp-json\/wp\/v2\/pages\/220\/revisions\/297"}],"wp:attachment":[{"href":"https:\/\/blogsaverroes.juntadeandalucia.es\/micolegioceipandresmartinezdeleon\/wp-json\/wp\/v2\/media?parent=220"}],"curies":[{"name":"wp","href":"https:\/\/api.w.org\/{rel}","templated":true}]}}