{"id":77,"date":"2015-03-16T06:54:56","date_gmt":"2015-03-16T06:54:56","guid":{"rendered":"http:\/\/blogsaverroes.juntadeandalucia.es\/pre\/ceip\/?page_id=77"},"modified":"2025-07-07T10:07:09","modified_gmt":"2025-07-07T09:07:09","slug":"secretaria","status":"publish","type":"page","link":"https:\/\/blogsaverroes.juntadeandalucia.es\/migueldecervantesfuengirola\/secretaria\/","title":{"rendered":"Secretar\u00eda"},"content":{"rendered":"<h1 style=\"text-align: center\"><span style=\"color: #800080\"><strong>TR\u00c1MITES&nbsp;SECRETAR\u00cdA<\/strong><\/span><\/h1>\n<p>&nbsp;<\/p>\n<h2 style=\"text-align: center;padding-left: 120px\"><span style=\"color: #3366ff\"><strong><a href=\"https:\/\/blogsaverroes.juntadeandalucia.es\/migueldecervantesfuengirola\/files\/2023\/02\/png-transparent-clerk-receptionist-adminstrative-assistant-s-reading-office-cartoon-thumbnail.png\"><img loading=\"lazy\" decoding=\"async\" class=\"wp-image-3196 alignright\" src=\"https:\/\/blogsaverroes.juntadeandalucia.es\/migueldecervantesfuengirola\/files\/2023\/02\/png-transparent-clerk-receptionist-adminstrative-assistant-s-reading-office-cartoon-thumbnail.png\" alt=\"\" width=\"134\" height=\"134\" srcset=\"https:\/\/blogsaverroes.juntadeandalucia.es\/migueldecervantesfuengirola\/files\/2023\/02\/png-transparent-clerk-receptionist-adminstrative-assistant-s-reading-office-cartoon-thumbnail.png 360w, https:\/\/blogsaverroes.juntadeandalucia.es\/migueldecervantesfuengirola\/files\/2023\/02\/png-transparent-clerk-receptionist-adminstrative-assistant-s-reading-office-cartoon-thumbnail-300x300.png 300w, https:\/\/blogsaverroes.juntadeandalucia.es\/migueldecervantesfuengirola\/files\/2023\/02\/png-transparent-clerk-receptionist-adminstrative-assistant-s-reading-office-cartoon-thumbnail-150x150.png 150w\" sizes=\"(max-width: 134px) 100vw, 134px\" \/><\/a> HORARIO DE SECRETAR\u00cdA<\/strong><\/span><\/h2>\n<h3 style=\"text-align: center;padding-left: 80px\">&nbsp; LUNES, MI\u00c9RCOLES Y VIERNES de<strong> 9:15&nbsp; a 13:00h<\/strong><\/h3>\n<h3 style=\"text-align: center;padding-left: 120px\"><span style=\"color: #3366ff\"><strong>HORARIO DE ATENCI\u00d3N ACTIVIDADES EXTRAESCOLARES<\/strong><\/span><\/h3>\n<h3 style=\"padding-left: 80px;text-align: center\">&nbsp; &nbsp; MARTES Y JUEVES de <strong>12:00 a 13:00 horas.&nbsp;<\/strong><\/h3>\n<h3 style=\"padding-left: 80px;text-align: left\">&nbsp; &nbsp; &nbsp; &nbsp; &nbsp; &nbsp; &nbsp; &nbsp; &nbsp; &nbsp; &nbsp; &nbsp; &nbsp; &nbsp; &nbsp; &nbsp; &nbsp; &nbsp; &nbsp; &nbsp; &nbsp; &nbsp; &nbsp; &nbsp; &nbsp; &nbsp; &nbsp; &nbsp; &nbsp; &nbsp; &nbsp; &nbsp; &nbsp; &nbsp; &nbsp; &nbsp; &nbsp; &nbsp; &nbsp;TEL\u00c9FONO DEL CENTRO: <strong>95<\/strong><strong>1<\/strong><strong>&nbsp;26<\/strong><strong>9<\/strong><strong>&nbsp;<\/strong><strong>566<\/strong><\/h3>\n<h3 style=\"padding-left: 80px;text-align: left\">&nbsp; &nbsp; &nbsp; &nbsp; &nbsp; &nbsp; &nbsp; &nbsp; &nbsp; &nbsp; &nbsp; &nbsp; &nbsp; &nbsp; &nbsp; &nbsp; &nbsp; &nbsp; &nbsp; &nbsp; &nbsp; &nbsp; &nbsp; &nbsp; &nbsp; &nbsp; &nbsp; &nbsp;CORREO ELECTR\u00d3NICO: <a href=\"mailto:29601574.edu@juntadeandalucia.es\">29601574.edu@juntadeandalucia.es<\/a><\/h3>\n<h3 style=\"text-align: center\"><strong>A la hora del recreo ,11:30 a 12:00h, no se atender\u00e1 a familias.<\/strong><\/h3>\n<h3 style=\"text-align: center\"><strong>Si necesitan recoger o traer al centro a su hijo\/a deber\u00e1n realizarlo antes o despu\u00e9s de esta franja horaria.<\/strong><\/h3>\n","protected":false},"excerpt":{"rendered":"<p>TR\u00c1MITES&nbsp;SECRETAR\u00cdA &nbsp; HORARIO DE SECRETAR\u00cdA &nbsp; LUNES, MI\u00c9RCOLES Y VIERNES de 9:15&nbsp; a 13:00h HORARIO DE ATENCI\u00d3N ACTIVIDADES EXTRAESCOLARES &nbsp; &nbsp; MARTES Y JUEVES de 12:00 a 13:00 horas.&nbsp; &nbsp; &nbsp; &nbsp; &nbsp; &nbsp;&#46;&#46;&#46;<\/p>\n","protected":false},"author":1,"featured_media":0,"parent":0,"menu_order":0,"comment_status":"closed","ping_status":"open","template":"","meta":{"ngg_post_thumbnail":0,"footnotes":"","_mc_calendar":[]},"aioseo_notices":[],"_links":{"self":[{"href":"https:\/\/blogsaverroes.juntadeandalucia.es\/migueldecervantesfuengirola\/wp-json\/wp\/v2\/pages\/77"}],"collection":[{"href":"https:\/\/blogsaverroes.juntadeandalucia.es\/migueldecervantesfuengirola\/wp-json\/wp\/v2\/pages"}],"about":[{"href":"https:\/\/blogsaverroes.juntadeandalucia.es\/migueldecervantesfuengirola\/wp-json\/wp\/v2\/types\/page"}],"author":[{"embeddable":true,"href":"https:\/\/blogsaverroes.juntadeandalucia.es\/migueldecervantesfuengirola\/wp-json\/wp\/v2\/users\/1"}],"replies":[{"embeddable":true,"href":"https:\/\/blogsaverroes.juntadeandalucia.es\/migueldecervantesfuengirola\/wp-json\/wp\/v2\/comments?post=77"}],"version-history":[{"count":21,"href":"https:\/\/blogsaverroes.juntadeandalucia.es\/migueldecervantesfuengirola\/wp-json\/wp\/v2\/pages\/77\/revisions"}],"predecessor-version":[{"id":3738,"href":"https:\/\/blogsaverroes.juntadeandalucia.es\/migueldecervantesfuengirola\/wp-json\/wp\/v2\/pages\/77\/revisions\/3738"}],"wp:attachment":[{"href":"https:\/\/blogsaverroes.juntadeandalucia.es\/migueldecervantesfuengirola\/wp-json\/wp\/v2\/media?parent=77"}],"curies":[{"name":"wp","href":"https:\/\/api.w.org\/{rel}","templated":true}]}}