{"id":23,"date":"2021-03-11T08:15:50","date_gmt":"2021-03-11T07:15:50","guid":{"rendered":"http:\/\/blogsaverroes.juntadeandalucia.es\/pre\/nuevoiesv2\/?page_id=23"},"modified":"2023-03-12T00:02:13","modified_gmt":"2023-03-11T23:02:13","slug":"primer-ciclo-de-primaria","status":"publish","type":"page","link":"https:\/\/blogsaverroes.juntadeandalucia.es\/miguelh\/primer-ciclo-de-primaria\/","title":{"rendered":"PRIMER CICLO DE PRIMARIA"},"content":{"rendered":"<p>[et_pb_section fb_built=&#8221;1&#8243; _builder_version=&#8221;4.5.0&#8243; custom_padding=&#8221;0px||0px|&#8221; z_index_tablet=&#8221;500&#8243; box_shadow_horizontal_tablet=&#8221;0px&#8221; box_shadow_vertical_tablet=&#8221;0px&#8221; box_shadow_blur_tablet=&#8221;40px&#8221; box_shadow_spread_tablet=&#8221;0px&#8221; global_colors_info=&#8221;{}&#8221;][et_pb_row _builder_version=&#8221;3.25&#8243; background_size=&#8221;initial&#8221; background_position=&#8221;top_left&#8221; background_repeat=&#8221;repeat&#8221; global_colors_info=&#8221;{}&#8221;][et_pb_column type=&#8221;4_4&#8243; _builder_version=&#8221;3.0.47&#8243; custom_padding=&#8221;|||&#8221; global_colors_info=&#8221;{}&#8221; custom_padding__hover=&#8221;|||&#8221;][et_pb_image src=&#8221;https:\/\/blogsaverroes.juntadeandalucia.es\/miguelh\/files\/2021\/03\/2_20210314_212310_0001.png&#8221; title_text=&#8221;2_20210314_212310_0001&#8243; src_tablet=&#8221;&#8221; src_phone=&#8221;&#8221; src_last_edited=&#8221;on|desktop&#8221; admin_label=&#8221;Imagen de la portada&#8221; _builder_version=&#8221;4.5.0&#8243; vertical_offset_tablet=&#8221;0&#8243; horizontal_offset_tablet=&#8221;0&#8243; z_index_tablet=&#8221;500&#8243; box_shadow_horizontal_tablet=&#8221;0px&#8221; box_shadow_vertical_tablet=&#8221;0px&#8221; box_shadow_blur_tablet=&#8221;40px&#8221; box_shadow_spread_tablet=&#8221;0px&#8221; global_colors_info=&#8221;{}&#8221;][\/et_pb_image][et_pb_text admin_label=&#8221;Texto descriptivo&#8221; _builder_version=&#8221;4.14.5&#8243; hover_enabled=&#8221;0&#8243; z_index_tablet=&#8221;500&#8243; text_text_shadow_horizontal_length_tablet=&#8221;0px&#8221; text_text_shadow_vertical_length_tablet=&#8221;0px&#8221; text_text_shadow_blur_strength_tablet=&#8221;1px&#8221; link_text_shadow_horizontal_length_tablet=&#8221;0px&#8221; link_text_shadow_vertical_length_tablet=&#8221;0px&#8221; link_text_shadow_blur_strength_tablet=&#8221;1px&#8221; ul_text_shadow_horizontal_length_tablet=&#8221;0px&#8221; ul_text_shadow_vertical_length_tablet=&#8221;0px&#8221; ul_text_shadow_blur_strength_tablet=&#8221;1px&#8221; ol_text_shadow_horizontal_length_tablet=&#8221;0px&#8221; ol_text_shadow_vertical_length_tablet=&#8221;0px&#8221; ol_text_shadow_blur_strength_tablet=&#8221;1px&#8221; quote_text_shadow_horizontal_length_tablet=&#8221;0px&#8221; quote_text_shadow_vertical_length_tablet=&#8221;0px&#8221; quote_text_shadow_blur_strength_tablet=&#8221;1px&#8221; header_text_shadow_horizontal_length_tablet=&#8221;0px&#8221; header_text_shadow_vertical_length_tablet=&#8221;0px&#8221; header_text_shadow_blur_strength_tablet=&#8221;1px&#8221; header_2_text_shadow_horizontal_length_tablet=&#8221;0px&#8221; header_2_text_shadow_vertical_length_tablet=&#8221;0px&#8221; header_2_text_shadow_blur_strength_tablet=&#8221;1px&#8221; header_3_text_shadow_horizontal_length_tablet=&#8221;0px&#8221; header_3_text_shadow_vertical_length_tablet=&#8221;0px&#8221; header_3_text_shadow_blur_strength_tablet=&#8221;1px&#8221; header_4_text_shadow_horizontal_length_tablet=&#8221;0px&#8221; header_4_text_shadow_vertical_length_tablet=&#8221;0px&#8221; header_4_text_shadow_blur_strength_tablet=&#8221;1px&#8221; header_5_text_shadow_horizontal_length_tablet=&#8221;0px&#8221; header_5_text_shadow_vertical_length_tablet=&#8221;0px&#8221; header_5_text_shadow_blur_strength_tablet=&#8221;1px&#8221; header_6_text_shadow_horizontal_length_tablet=&#8221;0px&#8221; header_6_text_shadow_vertical_length_tablet=&#8221;0px&#8221; header_6_text_shadow_blur_strength_tablet=&#8221;1px&#8221; box_shadow_horizontal_tablet=&#8221;0px&#8221; box_shadow_vertical_tablet=&#8221;0px&#8221; box_shadow_blur_tablet=&#8221;40px&#8221; box_shadow_spread_tablet=&#8221;0px&#8221; global_colors_info=&#8221;{}&#8221; sticky_enabled=&#8221;0&#8243;]<\/p>\n<p>El Primer ciclo se encuentra en la primera planta del edificio. Este curso las tutoras son: la se\u00f1o Nieves (de 1\u00ba) y la se\u00f1o Silvia (de 2\u00ba); ambas clases se encuentran cercanas y con un acceso pr\u00f3ximo a los servicios. <\/p>\n<p>La editorial de los libros es Santillana, y en Ingl\u00e9s &#8220;Richmond Santillana&#8221;. Adem\u00e1s de los libros trabajan tambi\u00e9n por proyectos intentando desarrollar diferentes contenidos atractivos para dicho alumnado. Este curso, desde Biblioteca han comenzado un proyecto que se denomina &#8220;Mochila viajera&#8221;, para leer en casa en familia. Estos cursos acuden, adem\u00e1s, de forma continuada a la biblioteca a sacar libros. Por otra parte, tambi\u00e9n tienen el &#8220;Apadrinamiento lector&#8221;.<br \/>Las aulas son muy espaciosas y con un n\u00famero de alumnos que facilita la atenci\u00f3n individual. Reciben atenci\u00f3n de Refuerzo dentro del aula, conjuntamente, adem\u00e1s de un apoyo con las profesoras de PT y AL (el alumnado que lo precisa).<br \/>Os dejamos la salida al parque en Educaci\u00f3n F\u00edsica con los dos cursos y el aula Mixta:<\/p>\n<p><img loading=\"lazy\" decoding=\"async\" class=\"wp-image-1041 alignnone \" src=\"https:\/\/blogsaverroes.juntadeandalucia.es\/miguelh\/files\/2023\/03\/WhatsApp-Image-2023-03-11-at-23.53.31-1024x768.jpeg\" alt=\"\" width=\"525\" height=\"394\"><img loading=\"lazy\" decoding=\"async\" class=\"wp-image-1040 alignnone \" src=\"https:\/\/blogsaverroes.juntadeandalucia.es\/miguelh\/files\/2023\/03\/WhatsApp-Image-2023-03-11-at-23.53.311-1024x768.jpeg\" alt=\"\" width=\"523\" height=\"392\"><img loading=\"lazy\" decoding=\"async\" class=\"wp-image-1042 alignnone \" src=\"https:\/\/blogsaverroes.juntadeandalucia.es\/miguelh\/files\/2023\/03\/WhatsApp-Image-2023-03-11-at-23.52.51-1024x768.jpeg\" alt=\"\" width=\"523\" height=\"392\"><\/p>\n<p>&nbsp;<\/p>\n<p>[\/et_pb_text][\/et_pb_column][\/et_pb_row][\/et_pb_section]<\/p>\n","protected":false},"excerpt":{"rendered":"<p>El Primer ciclo se encuentra en la primera planta del edificio. Este curso las tutoras son: la se\u00f1o Nieves (de 1\u00ba) y la se\u00f1o Silvia (de 2\u00ba); ambas clases se encuentran cercanas y con un acceso pr\u00f3ximo a los servicios. La editorial de los libros es Santillana, y en Ingl\u00e9s &#8220;Richmond Santillana&#8221;. Adem\u00e1s de los [&hellip;]<\/p>\n","protected":false},"author":7051,"featured_media":0,"parent":0,"menu_order":0,"comment_status":"closed","ping_status":"closed","template":"","meta":{"_et_pb_use_builder":"on","_et_pb_old_content":"","_et_gb_content_width":"","ngg_post_thumbnail":0,"footnotes":""},"aioseo_notices":[],"_links":{"self":[{"href":"https:\/\/blogsaverroes.juntadeandalucia.es\/miguelh\/wp-json\/wp\/v2\/pages\/23"}],"collection":[{"href":"https:\/\/blogsaverroes.juntadeandalucia.es\/miguelh\/wp-json\/wp\/v2\/pages"}],"about":[{"href":"https:\/\/blogsaverroes.juntadeandalucia.es\/miguelh\/wp-json\/wp\/v2\/types\/page"}],"author":[{"embeddable":true,"href":"https:\/\/blogsaverroes.juntadeandalucia.es\/miguelh\/wp-json\/wp\/v2\/users\/7051"}],"replies":[{"embeddable":true,"href":"https:\/\/blogsaverroes.juntadeandalucia.es\/miguelh\/wp-json\/wp\/v2\/comments?post=23"}],"version-history":[{"count":10,"href":"https:\/\/blogsaverroes.juntadeandalucia.es\/miguelh\/wp-json\/wp\/v2\/pages\/23\/revisions"}],"predecessor-version":[{"id":1043,"href":"https:\/\/blogsaverroes.juntadeandalucia.es\/miguelh\/wp-json\/wp\/v2\/pages\/23\/revisions\/1043"}],"wp:attachment":[{"href":"https:\/\/blogsaverroes.juntadeandalucia.es\/miguelh\/wp-json\/wp\/v2\/media?parent=23"}],"curies":[{"name":"wp","href":"https:\/\/api.w.org\/{rel}","templated":true}]}}