{"id":35,"date":"2021-03-13T22:00:12","date_gmt":"2021-03-13T21:00:12","guid":{"rendered":"http:\/\/blogsaverroes.juntadeandalucia.es\/pre\/nuevoiesv2\/?page_id=35"},"modified":"2023-02-28T20:46:49","modified_gmt":"2023-02-28T19:46:49","slug":"biblioteca","status":"publish","type":"page","link":"https:\/\/blogsaverroes.juntadeandalucia.es\/miguelh\/biblioteca\/","title":{"rendered":"Biblioteca"},"content":{"rendered":"<p>[et_pb_section fb_built=&#8221;1&#8243; _builder_version=&#8221;3.23.3&#8243; custom_padding=&#8221;0px||0px|&#8221; z_index_tablet=&#8221;500&#8243; box_shadow_horizontal_tablet=&#8221;0px&#8221; box_shadow_vertical_tablet=&#8221;0px&#8221; box_shadow_blur_tablet=&#8221;40px&#8221; box_shadow_spread_tablet=&#8221;0px&#8221; global_colors_info=&#8221;{}&#8221;][et_pb_row _builder_version=&#8221;3.25&#8243; background_size=&#8221;initial&#8221; background_position=&#8221;top_left&#8221; background_repeat=&#8221;repeat&#8221; global_colors_info=&#8221;{}&#8221;][et_pb_column type=&#8221;4_4&#8243; _builder_version=&#8221;3.0.47&#8243; custom_padding=&#8221;|||&#8221; global_colors_info=&#8221;{}&#8221; custom_padding__hover=&#8221;|||&#8221;][et_pb_image src=&#8221;https:\/\/blogsaverroes.juntadeandalucia.es\/miguelh\/files\/2021\/03\/3_20210315_162009_0002.png&#8221; title_text=&#8221;3_20210315_162009_0002&#8243; admin_label=&#8221;Imagen de la portada&#8221; _builder_version=&#8221;4.5.0&#8243; vertical_offset_tablet=&#8221;0&#8243; horizontal_offset_tablet=&#8221;0&#8243; z_index_tablet=&#8221;500&#8243; box_shadow_horizontal_tablet=&#8221;0px&#8221; box_shadow_vertical_tablet=&#8221;0px&#8221; box_shadow_blur_tablet=&#8221;40px&#8221; box_shadow_spread_tablet=&#8221;0px&#8221; global_colors_info=&#8221;{}&#8221;][\/et_pb_image][et_pb_text admin_label=&#8221;Texto descriptivo&#8221; _builder_version=&#8221;4.14.5&#8243; z_index_tablet=&#8221;500&#8243; text_text_shadow_horizontal_length_tablet=&#8221;0px&#8221; text_text_shadow_vertical_length_tablet=&#8221;0px&#8221; text_text_shadow_blur_strength_tablet=&#8221;1px&#8221; link_text_shadow_horizontal_length_tablet=&#8221;0px&#8221; link_text_shadow_vertical_length_tablet=&#8221;0px&#8221; link_text_shadow_blur_strength_tablet=&#8221;1px&#8221; ul_text_shadow_horizontal_length_tablet=&#8221;0px&#8221; ul_text_shadow_vertical_length_tablet=&#8221;0px&#8221; ul_text_shadow_blur_strength_tablet=&#8221;1px&#8221; ol_text_shadow_horizontal_length_tablet=&#8221;0px&#8221; ol_text_shadow_vertical_length_tablet=&#8221;0px&#8221; ol_text_shadow_blur_strength_tablet=&#8221;1px&#8221; quote_text_shadow_horizontal_length_tablet=&#8221;0px&#8221; quote_text_shadow_vertical_length_tablet=&#8221;0px&#8221; quote_text_shadow_blur_strength_tablet=&#8221;1px&#8221; header_text_shadow_horizontal_length_tablet=&#8221;0px&#8221; header_text_shadow_vertical_length_tablet=&#8221;0px&#8221; header_text_shadow_blur_strength_tablet=&#8221;1px&#8221; header_2_text_shadow_horizontal_length_tablet=&#8221;0px&#8221; header_2_text_shadow_vertical_length_tablet=&#8221;0px&#8221; header_2_text_shadow_blur_strength_tablet=&#8221;1px&#8221; header_3_text_shadow_horizontal_length_tablet=&#8221;0px&#8221; header_3_text_shadow_vertical_length_tablet=&#8221;0px&#8221; header_3_text_shadow_blur_strength_tablet=&#8221;1px&#8221; header_4_text_shadow_horizontal_length_tablet=&#8221;0px&#8221; header_4_text_shadow_vertical_length_tablet=&#8221;0px&#8221; header_4_text_shadow_blur_strength_tablet=&#8221;1px&#8221; header_5_text_shadow_horizontal_length_tablet=&#8221;0px&#8221; header_5_text_shadow_vertical_length_tablet=&#8221;0px&#8221; header_5_text_shadow_blur_strength_tablet=&#8221;1px&#8221; header_6_text_shadow_horizontal_length_tablet=&#8221;0px&#8221; header_6_text_shadow_vertical_length_tablet=&#8221;0px&#8221; header_6_text_shadow_blur_strength_tablet=&#8221;1px&#8221; box_shadow_horizontal_tablet=&#8221;0px&#8221; box_shadow_vertical_tablet=&#8221;0px&#8221; box_shadow_blur_tablet=&#8221;40px&#8221; box_shadow_spread_tablet=&#8221;0px&#8221; global_colors_info=&#8221;{}&#8221;]<\/p>\n<p>La biblioteca escolar del CEIP Miguel Hern\u00e1ndez est\u00e1 acogida al Plan provincial de bibliotecas escolares.<br \/>El objetivo que perseguimos es convertir la biblioteca en un centro de recursos para la ense\u00f1anza y el aprendizaje, colaborando con el resto del profesorado para que esto se pueda llevar a cabo.<br \/>Se encuentra ubicada en la primera planta del edificio, junto al comedor. En su interior la magia, los sue\u00f1os y las aventuras se hacen posible. Es un lugar de encuentro, para nuestro alumnado, en continuo cambio en funci\u00f3n de las efem\u00e9rides y de los centros de inter\u00e9s. Tenemos libros de piratas, de aventuras, de magia, de j\u00f3venes exploradores, cl\u00e1sicos, en ingl\u00e9s, de miedo y pesadillas, de cuentos, de las diferentes \u00e1reas, etc. Y aunque no lo sep\u00e1is, os vamos a desvelar un secreto: cuando la puerta se cierra,\u00a1 los libros cobran vida!<br \/>Nuestros libros han pasado a\u00f1os tristes por el tema COVID, pero eso qued\u00f3 atr\u00e1s y actualmente est\u00e1n muy activos y participando en toda clase de actividades (muchas de ellas pod\u00e9is verlas en este blog). Tenemos dos tipos de pr\u00e9stamos: por aulas y el que realizamos en la biblioteca. Lo hacemos durante la hora del recreo todos los lunes y jueves. Y el equipo de Biblioteca ayuda a realizarlos.<br \/>Este curso 22\/23 hemos inaugurado nuestra biblioteca que ha pasado a denominarse &#8220;Miguel \u00c1ngel Oeste&#8221;. Fue un d\u00eda maravilloso para toda la Comunidad del CEIP Miguel Hern\u00e1ndez y contamos con la presencia de nuestro delegado educativo, del concejal de nuestro barrio, representaciones de diferentes editoriales, dos asesores del CEP y una representaci\u00f3n del AMPA. Queremos agradecerles a todos su presencia y cercan\u00eda, en especial a Miguel \u00c1ngel, ya que para \u00e9l fue toda una sorpresa y a nosotros nos hac\u00eda mucha ilusi\u00f3n.<br \/>Tenemos dos zonas diferenciadas una para&#8221; Ios m\u00e1s peques del cole&#8221; y otra, para los que se van haciendo mayores. El mobiliario est\u00e1 adecuado a nuestras ni\u00f1as y ni\u00f1os y adem\u00e1s contamos con una mesa para la fantas\u00eda. Consta de un centro de recursos propio que integra material bibliogr\u00e1fico, equipos inform\u00e1ticos, lector de c\u00f3digos, equipo de proyecci\u00f3n audiovisual, fotocopiadora y recursos did\u00e1cticos<br \/>La finalidad que perseguimos es apoyar a la totalidad del curr\u00edculo, fomentando la lectura, la expresi\u00f3n oral y escrita, es decir, que nuestro alumnado disfrute y aprenda leyendo. \u00bfSeremos capaces de conseguirlo? \u00c9ste es nuestro proyecto.<\/p>\n<p>[\/et_pb_text][\/et_pb_column][\/et_pb_row][\/et_pb_section]<\/p>\n","protected":false},"excerpt":{"rendered":"<p>La biblioteca escolar del CEIP Miguel Hern\u00e1ndez est\u00e1 acogida al Plan provincial de bibliotecas escolares.El objetivo que perseguimos es convertir la biblioteca en un centro de recursos para la ense\u00f1anza y el aprendizaje, colaborando con el resto del profesorado para que esto se pueda llevar a cabo.Se encuentra ubicada en la primera planta del edificio, [&hellip;]<\/p>\n","protected":false},"author":7051,"featured_media":0,"parent":0,"menu_order":0,"comment_status":"closed","ping_status":"closed","template":"","meta":{"_et_pb_use_builder":"on","_et_pb_old_content":"","_et_gb_content_width":"","ngg_post_thumbnail":0,"footnotes":""},"aioseo_notices":[],"_links":{"self":[{"href":"https:\/\/blogsaverroes.juntadeandalucia.es\/miguelh\/wp-json\/wp\/v2\/pages\/35"}],"collection":[{"href":"https:\/\/blogsaverroes.juntadeandalucia.es\/miguelh\/wp-json\/wp\/v2\/pages"}],"about":[{"href":"https:\/\/blogsaverroes.juntadeandalucia.es\/miguelh\/wp-json\/wp\/v2\/types\/page"}],"author":[{"embeddable":true,"href":"https:\/\/blogsaverroes.juntadeandalucia.es\/miguelh\/wp-json\/wp\/v2\/users\/7051"}],"replies":[{"embeddable":true,"href":"https:\/\/blogsaverroes.juntadeandalucia.es\/miguelh\/wp-json\/wp\/v2\/comments?post=35"}],"version-history":[{"count":8,"href":"https:\/\/blogsaverroes.juntadeandalucia.es\/miguelh\/wp-json\/wp\/v2\/pages\/35\/revisions"}],"predecessor-version":[{"id":984,"href":"https:\/\/blogsaverroes.juntadeandalucia.es\/miguelh\/wp-json\/wp\/v2\/pages\/35\/revisions\/984"}],"wp:attachment":[{"href":"https:\/\/blogsaverroes.juntadeandalucia.es\/miguelh\/wp-json\/wp\/v2\/media?parent=35"}],"curies":[{"name":"wp","href":"https:\/\/api.w.org\/{rel}","templated":true}]}}