{"id":352,"date":"2021-03-14T17:15:34","date_gmt":"2021-03-14T16:15:34","guid":{"rendered":"http:\/\/blogsaverroes.juntadeandalucia.es\/pre\/nuevoiesv2\/?page_id=352"},"modified":"2025-03-24T17:29:44","modified_gmt":"2025-03-24T16:29:44","slug":"planes-y-proyectos","status":"publish","type":"page","link":"https:\/\/blogsaverroes.juntadeandalucia.es\/miguelh\/planes-y-proyectos\/","title":{"rendered":"Planes y Proyectos"},"content":{"rendered":"<p>[et_pb_section fb_built=&#8221;1&#8243; _builder_version=&#8221;4.16&#8243; global_colors_info=&#8221;{}&#8221;][et_pb_row _builder_version=&#8221;4.16&#8243; custom_margin=&#8221;-20px|auto||246px||&#8221; z_index_tablet=&#8221;500&#8243; box_shadow_horizontal_tablet=&#8221;0px&#8221; box_shadow_vertical_tablet=&#8221;0px&#8221; box_shadow_blur_tablet=&#8221;40px&#8221; box_shadow_spread_tablet=&#8221;0px&#8221; global_colors_info=&#8221;{}&#8221;][et_pb_column type=&#8221;4_4&#8243; _builder_version=&#8221;4.16&#8243; custom_padding=&#8221;|||&#8221; global_colors_info=&#8221;{}&#8221; custom_padding__hover=&#8221;|||&#8221;][et_pb_image src=&#8221;https:\/\/blogsaverroes.juntadeandalucia.es\/miguelh\/files\/2021\/03\/20210316_202427_0000.png&#8221; title_text=&#8221;20210316_202427_0000&#8243; admin_label=&#8221;Imagen de la portada&#8221; _builder_version=&#8221;4.16&#8243; vertical_offset_tablet=&#8221;0&#8243; horizontal_offset_tablet=&#8221;0&#8243; z_index_tablet=&#8221;500&#8243; box_shadow_horizontal_tablet=&#8221;0px&#8221; box_shadow_vertical_tablet=&#8221;0px&#8221; box_shadow_blur_tablet=&#8221;40px&#8221; box_shadow_spread_tablet=&#8221;0px&#8221; global_colors_info=&#8221;{}&#8221;][\/et_pb_image][et_pb_text admin_label=&#8221;Texto descriptivo&#8221; _builder_version=&#8221;4.24.2&#8243; width=&#8221;100%&#8221; custom_padding=&#8221;|||1px||&#8221; hover_enabled=&#8221;0&#8243; z_index_tablet=&#8221;500&#8243; text_text_shadow_horizontal_length_tablet=&#8221;0px&#8221; text_text_shadow_vertical_length_tablet=&#8221;0px&#8221; text_text_shadow_blur_strength_tablet=&#8221;1px&#8221; link_text_shadow_horizontal_length_tablet=&#8221;0px&#8221; link_text_shadow_vertical_length_tablet=&#8221;0px&#8221; link_text_shadow_blur_strength_tablet=&#8221;1px&#8221; ul_text_shadow_horizontal_length_tablet=&#8221;0px&#8221; ul_text_shadow_vertical_length_tablet=&#8221;0px&#8221; ul_text_shadow_blur_strength_tablet=&#8221;1px&#8221; ol_text_shadow_horizontal_length_tablet=&#8221;0px&#8221; ol_text_shadow_vertical_length_tablet=&#8221;0px&#8221; ol_text_shadow_blur_strength_tablet=&#8221;1px&#8221; quote_text_shadow_horizontal_length_tablet=&#8221;0px&#8221; quote_text_shadow_vertical_length_tablet=&#8221;0px&#8221; quote_text_shadow_blur_strength_tablet=&#8221;1px&#8221; header_text_shadow_horizontal_length_tablet=&#8221;0px&#8221; header_text_shadow_vertical_length_tablet=&#8221;0px&#8221; header_text_shadow_blur_strength_tablet=&#8221;1px&#8221; header_2_text_shadow_horizontal_length_tablet=&#8221;0px&#8221; header_2_text_shadow_vertical_length_tablet=&#8221;0px&#8221; header_2_text_shadow_blur_strength_tablet=&#8221;1px&#8221; header_3_text_shadow_horizontal_length_tablet=&#8221;0px&#8221; header_3_text_shadow_vertical_length_tablet=&#8221;0px&#8221; header_3_text_shadow_blur_strength_tablet=&#8221;1px&#8221; header_4_text_shadow_horizontal_length_tablet=&#8221;0px&#8221; header_4_text_shadow_vertical_length_tablet=&#8221;0px&#8221; header_4_text_shadow_blur_strength_tablet=&#8221;1px&#8221; header_5_text_shadow_horizontal_length_tablet=&#8221;0px&#8221; header_5_text_shadow_vertical_length_tablet=&#8221;0px&#8221; header_5_text_shadow_blur_strength_tablet=&#8221;1px&#8221; header_6_text_shadow_horizontal_length_tablet=&#8221;0px&#8221; header_6_text_shadow_vertical_length_tablet=&#8221;0px&#8221; header_6_text_shadow_blur_strength_tablet=&#8221;1px&#8221; box_shadow_horizontal_tablet=&#8221;0px&#8221; box_shadow_vertical_tablet=&#8221;0px&#8221; box_shadow_blur_tablet=&#8221;40px&#8221; box_shadow_spread_tablet=&#8221;0px&#8221; global_colors_info=&#8221;{}&#8221; sticky_enabled=&#8221;0&#8243;]<\/p>\n<div class=\"et-pb-draggable-spacing et-pb-draggable-spacing__spacing et-pb-draggable-spacing__left et-pb-draggable-spacing__padding et-pb-draggable-spacing--animated et-pb-draggable-spacing--no-size\" style=\"width: 0px\">\n<div class=\"et-pb-draggable-spacing__hint\">&nbsp;<\/div>\n<\/div>\n<div class=\"et-pb-draggable-spacing et-pb-draggable-spacing__spacing et-pb-draggable-spacing__top et-pb-draggable-spacing__margin et-pb-draggable-spacing__inner et-pb-draggable-spacing--draggable-edge et-pb-draggable-spacing--animated et-pb-draggable-spacing--negative\" style=\"height: 20px\">\n<div class=\"et-pb-draggable-spacing__hint\">&nbsp;<\/div>\n<\/div>\n<div class=\"et-pb-draggable-spacing et-pb-draggable-spacing__spacing et-pb-draggable-spacing__right et-pb-draggable-spacing__margin et-pb-draggable-spacing__inner et-pb-draggable-spacing--draggable-edge et-pb-draggable-spacing--animated\" style=\"width: 15px\">\n<div class=\"et-pb-draggable-spacing__hint\">&nbsp;<\/div>\n<\/div>\n<div class=\"et-pb-draggable-spacing et-pb-draggable-spacing__spacing et-pb-draggable-spacing__bottom et-pb-draggable-spacing__margin et-pb-draggable-spacing__inner et-pb-draggable-spacing--draggable-edge et-pb-draggable-spacing--animated et-pb-draggable-spacing--no-size\" style=\"height: 0px\">\n<div class=\"et-pb-draggable-spacing__hint\">&nbsp;<\/div>\n<\/div>\n<div class=\"et-pb-draggable-spacing et-pb-draggable-spacing--active et-pb-draggable-spacing__spacing et-pb-draggable-spacing__left et-pb-draggable-spacing__margin et-pb-draggable-spacing__inner et-pb-draggable-spacing--hovered et-pb-draggable-spacing--draggable-edge et-pb-draggable-spacing--animated\" style=\"width: 246px\">\n<div class=\"et-pb-draggable-spacing__hint\">&nbsp;<\/div>\n<\/div>\n<p>En nuestro colegio se llevan a la pr\u00e1ctica varios Planes y Proyectos que nos ayudan a la formaci\u00f3n de nuestro alumnado en la adquisici\u00f3n de capacidades, h\u00e1bitos, valores y conocimientos dentro del curr\u00edculo. Son los siguientes:<\/p>\n<p><strong><span style=\"text-decoration: underline\">1. Escuela Espacio de Paz:<\/span><\/strong> su coordinadora es la se\u00f1o Nana, profe de Religi\u00f3n. En este proyecto se pretende dotar al alumnado y al personal del centro de herramientas que les permitan transformar o resolver los conflictos que se dan en el \u00e1mbito escolar. Lo haremos a trav\u00e9s del estudio, el reconocimiento y la promoci\u00f3n de h\u00e1bitos pac\u00edficos. Si queremos paz, pensemos, expresemos, detectemos y practiquemos paz.<br \/>Aunque los conflictos son inherentes a la naturaleza humana, una de las principales preocupaciones de la comunidad educativa es la gesti\u00f3n pac\u00edfica de los mismos. Su reconocimiento y la promoci\u00f3n de h\u00e1bitos pac\u00edficos deben fomentarse en todos los \u00e1mbitos educacionales, comenzando en la familia y continuando en el centro educativo. De esta forma aumentar\u00e1n las probabilidades de \u00e9xito. Comoquiera que nuestro alumnado est\u00e1 inmerso en una sociedad plural de donde recibe constantemente modelos diversos con los que construir su persona, creemos necesario ofrecerles siempre desde la escuela modelos basados en el respeto, el di\u00e1logo productivo y la colaboraci\u00f3n. A trav\u00e9s de ellos comprobar\u00e1n que adem\u00e1s de posible, es muy gratificante la resoluci\u00f3n pac\u00edfica de nuestros conflictos. Este proyecto se coordina a su vez con el de Bienestar emocional y el de Convivencia, ambos dirigidos por la se\u00f1o Cristina, tutora del Aula TEA y especialista en dichas materias.<br \/>Dada la importancia de la educaci\u00f3n en el desarrollo de valores, en nuestro colegio se reconocer\u00e1n y fomentar\u00e1n aquellos comportamientos cotidianos que reflejan valores tales como la libertad, la solidaridad, el respeto, la convivencia, la sinceridad, la empat\u00eda y la tolerancia. En resumen, con este proyecto participamos en la construcci\u00f3n de una cultura de paz a trav\u00e9s de uno de los instrumentos b\u00e1sicos de la sociedad: la educaci\u00f3n.<\/p>\n<p><strong><span style=\"text-decoration: underline\">2. Biblioteca<\/span><\/strong>: este plan lo lleva la se\u00f1o Maribel, que ejerce tambi\u00e9n la direcci\u00f3n del centro: pretende apoyar a la totalidad del curr\u00edculo y fomentar la lectura y escritura, convirtiendo la biblioteca en un centro de recursos para la ense\u00f1anza y el aprendizaje, colaborando con el resto del profesorado para que esto se pueda llevar a cabo. Como objetivo principal promueve actividades que faciliten el desarrollo del h\u00e1bito lector mejorando la comprensi\u00f3n lectora, creando la necesidad de leer desde las m\u00e1s tempranas edades . Intentamos que nuestro alumnado vea la lectura, no s\u00f3lo como una b\u00fasqueda de informaci\u00f3n, sino como un modo de placer y de ocupaci\u00f3n de su tiempo libre. Este a\u00f1o tenemos muchas sorpresas. \u00a1Pronto tendr\u00e9is noticias! Tenemos blog de Biblioteca: <a href=\"https:\/\/leyendoenelclubdelabiblio.blogspot.com\/\">https:\/\/leyendoenelclubdelabiblio.blogspot.com\/<\/a><\/p>\n<p><strong><span style=\"text-decoration: underline\">3. Plan de Igualdad<\/span><\/strong>: su coordinadora es la se\u00f1o Violeta, tutora de Cuatro a\u00f1os. En los centros educativos tenemos la oportunidad de desarrollar modelos sociales de relaci\u00f3n igualitaria, visibilizando y deconstruyendo estereotipos sexistas y los jerarquizados roles tradicionalmente establecidos.<br \/>Asimismo el \u00e1mbito educativo tiene un papel importante en la sensibilizaci\u00f3n y prevenci\u00f3n de actitudes que puedan ser origen de cualquier tipo de violencia. Crecer en coeducaci\u00f3n es clave, por tanto, para poder erradicar la violencia de g\u00e9nero. Por todo ello, la coeducaci\u00f3n debe tener un car\u00e1cter permanente y transversal de la educaci\u00f3n. En nuestro centro celebramos diferentes efem\u00e9rides importantes, aunque destacaremos&nbsp; el 25 de noviembre, el 8 de marzo y el 15 de mayo. Adem\u00e1s en nuestro centro estamos llevando a cabo Pacto de Estado contra la Violencia de g\u00e9nero.<\/p>\n<p><span style=\"text-decoration: underline\"><strong>4. Programa CIMA<\/strong><\/span>: su coordinador es el profe Javi, tutor de 2\u00ba de Primaria: en este proyecto se a\u00fanan diferentes \u00e1mbitos como Educaci\u00f3n ambiental, h\u00e1bitos saludables, reciclaje y Rob\u00f3tica.<\/p>\n<p>El huerto escolar es un recurso que ha resultado ser enriquecedor para toda la comunidad escolar. Este curso contamos con la colaboraci\u00f3n del Ayuntamiento, de los&nbsp; maestros jubilados Paqui, Mercedes, Jos\u00e9 Antonio y Blas; adem\u00e1s de un jardinero extraordinario que colabora con nosotros ( <a href=\"https:\/\/www.instagram.com\/amiunplanetalimpio\/?hl=es\">Instagram: @amiunplanetalimpio<\/a>) con jardines biodin\u00e1micos, con amabilidad vegetal, biodiversidad y sostenibilidad, que nos ayuda en el huerto y con el regad\u00edo. Con el trabajo de todos y la ilusi\u00f3n de los ni\u00f1os y ni\u00f1as de nuestro centro, volveremos a disfrutar de \u00e9ste y a verlo en su mejor estado.<\/p>\n<p>Tener un huerto escolar en el Centro nos ofrece enormes ventajas:<br \/>&#8211; Nuestros alumnos\/as viven en un medio urbano, donde cada vez es m\u00e1s dif\u00edcil que ellos puedan tener acceso a ambientes o entornos de producci\u00f3n agr\u00edcola; el huerto escolar es un recurso did\u00e1ctico magn\u00edfico para que conozcan cu\u00e1l es la procedencia de un gran n\u00famero de alimentos (frutas y hortalizas) que ellos suelen consumir en sus hogares.<br \/>&#8211; En nuestro Centro hay un alto porcentaje de alumnos con necesidades educativas especiales que junto con las aulas espec\u00edficas se encargan de su trabajo y desarrollo. Es un lugar excelente para fomentar la Inclusi\u00f3n en su sentido m\u00e1s amplio.<br \/>En \u00e9l todos los alumnos\/as se conocen y relacionan, aprendiendo de forma natural y relativamente l\u00fadica, aceptando las diferencias y desarrollando actitudes como el respeto, la cooperaci\u00f3n, el apoyo mutuo y la amistad con aquellos que m\u00e1s lo necesitan.<br \/>&#8211; El huerto es una herramienta con un alto valor terap\u00e9utico (para las aulas Espec\u00edfica y TEA), porque ellos se ven \u00fatiles: pueden llevar a cabo sencillas tareas, disminuyendo la ansiedad, realizando peque\u00f1os esfuerzos f\u00edsicos, y lo m\u00e1s importante, sinti\u00e9ndose \u00fatiles; lo que a su vez redundar\u00e1 en el aumento de la autoestima y la confianza en s\u00ed mismos.<br \/>&#8211; Es muy enriquecedor: los alumnos\/as aprenden a preparar la tierra, sembrar, ver c\u00f3mo crecen los frutos y por \u00faltimo a recolectarlos. El trabajo al aire libre es una forma estupenda de canalizar energ\u00edas. Es la mejor forma de desarrollar h\u00e1bitos de vida saludable. Es una forma de tener experiencias de integraci\u00f3n en com\u00fan: donde todos los alumnos del centro conviven, aprenden y crecen juntos.<\/p>\n<p>En el apartado de H\u00e1bitos saludables y Creciendo en salud:&nbsp; La salud es uno de los factores fundamentales para preservar el derecho recogido en los documentos internacionales relacionados con los derechos humanos y derechos de la infancia. De ah\u00ed, la importancia de llevar a cabo un programa espec\u00edfico donde se ponga en pr\u00e1ctica un desarrollo educativo de la salud, los h\u00e1bitos y estilos de vida saludables, etc.; ya que refuerza el potencial socializador e inclusivo. Seg\u00fan la OMS: la salud es un \u201cestado completo de bienestar f\u00edsico, psicol\u00f3gico y social, y no a la mera ausencia de enfermedad\u201d. Este concepto engloba en s\u00ed mismo una dimensi\u00f3n psicol\u00f3gica y de bienestar social muy relacionada con la educaci\u00f3n emocional. En dicho proyecto adem\u00e1s tendremos en cuenta la alimentaci\u00f3n y ejercicio f\u00edsico como pelda\u00f1os fundamentales para mejorar nuestra salud f\u00edsica y psicol\u00f3gica.<\/p>\n<p>Nuestro centro recibe diferentes partidas de frutas, verduras y leche a lo largo del a\u00f1o, porque participamos en el Programa andaluz de consumo de frutas y hortalizas en la escuela<\/p>\n<p><strong><span style=\"text-decoration: underline\">5. TDE<\/span><\/strong>: Transformaci\u00f3n Digital Educativa (antiguo TIC); es un proyecto donde intentamos mejorar y modernizar los h\u00e1bitos y las capacidades tecnol\u00f3gicas de toda la Comunidad educativa. Su coordinadora es la se\u00f1o&nbsp; Maribel, profe de EF. Nuestro alumnado recibe contenidos de esta materia a trav\u00e9s de diferentes \u00e1reas. Continuamos con el correo corporativo mediante g.educaand, para uso y disfrute de la Plataforma Classroom, emple\u00e1ndola a partir de 3\u00ba hasta 6\u00ba. Para ello este curso, y antes del 15 de octubre, el profesorado ha tenido que realizar un test de competencia digital para situarnos individualmente y como colectivo; hemos realizado una R\u00fabrica de la competencia digital del centro y, por \u00faltimo, con estos documentos se ha elaborado y desarrollado un Plan de Actuaci\u00f3n Digital (ya subido a S\u00e9neca). Este Plan de Actuaci\u00f3n est\u00e1 orientado a los siguientes aspectos: la creaci\u00f3n de espacios virtuales del centro : actualizaci\u00f3n y presencia digital en las redes sociales (actualmente estamos presentes ya en <a title=\"Redes Sociales\" href=\"https:\/\/blogsaverroes.juntadeandalucia.es\/miguelh\/nuestras-redes-sociales\/\" target=\"_blank\" rel=\"noopener noreferrer\">Facebook,<\/a> Blog averroes, <a title=\"Redes Sociales\" href=\"https:\/\/blogsaverroes.juntadeandalucia.es\/miguelh\/nuestras-redes-sociales\/\" target=\"_blank\" rel=\"noopener noreferrer\">Twitter<\/a>,<a title=\"Redes Sociales\" href=\"https:\/\/blogsaverroes.juntadeandalucia.es\/miguelh\/nuestras-redes-sociales\/\" target=\"_blank\" rel=\"noopener noreferrer\"> YouTube<\/a> e <a title=\"Redes Sociales\" href=\"https:\/\/blogsaverroes.juntadeandalucia.es\/miguelh\/nuestras-redes-sociales\/\" target=\"_blank\" rel=\"noopener noreferrer\">Instagram<\/a>); el curso pasado el alumnado desde 3\u00ba a 6\u00ba comenz\u00f3 el desarrollo de pensamiento computacional a trav\u00e9s de la plataforma <a href=\"https:\/\/toolbox.academy\/es\/\" target=\"_blank\" rel=\"noopener noreferrer\">ToolBox. Academy<\/a> y este a\u00f1o queremos continuar la Rob\u00f3tica con el proyecto Steam; con la realizaci\u00f3n de buenas pr\u00e1cticas tecnol\u00f3gicas,&nbsp; con lo que ello supone, sobre todo a nuestro alumnado con el respeto hacia los dem\u00e1s en las redes (la netiqueta); la difusi\u00f3n de los materiales que vayamos creando en las RRSS; la creaci\u00f3n de un equipo de coordinaci\u00f3n tecnol\u00f3gica para formaci\u00f3n dentro del propio colegio; convertir el centro en dinamizador de su entorno, estableciendo relaciones con otros colegios de la zona y diferentes asociaciones; participar en los diferentes Planes y Proyectos. Adem\u00e1s, este curso, como novedad estamos trabajando con Programaci\u00f3n en la plataforma ToolBoox. Academy, favoreciendo este tipo de lenguaje en nuestro alumnado.<\/p>\n<p>6. Este curso volvemos con el Proyecto Erasmus Plus, <strong><span style=\"text-decoration: underline\">Erasmus+<\/span> <\/strong>(explicado en el apartado de Servicios, que se encarga de \u00e9l la se\u00f1o Marina, Jefa de Estudios), y&nbsp;<strong><span style=\"text-decoration: underline\"> el de <strong>Autoprotecci\u00f3n<\/strong><\/span><\/strong> que lo lleva la se\u00f1o Ana, nuestra secretaria. Este a\u00f1o han vuelto a concedernos de forma consecutiva el proyecto de <strong>M\u00e1s Equidad-Inclusi\u00f3n<\/strong><span style=\"text-decoration: underline\"><strong> relacionado con las aulas espec\u00edficas<\/strong><\/span> , su coordinadora es la se\u00f1o Juani, tutora del Aula Espec\u00edfica (cuyo objetivo principal es la mejora de las aulas, la&nbsp; atenci\u00f3n de nuestro alumnado neae y las actividades de este alumnado de forma espec\u00edfica) y otro relacionado con el <span style=\"text-decoration: underline\"><strong>Pacto de Estado para la Eliminaci\u00f3n de la violencia de g\u00e9nero.<\/strong><\/span> Somos&nbsp; <strong>Comunidad de Aprendizaje:&nbsp;<\/strong> es nuestro segundo curso, aunque con anterioridad ya est\u00e1bamos realizando algunas pr\u00e1cticas. Este a\u00f1o el profesorado&nbsp; vamos a seguir form\u00e1ndonos en convivencia positiva y resoluci\u00f3n de conflictos y nuestra Comunidad comenzar\u00e1 con la creaci\u00f3n y desarrollo de las diferentes comisiones. Relacionado con este proyecto nace, el de Aprendizaje y Servicio ( cuya coordinadora es la se\u00f1o Cristina, tutora del Aula TEA):&nbsp; un apertura hacia la comunidad de nuestro barrio con la colaboraci\u00f3n de diferentes entidades y voluntariado que se quiere sumar para participar con nosotros. \u00bfQuieres apuntarte? Pregunta e inf\u00f3rmate en nuestro centro.<br \/>Adem\u00e1s el centro tiene varios convenios: en el desarrollo de <strong>Practicum universitario<\/strong> en el grado de Infantil y Primaria; un <strong>Acuerdo de Colaboraci\u00f3n formativa<\/strong> con la Universidad Laboral y MEDAC. Por otra parte, colabora con nosotros AMFREMAR, IES El Palo (como centro destinatario de nuestro alumnado) y&nbsp; Conecta Motril, que se encarga de coordinar a los asistentes escolares&nbsp; (maestros-sombras) de nuestro alumnado.<\/p>\n<p>&nbsp;<\/p>\n<p><img loading=\"lazy\" decoding=\"async\" class=\"wp-image-711 alignnone size-large\" src=\"https:\/\/blogsaverroes.juntadeandalucia.es\/miguelh\/files\/2021\/03\/1_20210316_202521_0000-1024x819.png\" alt=\"\" width=\"1024\" height=\"819\" srcset=\"https:\/\/blogsaverroes.juntadeandalucia.es\/miguelh\/files\/2021\/03\/1_20210316_202521_0000-980x784.png 980w, https:\/\/blogsaverroes.juntadeandalucia.es\/miguelh\/files\/2021\/03\/1_20210316_202521_0000-480x384.png 480w\" sizes=\"(min-width: 0px) and (max-width: 480px) 480px, (min-width: 481px) and (max-width: 980px) 980px, (min-width: 981px) 1024px, 100vw\" \/><\/p>\n<p><img loading=\"lazy\" decoding=\"async\" class=\"alignnone wp-image-962 size-full\" src=\"https:\/\/blogsaverroes.juntadeandalucia.es\/miguelh\/files\/2022\/06\/WhatsApp-Image-2022-06-01-at-11.19.37-AM.jpeg\" alt=\"\" width=\"957\" height=\"375\" srcset=\"https:\/\/blogsaverroes.juntadeandalucia.es\/miguelh\/files\/2022\/06\/WhatsApp-Image-2022-06-01-at-11.19.37-AM.jpeg 957w, https:\/\/blogsaverroes.juntadeandalucia.es\/miguelh\/files\/2022\/06\/WhatsApp-Image-2022-06-01-at-11.19.37-AM-480x188.jpeg 480w\" sizes=\"(min-width: 0px) and (max-width: 480px) 480px, (min-width: 481px) 957px, 100vw\" \/><\/p>\n<p>[\/et_pb_text][\/et_pb_column][\/et_pb_row][\/et_pb_section]<\/p>\n","protected":false},"excerpt":{"rendered":"<p>&nbsp; &nbsp; &nbsp; &nbsp; &nbsp; En nuestro colegio se llevan a la pr\u00e1ctica varios Planes y Proyectos que nos ayudan a la formaci\u00f3n de nuestro alumnado en la adquisici\u00f3n de capacidades, h\u00e1bitos, valores y conocimientos dentro del curr\u00edculo. Son los siguientes: 1. Escuela Espacio de Paz: su coordinadora es la se\u00f1o Nana, profe de Religi\u00f3n. [&hellip;]<\/p>\n","protected":false},"author":7051,"featured_media":904,"parent":0,"menu_order":0,"comment_status":"closed","ping_status":"closed","template":"","meta":{"_et_pb_use_builder":"on","_et_pb_old_content":"","_et_gb_content_width":"","ngg_post_thumbnail":0,"footnotes":""},"aioseo_notices":[],"_links":{"self":[{"href":"https:\/\/blogsaverroes.juntadeandalucia.es\/miguelh\/wp-json\/wp\/v2\/pages\/352"}],"collection":[{"href":"https:\/\/blogsaverroes.juntadeandalucia.es\/miguelh\/wp-json\/wp\/v2\/pages"}],"about":[{"href":"https:\/\/blogsaverroes.juntadeandalucia.es\/miguelh\/wp-json\/wp\/v2\/types\/page"}],"author":[{"embeddable":true,"href":"https:\/\/blogsaverroes.juntadeandalucia.es\/miguelh\/wp-json\/wp\/v2\/users\/7051"}],"replies":[{"embeddable":true,"href":"https:\/\/blogsaverroes.juntadeandalucia.es\/miguelh\/wp-json\/wp\/v2\/comments?post=352"}],"version-history":[{"count":24,"href":"https:\/\/blogsaverroes.juntadeandalucia.es\/miguelh\/wp-json\/wp\/v2\/pages\/352\/revisions"}],"predecessor-version":[{"id":1111,"href":"https:\/\/blogsaverroes.juntadeandalucia.es\/miguelh\/wp-json\/wp\/v2\/pages\/352\/revisions\/1111"}],"wp:featuredmedia":[{"embeddable":true,"href":"https:\/\/blogsaverroes.juntadeandalucia.es\/miguelh\/wp-json\/wp\/v2\/media\/904"}],"wp:attachment":[{"href":"https:\/\/blogsaverroes.juntadeandalucia.es\/miguelh\/wp-json\/wp\/v2\/media?parent=352"}],"curies":[{"name":"wp","href":"https:\/\/api.w.org\/{rel}","templated":true}]}}