{"id":55,"date":"2021-03-13T07:54:49","date_gmt":"2021-03-13T06:54:49","guid":{"rendered":"http:\/\/blogsaverroes.juntadeandalucia.es\/pre\/nuevoiesv2\/?page_id=55"},"modified":"2022-10-03T20:51:47","modified_gmt":"2022-10-03T18:51:47","slug":"actividades-extraescolares","status":"publish","type":"page","link":"https:\/\/blogsaverroes.juntadeandalucia.es\/miguelh\/actividades-extraescolares\/","title":{"rendered":"Actividades extraescolares"},"content":{"rendered":"<p>[et_pb_section fb_built=&#8221;1&#8243; _builder_version=&#8221;3.23.3&#8243; custom_padding=&#8221;0px||0px|&#8221; z_index_tablet=&#8221;500&#8243; box_shadow_horizontal_tablet=&#8221;0px&#8221; box_shadow_vertical_tablet=&#8221;0px&#8221; box_shadow_blur_tablet=&#8221;40px&#8221; box_shadow_spread_tablet=&#8221;0px&#8221; global_colors_info=&#8221;{}&#8221;][et_pb_row _builder_version=&#8221;3.25&#8243; background_size=&#8221;initial&#8221; background_position=&#8221;top_left&#8221; background_repeat=&#8221;repeat&#8221; global_colors_info=&#8221;{}&#8221;][et_pb_column type=&#8221;4_4&#8243; _builder_version=&#8221;3.0.47&#8243; custom_padding=&#8221;|||&#8221; global_colors_info=&#8221;{}&#8221; custom_padding__hover=&#8221;|||&#8221;][et_pb_image src=&#8221;https:\/\/blogsaverroes.juntadeandalucia.es\/miguelh\/files\/2021\/03\/0001-18910077341_20210326_213350_0000.png&#8221; title_text=&#8221;0001-18910077341_20210326_213350_0000&#8243; admin_label=&#8221;Imagen de la portada&#8221; _builder_version=&#8221;4.5.0&#8243; vertical_offset_tablet=&#8221;0&#8243; horizontal_offset_tablet=&#8221;0&#8243; z_index_tablet=&#8221;500&#8243; box_shadow_horizontal_tablet=&#8221;0px&#8221; box_shadow_vertical_tablet=&#8221;0px&#8221; box_shadow_blur_tablet=&#8221;40px&#8221; box_shadow_spread_tablet=&#8221;0px&#8221; global_colors_info=&#8221;{}&#8221;][\/et_pb_image][et_pb_text admin_label=&#8221;Texto descriptivo&#8221; _builder_version=&#8221;4.14.5&#8243; hover_enabled=&#8221;0&#8243; z_index_tablet=&#8221;500&#8243; text_text_shadow_horizontal_length_tablet=&#8221;0px&#8221; text_text_shadow_vertical_length_tablet=&#8221;0px&#8221; text_text_shadow_blur_strength_tablet=&#8221;1px&#8221; link_text_shadow_horizontal_length_tablet=&#8221;0px&#8221; link_text_shadow_vertical_length_tablet=&#8221;0px&#8221; link_text_shadow_blur_strength_tablet=&#8221;1px&#8221; ul_text_shadow_horizontal_length_tablet=&#8221;0px&#8221; ul_text_shadow_vertical_length_tablet=&#8221;0px&#8221; ul_text_shadow_blur_strength_tablet=&#8221;1px&#8221; ol_text_shadow_horizontal_length_tablet=&#8221;0px&#8221; ol_text_shadow_vertical_length_tablet=&#8221;0px&#8221; ol_text_shadow_blur_strength_tablet=&#8221;1px&#8221; quote_text_shadow_horizontal_length_tablet=&#8221;0px&#8221; quote_text_shadow_vertical_length_tablet=&#8221;0px&#8221; quote_text_shadow_blur_strength_tablet=&#8221;1px&#8221; header_text_shadow_horizontal_length_tablet=&#8221;0px&#8221; header_text_shadow_vertical_length_tablet=&#8221;0px&#8221; header_text_shadow_blur_strength_tablet=&#8221;1px&#8221; header_2_text_shadow_horizontal_length_tablet=&#8221;0px&#8221; header_2_text_shadow_vertical_length_tablet=&#8221;0px&#8221; header_2_text_shadow_blur_strength_tablet=&#8221;1px&#8221; header_3_text_shadow_horizontal_length_tablet=&#8221;0px&#8221; header_3_text_shadow_vertical_length_tablet=&#8221;0px&#8221; header_3_text_shadow_blur_strength_tablet=&#8221;1px&#8221; header_4_text_shadow_horizontal_length_tablet=&#8221;0px&#8221; header_4_text_shadow_vertical_length_tablet=&#8221;0px&#8221; header_4_text_shadow_blur_strength_tablet=&#8221;1px&#8221; header_5_text_shadow_horizontal_length_tablet=&#8221;0px&#8221; header_5_text_shadow_vertical_length_tablet=&#8221;0px&#8221; header_5_text_shadow_blur_strength_tablet=&#8221;1px&#8221; header_6_text_shadow_horizontal_length_tablet=&#8221;0px&#8221; header_6_text_shadow_vertical_length_tablet=&#8221;0px&#8221; header_6_text_shadow_blur_strength_tablet=&#8221;1px&#8221; box_shadow_horizontal_tablet=&#8221;0px&#8221; box_shadow_vertical_tablet=&#8221;0px&#8221; box_shadow_blur_tablet=&#8221;40px&#8221; box_shadow_spread_tablet=&#8221;0px&#8221; global_colors_info=&#8221;{}&#8221; sticky_enabled=&#8221;0&#8243;]La empresa que lleva las actividades extraescolares est\u00e1 formada por profesionales de la educaci\u00f3n con mucha experiencia en el campo de la planificaci\u00f3n de programas educativos. Despu\u00e9s de 15 a\u00f1os, los objetivos que perseguen est\u00e1n adaptados a la realidad del CEIP MIGUEL HERN\u00c1NDEZ y son coordinados por Jos\u00e9 Carlos Martos Luque, licenciado en Ciencias de la Educaci\u00f3n (Pedagog\u00eda). Cuentan con una amplia variedad de Servicios Educativos gracias a la implicaci\u00f3n de los diferentes  profesionales: psic\u00f3logos, pedagogos, logopedas, puericultores, deportistas&#8230;<br \/>\nEste proyecto se compromete con el colegio; es, sobre todo, el monitor\/a que lo desarrolla el que debe ayudar a los alumnos, a pensar, a crear, a asumir responsabilidades, a ser no s\u00f3lo tolerantes, sino tambi\u00e9n solidarios. Durante las sesiones de las actividades se dise\u00f1an multitud de ejemplos y procedimientos, de juegos y actividades creativas.<\/p>\n<p>OBJETIVOS DEL PROYECTO<br \/>\na) Complementar la oferta educativa que realiza el Centro.<br \/>\nb) Ofrecer a los ni\u00f1os un lugar en el que puedan dedicar su tiempo libre de forma diferente y alcanzar una mayor rentabilidad social y educativa de las instalaciones y dotaciones de los Centros.<br \/>\nc) Facilitar una relaci\u00f3n de los alumnos con el centro menos marcada por la obligatoriedad y la rigidez de las actividades lectivas.<br \/>\nd) Animar las fiestas mediante la exposici\u00f3n del trabajo realizado en las actividades.<\/p>\n<p>CRITERIOS DE EVALUACI\u00d3N DE LAS ACTIVIDADES EXTRAESCOLARES<\/p>\n<p>a. Nivel de participaci\u00f3n.<br \/>\nb. Implicaci\u00f3n del alumnado.<br \/>\nc. Informaci\u00f3n que llega del alumnado de las actividades.<br \/>\nd. Grado de satisfacci\u00f3n del alumnado.<br \/>\ne. N\u00famero de abandonos.<br \/>\nf. Opini\u00f3n del profesorado, las familias, el personal de administraci\u00f3n y servicios.<\/p>\n<p>Las actividades ofertadas son:<br \/>\n&#8211; FUTBOL SALA<br \/>\n&#8211; DANZA MODERNA<br \/>\n&#8211; INGL\u00c9S<br \/>\n&#8211; JUDO<\/p>\n<p>Las actividades se reparten de la siguiente forma.<br \/>\n<img loading=\"lazy\" decoding=\"async\" src=\"https:\/\/blogsaverroes.juntadeandalucia.es\/miguelh\/files\/2022\/10\/IMG-20220930-WA0006-1024x724.jpg\" width=\"1024\" height=\"724\" alt=\"Actividades extraescolares\" class=\"wp-image-976 alignnone size-large\" srcset=\"https:\/\/blogsaverroes.juntadeandalucia.es\/miguelh\/files\/2022\/10\/IMG-20220930-WA0006-980x693.jpg 980w, https:\/\/blogsaverroes.juntadeandalucia.es\/miguelh\/files\/2022\/10\/IMG-20220930-WA0006-480x339.jpg 480w\" sizes=\"(min-width: 0px) and (max-width: 480px) 480px, (min-width: 481px) and (max-width: 980px) 980px, (min-width: 981px) 1024px, 100vw\" \/><\/p>\n<p>Adem\u00e1s nos gustar\u00eda destacar que en nuestra zona se est\u00e1 creando el Club de balonmano El Palo, para que las ni\u00f1as y ni\u00f1os de la zona este puedan practicar este deporte. Y hemos tenido la inmensa suerte de que sea en nuestro centro donde vayan a entrenar. Os dejamos el cartel con los horarios y precios. La matr\u00edcula, que puede parecer cara, corresponde al seguro individual de cada participante para todo el a\u00f1o. El club nace bajo el amparo de Club de Balonmano Femenino M\u00e1laga Costa del Sol, se\u00f1al de calidad: con grandes profesionales y formaci\u00f3n a sus espaldas.<\/p>\n<p><img loading=\"lazy\" decoding=\"async\" src=\"https:\/\/blogsaverroes.juntadeandalucia.es\/miguelh\/files\/2022\/10\/WhatsApp-Image-2022-09-06-at-17.49.26-742x1024.jpeg\" width=\"742\" height=\"1024\" alt=\"Cartel Balonmano\" class=\"wp-image-977 alignnone size-large\" srcset=\"https:\/\/blogsaverroes.juntadeandalucia.es\/miguelh\/files\/2022\/10\/WhatsApp-Image-2022-09-06-at-17.49.26-742x1024.jpeg 742w, https:\/\/blogsaverroes.juntadeandalucia.es\/miguelh\/files\/2022\/10\/WhatsApp-Image-2022-09-06-at-17.49.26-480x663.jpeg 480w\" sizes=\"(min-width: 0px) and (max-width: 480px) 480px, (min-width: 481px) 742px, 100vw\" \/>[\/et_pb_text][\/et_pb_column][\/et_pb_row][\/et_pb_section]<\/p>\n","protected":false},"excerpt":{"rendered":"<p>La empresa que lleva las actividades extraescolares est\u00e1 formada por profesionales de la educaci\u00f3n con mucha experiencia en el campo de la planificaci\u00f3n de programas educativos. Despu\u00e9s de 15 a\u00f1os, los objetivos que perseguen est\u00e1n adaptados a la realidad del CEIP MIGUEL HERN\u00c1NDEZ y son coordinados por Jos\u00e9 Carlos Martos Luque, licenciado en Ciencias de [&hellip;]<\/p>\n","protected":false},"author":7051,"featured_media":0,"parent":0,"menu_order":0,"comment_status":"closed","ping_status":"closed","template":"","meta":{"_et_pb_use_builder":"on","_et_pb_old_content":"","_et_gb_content_width":"","ngg_post_thumbnail":0,"footnotes":""},"aioseo_notices":[],"_links":{"self":[{"href":"https:\/\/blogsaverroes.juntadeandalucia.es\/miguelh\/wp-json\/wp\/v2\/pages\/55"}],"collection":[{"href":"https:\/\/blogsaverroes.juntadeandalucia.es\/miguelh\/wp-json\/wp\/v2\/pages"}],"about":[{"href":"https:\/\/blogsaverroes.juntadeandalucia.es\/miguelh\/wp-json\/wp\/v2\/types\/page"}],"author":[{"embeddable":true,"href":"https:\/\/blogsaverroes.juntadeandalucia.es\/miguelh\/wp-json\/wp\/v2\/users\/7051"}],"replies":[{"embeddable":true,"href":"https:\/\/blogsaverroes.juntadeandalucia.es\/miguelh\/wp-json\/wp\/v2\/comments?post=55"}],"version-history":[{"count":7,"href":"https:\/\/blogsaverroes.juntadeandalucia.es\/miguelh\/wp-json\/wp\/v2\/pages\/55\/revisions"}],"predecessor-version":[{"id":979,"href":"https:\/\/blogsaverroes.juntadeandalucia.es\/miguelh\/wp-json\/wp\/v2\/pages\/55\/revisions\/979"}],"wp:attachment":[{"href":"https:\/\/blogsaverroes.juntadeandalucia.es\/miguelh\/wp-json\/wp\/v2\/media?parent=55"}],"curies":[{"name":"wp","href":"https:\/\/api.w.org\/{rel}","templated":true}]}}