{"id":58,"date":"2021-03-14T17:20:04","date_gmt":"2021-03-14T16:20:04","guid":{"rendered":"http:\/\/blogsaverroes.juntadeandalucia.es\/pre\/nuevoiesv2\/?page_id=58"},"modified":"2021-03-15T17:13:06","modified_gmt":"2021-03-15T16:13:06","slug":"erasmus","status":"publish","type":"page","link":"https:\/\/blogsaverroes.juntadeandalucia.es\/miguelh\/erasmus\/","title":{"rendered":"Proyecto Erasmus +"},"content":{"rendered":"<p>[et_pb_section fb_built=&#8221;1&#8243; _builder_version=&#8221;3.23.3&#8243; custom_padding=&#8221;0px||0px|&#8221; z_index_tablet=&#8221;500&#8243; box_shadow_horizontal_tablet=&#8221;0px&#8221; box_shadow_vertical_tablet=&#8221;0px&#8221; box_shadow_blur_tablet=&#8221;40px&#8221; box_shadow_spread_tablet=&#8221;0px&#8221;][et_pb_row _builder_version=&#8221;3.25&#8243; background_size=&#8221;initial&#8221; background_position=&#8221;top_left&#8221; background_repeat=&#8221;repeat&#8221;][et_pb_column type=&#8221;4_4&#8243; _builder_version=&#8221;3.0.47&#8243; custom_padding=&#8221;|||&#8221; custom_padding__hover=&#8221;|||&#8221;][et_pb_image src=&#8221;https:\/\/blogsaverroes.juntadeandalucia.es\/miguelh\/files\/2021\/03\/2_20210315_162009_0001.png&#8221; admin_label=&#8221;Imagen de la portada&#8221; _builder_version=&#8221;4.5.0&#8243; vertical_offset_tablet=&#8221;0&#8243; horizontal_offset_tablet=&#8221;0&#8243; hover_enabled=&#8221;0&#8243; z_index_tablet=&#8221;500&#8243; box_shadow_horizontal_tablet=&#8221;0px&#8221; box_shadow_vertical_tablet=&#8221;0px&#8221; box_shadow_blur_tablet=&#8221;40px&#8221; box_shadow_spread_tablet=&#8221;0px&#8221; title_text=&#8221;2_20210315_162009_0001&#8243;][\/et_pb_image][et_pb_text admin_label=&#8221;Texto descriptivo&#8221; _builder_version=&#8221;4.5.0&#8243; z_index_tablet=&#8221;500&#8243; text_text_shadow_horizontal_length_tablet=&#8221;0px&#8221; text_text_shadow_vertical_length_tablet=&#8221;0px&#8221; text_text_shadow_blur_strength_tablet=&#8221;1px&#8221; link_text_shadow_horizontal_length_tablet=&#8221;0px&#8221; link_text_shadow_vertical_length_tablet=&#8221;0px&#8221; link_text_shadow_blur_strength_tablet=&#8221;1px&#8221; ul_text_shadow_horizontal_length_tablet=&#8221;0px&#8221; ul_text_shadow_vertical_length_tablet=&#8221;0px&#8221; ul_text_shadow_blur_strength_tablet=&#8221;1px&#8221; ol_text_shadow_horizontal_length_tablet=&#8221;0px&#8221; ol_text_shadow_vertical_length_tablet=&#8221;0px&#8221; ol_text_shadow_blur_strength_tablet=&#8221;1px&#8221; quote_text_shadow_horizontal_length_tablet=&#8221;0px&#8221; quote_text_shadow_vertical_length_tablet=&#8221;0px&#8221; quote_text_shadow_blur_strength_tablet=&#8221;1px&#8221; header_text_shadow_horizontal_length_tablet=&#8221;0px&#8221; header_text_shadow_vertical_length_tablet=&#8221;0px&#8221; header_text_shadow_blur_strength_tablet=&#8221;1px&#8221; header_2_text_shadow_horizontal_length_tablet=&#8221;0px&#8221; header_2_text_shadow_vertical_length_tablet=&#8221;0px&#8221; header_2_text_shadow_blur_strength_tablet=&#8221;1px&#8221; header_3_text_shadow_horizontal_length_tablet=&#8221;0px&#8221; header_3_text_shadow_vertical_length_tablet=&#8221;0px&#8221; header_3_text_shadow_blur_strength_tablet=&#8221;1px&#8221; header_4_text_shadow_horizontal_length_tablet=&#8221;0px&#8221; header_4_text_shadow_vertical_length_tablet=&#8221;0px&#8221; header_4_text_shadow_blur_strength_tablet=&#8221;1px&#8221; header_5_text_shadow_horizontal_length_tablet=&#8221;0px&#8221; header_5_text_shadow_vertical_length_tablet=&#8221;0px&#8221; header_5_text_shadow_blur_strength_tablet=&#8221;1px&#8221; header_6_text_shadow_horizontal_length_tablet=&#8221;0px&#8221; header_6_text_shadow_vertical_length_tablet=&#8221;0px&#8221; header_6_text_shadow_blur_strength_tablet=&#8221;1px&#8221; box_shadow_horizontal_tablet=&#8221;0px&#8221; box_shadow_vertical_tablet=&#8221;0px&#8221; box_shadow_blur_tablet=&#8221;40px&#8221; box_shadow_spread_tablet=&#8221;0px&#8221;]Desde hace ya varios a\u00f1os en nuestro centro se viene desarrollando la actividad Erasmus +, para la mejora del profesorado, su conocimiento y enriquecimiento en materia de innovaci\u00f3n e intercambio de buenas pr\u00e1cticas. Este curso nos lo concedieron por dos a\u00f1os (prorrogables), en principio terminar\u00edamos en agosto de 2022. Nuestro proyecto se denomina: &#8220;HEALTHY MIND- HEALTHY BODY&#8221;,  que se desarrolla en ingl\u00e9s.<br \/>\nComo socios participantes tenemos a los siguientes centros:<br \/>\n&#8211; Northleigh Primary School, de Malvern (Reino Unido), de donde es el coordinador.<br \/>\n&#8211; El Instituto Comprensivo &#8220;Militi&#8221;-Barcellona, de Sicilia (Italia).<br \/>\n&#8211; Gradinita cu Program Prelungit n\u00ba 8, Buzau (Ruman\u00eda).<br \/>\n&#8211; Zubeyde Hanim Ilkokulu, en Esmirna (Turqu\u00eda).<br \/>\n&#8211; Y nosotros, CEIP Miguel Hern\u00e1ndez, M\u00e1laga (Espa\u00f1a).<\/p>\n<p>\u00bfEN QU\u00c9 CONSISTE NUESTRO PROYECTO?<br \/>\nSe basa en la adquisici\u00f3n de habilidades de autocuidado a trav\u00e9s de actividades interdisciplinares, favoreciendo la adopci\u00f3n de h\u00e1bitos saludables tanto en el plano f\u00edsico como en el emocional.<br \/>\nConsideramos que promover el cuidado personal implica desarrollar el respeto por la propia persona, haci\u00e9ndolo extensible a nuestros semejantes. Este proyecto busca el desarrollo de la autoestima  y la inclusi\u00f3n. Y permitir\u00e1 desarrollar la creatividad y las competencias de comunicaci\u00f3n a trav\u00e9s del trabajo en equipo.<br \/>\nNuestros objetivos son los siguientes:<br \/>\n1. PARA EL PROFESORADO:<br \/>\n&#8211; Reflexionar acerca de las t\u00e9cnicas de relajaci\u00f3n y gesti\u00f3n de emociones con su aplicaci\u00f3n  en la vida escolar.<br \/>\n&#8211; Favorecer la utilizaci\u00f3n de los conocimientos de autocuidado en la vida personal y profesional.<br \/>\n&#8211; Trabajar en un proyecto de centro aplic\u00e1ndolo en los distintos grupos de edad y caracter\u00edsticas del alumnado.<br \/>\n&#8211; Participar en un proyecto com\u00fan europeo con colegios de diferentes pa\u00edses, culturas, idiomas, etc., pero con similares intereses.<br \/>\n2. PARA EL ALUMNADO:<br \/>\n&#8211; Valorar la importancia de adoptar h\u00e1bitos saludables.<br \/>\n&#8211; Identificar y adquirir rutinas positivas de higiene, nutrici\u00f3n y actividad f\u00edsica.<br \/>\n&#8211; Incorporar a las rutinas personales diferentes t\u00e9cnicas para gesti\u00f3n de emociones y relajaci\u00f3n.<br \/>\n&#8211; Desarrollar y adquirir competencias transversales: capacidad de analizar, de interpretar, de empatizar\u2026<br \/>\n&#8211; Favorecer el trabajo cooperativo.<br \/>\n&#8211; Utilizaci\u00f3n de los recursos tic (ordenador, pizarra digital, tablet)  y del intercambio de experiencias en internet a trav\u00e9s de las redes sociales del centro: blog, Facebook, e-twinning, YouTube, Twitter,&#8230;<\/p>\n<p>En la actualidad hemos trabajado la nutrici\u00f3n, las recetas saludables y la comida t\u00edpica (valorando la importancia de los productos aut\u00f3ctonos). Ahora en marzo comenzamos con el ejercicio f\u00edsico.<br \/>\nSupongo que ya lo hab\u00e9is conocido por las redes, pero tenemos mascota. Desde aqu\u00ed queremos agradecer a las familias colaboradoras en su realizaci\u00f3n, tanto de la mascota (Pepe, el marengo) como de su j\u00e1bega: \u00a1much\u00edsimas gracias!<\/p>\n<p><img loading=\"lazy\" decoding=\"async\" src=\"https:\/\/blogsaverroes.juntadeandalucia.es\/miguelh\/files\/2021\/03\/0001-18286034399_20210314_185616_0000-1024x1024.png\" width=\"1024\" height=\"1024\" alt=\"\" class=\"wp-image-592 alignnone size-large\" srcset=\"https:\/\/blogsaverroes.juntadeandalucia.es\/miguelh\/files\/2021\/03\/0001-18286034399_20210314_185616_0000-1024x1024.png 1024w, https:\/\/blogsaverroes.juntadeandalucia.es\/miguelh\/files\/2021\/03\/0001-18286034399_20210314_185616_0000-980x980.png 980w, https:\/\/blogsaverroes.juntadeandalucia.es\/miguelh\/files\/2021\/03\/0001-18286034399_20210314_185616_0000-480x480.png 480w\" sizes=\"(min-width: 0px) and (max-width: 480px) 480px, (min-width: 481px) and (max-width: 980px) 980px, (min-width: 981px) 1024px, 100vw\" \/>[\/et_pb_text][\/et_pb_column][\/et_pb_row][\/et_pb_section]<\/p>\n","protected":false},"excerpt":{"rendered":"<p>Desde hace ya varios a\u00f1os en nuestro centro se viene desarrollando la actividad Erasmus +, para la mejora del profesorado, su conocimiento y enriquecimiento en materia de innovaci\u00f3n e intercambio de buenas pr\u00e1cticas. Este curso nos lo concedieron por dos a\u00f1os (prorrogables), en principio terminar\u00edamos en agosto de 2022. Nuestro proyecto se denomina: &#8220;HEALTHY MIND- [&hellip;]<\/p>\n","protected":false},"author":7051,"featured_media":0,"parent":0,"menu_order":0,"comment_status":"closed","ping_status":"closed","template":"","meta":{"_et_pb_use_builder":"on","_et_pb_old_content":"","_et_gb_content_width":"","ngg_post_thumbnail":0,"footnotes":""},"aioseo_notices":[],"_links":{"self":[{"href":"https:\/\/blogsaverroes.juntadeandalucia.es\/miguelh\/wp-json\/wp\/v2\/pages\/58"}],"collection":[{"href":"https:\/\/blogsaverroes.juntadeandalucia.es\/miguelh\/wp-json\/wp\/v2\/pages"}],"about":[{"href":"https:\/\/blogsaverroes.juntadeandalucia.es\/miguelh\/wp-json\/wp\/v2\/types\/page"}],"author":[{"embeddable":true,"href":"https:\/\/blogsaverroes.juntadeandalucia.es\/miguelh\/wp-json\/wp\/v2\/users\/7051"}],"replies":[{"embeddable":true,"href":"https:\/\/blogsaverroes.juntadeandalucia.es\/miguelh\/wp-json\/wp\/v2\/comments?post=58"}],"version-history":[{"count":4,"href":"https:\/\/blogsaverroes.juntadeandalucia.es\/miguelh\/wp-json\/wp\/v2\/pages\/58\/revisions"}],"predecessor-version":[{"id":655,"href":"https:\/\/blogsaverroes.juntadeandalucia.es\/miguelh\/wp-json\/wp\/v2\/pages\/58\/revisions\/655"}],"wp:attachment":[{"href":"https:\/\/blogsaverroes.juntadeandalucia.es\/miguelh\/wp-json\/wp\/v2\/media?parent=58"}],"curies":[{"name":"wp","href":"https:\/\/api.w.org\/{rel}","templated":true}]}}