{"id":692,"date":"2021-03-16T19:54:39","date_gmt":"2021-03-16T18:54:39","guid":{"rendered":"https:\/\/blogsaverroes.juntadeandalucia.es\/miguelh\/?page_id=692"},"modified":"2023-03-11T23:44:20","modified_gmt":"2023-03-11T22:44:20","slug":"aulas-especificas","status":"publish","type":"page","link":"https:\/\/blogsaverroes.juntadeandalucia.es\/miguelh\/aulas-especificas\/","title":{"rendered":"AULAS ESPEC\u00cdFICAS"},"content":{"rendered":"<p><img loading=\"lazy\" decoding=\"async\" class=\"alignnone size-large wp-image-704\" src=\"https:\/\/blogsaverroes.juntadeandalucia.es\/miguelh\/files\/2021\/03\/2_20210316_203601_0001-1024x576.png\" alt=\"\" width=\"1024\" height=\"576\" srcset=\"https:\/\/blogsaverroes.juntadeandalucia.es\/miguelh\/files\/2021\/03\/2_20210316_203601_0001-980x551.png 980w, https:\/\/blogsaverroes.juntadeandalucia.es\/miguelh\/files\/2021\/03\/2_20210316_203601_0001-480x270.png 480w\" sizes=\"(min-width: 0px) and (max-width: 480px) 480px, (min-width: 481px) and (max-width: 980px) 980px, (min-width: 981px) 1024px, 100vw\" \/><\/p>\n<p>Contamos con dos aulas espec\u00edficas una de Mixta y otra de TEA (Autismo).&nbsp; Se encuentran en la planta baja del centro, con f\u00e1cil acceso y rampa. Tienen anexados los servicios a ambas aulas y los comparten ( se crearon el curso pasado). Las dos clases trabajan de forma coordinada, cooperativa de forma inclusiva tanto por rincones como por proyectos. En ambas aulas existe una dotaci\u00f3n propia y espec\u00edfica de material acorde que engloba el material psicomotriz, tecnol\u00f3gico, sensorial, etc., adaptado a sus necesidades. Son atendidos por dos tutoras, profesorado de PT y AL, dos petis y una educadora.<\/p>\n<p>Estos ni\u00f1os participan con todo el centro en las actividades complementarias y efem\u00e9rides generales adem\u00e1s de asistir de forma regular a las sesiones de los especialistas de Religi\u00f3n\/Valores, M\u00fasica, Ingl\u00e9s, Pl\u00e1stica y Educaci\u00f3n F\u00edsica. Adem\u00e1s el alumnado del aula TEA conjuntamente con el alumnado autista del centro, participa de una sesi\u00f3n espec\u00edfica de psicomotricidad en el Aula Multisensorial. Este aula se construy\u00f3 el curso pasado con el Proyecto de Innovaci\u00f3n. Es una de las mejoras m\u00e1s recientes de nuestro centro y cada vez la dotamos de m\u00e1s material para uso y disfrute de todo el alumnado del centro.<\/p>\n<p>Volviendo al alumnado de las aulas espc\u00edficas, cabe comentar que realiza peri\u00f3dicamente diferentes salidas para conocer el entorno pr\u00f3ximo donde realizan actividades de compra en el supermercado, desayuno en sitios p\u00fablicos,&nbsp; ejercicios en el Parque Pipi, &#8230; Adem\u00e1s, de las que realizan con el curso de referencia que tienen asignado: actualmente el aula Mixta tiene de referencia al Primer ciclo y el aula TEA a 3\u00ba.<\/p>\n<p>Con este alumnado se prioriza la autonom\u00eda personal, la adquisici\u00f3n de h\u00e1bitos, de habilidades sociales y aquellos aspectos del curr\u00edculo que son funcionales para su vida diaria. Adem\u00e1s est\u00e1n implicados en la actividad del Huerto donde disfrutan de un medio enriquecedor.<\/p>\n<p>&nbsp;<\/p>\n","protected":false},"excerpt":{"rendered":"<p>Contamos con dos aulas espec\u00edficas una de Mixta y otra de TEA (Autismo).&nbsp; Se encuentran en la planta baja del centro, con f\u00e1cil acceso y rampa. Tienen anexados los servicios a ambas aulas y los comparten ( se crearon el curso pasado). Las dos clases trabajan de forma coordinada, cooperativa de forma inclusiva tanto por [&hellip;]<\/p>\n","protected":false},"author":12557,"featured_media":704,"parent":0,"menu_order":0,"comment_status":"closed","ping_status":"closed","template":"","meta":{"_et_pb_use_builder":"","_et_pb_old_content":"","_et_gb_content_width":"","ngg_post_thumbnail":0,"footnotes":""},"aioseo_notices":[],"_links":{"self":[{"href":"https:\/\/blogsaverroes.juntadeandalucia.es\/miguelh\/wp-json\/wp\/v2\/pages\/692"}],"collection":[{"href":"https:\/\/blogsaverroes.juntadeandalucia.es\/miguelh\/wp-json\/wp\/v2\/pages"}],"about":[{"href":"https:\/\/blogsaverroes.juntadeandalucia.es\/miguelh\/wp-json\/wp\/v2\/types\/page"}],"author":[{"embeddable":true,"href":"https:\/\/blogsaverroes.juntadeandalucia.es\/miguelh\/wp-json\/wp\/v2\/users\/12557"}],"replies":[{"embeddable":true,"href":"https:\/\/blogsaverroes.juntadeandalucia.es\/miguelh\/wp-json\/wp\/v2\/comments?post=692"}],"version-history":[{"count":6,"href":"https:\/\/blogsaverroes.juntadeandalucia.es\/miguelh\/wp-json\/wp\/v2\/pages\/692\/revisions"}],"predecessor-version":[{"id":1036,"href":"https:\/\/blogsaverroes.juntadeandalucia.es\/miguelh\/wp-json\/wp\/v2\/pages\/692\/revisions\/1036"}],"wp:featuredmedia":[{"embeddable":true,"href":"https:\/\/blogsaverroes.juntadeandalucia.es\/miguelh\/wp-json\/wp\/v2\/media\/704"}],"wp:attachment":[{"href":"https:\/\/blogsaverroes.juntadeandalucia.es\/miguelh\/wp-json\/wp\/v2\/media?parent=692"}],"curies":[{"name":"wp","href":"https:\/\/api.w.org\/{rel}","templated":true}]}}