{"id":949,"date":"2021-02-08T16:05:06","date_gmt":"2021-02-08T15:05:06","guid":{"rendered":"https:\/\/blogsaverroes.juntadeandalucia.es\/miguelhernandezmairena\/?page_id=949"},"modified":"2021-02-22T12:40:29","modified_gmt":"2021-02-22T11:40:29","slug":"secretaria","status":"publish","type":"page","link":"https:\/\/blogsaverroes.juntadeandalucia.es\/miguelhernandezmairena\/secretaria\/","title":{"rendered":"Secretar\u00eda"},"content":{"rendered":"<p>[et_pb_section fb_built=&#8221;1&#8243; _builder_version=&#8221;4.5.0&#8243; _module_preset=&#8221;default&#8221; hover_enabled=&#8221;0&#8243; custom_padding=&#8221;1em||||false|false&#8221;][et_pb_row module_id=&#8221;cambiar-estilo-lista&#8221; _builder_version=&#8221;4.5.0&#8243; _module_preset=&#8221;default&#8221;][et_pb_column type=&#8221;4_4&#8243; _builder_version=&#8221;4.5.0&#8243; _module_preset=&#8221;default&#8221;][et_pb_blurb title=&#8221;Secretar\u00eda. Documentos para descargar&#8221; use_icon=&#8221;on&#8221; font_icon=&#8221;%%210%%&#8221; admin_label=&#8221;Titulo Secretar\u00eda&#8221; _builder_version=&#8221;4.5.0&#8243; _module_preset=&#8221;default&#8221; header_level=&#8221;h2&#8243; header_text_align=&#8221;center&#8221; text_shadow_style=&#8221;preset2&#8243;][\/et_pb_blurb][et_pb_divider _builder_version=&#8221;4.5.0&#8243; _module_preset=&#8221;default&#8221;][\/et_pb_divider][et_pb_text admin_label=&#8221;Admisi\u00f3n&#8221; _builder_version=&#8221;4.5.0&#8243; _module_preset=&#8221;default&#8221;]<\/p>\n<p><strong><span style=\"font-size: 24pt\">Admisi\u00f3n<\/span><\/strong><\/p>\n<p>[\/et_pb_text][et_pb_toggle title=&#8221;Documentos asociados a la admisi\u00f3n del alumnado de nuevo ingreso. Pulsa en cada ep\u00edgrafe para descargar el documento asociado.&#8221; admin_label=&#8221;Conmutador adminisi\u00f3n&#8221; _builder_version=&#8221;4.5.0&#8243; _module_preset=&#8221;default&#8221;]<\/p>\n<ul>\n<li><a href=\"https:\/\/blogsaverroes.juntadeandalucia.es\/miguelhernandezmairena\/files\/2021\/02\/Solicitud-admision.pdf\" target=\"_blank\" rel=\"noopener noreferrer\"><span style=\"font-size: 14pt;\">Impreso solicitud de admisi\u00f3n&nbsp;<\/span><i class=\"far fa-file-pdf\"><\/i><\/a><\/li>\n<li><a href=\"https:\/\/blogsaverroes.juntadeandalucia.es\/miguelhernandezmairena\/files\/2021\/02\/Anexo-IX.pdf\" target=\"_blank\" rel=\"noopener noreferrer\"><span style=\"font-size: 14pt;\">Anexo IX&nbsp;<\/span><i class=\"far fa-file-pdf\"><\/i><\/a><\/li>\n<\/ul>\n<p>[\/et_pb_toggle][et_pb_text admin_label=&#8221;Matriculaci\u00f3n&#8221; _builder_version=&#8221;4.5.0&#8243; _module_preset=&#8221;default&#8221;]<\/p>\n<p><strong><span style=\"font-size: 24pt\">Matriculaci\u00f3n<\/span><\/strong><\/p>\n<p>[\/et_pb_text][et_pb_toggle title=&#8221;Documentos asociados a la matriculaci\u00f3n del alumnado. Pulsa en cada ep\u00edgrafe para descargar el documento asociado.&#8221; admin_label=&#8221;Conmutador Matriculaci\u00f3n&#8221; _builder_version=&#8221;4.5.0&#8243; _module_preset=&#8221;default&#8221; hover_enabled=&#8221;0&#8243;]<\/p>\n<p><span style=\"font-size: 14pt\">La matriculaci\u00f3n del alumnado del CEIP Miguel Hern\u00e1ndez ha de ir acompa\u00f1ada de los siguientes documentos que pueden descargarse en los enlaces que se muestran a continuaci\u00f3n:<\/span><\/p>\n<ul>\n<li><a href=\"https:\/\/blogsaverroes.juntadeandalucia.es\/miguelhernandezmairena\/files\/2021\/02\/Educacion-infantil.pdf\" target=\"_blank\" rel=\"noopener noreferrer\"><span style=\"font-size: 14pt\">Impreso matr\u00edcula Educaci\u00f3n Infantil.&nbsp;<\/span><i class=\"far fa-file-pdf\"><\/i><\/a><\/li>\n<li><a href=\"https:\/\/blogsaverroes.juntadeandalucia.es\/miguelhernandezmairena\/files\/2021\/02\/Educacion-primaria.pdf\" target=\"_blank\" rel=\"noopener noreferrer\"><span style=\"font-size: 14pt\">Impreso matr\u00edcula Educaci\u00f3n Primaria.&nbsp;<\/span><i class=\"far fa-file-pdf\"><\/i><\/a><\/li>\n<li><a href=\"https:\/\/blogsaverroes.juntadeandalucia.es\/miguelhernandezmairena\/files\/2021\/02\/Educacion-especial.pdf\" target=\"_blank\" rel=\"noopener noreferrer\"><span style=\"font-size: 14pt\">Impreso matr\u00edcula Educaci\u00f3n Especial.&nbsp;<\/span><i class=\"far fa-file-pdf\"><\/i><\/a><\/li>\n<li><a href=\"https:\/\/blogsaverroes.juntadeandalucia.es\/miguelhernandezmairena\/files\/2021\/02\/Anexo-religion.pdf\" target=\"_blank\" rel=\"noopener noreferrer\"><span style=\"font-size: 14pt\">Anexo de opci\u00f3n religiosa.&nbsp;<\/span><i class=\"far fa-file-pdf\"><\/i><\/a><\/li>\n<li><a href=\"https:\/\/blogsaverroes.juntadeandalucia.es\/miguelhernandezmairena\/files\/2021\/02\/normas-del-centro.pdf\" target=\"_blank\" rel=\"noopener noreferrer\"><span style=\"font-size: 14pt\">Normas del Centro.&nbsp;<\/span><i class=\"far fa-file-pdf\"><\/i><\/a><\/li>\n<li><a href=\"https:\/\/blogsaverroes.juntadeandalucia.es\/miguelhernandezmairena\/files\/2021\/02\/Ficha-datos-3-a\u00f1os-rellenable.pdf\" target=\"_blank\" rel=\"noopener noreferrer\"><span style=\"font-size: 14pt\">Ficha del alumno (3 a\u00f1os)&nbsp;<\/span><i class=\"far fa-file-pdf\"><\/i><\/a><\/li>\n<li><a href=\"https:\/\/blogsaverroes.juntadeandalucia.es\/miguelhernandezmairena\/files\/2021\/02\/Ficha-datos-alumnado-rellenable.pdf\" target=\"_blank\" rel=\"noopener noreferrer\"><span style=\"font-size: 14pt\">Ficha del alumno\/a.&nbsp;<\/span><i class=\"far fa-file-pdf\"><\/i><\/a><\/li>\n<li><a href=\"https:\/\/blogsaverroes.juntadeandalucia.es\/miguelhernandezmairena\/files\/2021\/02\/autorizaciones.pdf\" target=\"_blank\" rel=\"noopener noreferrer\"><span style=\"font-size: 14pt\">Autorizaciones.&nbsp;<\/span><i class=\"far fa-file-pdf\"><\/i><\/a><\/li>\n<li><a href=\"https:\/\/blogsaverroes.juntadeandalucia.es\/miguelhernandezmairena\/files\/2021\/02\/autorizacion-PT-AL.pdf\" target=\"_blank\" rel=\"noopener noreferrer\"><span style=\"font-size: 14pt\">Autorizaci\u00f3n para valoraci\u00f3n psicopedag\u00f3gica del equipo de apoyo del Centro.&nbsp;<\/span><i class=\"far fa-file-pdf\"><\/i><\/a><\/li>\n<li><a href=\"https:\/\/blogsaverroes.juntadeandalucia.es\/miguelhernandezmairena\/files\/2021\/02\/Protocolo-padres-separados.pdf\" target=\"_blank\" rel=\"noopener noreferrer\"><span style=\"font-size: 14pt\">Protocolo padres separados. Anexo I (Alumnado de nuevo ingreso)&nbsp;<\/span><i class=\"far fa-file-pdf\"><\/i><\/a><\/li>\n<\/ul>\n<p>[\/et_pb_toggle][et_pb_text admin_label=&#8221;Servicios del Centro&#8221; _builder_version=&#8221;4.5.0&#8243; _module_preset=&#8221;default&#8221;]<\/p>\n<p><strong><span style=\"font-size: 24pt\">Servicios del Centro<\/span><\/strong><\/p>\n<p>[\/et_pb_text][et_pb_toggle title=&#8221;Documentos asociados a los Servicios del Centro (Aula Matinal, Comedor, Actividades Extraescolares). Pulsa en cada ep\u00edgrafe para descargar el documento asociado.&#8221; admin_label=&#8221;Conmutador Servicios del Centro&#8221; _builder_version=&#8221;4.5.0&#8243; _module_preset=&#8221;default&#8221; hover_enabled=&#8221;0&#8243;]<span style=\"font-size: 14pt\">En el CEIP Miguel Hern\u00e1ndez se garantiza una plaza de Aula Matinal y\/o Comedor Escolar para todo el alumnado cuyos progenitores que ostenten la gurda y custodia tengan una actividad econ\u00f3mica remunerada. La solicitud de los Servicios del Centro se puede presentar en cualquier momento del curso escolar.<\/span><\/p>\n<p><strong><span style=\"font-size: 14pt\">Para la presentaci\u00f3n de la solicitud la familia ha de aportar la siguiente documentaci\u00f3n:<\/span><\/strong><\/p>\n<ul>\n<li><a href=\"https:\/\/blogsaverroes.juntadeandalucia.es\/miguelhernandezmairena\/files\/2021\/02\/solicitud-servicios-del-centro.pdf\" target=\"_blank\" rel=\"noopener noreferrer\"><span style=\"font-size: 14pt\">Impreso de solicitud de los servicios del centro.&nbsp;<\/span><i class=\"far fa-file-pdf\"><\/i><\/a><\/li>\n<li><span style=\"font-size: 14pt\">Certificado de empresa.<\/span><\/li>\n<li><span style=\"font-size: 14pt\">Vida laboral.<\/span><\/li>\n<\/ul>\n<p><\/br><strong><span style=\"font-size: 14pt\">Si desea solicitar la bonificaci\u00f3n\/gratuidad del precio p\u00fablico por los servicios complementarios, puede descargarse el siguiente impreso:<\/span><\/strong><\/p>\n<ul>\n<li><a href=\"https:\/\/blogsaverroes.juntadeandalucia.es\/miguelhernandezmairena\/files\/2021\/02\/solicitud-bonificacion.pdf\" target=\"_blank\" rel=\"noopener noreferrer\"><span style=\"font-size: 14pt\">Impreso de solicitud de bonificaci\u00f3n.&nbsp;<\/span><i class=\"far fa-file-pdf\"><\/i><\/a><\/li>\n<\/ul>\n<p>[\/et_pb_toggle][et_pb_text admin_label=&#8221;Otros&#8221; _builder_version=&#8221;4.5.0&#8243; _module_preset=&#8221;default&#8221;]<\/p>\n<p><strong><span style=\"font-size: 24pt\">Otros<\/span><\/strong><\/p>\n<p>[\/et_pb_text][et_pb_toggle title=&#8221;Otros documentos de inter\u00e9s. Pulsa en cada ep\u00edgrafe para descargar el documento asociado.&#8221; admin_label=&#8221;Conmutador Otros&#8221; _builder_version=&#8221;4.5.0&#8243; _module_preset=&#8221;default&#8221;]<\/p>\n<ul>\n<li><a href=\"https:\/\/blogsaverroes.juntadeandalucia.es\/miguelhernandezmairena\/files\/2021\/02\/Solicitud-copia-informe-psicopedagogico.pdf\" target=\"_blank\" rel=\"noopener noreferrer\"><span style=\"font-size: 14pt\">Solicitud de informe psicopedag\u00f3gico.&nbsp;<\/span><i class=\"far fa-file-pdf\"><\/i><\/a><\/li>\n<\/ul>\n<p>[\/et_pb_toggle][\/et_pb_column][\/et_pb_row][\/et_pb_section]<\/p>\n","protected":false},"excerpt":{"rendered":"<p>Admisi\u00f3n Impreso solicitud de admisi\u00f3n&nbsp; Anexo IX&nbsp; Matriculaci\u00f3nLa matriculaci\u00f3n del alumnado del CEIP Miguel Hern\u00e1ndez ha de ir acompa\u00f1ada de los siguientes documentos que pueden descargarse en los enlaces que se muestran a continuaci\u00f3n: Impreso matr\u00edcula Educaci\u00f3n Infantil.&nbsp; Impreso matr\u00edcula Educaci\u00f3n Primaria.&nbsp; Impreso matr\u00edcula Educaci\u00f3n Especial.&nbsp; Anexo de opci\u00f3n religiosa.&nbsp; Normas del Centro.&nbsp; Ficha del [&hellip;]<\/p>\n","protected":false},"author":7051,"featured_media":0,"parent":0,"menu_order":0,"comment_status":"closed","ping_status":"closed","template":"","meta":{"_et_pb_use_builder":"on","_et_pb_old_content":"","_et_gb_content_width":"","ngg_post_thumbnail":0,"footnotes":""},"aioseo_notices":[],"_links":{"self":[{"href":"https:\/\/blogsaverroes.juntadeandalucia.es\/miguelhernandezmairena\/wp-json\/wp\/v2\/pages\/949"}],"collection":[{"href":"https:\/\/blogsaverroes.juntadeandalucia.es\/miguelhernandezmairena\/wp-json\/wp\/v2\/pages"}],"about":[{"href":"https:\/\/blogsaverroes.juntadeandalucia.es\/miguelhernandezmairena\/wp-json\/wp\/v2\/types\/page"}],"author":[{"embeddable":true,"href":"https:\/\/blogsaverroes.juntadeandalucia.es\/miguelhernandezmairena\/wp-json\/wp\/v2\/users\/7051"}],"replies":[{"embeddable":true,"href":"https:\/\/blogsaverroes.juntadeandalucia.es\/miguelhernandezmairena\/wp-json\/wp\/v2\/comments?post=949"}],"version-history":[{"count":32,"href":"https:\/\/blogsaverroes.juntadeandalucia.es\/miguelhernandezmairena\/wp-json\/wp\/v2\/pages\/949\/revisions"}],"predecessor-version":[{"id":1405,"href":"https:\/\/blogsaverroes.juntadeandalucia.es\/miguelhernandezmairena\/wp-json\/wp\/v2\/pages\/949\/revisions\/1405"}],"wp:attachment":[{"href":"https:\/\/blogsaverroes.juntadeandalucia.es\/miguelhernandezmairena\/wp-json\/wp\/v2\/media?parent=949"}],"curies":[{"name":"wp","href":"https:\/\/api.w.org\/{rel}","templated":true}]}}